{"id":4922,"date":"2016-08-31T19:50:24","date_gmt":"2016-08-31T16:50:24","guid":{"rendered":"https:\/\/www.lieksanurheilijat.com\/?page_id=4922"},"modified":"2016-08-31T19:50:24","modified_gmt":"2016-08-31T16:50:24","slug":"matin-kuntokymppi","status":"publish","type":"page","link":"https:\/\/www.lieksanurheilijat.com\/?page_id=4922","title":{"rendered":"Matin kuntokymppi"},"content":{"rendered":"<p>31.8.2016<br \/>\nLieksa<\/p>\n<p>M 10000m<br \/>\n1 Joni Korhonen 44.19,0h<\/p>\n<p>M50 10000m<br \/>\n1 Sakari Arkko Polvij\u00e4rven Vauhti 40.01,9<br \/>\n2 Jarmo Honkanen Pyh\u00e4sel\u00e4n Urheilijat 48.42,2<\/p>\n<p>M60 10000m<br \/>\n1 Ahti Ker\u00e4nen Lieksa 43.07,7<br \/>\n2 Toivo Penttinen Joensuun Kataja 43.49,0<\/p>\n<p>M70 10000m<br \/>\n1 Olavi Ukonmaanaho Lieksan Urheilijat 52.36,6<br \/>\n2 Pekka Kolehmainen Joensuun Py\u00f6r\u00e4ilij\u00e4t 57.34,6<\/p>\n<p>N 10000m<br \/>\n1 Laura Karkkulainen Pyh\u00e4sel\u00e4n Urheilijat 37.03,1<\/p>\n","protected":false},"excerpt":{"rendered":"<p>31.8.2016 Lieksa M 10000m 1 Joni Korhonen 44.19,0h M50 10000m 1 Sakari Arkko Polvij\u00e4rven Vauhti 40.01,9 2 Jarmo Honkanen Pyh\u00e4sel\u00e4n Urheilijat 48.42,2 M60 10000m 1 Ahti Ker\u00e4nen Lieksa 43.07,7 2 Toivo Penttinen Joensuun Kataja 43.49,0 M70 10000m 1 Olavi Ukonmaanaho Lieksan Urheilijat 52.36,6 2 Pekka Kolehmainen Joensuun Py\u00f6r\u00e4ilij\u00e4t 57.34,6 N &hellip;<\/p>\n","protected":false},"author":3,"featured_media":0,"parent":4129,"menu_order":7,"comment_status":"closed","ping_status":"closed","template":"","meta":{"footnotes":""},"categories":[7],"tags":[],"class_list":["post-4922","page","type-page","status-publish","hentry","category-tulokset"],"_links":{"self":[{"href":"https:\/\/www.lieksanurheilijat.com\/index.php?rest_route=\/wp\/v2\/pages\/4922","targetHints":{"allow":["GET"]}}],"collection":[{"href":"https:\/\/www.lieksanurheilijat.com\/index.php?rest_route=\/wp\/v2\/pages"}],"about":[{"href":"https:\/\/www.lieksanurheilijat.com\/index.php?rest_route=\/wp\/v2\/types\/page"}],"author":[{"embeddable":true,"href":"https:\/\/www.lieksanurheilijat.com\/index.php?rest_route=\/wp\/v2\/users\/3"}],"replies":[{"embeddable":true,"href":"https:\/\/www.lieksanurheilijat.com\/index.php?rest_route=%2Fwp%2Fv2%2Fcomments&post=4922"}],"version-history":[{"count":1,"href":"https:\/\/www.lieksanurheilijat.com\/index.php?rest_route=\/wp\/v2\/pages\/4922\/revisions"}],"predecessor-version":[{"id":4923,"href":"https:\/\/www.lieksanurheilijat.com\/index.php?rest_route=\/wp\/v2\/pages\/4922\/revisions\/4923"}],"up":[{"embeddable":true,"href":"https:\/\/www.lieksanurheilijat.com\/index.php?rest_route=\/wp\/v2\/pages\/4129"}],"wp:attachment":[{"href":"https:\/\/www.lieksanurheilijat.com\/index.php?rest_route=%2Fwp%2Fv2%2Fmedia&parent=4922"}],"wp:term":[{"taxonomy":"category","embeddable":true,"href":"https:\/\/www.lieksanurheilijat.com\/index.php?rest_route=%2Fwp%2Fv2%2Fcategories&post=4922"},{"taxonomy":"post_tag","embeddable":true,"href":"https:\/\/www.lieksanurheilijat.com\/index.php?rest_route=%2Fwp%2Fv2%2Ftags&post=4922"}],"curies":[{"name":"wp","href":"https:\/\/api.w.org\/{rel}","templated":true}]}}