{"id":4905,"date":"2016-08-24T09:41:17","date_gmt":"2016-08-24T06:41:17","guid":{"rendered":"https:\/\/www.lieksanurheilijat.com\/?page_id=4905"},"modified":"2016-08-24T09:41:17","modified_gmt":"2016-08-24T06:41:17","slug":"16-17-vuotiaiden-sm-kisat-2016","status":"publish","type":"page","link":"https:\/\/www.lieksanurheilijat.com\/?page_id=4905","title":{"rendered":"16-17 -vuotiaiden SM-kisat 2016"},"content":{"rendered":"<p>19.-21.8.2016<br \/>\nKajaani<\/p>\n<p>M16 Korkeus\u00a020.8.<br \/>\n1 Juho Nieminen Jyv\u00e4skKU 2,00<br \/>\n2 Casper Tillander IFSibboV 1,92<br \/>\n3 Johannes Harakka Lepp\u00e4vVi 1,9<br \/>\n4 <strong>Eeki Kokkonen LieksU 1,81<\/strong><br \/>\n5 Jaakko Juvonen TuUL 1,81<br \/>\n6 Riku Ahvenniemi TampPy 1,75<br \/>\n7 Lauri Kiuru PyhtKi 1,7<br \/>\n8 Daniel Kosonen TampPy 1,65<br \/>\n8 Oskari Marjakoski KaipVi 1,65<br \/>\n10 Aki Mutanen OutokPa 1,65<br \/>\n11 Niklas Tammelin Jyv\u00e4skKU 1,6<br \/>\nFrans Isolauri VehmKi NH<\/p>\n<p>M16 Pituus 20.8.<br \/>\n1 Juho Nieminen Jyv\u00e4skKU 6,68 \u00a01.6<br \/>\n2 Aaro Davidila LapLu 6,37 \u00a00.6<br \/>\n3 Lasse H\u00e4melahti L\u00e4ngelmU 6,37 \u00a02.1<br \/>\n4 Aatu Koivisto NaantL\u00f6y 6,34 \u00a00.7<br \/>\n5 Juuso V\u00e4lipakka KuopRei 6,31 \u00a0-0.5<br \/>\n6 <strong>Eeki Kokkonen LieksU 6,28 \u00a00.6<\/strong><br \/>\n7 Veikko Laari Jyv\u00e4skKU 6,01 \u00a01.4<br \/>\n8 Lauri Savolainen HIFK 5,86 \u00a01.2<br \/>\n9 Lauri Koivisto KaipVi 5,81 \u00a0-0.5<br \/>\n10 Eetu Kuusela TuUL 5,56 \u00a0-0.7<br \/>\n11 Leevi Vihtalahti NoormNo 5,51 \u00a01.6<br \/>\n12 Pauli Raitanen NaantL\u00f6y 5,48 \u00a01.0<br \/>\n13 Miko K\u00f6ykk\u00e4 TampU 5,46 \u00a00.6<br \/>\n14 Antti Vornanen IFDrott 5,36 \u00a01.8<br \/>\n15 Sami Hakanen VantSa 5,25 \u00a0-0.9<\/p>\n<p>M16 Kolmiloikka\u00a021.8.<br \/>\n1 Aaro Davidila LapLu 13,98 \u00a00.6<br \/>\n2 Juho Nieminen Jyv\u00e4skKU 13,79 \u00a0-0.9<br \/>\n3 <strong>Eeki Kokkonen LieksU 13,48 \u00a01.2<\/strong><br \/>\n4 Aatu Koivisto NaantL\u00f6y 13,04 \u00a00.5<br \/>\n5 Daniel Aaltonen HKV 12,52 \u00a0-1.4<br \/>\n6 Vili Valtonen ImU 12,5 \u00a00.7<br \/>\n7 Joni J\u00e4rvinen LahdA 12,44 \u00a0-0.5<br \/>\n8 Oskari Marjakoski KaipVi 12,29 \u00a0-1.3<br \/>\n9 Veikko Laari Jyv\u00e4skKU 11,87 \u00a0-0.7<br \/>\n10 Jami Veps\u00e4 NaantL\u00f6y 11,81 \u00a0-1.3<br \/>\n11 Lauri Koivisto KaipVi 11,74 \u00a0-1.9<br \/>\n12 Taneli Vuori MarttMu 11,59 \u00a0-1.8<\/p>\n<p>Karsinta 20.8.<br \/>\n1 Juho Nieminen Jyv\u00e4skKU 13,4 \u00a00.7<br \/>\n2 Aaro Davidila LapLu 13,39 \u00a0-0.8<br \/>\n3 <strong>Eeki Kokkonen LieksU 12,92 \u00a00.7<\/strong><br \/>\n4 Aatu Koivisto NaantL\u00f6y 12,84 \u00a00.7<br \/>\n5 Daniel Aaltonen HKV 12,58 \u00a01.1<br \/>\n6 Oskari Marjakoski KaipVi 12,24 \u00a00.7<br \/>\n7 Vili Valtonen ImU 12,23 \u00a00.6<br \/>\n8 Jami Veps\u00e4 NaantL\u00f6y 12,16 \u00a0-0.6<br \/>\n9 Taneli Vuori MarttMu 12,12 \u00a01.0<br \/>\n10 Veikko Laari Jyv\u00e4skKU 12,11 \u00a00.7<br \/>\n11 Lauri Koivisto KaipVi 11,94 \u00a01.0<br \/>\n12 Joni J\u00e4rvinen LahdA 11,89 \u00a0-0.6<br \/>\n13 Jesper Mansner ImU 11,53 \u00a01.0<br \/>\n14 Antti Vornanen IFDrott 11,47 \u00a0-0.8<br \/>\n15 Pauli Raitanen NaantL\u00f6y 11,41 \u00a0-0.5<br \/>\n16 Niklas Tammelin Jyv\u00e4skKU 11,13 \u00a01.0<br \/>\nAapo Nieminen HyvsU NM \u00a0-0.5<\/p>\n<p>N17 100 m 19.8.<br \/>\nLoppukilpailu\u00a0Tuuli: -1.4<br \/>\n1 Annika Haverinen KajKi 12<br \/>\n2 Viivi Lehikoinen HIFK 12,17<br \/>\n3 Tiia Tammisalo TampPy 12,32<br \/>\n4 Alina Str\u00f6mberg LarsmoIF 12,49<br \/>\n5 Anneka Kruuti Sein\u00e4jsU 12,74<br \/>\n6 <strong>Silja Kempas LieksU 12,82<\/strong><br \/>\n7 Bianca Sundell IFDrott 13,03<br \/>\n8 Jennifer Roos LarsmoIF 13,11<\/p>\n<p>Alkuer\u00e4t 19.8. 2. er\u00e4 Tuuli: -1.5<br \/>\n1 Annika Haverinen KajKi 12,53<br \/>\n2 Anneka Kruuti Sein\u00e4jsU 12,73<br \/>\n3 <strong>Silja Kempas LieksU 12,83<\/strong><br \/>\n4 Bianca Sundell IFDrott 12,98<br \/>\n5 Ilona Kekkonen LahdA 13,05<br \/>\n6 Nora-Julia Isoluoma Jyv\u00e4skKU 13,38<br \/>\n7 Susanna Kumpulainen EspTa 13,4<\/p>\n<p>N17 200 m 21.8.<br \/>\nLoppukilpailu\u00a0Tuuli: -0.2<br \/>\n1 Viivi Lehikoinen HIFK 24,39<br \/>\n2 Annika Haverinen KajKi 24,45<br \/>\n3 Nea Mattila HIFK 24,94<br \/>\n4 Aleksandra Niiranen LappUM 24,99<br \/>\n5 Tiia Tammisalo TampPy 25,37<br \/>\n6 Alisa Aalto TampPy 25,46<br \/>\n7 <strong>Silja Kempas LieksU 25,74<\/strong><br \/>\n8 Nea Laine H\u00e4meenlTa 26,36<\/p>\n<p>V\u00e4lier\u00e4t 21.8.<br \/>\n2. er\u00e4 Tuuli: 0.6<br \/>\n1 Nea Mattila HIFK 25,22<br \/>\n2 Aleksandra Niiranen LappUM 25,42<br \/>\n3 Alisa Aalto TampPy 25,75<br \/>\n4 <strong>Silja Kempas LieksU 25,93<\/strong><br \/>\n5 Noora Juslin Borg\u00e5Ak 26,8<br \/>\n6 S\u00e4de Honkala MietMP 27,08<br \/>\n7 Jennifer Roos LarsmoIF 27,3<\/p>\n<p>Alkuer\u00e4t 20.8.<br \/>\n2. er\u00e4 Tuuli: -1.5<br \/>\n1 Nea Mattila HIFK 26,38<br \/>\n2 <strong>Silja Kempas LieksU 26,39<\/strong><br \/>\n3 Bianca Sundell IFDrott 26,8<br \/>\n4 Hanna Siiskonen JoensKa 26,89<br \/>\n5 Heidi L\u00e4hdem\u00e4ki Sein\u00e4jsU 27,64<br \/>\n6 Jenna Kompuinen S\u00e4kU 27,76<br \/>\n7 Linnea Taipale LahdA 27,91<\/p>\n<p>N17 Moukari\u00a020.8.<br \/>\n1 Kiira V\u00e4\u00e4n\u00e4nen VarpVi 63,47<br \/>\n2 Helena Leveelahti VirtU 57,66<br \/>\n3 Sara Mehtomaa OulPy 52,35<br \/>\n4 Iida Heikkinen OutokPa 50,47<br \/>\n5 <strong>Venla Kettunen LieksU 49,07<\/strong><br \/>\n6 Kati Rinnekari NurmijYU 48,99<br \/>\n7 Andrea \u00d6sterman HIFK 48,89<\/p>\n","protected":false},"excerpt":{"rendered":"<p>19.-21.8.2016 Kajaani M16 Korkeus\u00a020.8. 1 Juho Nieminen Jyv\u00e4skKU 2,00 2 Casper Tillander IFSibboV 1,92 3 Johannes Harakka Lepp\u00e4vVi 1,9 4 Eeki Kokkonen LieksU 1,81 5 Jaakko Juvonen TuUL 1,81 6 Riku Ahvenniemi TampPy 1,75 7 Lauri Kiuru PyhtKi 1,7 8 Daniel Kosonen TampPy 1,65 8 Oskari Marjakoski KaipVi 1,65 10 &hellip;<\/p>\n","protected":false},"author":3,"featured_media":0,"parent":4129,"menu_order":9,"comment_status":"closed","ping_status":"closed","template":"","meta":{"footnotes":""},"categories":[26,7,23],"tags":[],"class_list":["post-4905","page","type-page","status-publish","hentry","category-siljakempas","category-tulokset","category-venlakettunen"],"_links":{"self":[{"href":"https:\/\/www.lieksanurheilijat.com\/index.php?rest_route=\/wp\/v2\/pages\/4905","targetHints":{"allow":["GET"]}}],"collection":[{"href":"https:\/\/www.lieksanurheilijat.com\/index.php?rest_route=\/wp\/v2\/pages"}],"about":[{"href":"https:\/\/www.lieksanurheilijat.com\/index.php?rest_route=\/wp\/v2\/types\/page"}],"author":[{"embeddable":true,"href":"https:\/\/www.lieksanurheilijat.com\/index.php?rest_route=\/wp\/v2\/users\/3"}],"replies":[{"embeddable":true,"href":"https:\/\/www.lieksanurheilijat.com\/index.php?rest_route=%2Fwp%2Fv2%2Fcomments&post=4905"}],"version-history":[{"count":1,"href":"https:\/\/www.lieksanurheilijat.com\/index.php?rest_route=\/wp\/v2\/pages\/4905\/revisions"}],"predecessor-version":[{"id":4906,"href":"https:\/\/www.lieksanurheilijat.com\/index.php?rest_route=\/wp\/v2\/pages\/4905\/revisions\/4906"}],"up":[{"embeddable":true,"href":"https:\/\/www.lieksanurheilijat.com\/index.php?rest_route=\/wp\/v2\/pages\/4129"}],"wp:attachment":[{"href":"https:\/\/www.lieksanurheilijat.com\/index.php?rest_route=%2Fwp%2Fv2%2Fmedia&parent=4905"}],"wp:term":[{"taxonomy":"category","embeddable":true,"href":"https:\/\/www.lieksanurheilijat.com\/index.php?rest_route=%2Fwp%2Fv2%2Fcategories&post=4905"},{"taxonomy":"post_tag","embeddable":true,"href":"https:\/\/www.lieksanurheilijat.com\/index.php?rest_route=%2Fwp%2Fv2%2Ftags&post=4905"}],"curies":[{"name":"wp","href":"https:\/\/api.w.org\/{rel}","templated":true}]}}