{"id":4903,"date":"2016-08-21T19:26:40","date_gmt":"2016-08-21T16:26:40","guid":{"rendered":"https:\/\/www.lieksanurheilijat.com\/?page_id=4903"},"modified":"2016-08-24T09:30:15","modified_gmt":"2016-08-24T06:30:15","slug":"14-15-vuotiaiden-sm-kisat-2016","status":"publish","type":"page","link":"https:\/\/www.lieksanurheilijat.com\/?page_id=4903","title":{"rendered":"14-15 -vuotiaiden SM-kisat 2016"},"content":{"rendered":"<p>21.8.2016<br \/>\nH\u00e4meenlinna<\/p>\n<p>T14 Kolmiloikka<br \/>\n1 Wilhelmiina Harju Jyv\u00e4skKU 11,34 \u00a0\u00a00.8<br \/>\n2 Emmi Pennanen Jyv\u00e4skKU 11,12 \u00a0\u00a01.1<br \/>\n3 Nea Lento Yl\u00f6jU 10,96 \u00a0\u00a01.0<br \/>\n4 Emmi Kiviharju IisVi 10,95 \u00a0\u00a01.3<br \/>\n5 Laura Koivukoski EurajVei 10,93 \u00a0\u00a00.2<br \/>\n6 Rosa Muurasniemi TampPy 10,8 \u00a0\u00a01.0<br \/>\n7 Isabel Nieminen Borg\u00e5Ak 10,65 \u00a0\u00a01.3<br \/>\n8 Tanja Kokkonen LappUM 10,62 \u00a0\u00a01.3<br \/>\n9 Nelli-Rosa Korpua PorinYU 10,61 \u00a0\u00a00.4<br \/>\n10 Milla Pirkkalainen ParikkU 10,57 \u00a0\u00a00.9<br \/>\n11 Noora Tiainen LappUM 10,51 \u00a0\u00a00.1<br \/>\n12 Olivia Bojang AlatPi 10,49 \u00a0\u00a00.3<br \/>\n13 Siiri Lithovius LimNM 10,47 \u00a0\u00a00.9<br \/>\n14 Maria Per\u00e4l\u00e4 IisVi 10,41 \u00a0\u00a00.6<br \/>\n15 Enni Saarinen H\u00e4meenlTa 10,4 \u00a0\u00a00.2<br \/>\n16 Alina Nissinen TampPy 10,39 \u00a0\u00a0-0.2<br \/>\n17 Sofia Tivinen MikkKV 10,36 \u00a0\u00a00.9<br \/>\n18 Emma Weckstr\u00f6m LappUM 10,32 \u00a0\u00a00.4<br \/>\n19 Aino Ahtola HKV 10,26 \u00a0\u00a00.2<br \/>\n20 Stiina Kokkonen TampU 10,16 \u00a0\u00a00.2<br \/>\n21 Essi Eriksson HKV 10,01 \u00a0\u00a00.0<br \/>\n22 Vilma Virtanen TuUL 10,00 \u00a0 0.5<br \/>\n23 Janika Jokinen TampU 9,97 \u00a0\u00a00.4<br \/>\n24 Beda Salmi Jyv\u00e4skKU 9,95 \u00a0\u00a00.0<br \/>\n25 Nella Hirvonen LahdA 9,94 \u00a0\u00a00.0<br \/>\n26 Ida Tolonen TuUL 9,82 \u00a0\u00a01.4<br \/>\n27 Sara Kinnunen LahdA 9,75 \u00a0\u00a00.5<br \/>\n28 Liina M\u00e4kinen S\u00e4kU 9,75 \u00a0\u00a00.1<br \/>\n29 <strong>Satu Liimatta LieksU 9,69 \u00a0\u00a00.5<\/strong><br \/>\n30 Lotta Joenpolvi ViipU 9,67 \u00a0\u00a01.5<br \/>\n31 Vilma Leivo VihdVie 9,63 \u00a0\u00a00.6<br \/>\n32 Sara Sj\u00f6str\u00f6m Borg\u00e5Ak 9,61 \u00a0\u00a01.3<br \/>\n33 Vilma Hannula KarhKa 9,42 \u00a0\u00a00.1<br \/>\n34 Lilli K\u00e4rkk\u00e4inen Jyv\u00e4skKU 9,4 \u00a0\u00a00.5<br \/>\n35 Ronja Kallionp\u00e4\u00e4 H\u00e4meenlTa 9,39 \u00a0\u00a01.1<br \/>\n36 Emma Kuikka H\u00e4meenlTa 9,36 \u00a0\u00a00.9<br \/>\n37 Emilia Tuomaala SalSa 9,27 \u00a0\u00a00.0<br \/>\n38 Elisa L\u00e4hde VammsVoi 9,25 \u00a0\u00a00.8<br \/>\n39 Linnea Aho VammsVoi 9,24 \u00a0\u00a00.0<br \/>\n40 Elina Ilom\u00e4ki S\u00e4kU 9,15 \u00a0\u00a00.1<br \/>\n41 Anna Ranz SalSa 9,14 \u00a0\u00a01.0<br \/>\n42 Julianna Heikkinen L\u00e4nsiUU 9,11 \u00a0\u00a01.1<br \/>\n43 Vilja Westerberg L\u00e4nsiUU 9,03 \u00a0\u00a00.3<br \/>\n44 Varpu Virmavirta VihdVie 8,99 \u00a0\u00a0-0.3<br \/>\n45 Janette Lonkainen TuUL 8,97 \u00a0\u00a01.0<br \/>\n46 Beda Kauppinen ViipU 8,83 \u00a0\u00a00.5<br \/>\n47 Elisa Klemola TampU 8,25 \u00a0\u00a00.8<br \/>\n48 Vilja Ketolainen ViipU 7,45 \u00a0\u00a00.1<\/p>\n<p>T14 Kiekko<br \/>\n1 Venla V\u00e4liharju TampPy 41,33<br \/>\n2 Veera Laamanen HeinI 38,55<br \/>\n3 Iida Uosukainen EspTa 36,77<br \/>\n4 Anni V\u00e4h\u00e4koski Yl\u00f6jU 35,81<br \/>\n5 Silja Kosonen RaisKu 34,88<br \/>\n6 Annukka Saalismaa OulPy 34,37<br \/>\n7 Daniela Sand\u00e5s TuUL 33,80<br \/>\n8 Elin K\u00e4llberg IFFemman 33,57<br \/>\n9 Rafaela Liski TuUL 31,90<br \/>\n10 Silja Toivonen H\u00e4meenlTa 31,85<br \/>\n11 Riikka Kataja UrjU 31,11<br \/>\n12 Ilona Vuori MarttMu 29,90<br \/>\n13 Riia Toivanen JuankKuo 29,82<br \/>\n14 Saskia Nahi EspTa 28,55<br \/>\n15 Emmy Ollas Borg\u00e5Ak 27,96<br \/>\n16 Lara L\u00e5ngstr\u00f6m NummKip 27,82<br \/>\n17 Kira T\u00f6pp\u00e4r\u00e4 UrjU 27,74<br \/>\n18 Ronja Kallionp\u00e4\u00e4 H\u00e4meenlTa 26,56<br \/>\n19 Anni Liikanen KuusEV 26,42<br \/>\n20 Venla Toivola HyvsU 26,28<br \/>\n21 Liinu Salo ValkHa 26,12<br \/>\n22 Anniina \u00c4ik\u00e4s OrivPo 25,80<br \/>\n23 Minttu T\u00f6rnblom TampPy 25,76<br \/>\n24 Fanny Lindholm Borg\u00e5Ak 24,68<br \/>\n25 Tia-Maria Paldanius IisVi 24,58<br \/>\n26 Alev Outinen RaisKu 24,10<br \/>\n27 Olivia Sabel IFFemman 23,79<br \/>\n28 Pihla Poikolainen HyvsU 19,4<br \/>\n<strong>Lotta Martikainen LieksU NM<\/strong><br \/>\nCamilla Forsberg Jyv\u00e4skKU NM<\/p>\n","protected":false},"excerpt":{"rendered":"<p>21.8.2016 H\u00e4meenlinna T14 Kolmiloikka 1 Wilhelmiina Harju Jyv\u00e4skKU 11,34 \u00a0\u00a00.8 2 Emmi Pennanen Jyv\u00e4skKU 11,12 \u00a0\u00a01.1 3 Nea Lento Yl\u00f6jU 10,96 \u00a0\u00a01.0 4 Emmi Kiviharju IisVi 10,95 \u00a0\u00a01.3 5 Laura Koivukoski EurajVei 10,93 \u00a0\u00a00.2 6 Rosa Muurasniemi TampPy 10,8 \u00a0\u00a01.0 7 Isabel Nieminen Borg\u00e5Ak 10,65 \u00a0\u00a01.3 8 Tanja Kokkonen LappUM &hellip;<\/p>\n","protected":false},"author":3,"featured_media":0,"parent":4129,"menu_order":10,"comment_status":"closed","ping_status":"closed","template":"","meta":{"footnotes":""},"categories":[38,47,7],"tags":[],"class_list":["post-4903","page","type-page","status-publish","hentry","category-lottamartikainen","category-satuliimatta","category-tulokset"],"_links":{"self":[{"href":"https:\/\/www.lieksanurheilijat.com\/index.php?rest_route=\/wp\/v2\/pages\/4903","targetHints":{"allow":["GET"]}}],"collection":[{"href":"https:\/\/www.lieksanurheilijat.com\/index.php?rest_route=\/wp\/v2\/pages"}],"about":[{"href":"https:\/\/www.lieksanurheilijat.com\/index.php?rest_route=\/wp\/v2\/types\/page"}],"author":[{"embeddable":true,"href":"https:\/\/www.lieksanurheilijat.com\/index.php?rest_route=\/wp\/v2\/users\/3"}],"replies":[{"embeddable":true,"href":"https:\/\/www.lieksanurheilijat.com\/index.php?rest_route=%2Fwp%2Fv2%2Fcomments&post=4903"}],"version-history":[{"count":1,"href":"https:\/\/www.lieksanurheilijat.com\/index.php?rest_route=\/wp\/v2\/pages\/4903\/revisions"}],"predecessor-version":[{"id":4904,"href":"https:\/\/www.lieksanurheilijat.com\/index.php?rest_route=\/wp\/v2\/pages\/4903\/revisions\/4904"}],"up":[{"embeddable":true,"href":"https:\/\/www.lieksanurheilijat.com\/index.php?rest_route=\/wp\/v2\/pages\/4129"}],"wp:attachment":[{"href":"https:\/\/www.lieksanurheilijat.com\/index.php?rest_route=%2Fwp%2Fv2%2Fmedia&parent=4903"}],"wp:term":[{"taxonomy":"category","embeddable":true,"href":"https:\/\/www.lieksanurheilijat.com\/index.php?rest_route=%2Fwp%2Fv2%2Fcategories&post=4903"},{"taxonomy":"post_tag","embeddable":true,"href":"https:\/\/www.lieksanurheilijat.com\/index.php?rest_route=%2Fwp%2Fv2%2Ftags&post=4903"}],"curies":[{"name":"wp","href":"https:\/\/api.w.org\/{rel}","templated":true}]}}