{"id":4862,"date":"2016-08-07T23:53:09","date_gmt":"2016-08-07T20:53:09","guid":{"rendered":"https:\/\/www.lieksanurheilijat.com\/?page_id=4862"},"modified":"2016-08-10T06:03:20","modified_gmt":"2016-08-10T03:03:20","slug":"9-15-vuotiaiden-pm-huipentuma-2016","status":"publish","type":"page","link":"https:\/\/www.lieksanurheilijat.com\/?page_id=4862","title":{"rendered":"9-15-vuotiaiden pm-huipentuma 2016"},"content":{"rendered":"<p>6.-7.8.2016<br \/>\nJoensuu<\/p>\n<p><span style=\"text-decoration: underline;\"><strong>6.7.2016<\/strong><\/span><\/p>\n<p>N 100m<br \/>\nTuuli: +0,0<br \/>\n1) Jaana Sievil\u00e4inen JoensKa 12,70<br \/>\n2) Silja Kempas LieksU 13,23<br \/>\n3) Petra V\u00e4\u00e4n\u00e4nen JoensKa 13,98<br \/>\nHanna Siiskonen JoensKa DNS<\/p>\n<p>T9 miniottelu (40m + korkeus)<br \/>\nIida Suvanto ImU 372 (7,27 \/ 110)<br \/>\n1. Nella Voutilainen JoensKa 221 (7,83 \/ 90)<br \/>\n2. Nea Nousiainen Pyh\u00e4sU 219 (7,56 \/ 80)<br \/>\n3. Netta Oinonen LieksU 215 (7,73 \/ 85)<br \/>\n4. Hertta Lukkari LipTai 115 (9,13 \/ 80)<br \/>\n5. Krista Martikainen Pyh\u00e4sU 85 (8,39 \/ NH)<br \/>\n6. Martta Muuttoranta LipTai 81 (8,46 \/ NH)<br \/>\n7. Iina Honkanen NurmsSe 35 (9,67 \/ NH)<\/p>\n<p>T11 60m<br \/>\nTuuli: +0,0<br \/>\n1) Linnea Plattonen JuuanU 9,33<br \/>\n2) Aino Pyykk\u00f6 LieksU 9,99<br \/>\n3) Moona Kukkonen JuuanU 10,74<br \/>\nPinja Laasanen SiilPo 9,31<\/p>\n<p>T11 1000m<br \/>\n1) Nea Rova JoensKa 3.56,28<br \/>\n2) Moona Kukkonen JuuanU 4.18,54<br \/>\n3) Tuuli Saraniemi LieksU 4.19,97<\/p>\n<p>T11 Seiv\u00e4s<br \/>\n1) Aino Pyykk\u00f6 LieksU 190<br \/>\n190<br \/>\no<\/p>\n<p>2) Tuuli Saraniemi LieksU 180<br \/>\n180<br \/>\nxxo<\/p>\n<p>P11 Kolmiloikka<br \/>\n1) Otso Liimatta NurmSe 8,54<br \/>\n8,54<\/p>\n<p>2) Eero Mauro LieksU 8,07<br \/>\n8,07<\/p>\n<p>3) Niilo K\u00e4yhk\u00f6 JoensKa 7,97<br \/>\n7,97<\/p>\n<p>4) Hannes Korhonen JoensKa 7,81<br \/>\n7,81<\/p>\n<p>P11 Moukari<br \/>\n1) Eeli Kinnunen JoensKa 24,34<br \/>\n24,34<\/p>\n<p>2) Eero Mauro LieksU 20,07<br \/>\n20,07<\/p>\n<p>3) Alex \u00d6hman JoensKa 16,14<br \/>\n16,14<\/p>\n<p>Viljami Lepp\u00e4nen JoensKa NM<br \/>\nNM<\/p>\n<p>T12 1000m<br \/>\n1) Maija Boren LieksU 3.28,89<br \/>\n2) Asta Riikonen PolvijU 3.34,34<br \/>\n3) Siiri Luostarinen JoensKa 3.37,90<br \/>\n4) Emilia Saaristo ValtVa 3.45,98<br \/>\n5) Cindy Ahponen Pyh\u00e4sU 4.02,68<br \/>\n6) Ida-Josefina Ilvonen JuuanU 4.31,28<br \/>\nErin Kainulainen SavonlRie 3.47,08<\/p>\n<p>T12 Seiv\u00e4s<br \/>\n1) Maija Boren LieksU 220<br \/>\n220<br \/>\nxo<\/p>\n<p>2) Emmi Honkanen NurmSe 170<br \/>\n170<br \/>\nxo<\/p>\n<p>T12 Moukari<br \/>\n1) Sanni Toivanen JuuanU 24,27<br \/>\n24,27<\/p>\n<p>2) Reetta Ryyn\u00e4nen Pyh\u00e4sU 18,35<br \/>\n18,35<\/p>\n<p>3) Emmi Honkanen NurmSe 15,91<br \/>\n15,91<\/p>\n<p>4) Maija Boren LieksU 14,52<br \/>\n14,52<\/p>\n<p>T13 Seiv\u00e4s<br \/>\n1) Heta Kettunen LieksU 270<br \/>\n270<br \/>\no<\/p>\n<p>2) Riina Palviainen LieksU 260<br \/>\n260<br \/>\nxo<\/p>\n<p>T14 800m<br \/>\n1) Satu Liimatta LieksU 2.34,94<br \/>\n2) Riina Svensk JoensKa 2.45,70<br \/>\nElla Kainulainen SavonlRie 2.28,94<br \/>\nHeta Siira NurmSe DNS<\/p>\n<p>T14 Seiv\u00e4s<br \/>\n1) Milla Martikainen LieksU 210<br \/>\n210<br \/>\no<\/p>\n<p>2) Venla Sallinen JoensKa 180<br \/>\n180<br \/>\nxxo<\/p>\n<p>Heta Siira NurmSe<br \/>\nPetra Lappalainen JoensKa<\/p>\n<p>T14 Kiekko<br \/>\n1) Lotta Martikainen LieksU 27,20<br \/>\n27,20<\/p>\n<p>2) Milla Martikainen LieksU 21,33<br \/>\n21,33<\/p>\n<p>3) Hanna Toivanen JuuanU 21,02<br \/>\n21,02<\/p>\n<p>4) Tuuli Kinnunen JoensKa 17,72<br \/>\n17,72<\/p>\n<p>T14 Moukari<br \/>\nLoppukilpailu<br \/>\n1) Tuuli Kinnunen JoensKa 33,98<br \/>\n33,98<\/p>\n<p>2) Milla Martikainen LieksU 28,62<br \/>\n28,62<\/p>\n<p>3) Hanna Toivanen JuuanU 25,07<br \/>\n25,07<\/p>\n<p>T15 Pituus<br \/>\n1) Jenna Riikonen JoensKa 4,54 -0,3<br \/>\n4,54<br \/>\n-0,3<\/p>\n<p>2) Veera Vastam\u00e4ki JoensKa 4,48 -1,3<br \/>\n4,48<br \/>\n-1,3<\/p>\n<p>3) Riina Kettunen LieksU 4,47 +0,0<br \/>\n4,47<br \/>\n+0,0<\/p>\n<p>Nina Mutanen JoensKa 4,46 -0,3<br \/>\n4,46<br \/>\n-0,3<\/p>\n<p>Veera Huoman Hein\u00e4vYU 4,14 +0,0<br \/>\n4,14<br \/>\n+0,0<\/p>\n<p><span style=\"text-decoration: underline;\"><strong>7.8.2016<\/strong><\/span><\/p>\n<p>T10 Moukari<br \/>\nLoppukilpailu<br \/>\n1) Silja M\u00e4\u00e4tt\u00e4 NurmSe 14,04<br \/>\n14,04<\/p>\n<p>2) Netta Martikainen LieksU 11,81<br \/>\n11,81<\/p>\n<p>3) Ira Hirvonen OutokPa 11,27<br \/>\n11,27<\/p>\n<p>Rosalia Raijas JoensKa DNS<\/p>\n<p>T10 Keih\u00e4s<br \/>\nLoppukilpailu<br \/>\n1) Netta Martikainen LieksU 14,07<br \/>\n14,07<\/p>\n<p>2) Veera Korhonen NurmSe 11,04<br \/>\n11,04<\/p>\n<p>3) Silja M\u00e4\u00e4tt\u00e4 NurmSe 10,37<br \/>\n10,37<\/p>\n<p>Rosalia Raijas JoensKa DNS<\/p>\n<p>P11 150m<br \/>\nLoppukilpailu, Tuuli: -2,0<br \/>\n1) Otso Liimatta NurmSe 23,20<br \/>\n2) Eero Mauro LieksU 23,70<br \/>\n3) Lauri R\u00e4s\u00e4nen Pyh\u00e4sU 24,12<br \/>\n4) Mico R\u00e4ty Pyh\u00e4sU 24,13<br \/>\n5) Simppa Svensk JoensKa 26,07<br \/>\n6) Niilo K\u00e4yhk\u00f6 JoensKa 26,29<br \/>\nHannes Korhonen JoensKa 25,52<\/p>\n<p>P11 Seiv\u00e4s<br \/>\nLoppukilpailu<br \/>\n1) Eero Mauro LieksU 230<\/p>\n<p>T11 Kolmiloikka<br \/>\nLoppukilpailu<br \/>\n1) Sara-Sofia Hyv\u00f6nen Pyh\u00e4sU 8,33<br \/>\n8,33<\/p>\n<p>2) Riikka Jokinen Pyh\u00e4sU 7,42<br \/>\n7,42<\/p>\n<p>3) Aino Pyykk\u00f6 LieksU 7,23<br \/>\n7,23<\/p>\n<p>T11 Moukari<br \/>\nLoppukilpailu<br \/>\n1) Aino Pyykk\u00f6 LieksU 13,68<br \/>\n13,68<\/p>\n<p>P11 Keih\u00e4s<br \/>\nLoppukilpailu<br \/>\n1) Eeli Kinnunen JoensKa 31,62<br \/>\n31,62<\/p>\n<p>2) Roope Maaninka Pyh\u00e4sU 25,32<br \/>\n25,32<\/p>\n<p>3) Janne Oinonen JoensKa 25,16<br \/>\n25,16<\/p>\n<p>4) Aleksi Haukka JuuanU 23,63<br \/>\n23,63<\/p>\n<p>5) Joona Turunen JoensKa 21,77<br \/>\n21,77<\/p>\n<p>6) Hannes Korhonen JoensKa 20,12<br \/>\n20,12<\/p>\n<p>7) Matti Ylj\u00e4l\u00e4 Pyh\u00e4sU 10,66<br \/>\n10,66<\/p>\n<p>Eero Mauro LieksU 23,83<br \/>\n23,83<\/p>\n<p>&nbsp;<\/p>\n<p>T11 Keih\u00e4s<br \/>\nLoppukilpailu<br \/>\n1) Silja Viertola LieksU 14,24<br \/>\n14,24<\/p>\n<p>2) S\u00e4de Turunen TuupovU 8,67<br \/>\n8,67<\/p>\n<p>T13 Korkeus<br \/>\nLoppukilpailu<br \/>\n1) Heta Kettunen LieksU 143<br \/>\n143<br \/>\no<\/p>\n<p>2) Tiia Rantala PolvijU 140<br \/>\n140<br \/>\no<\/p>\n<p>3) Sini Lehikoinen Pyh\u00e4sU 135<br \/>\n135<br \/>\nxo<\/p>\n<p>4) Netta-Noora Lappalainen Pyh\u00e4sU 120<br \/>\n120<br \/>\no<\/p>\n<p>T13 Kuula<br \/>\nLoppukilpailu<br \/>\n1) Netta-Noora Lappalainen Pyh\u00e4sU 10,73<br \/>\n10,73<\/p>\n<p>2) Riina Palviainen LieksU 10,44<br \/>\n10,44<\/p>\n<p>3) Nea Immonen JoensKa 8,95<br \/>\n8,95<\/p>\n<p>4) Jasmin Kettunen Pyh\u00e4sU 8,11<br \/>\n8,11<\/p>\n<p>T13 Keih\u00e4s<br \/>\nLoppukilpailu<br \/>\n1) Riina Palviainen LieksU 30,87<br \/>\n30,87<\/p>\n<p>2) Sini Lehikoinen Pyh\u00e4sU 29,41<br \/>\n29,41<\/p>\n<p>T14 Korkeus<br \/>\nLoppukilpailu<br \/>\n1) Satu Liimatta LieksU 135<\/p>\n<p>T14 Kolmiloikka<br \/>\nLoppukilpailu<br \/>\n1) Satu Liimatta LieksU 9,83 -2,6<br \/>\n9,83<br \/>\n-2,6<\/p>\n<p>2) Reetta Naumanen OutokPa 7,64 -1,1<br \/>\n7,64<br \/>\n-1,1<\/p>\n<p>T14 Kuula<br \/>\nLoppukilpailu<br \/>\n1) Hanna Toivanen JuuanU 9,64<br \/>\n9,64<\/p>\n<p>2) Lotta Martikainen LieksU 9,42<br \/>\n9,42<\/p>\n<p>3) Tuuli Kinnunen JoensKa 9,24<br \/>\n9,24<\/p>\n<p>4) Mira Ylj\u00e4l\u00e4 Pyh\u00e4sU 6,08<br \/>\n6,08<\/p>\n<p>&nbsp;<\/p>\n<p>T14 Keih\u00e4s<br \/>\nLoppukilpailu<br \/>\n1) Milla Martikainen LieksU 40,22<br \/>\n40,22<\/p>\n<p>2) Reetta Naumanen OutokPa 34,41<br \/>\n34,41<\/p>\n<p>3) Hanna Toivanen JuuanU 31,54<br \/>\n31,54<\/p>\n<p>4) Mira Ylj\u00e4l\u00e4 Pyh\u00e4sU 13,86<br \/>\n13,86<\/p>\n<p>Nea Roiha ParikkU DNS<\/p>\n<p>T15 Kolmiloikka<br \/>\nLoppukilpailu<br \/>\n1) Riina Kettunen LieksU 9,70 -1,4<br \/>\n9,70<br \/>\n-1,4<\/p>\n<p>2) Tuuli Turunen TuupovU 8,82 -0,4<br \/>\n8,82<br \/>\n-0,4<\/p>\n<p>Veera Vastam\u00e4ki JoensKa 9,01 -0,8<br \/>\n9,01<br \/>\n-0,8<\/p>\n<p>&nbsp;<\/p>\n<p>T15 Kuula<br \/>\nLoppukilpailu<br \/>\n1) Veera Vastam\u00e4ki JoensKa 10,65<br \/>\n10,65<\/p>\n<p>2) Pinja Hulkko Pyh\u00e4sU 10,63<br \/>\n10,63<\/p>\n<p>3) Riina Kettunen LieksU 10,08<br \/>\n10,08<\/p>\n<p>4) Johanna Varis Pyh\u00e4sU 9,26<br \/>\n9,26<\/p>\n<p>T15 Keih\u00e4s<br \/>\nLoppukilpailu<br \/>\n1) Lumi K\u00e4rkk\u00e4inen JoensKa 39,39<br \/>\n39,39<\/p>\n<p>2) Riina Kettunen LieksU 32,45<br \/>\n32,45<\/p>\n<p>3) Riikka Lonkainen JoensKa 31,51<br \/>\n31,51<\/p>\n<p>Anna Hirvonen KuopRei 22,21<br \/>\n22,21<\/p>\n","protected":false},"excerpt":{"rendered":"<p>6.-7.8.2016 Joensuu 6.7.2016 N 100m Tuuli: +0,0 1) Jaana Sievil\u00e4inen JoensKa 12,70 2) Silja Kempas LieksU 13,23 3) Petra V\u00e4\u00e4n\u00e4nen JoensKa 13,98 Hanna Siiskonen JoensKa DNS T9 miniottelu (40m + korkeus) Iida Suvanto ImU 372 (7,27 \/ 110) 1. Nella Voutilainen JoensKa 221 (7,83 \/ 90) 2. Nea Nousiainen Pyh\u00e4sU &hellip;<\/p>\n","protected":false},"author":3,"featured_media":0,"parent":4129,"menu_order":12,"comment_status":"closed","ping_status":"closed","template":"","meta":{"footnotes":""},"categories":[42,63,34,38,39,32,49,31,47,26,7],"tags":[],"class_list":["post-4862","page","type-page","status-publish","hentry","category-ainopyykko","category-eeromauro","category-hetakettunen","category-lottamartikainen","category-maijaboren","category-millamartikainen","category-nettamartikainen","category-riinakettunen","category-satuliimatta","category-siljakempas","category-tulokset"],"_links":{"self":[{"href":"https:\/\/www.lieksanurheilijat.com\/index.php?rest_route=\/wp\/v2\/pages\/4862","targetHints":{"allow":["GET"]}}],"collection":[{"href":"https:\/\/www.lieksanurheilijat.com\/index.php?rest_route=\/wp\/v2\/pages"}],"about":[{"href":"https:\/\/www.lieksanurheilijat.com\/index.php?rest_route=\/wp\/v2\/types\/page"}],"author":[{"embeddable":true,"href":"https:\/\/www.lieksanurheilijat.com\/index.php?rest_route=\/wp\/v2\/users\/3"}],"replies":[{"embeddable":true,"href":"https:\/\/www.lieksanurheilijat.com\/index.php?rest_route=%2Fwp%2Fv2%2Fcomments&post=4862"}],"version-history":[{"count":2,"href":"https:\/\/www.lieksanurheilijat.com\/index.php?rest_route=\/wp\/v2\/pages\/4862\/revisions"}],"predecessor-version":[{"id":4864,"href":"https:\/\/www.lieksanurheilijat.com\/index.php?rest_route=\/wp\/v2\/pages\/4862\/revisions\/4864"}],"up":[{"embeddable":true,"href":"https:\/\/www.lieksanurheilijat.com\/index.php?rest_route=\/wp\/v2\/pages\/4129"}],"wp:attachment":[{"href":"https:\/\/www.lieksanurheilijat.com\/index.php?rest_route=%2Fwp%2Fv2%2Fmedia&parent=4862"}],"wp:term":[{"taxonomy":"category","embeddable":true,"href":"https:\/\/www.lieksanurheilijat.com\/index.php?rest_route=%2Fwp%2Fv2%2Fcategories&post=4862"},{"taxonomy":"post_tag","embeddable":true,"href":"https:\/\/www.lieksanurheilijat.com\/index.php?rest_route=%2Fwp%2Fv2%2Ftags&post=4862"}],"curies":[{"name":"wp","href":"https:\/\/api.w.org\/{rel}","templated":true}]}}