{"id":4842,"date":"2016-07-03T11:53:04","date_gmt":"2016-07-03T08:53:04","guid":{"rendered":"https:\/\/www.lieksanurheilijat.com\/?page_id=4842"},"modified":"2016-08-03T14:31:43","modified_gmt":"2016-08-03T11:31:43","slug":"ahvenisen-holkka-2016","status":"publish","type":"page","link":"https:\/\/www.lieksanurheilijat.com\/?page_id=4842","title":{"rendered":"Ahvenisen H\u00f6lkk\u00e4 2016"},"content":{"rendered":"<p>3.7.2016<br \/>\nAhveninen<\/p>\n<p>MIEHET KILPASARJA<\/p>\n<p>1 Kimmo Kym\u00e4l\u00e4inen, Kuusamon Er\u00e4veikot 19:19<br \/>\n2 Kari Varis, Kouvolan Hiihtoseura 19:36<br \/>\n3 Jussi Karkkulainen, Pyh\u00e4sel\u00e4n Urheilijat 19:51<br \/>\n4 Niklas Peltoniemi, Teuvan Rivakka 20:21<br \/>\n5 Simo H\u00e4m\u00e4l\u00e4inen, Joensuun Kataja 20:44<br \/>\n5 Mika Pimin\u00e4inen, Joensuu 22:02<br \/>\n7 Marko H\u00e4m\u00e4l\u00e4inen, KeKaRa 22:07<br \/>\n8 Pasi Fr\u00e4nti, Joensuun Kataja 22:28<br \/>\n9 Ilari Nissinen, Joensuun Kataja 22:55<br \/>\n10 <strong>Eppu Honkanen, Lieksan Urheilijat 23:12<\/strong><br \/>\n11 Niko Keronen, Forrest Guuri 23:22<br \/>\n12 Ville Hiltunen, Herajoki 26:17<br \/>\n13 Ville Eskelinen, Joensuu 33:25<\/p>\n","protected":false},"excerpt":{"rendered":"<p>3.7.2016 Ahveninen MIEHET KILPASARJA 1 Kimmo Kym\u00e4l\u00e4inen, Kuusamon Er\u00e4veikot 19:19 2 Kari Varis, Kouvolan Hiihtoseura 19:36 3 Jussi Karkkulainen, Pyh\u00e4sel\u00e4n Urheilijat 19:51 4 Niklas Peltoniemi, Teuvan Rivakka 20:21 5 Simo H\u00e4m\u00e4l\u00e4inen, Joensuun Kataja 20:44 5 Mika Pimin\u00e4inen, Joensuu 22:02 7 Marko H\u00e4m\u00e4l\u00e4inen, KeKaRa 22:07 8 Pasi Fr\u00e4nti, Joensuun Kataja 22:28 &hellip;<\/p>\n","protected":false},"author":3,"featured_media":0,"parent":4129,"menu_order":23,"comment_status":"closed","ping_status":"closed","template":"","meta":{"footnotes":""},"categories":[7],"tags":[],"class_list":["post-4842","page","type-page","status-publish","hentry","category-tulokset"],"_links":{"self":[{"href":"https:\/\/www.lieksanurheilijat.com\/index.php?rest_route=\/wp\/v2\/pages\/4842","targetHints":{"allow":["GET"]}}],"collection":[{"href":"https:\/\/www.lieksanurheilijat.com\/index.php?rest_route=\/wp\/v2\/pages"}],"about":[{"href":"https:\/\/www.lieksanurheilijat.com\/index.php?rest_route=\/wp\/v2\/types\/page"}],"author":[{"embeddable":true,"href":"https:\/\/www.lieksanurheilijat.com\/index.php?rest_route=\/wp\/v2\/users\/3"}],"replies":[{"embeddable":true,"href":"https:\/\/www.lieksanurheilijat.com\/index.php?rest_route=%2Fwp%2Fv2%2Fcomments&post=4842"}],"version-history":[{"count":1,"href":"https:\/\/www.lieksanurheilijat.com\/index.php?rest_route=\/wp\/v2\/pages\/4842\/revisions"}],"predecessor-version":[{"id":4843,"href":"https:\/\/www.lieksanurheilijat.com\/index.php?rest_route=\/wp\/v2\/pages\/4842\/revisions\/4843"}],"up":[{"embeddable":true,"href":"https:\/\/www.lieksanurheilijat.com\/index.php?rest_route=\/wp\/v2\/pages\/4129"}],"wp:attachment":[{"href":"https:\/\/www.lieksanurheilijat.com\/index.php?rest_route=%2Fwp%2Fv2%2Fmedia&parent=4842"}],"wp:term":[{"taxonomy":"category","embeddable":true,"href":"https:\/\/www.lieksanurheilijat.com\/index.php?rest_route=%2Fwp%2Fv2%2Fcategories&post=4842"},{"taxonomy":"post_tag","embeddable":true,"href":"https:\/\/www.lieksanurheilijat.com\/index.php?rest_route=%2Fwp%2Fv2%2Ftags&post=4842"}],"curies":[{"name":"wp","href":"https:\/\/api.w.org\/{rel}","templated":true}]}}