{"id":4814,"date":"2016-07-25T21:56:45","date_gmt":"2016-07-25T18:56:45","guid":{"rendered":"https:\/\/www.lieksanurheilijat.com\/?page_id=4814"},"modified":"2016-07-26T21:52:03","modified_gmt":"2016-07-26T18:52:03","slug":"pohjois-karjalan-vattenfall-seuracup-2-osakilpailu","status":"publish","type":"page","link":"https:\/\/www.lieksanurheilijat.com\/?page_id=4814","title":{"rendered":"Pohjois-Karjalan Vattenfall-seuracup 2. osakilpailu"},"content":{"rendered":"<p>25.7.2016<br \/>\nLieksa<\/p>\n<p>Pisteet: Pyh\u00e4sel\u00e4n Urheilijat 13552, Joensuun Kataja 9132, Lieksan Urheilijat 2440, Kiihtelysvaaran Urheilijat 133<\/p>\n<pre>P11 150m\r\nLoppukilpailu er\u00e4 1\r\n1)   Mico R\u00e4ty                 Pyh\u00e4sU                    23,59             \r\n2)   Milo Kuivalainen          Pyh\u00e4sU                    25,60             \r\n3)   Niilo K\u00e4yhk\u00f6              JoensKa                   25,62             \r\n     Aarni Nyblom              LieksU                    24,28             \r\n     Eeli Kinnunen             JoensKa                   26,21             \r\n\r\nLoppukilpailu er\u00e4 2\r\n1)   Eero Mauro                LieksU                    23,51             \r\n2)   Lauri R\u00e4s\u00e4nen             Pyh\u00e4sU                    24,21             \r\n     Niklas Nykyri             JoensKa                   DNS               \r\n     Santeri Kekarainen        JoensKa                   22,88             \r\n\r\nT11 150m\r\nLoppukilpailu er\u00e4 1\r\n     Noora Tiilikainen         Pyh\u00e4sU                    27,68             \r\n     Sara Martikainen          Pyh\u00e4sU                    25,16             \r\n     Vilma Vatanen             JoensKa                   27,57             \r\n\r\nLoppukilpailu er\u00e4 2\r\n1)   Alisa Oinonen             Pyh\u00e4sU                    23,42             \r\n2)   Riikka Jokinen            Pyh\u00e4sU                    24,47             \r\n3)   Aada Rautiainen           KiihtU                    26,71             \r\n4)   Oona K\u00e4rkk\u00e4inen           JoensKa                   27,64             \r\n\r\nP11 60m aidat\r\nLoppukilpailu er\u00e4 1, Tuuli: +0,2\r\n1)   Aarni Nyblom              LieksU                    11,08             \r\n     Niklas Nykyri             JoensKa                   11,88             \r\n     Roope Maaninka            Pyh\u00e4sU                    DNS               \r\n\r\nLoppukilpailu er\u00e4 2, Tuuli: -0,2\r\n1)   V\u00e4in\u00f6 Kontkanen           Pyh\u00e4sU                    10,84             \r\n     Niilo K\u00e4yhk\u00f6              JoensKa                   11,81             \r\n\r\nLoppukilpailu er\u00e4 3, Tuuli: -0,7\r\n1)   Santeri Kekarainen        JoensKa                   10,81             \r\n     Eero Mauro                LieksU                    11,85             \r\n     Lauri R\u00e4s\u00e4nen             Pyh\u00e4sU                    DNS               \r\n\r\nT11 60m aidat\r\nLoppukilpailu, Tuuli: -0,3\r\n1)   Riikka Jokinen            Pyh\u00e4sU                    11,18             \r\n2)   Iiris Voutilainen         JoensKa                   13,13             \r\n     Kiira Kiiskinen           JoensKa                   DNS               \r\n\r\nP11 Korkeus\r\nLoppukilpailu\r\n1)   Roope Maaninka            Pyh\u00e4sU                    132               \r\n     110    115    120    123    126    129    132    134    \r\n     o      o      o      o      xxo    o      xo     xxx    \r\n2)   Niklas Nykyri             JoensKa                   123               \r\n     100    105    110    115    120    123    126    \r\n     o      o      o      o      o      xo     xxx    \r\n3)   Eeli Mustonen             JoensKa                   115               \r\n     105    110    115    120    \r\n     o      o      o      xxx    \r\n     Aarni Nyblom              LieksU                    136               \r\n     105    110    115    120    123    126    129    132    134    136    138    \r\n     o      o      o      o      xo     o      xxo    xxo    o      xxo    xxx    \r\n     Eero Mauro                LieksU                    115               \r\n     95     100    105    110    115    120    \r\n     o      o      o      xo     xo     xxx    \r\n     Lauri R\u00e4s\u00e4nen             Pyh\u00e4sU                                      \r\n\r\nT11 Korkeus\r\nLoppukilpailu\r\n1)   Sara Martikainen          Pyh\u00e4sU                    120               \r\n     105    110    115    120    123    \r\n     o      xo     xo     o      xxx    \r\n2)   Nea Rova                  JoensKa                   120               \r\n     100    105    110    115    120    123    \r\n     o      o      o      o      xo     xxx    \r\n     Aada Rautiainen           KiihtU                    105               \r\n     80     85     90     95     100    105    110    \r\n     o      o      o      xo     xo     xo     xxx    \r\n     Alisa Oinonen             Pyh\u00e4sU                                      \r\n     Vilma Vatanen             JoensKa                                     \r\n\r\nP11 Kuula\r\nLoppukilpailu\r\n1)   Eeli Kinnunen             JoensKa                   8,21              \r\n     8,19   8,06   8,21   7,91   \r\n2)   Niklas Nykyri             JoensKa                   7,20              \r\n     x      7,20   6,98   6,99   \r\n3)   Aku Alastalo              Pyh\u00e4sU                    6,53              \r\n     5,76   6,10   6,53   6,04   \r\n     Aarni Nyblom              LieksU                    7,24              \r\n     7,24   7,13   5,54   6,86   \r\n     Eeli Mustonen             JoensKa                   6,50              \r\n     6,50   6,33   6,12   6,46   \r\n     Eero Mauro                LieksU                    6,51              \r\n     6,51   4,49   5,79   5,81   \r\n\r\n\r\nT11 Kuula\r\nLoppukilpailu\r\n1)   Elina Valta               Pyh\u00e4sU                    7,57              \r\n     7,35   7,57   7,05   6,65     \r\n2)   Noora Tiilikainen         Pyh\u00e4sU                    5,41              \r\n     5,41   4,86   4,71   5,05   \r\n3)   Vilma Vatanen             JoensKa                   4,32              \r\n     4,09   4,32   3,85   4,17 \r\n     Aada Rautiainen           KiihtU                    6,25 \r\n     5,35   5,02   5,81   6,25   \r\n\r\nP11 1000m k\u00e4vely\r\nLoppukilpailu\r\n1)   V\u00e4in\u00f6 Kontkanen           Pyh\u00e4sU                    6.07,27           \r\n\r\nT11 1000m k\u00e4vely\r\nLoppukilpailu\r\n1)   Iiris Voutilainen         JoensKa                   8.02,59           \r\n\r\nP\/T11 4x600m viesti\r\n1)   Pyh\u00e4sel\u00e4n Urheilijat I                              8.41,26\r\n     V\u00e4in\u00f6 Kontkanen, Alisa Oinonen, Mico R\u00e4ty, Sara Martikainen\r\n2)   Pyh\u00e4sel\u00e4n Urheilijat II                             9.17,54\r\n     Milo Kuivalainen, Riikka Jokinen, Roope Maaninka, Noora Tiilikainen\r\n3)   Joensuun Kataja                                     9.32,13\r\n     Santeri Kekarainen, Oona K\u00e4rkk\u00e4inen, Niklas Nykyri, Nea Rova\r\n\r\nP13 200m\r\nLoppukilpailu, Tuuli: +0,8\r\n1)   Rasmus Lehikoinen         JoensKa                   28,77             \r\n2)   Eetu Viitaniemi           JoensKa                   30,89             \r\n3)   Pauli Vuorma              Pyh\u00e4sU                    31,22             \r\n     Lassi Valta               Pyh\u00e4sU                    30,09             \r\n\r\nT13 200m\r\nLoppukilpailu er\u00e4 1, Tuuli: -0,8\r\n1)   Jasmina Ven\u00e4l\u00e4inen        Pyh\u00e4sU                    28,31             \r\n     Elina Nivaj\u00e4rvi           JoensKa                   30,57             \r\n     Aada Kokko                JoensKa                   29,28             \r\n     Jasmin Kettunen           Pyh\u00e4sU                    32,88             \r\n\r\nLoppukilpailu er\u00e4 2, Tuuli: -0,9\r\n1)   Siiri Luostarinen         JoensKa                   32,53\r\n     Nea Immonen               JoensKa                   29,80             \r\n     Sofia Raatikainen         Pyh\u00e4sU                    30,53             \r\n     Anni Huovinen             Pyh\u00e4sU                    31,43                         \r\n\r\nP13 60m aidat\r\nLoppukilpailu, Tuuli: -0,7\r\n1)   Sakari Vallius            JoensKa                   10,13             \r\n2)   Lassi Valta               Pyh\u00e4sU                    12,00             \r\n\r\nT13 60m aidat\r\nLoppukilpailu, Tuuli: -0,2\r\n1)   Sofia Raatikainen         Pyh\u00e4sU                    10,02             \r\n2)   Peppi Penttinen           JoensKa                   10,66             \r\n     Aada Kokko                JoensKa                   10,14             \r\n     Jasmina Ven\u00e4l\u00e4inen        Pyh\u00e4sU                    9,88              \r\n     Karla K\u00f6n\u00f6nen             Pyh\u00e4sU                    DNS               \r\n\r\nP13 Pituus\r\nLoppukilpailu\r\n1)   Kasper Kamppuri           Pyh\u00e4sU                    4,39 +1,2          \r\n     x      4,39   4,21   x      \r\n            +1,2   -0,3          \r\n2)   Aatu Holopainen           JoensKa                   3,98 -0,1          \r\n     3,94   x      3,98   3,86   \r\n     -0,4          -0,1          \r\n3)   Niilo K\u00e4yhk\u00f6              JoensKa                   3,58 -0,4          \r\n     x      3,58   x      3,49   \r\n            -0,4          +0,0   \r\n     Miro Tanninen             JoensKa                   4,52 -0,7          \r\n     4,38   4,37   4,13   4,52   \r\n     +0,2   +0,7   +0,0   -0,7   \r\n     Niklas Hyv\u00f6nen            Pyh\u00e4sU                    4,81 +1,1          \r\n     4,48   4,81   4,75   4,52   \r\n     -1,1   +1,1   +0,2   -0,7   \r\n\r\n\r\nT13 Pituus\r\nLoppukilpailu\r\n1)   Aada Kokko                JoensKa                   4,51 -0,9          \r\n     4,51   x      x      x      \r\n     -0,9                        \r\n2)   Tiia S\u00e4de                 JoensKa                   3,89 +0,0          \r\n     3,66   3,89   3,64   3,84   \r\n     -0,7   +0,0   -1,0   -1,0   \r\n3)   Reetta Ryyn\u00e4nen           Pyh\u00e4sU                    3,88 +0,1          \r\n     3,88   x      x      x      \r\n     +0,1                        \r\n4)   Anni Huovinen             Pyh\u00e4sU                    3,79 -0,4          \r\n     3,73   3,75   3,78   3,79   \r\n     +0,0   +0,8   -1,7   -0,4   \r\n5)   Aava Kipin\u00e4               JoensKa                   3,74 +0,5          \r\n     3,53   3,44   3,74   3,44   \r\n     +0,4   -0,1   +0,5   -1,4   \r\n     Elina Nivaj\u00e4rvi           JoensKa                   3,55 +0,9          \r\n     x      3,55   x      x      \r\n            +0,9                 \r\n     Jasmin Kettunen           Pyh\u00e4sU                    DNS               \r\n     Jasmina Ven\u00e4l\u00e4inen        Pyh\u00e4sU                    DNS               \r\n     Sini Lehikoinen           Pyh\u00e4sU                    4,28 +0,0          \r\n     4,28   4,05   3,82   4,25   \r\n     +0,0   +0,1   +1,6   +0,9   \r\n     Sofia Raatikainen         Pyh\u00e4sU                    4,43 -1,1          \r\n     2,86   4,24   4,22   4,43   \r\n     -0,9   +0,9   +0,0   -1,1   \r\n     Veera Vastam\u00e4ki           JoensKa                   DNS               \r\n\r\nP13 Kuula\r\nLoppukilpailu\r\n1)   Niklas Hyv\u00f6nen            Pyh\u00e4sU                    13,49             \r\n     13,13  12,48  12,90  13,49  \r\n2)   Miro Tanninen             JoensKa                   8,90              \r\n     8,86   8,90   x      8,84   \r\n\r\nT13 Kuula\r\nLoppukilpailu\r\n1)   Netta-Noora Lappalainen   Pyh\u00e4sU                    10,20             \r\n     10,20  10,20  x      9,30   \r\n2)   Riina Palviainen          LieksU                    10,15             \r\n     9,94   x      10,15  9,30   \r\n3)   Nea Immonen               JoensKa                   8,62              \r\n     8,42   8,58   8,00   8,62   \r\n4)   Jasmin Kettunen           Pyh\u00e4sU                    8,54              \r\n     8,54   7,94   8,26   8,19   \r\n5)   Janna Huuho               Pyh\u00e4sU                    8,53              \r\n     8,53   8,39   8,45   8,25   \r\n6)   Reetta Ryyn\u00e4nen           Pyh\u00e4sU                    7,17              \r\n     7,08   x      7,17   x      \r\n     Anni Huovinen             Pyh\u00e4sU                    8,14              \r\n     8,02   8,14   7,87   7,94   \r\n     Sini Lehikoinen           Pyh\u00e4sU                    9,91              \r\n     9,08   9,91   8,93   x      \r\n\r\nT13 1000m k\u00e4vely\r\nLoppukilpailu\r\n1)   Karla K\u00f6n\u00f6nen             Pyh\u00e4sU                    5.30,29           \r\n2)   Sofia Raatikainen         Pyh\u00e4sU                    6.00,22           \r\n3)   Janna Huuho               Pyh\u00e4sU                    6.03,38           \r\n     Cindy Ahponen             Pyh\u00e4sU                    DNS               \r\n     Iida Sallinen             Pyh\u00e4sU                    6.02,36           \r\n\r\nP\/T13 4x600m viesti\r\n1)   Pyh\u00e4sel\u00e4n Urheilijat                                7.42,36\r\n     Niklas Hyv\u00f6nen, Sofia Raatikainen, Lassi Valta, Jasmina Ven\u00e4l\u00e4inen\r\n2)   Joensuun Kataja                                     7.57,14\r\n     Eetu Viitaniemi, Peppi Penttinen, Rasmus Lehikoinen, Siiri Luostarinen\r\n\r\nP15 300m\r\nLoppukilpailu\r\n1)   Samuel Auvinen            JoensKa                   42,49             \r\n2)   Vilko Ahlholm             Pyh\u00e4sU                    44,12             \r\n3)   Teemu Malinen             Pyh\u00e4sU                    44,21             \r\n\r\nT15 300m\r\nLoppukilpailu\r\n1)   Jenna Riikonen            JoensKa                   46,25             \r\n2)   Lotta Kurttila            Pyh\u00e4sU                    47,53             \r\n     Amanda Oittinen           Pyh\u00e4sU                    DNS               \r\n     Riikka Lonkainen          JoensKa                   DNS               \r\n\r\nT15 80m aidat\r\nLoppukilpailu, Tuuli: +0,3\r\n1)   Riikka Lonkainen          JoensKa                   14,51             \r\n2)   Veera Kontkanen           Pyh\u00e4sU                    15,06             \r\n\r\nP15 100m aidat\r\nLoppukilpailu, Tuuli: -0,4\r\n1)   Jesse Piiroinen           Pyh\u00e4sU                    16,39             \r\n\r\nP15 Kolmiloikka\r\nLoppukilpailu\r\n1)   Jimi Huuho                Pyh\u00e4sU                    11,96 -1,0          \r\n     x      11,96  x      11,45  \r\n            -1,0          -2,4   \r\n     Benjamin Oittinen         Pyh\u00e4sU                    DNS               \r\n\r\nT15 Kolmiloikka\r\nLoppukilpailu\r\n1)   Satu Liimatta             LieksU                    9,91 +1,3          \r\n     9,29   9,63   9,91   9,79   \r\n     -1,1   -1,5   +1,3   -1,1   \r\n2)   Riina Kettunen            LieksU                    9,90 -1,3          \r\n     9,90   -      9,79   -      \r\n     -1,3          -0,9          \r\n3)   Sini Lehikoinen           Pyh\u00e4sU                    9,33 -1,0          \r\n     x      9,33   9,31   9,06   \r\n            -1,0   -1,6   -2,4   \r\n     Veera Kontkanen           Pyh\u00e4sU                    9,31 -1,2          \r\n     8,59   8,94   9,31   9,08   \r\n     -1,1   -1,0   -1,2   -2,1   \r\n\r\nP15 Moukari\r\nLoppukilpailu\r\n1)   Otto Pekkanen             Pyh\u00e4sU                    24,15             \r\n     22,74  23,09  23,19  24,15  \r\n\r\nT15 Moukari\r\nLoppukilpailu\r\n1)   Johanna Varis             Pyh\u00e4sU                    27,25             \r\n     25,38  27,25  27,13  x      \r\n     Veera Vastam\u00e4ki           JoensKa                   DNS               \r\n     Venla Kettunen            LieksU                    50,61             \r\n     50,61  50,05  x      x      \r\n\r\nP15 1000m k\u00e4vely\r\nLoppukilpailu\r\n1)   Jimi Huuho                Pyh\u00e4sU                    4.56,53           \r\n2)   Miro Tanninen             JoensKa                   6.04,38           \r\n\r\nT15 1000m k\u00e4vely\r\nLoppukilpailu\r\n1)   Enni Koljonen             Pyh\u00e4sU                    5.38,38           \r\n\r\nP\/T15 4x800m viesti\r\n1)   Pyh\u00e4sel\u00e4n Urheilijat                                10.08,99\r\n     Vilko Ahlholm, Veera Kontkanen, Jesse Piiroinen, Lotta Kurttila\r\n     Joensuun Kataja                                     10.53,49\r\n     Samuel Auvinen, Elina Nivaj\u00e4rvi, Miro Tanninen, Riikka Lonkainen\r\n\r\nN17 200m\r\nLoppukilpailu\r\n     Aava Kipin\u00e4               JoensKa                   DNS               \r\n     Hanna Siiskonen           JoensKa                   DNS               \r\n     Silja Kempas              LieksU                    DNS               \r\n\r\nM17 800m\r\nLoppukilpailu\r\n1)   Arttu Simanainen          JoensKa                   2.03,44           \r\n2)   Elias Kortelainen         JoensKa                   2.06,28           \r\n3)   Eelis Hakala              Pyh\u00e4sU                    2.21,16           \r\n\r\nN17 800m\r\nLoppukilpailu\r\n1)   Iida Sallinen             Pyh\u00e4sU                    3.17,46           \r\n\r\nM17 Seiv\u00e4s\r\nLoppukilpailu\r\n1)   Eeki Kokkonen             LieksU                    360               \r\n     340    360    375    \r\n     o      o      xxx    \r\n2)   Santtu R\u00e4s\u00e4nen            JoensKa                   300               \r\n     190    200    210    260    270    280    290    300    310    \r\n     o      xo     o      o      xxo    o      xxo    xxo    xxx    \r\n3)   Benjamin Oittinen         Pyh\u00e4sU                    190               \r\n     140    150    160    170    180    190    200    \r\n     o      o      o      xo     o      o      xxx    \r\n     Aarni Nyblom              LieksU                    220               \r\n     220    230    \r\n     xo     xxx    \r\n     Eero Mauro                LieksU                    220               \r\n     190    200    210    220    230    \r\n     o      o      o      xo     xxx    \r\n     Miro Tanninen             JoensKa                   NH                \r\n     200    \r\n     xxx    \r\n\r\n\r\nN17 Seiv\u00e4s\r\nLoppukilpailu\r\n1)   Aino Pyykk\u00f6               LieksU                    190               \r\n     170    180    190    200    \r\n     o      o      o      xxx    \r\n2)   Amanda Oittinen           Pyh\u00e4sU                    180               \r\n     140    150    160    170    180    190    \r\n     o      o      o      o      o      xxx    \r\n     Hanna Siiskonen           JoensKa                   NH                \r\n     140    \r\n     xxx    \r\n     Heta Kettunen             LieksU                    NH                \r\n     230    \r\n     xxx    \r\n\r\n\r\n\r\nM17 Keih\u00e4s\r\nLoppukilpailu\r\n1)   Tino M\u00e4kel\u00e4               Pyh\u00e4sU                    58,95             \r\n     x      48,28  58,95  53,40  \r\n     Eeki Kokkonen             LieksU                    NM                \r\n     x      x      x      x      \r\n\r\n\r\n\r\nN17 Keih\u00e4s\r\nLoppukilpailu\r\n1)   Lumi K\u00e4rkk\u00e4inen           JoensKa                   35,16             \r\n     35,16  -      31,63  -      \r\n2)   Pinja Pennanen            Pyh\u00e4sU                    15,25             \r\n     10,60  15,25  -      -      \r\n     Nina Mutanen              JoensKa                   DNS               \r\n     Peppi Ahponen             Pyh\u00e4sU                    DNS<\/pre>\n","protected":false},"excerpt":{"rendered":"<p>25.7.2016 Lieksa Pisteet: Pyh\u00e4sel\u00e4n Urheilijat 13552, Joensuun Kataja 9132, Lieksan Urheilijat 2440, Kiihtelysvaaran Urheilijat 133 P11 150m Loppukilpailu er\u00e4 1 1) Mico R\u00e4ty Pyh\u00e4sU 23,59 2) Milo Kuivalainen Pyh\u00e4sU 25,60 3) Niilo K\u00e4yhk\u00f6 JoensKa 25,62 Aarni Nyblom LieksU 24,28 Eeli Kinnunen JoensKa 26,21 Loppukilpailu er\u00e4 2 1) Eero Mauro LieksU &hellip;<\/p>\n","protected":false},"author":3,"featured_media":0,"parent":4129,"menu_order":16,"comment_status":"closed","ping_status":"closed","template":"","meta":{"footnotes":""},"categories":[14,42,63,34,31,47,26,7,23],"tags":[],"class_list":["post-4814","page","type-page","status-publish","hentry","category-aarninyblom","category-ainopyykko","category-eeromauro","category-hetakettunen","category-riinakettunen","category-satuliimatta","category-siljakempas","category-tulokset","category-venlakettunen"],"_links":{"self":[{"href":"https:\/\/www.lieksanurheilijat.com\/index.php?rest_route=\/wp\/v2\/pages\/4814","targetHints":{"allow":["GET"]}}],"collection":[{"href":"https:\/\/www.lieksanurheilijat.com\/index.php?rest_route=\/wp\/v2\/pages"}],"about":[{"href":"https:\/\/www.lieksanurheilijat.com\/index.php?rest_route=\/wp\/v2\/types\/page"}],"author":[{"embeddable":true,"href":"https:\/\/www.lieksanurheilijat.com\/index.php?rest_route=\/wp\/v2\/users\/3"}],"replies":[{"embeddable":true,"href":"https:\/\/www.lieksanurheilijat.com\/index.php?rest_route=%2Fwp%2Fv2%2Fcomments&post=4814"}],"version-history":[{"count":9,"href":"https:\/\/www.lieksanurheilijat.com\/index.php?rest_route=\/wp\/v2\/pages\/4814\/revisions"}],"predecessor-version":[{"id":4826,"href":"https:\/\/www.lieksanurheilijat.com\/index.php?rest_route=\/wp\/v2\/pages\/4814\/revisions\/4826"}],"up":[{"embeddable":true,"href":"https:\/\/www.lieksanurheilijat.com\/index.php?rest_route=\/wp\/v2\/pages\/4129"}],"wp:attachment":[{"href":"https:\/\/www.lieksanurheilijat.com\/index.php?rest_route=%2Fwp%2Fv2%2Fmedia&parent=4814"}],"wp:term":[{"taxonomy":"category","embeddable":true,"href":"https:\/\/www.lieksanurheilijat.com\/index.php?rest_route=%2Fwp%2Fv2%2Fcategories&post=4814"},{"taxonomy":"post_tag","embeddable":true,"href":"https:\/\/www.lieksanurheilijat.com\/index.php?rest_route=%2Fwp%2Fv2%2Ftags&post=4814"}],"curies":[{"name":"wp","href":"https:\/\/api.w.org\/{rel}","templated":true}]}}