{"id":4755,"date":"2016-07-18T14:14:19","date_gmt":"2016-07-18T11:14:19","guid":{"rendered":"https:\/\/www.lieksanurheilijat.com\/?page_id=4755"},"modified":"2016-07-18T14:29:18","modified_gmt":"2016-07-18T11:29:18","slug":"hannes-junior-games-2016","status":"publish","type":"page","link":"https:\/\/www.lieksanurheilijat.com\/?page_id=4755","title":{"rendered":"Hannes Junior Games 2016"},"content":{"rendered":"<p>16.-17.7.2016<br \/>\nKuopio<\/p>\n<pre>M 17 100 m                        Tuuli: -0.6\r\n  1. Santeri \u00d6rn                  PolvijU             11,58\r\n  2. <strong>Eeki Kokkonen                LieksU              11,61<\/strong>\r\n  3. Juuso V\u00e4lipakka              KuopRei             11,79\r\n     Viljami Hietaharju           Jyv\u00e4skKU              DNS\r\n\r\nM 17 Korkeus                             \r\n  1. <strong>Eeki Kokkonen                LieksU                180<\/strong>\r\n         175 180 185\r\n           O   O XXX\r\n\r\nM 17 Kuula                             \r\n  1. Ville Halonen                Pyh\u00e4sU              15,00 \r\n             X 14,61     X 14,65 14,60 15,00\r\n  2. Santeri \u00d6rn                  PolvijU             13,96 \r\n         13,66 13,96 13,53     X     X     X\r\n  3. <strong>Eeki Kokkonen                LieksU              11,25 <\/strong>\r\n         10,34 10,89 11,25     X     X     X\r\n     Eetu Korhonen                MaanMa                DNS \r\n\r\nT 15 800 m                             \r\n  1. Saara Porthan                SiilPo            2.28,13\r\n  2. Anni-Maija Laurikainen       AavasK            2.28,35\r\n  3. Veera Kontkanen              Pyh\u00e4sU            2.32,37\r\n  4. Reeta Kuosmanen              IisVi             2.34,43\r\n  5. <strong>Satu Liimatta                LieksU            2.36,71<\/strong>\r\n  6. Irja Valta                   MaanMa            2.43,00\r\n  7. Anni Vartiainen              MaanMa            2.44,44\r\n  8. Iida Pyyk\u00f6nen                ValtVas           2.44,71\r\n  9. Lotta Tarvainen              KuopRei           2.45,27\r\n     Essi Kuittinen               Lepp\u00e4vVi              DNS\r\n\r\nT 15 Pituus                             \r\n  1. Emmi Kiviharju               IisVi                5,06 -1.2\r\n          5,06  4,84  4,97     X     X  4,82\r\n          -1.2  -0.9  -2.9              -3.4\r\n  2. Inka Puumalainen             MikkKV               5,05 +0.7\r\n          5,05     X     -     -     -     -\r\n          +0.7                              \r\n  3. Reeta-Mari M\u00e4ntyselk\u00e4        KuopRei              4,92 -3-3\r\n          4,90  4,91  4,77     X     X  4,92\r\n          -1.1  -2.4  -3.4              -3.3\r\n  4. Maria Per\u00e4l\u00e4                 IisVi                4,74 -1.8\r\n          4,72  4,74  4,68  4,26  4,58     X\r\n          -2.3  -1.8  -2.0  -2.5  -2.7      \r\n  5. Kiia Paanila                 KuopRei              4,58 -2.1\r\n          4,57  4,58  4,53  4,53  4,41  4,54\r\n          -1.4  -2.1  -2.1  -1.6  -2.9  -2.4\r\n  6. Tuuli Kinnunen               JoensKa              4,34 -3.7\r\n          4,13  3,90  4,12  4,09  4,23  4,34\r\n          -2.5  -3.7  -3.1  -2.8  -3.1  -3.7\r\n  7. Viivi Lukin                  KuopRei              4,32 -0.5\r\n          4,32     X  4,13  4,17  4,14  4,20\r\n          -0.5        -3.9  -2.3  -2.0  -2.0\r\n  8. Jonna Ryh\u00e4nen                IisVi                4,27 -1.0\r\n          4,27  4,04  4,03                  \r\n          -1.0  -2.0  -0.9                  \r\n  9. Suvi Heikkinen               SuomRa               4,17 -2.2\r\n          4,17     X     X                  \r\n          -2.2                              \r\n 10. <strong>Satu Liimatta                LieksU               3,99 -2.4<\/strong>\r\n          3,94  3,99  3,84                  \r\n          -1.5  -2.4  -1.6                  \r\n 11. Adeliina Kemppainen          PohjKoi              3,77 -2.1\r\n          3,72  3,77     X                  \r\n          -2.3  -2.1                        \r\n 12. Lotta Tarvainen              KuopRei              3,60 -1.2\r\n          3,60     X  3,57                  \r\n          -1.2        -3.7                  \r\n     Jenna Kokkonen               KajKi                 DNS \r\nKilpailun ulkopuolella:\r\n     Mette Lukin                  KuopRei              4,62 -1.5\r\n          4,08  4,29  4,62                  \r\n          -2.3  -0.4  -1.5                  \r\n\r\nT 11 60 m                             \r\n  1. Emmi Heikkinen               SuomRa               9,24\r\n  2. Pinja Laasanen               SiilPo               9,36\r\n  3. Miina Turpeinen              VesU                 9,52\r\n  4. Jonna Korhonen               VarpVi               9,71\r\n  5. Nea Savolainen               MaanMa               9,77\r\n  6. Iida Kinnunen                SuomRa               9,87\r\n  7. Pirkko J\u00e4rvikyl\u00e4             JKU                  9,88\r\n  8. <strong>Aino Pyykk\u00f6                  LieksU               9,94<\/strong>\r\n  9. Maija Lahtela                KuopRei             10,40\r\n     Ranja Pennanen               SiiHS                 DNS\r\n\r\nEr\u00e4 1                Tuuli: 0.0\r\n  1. Pinja Laasanen               SiilPo               9,36\r\n  2. Miina Turpeinen              VesU                 9,52\r\n  3. Nea Savolainen               MaanMa               9,77\r\n  4. <strong>Aino Pyykk\u00f6                  LieksU               9,94<\/strong>\r\n  5. Maija Lahtela                KuopRei             10,40\r\n\r\nM 17 110 m aidat                  Tuuli: \r\n  1. <strong>Eeki Kokkonen                LieksU              15,41<\/strong>\r\n  2. Juuso V\u00e4lipakka              KuopRei             15,52\r\nKilpailun ulkopuolella:\r\n     Joona V\u00e4lipakka              KuopRei             14,92\r\n\r\nM 17 Pituus                             \r\n  1. <strong>Eeki Kokkonen                LieksU               6,40 +0.9<\/strong>\r\n          6,00  5,90     X  5,99     X  6,40\r\n          -0.3  +0,4        +0.6        +0.9\r\n  2. Juuso V\u00e4lipakka              KuopRei              6,29 +0.5\r\n             X  6,25     X  6,29  6,14     X\r\n                -0.7        +0.5  -1.5      \r\n  3. Lauri Koivisto               KaipVi               5,31 -0.2\r\n          5,31     X     X     X     X     X\r\n          -0.2                      \r\n\r\nT 15 300 m                             \r\n  1. Jenna Kokkonen               KajKi               41,10\r\n  2. Kiia Paanila                 KuopRei             43,97\r\n  3. Camilla J\u00e4ntti               JKU                 44,32\r\n  4. Reeta-Mari M\u00e4ntyselk\u00e4        KuopRei             44,62\r\n  5. Iida Kosunen                 LapinlVe            46,02\r\n  6. Viivi Lukin                  KuopRei             46,09\r\n  7. Laura Kankkunen              KeskiUYU            46,56\r\n  8. Adeliina Kemppainen          PohjKoi             47,70\r\n  9. <strong>Satu Liimatta                LieksU              48,06<\/strong>\r\n 10. Maria Per\u00e4l\u00e4                 IisVi               48,24\r\n 11. Tuuli Kinnunen               JoensKa             48,57\r\n 12. Anna Hirvonen                KuopRei             53,78\r\n     Sara Siltala                 HKV                   DNS\r\nKilpailun ulkopuolella:\r\n     Anni Kaukola                 KuopRei             44,20\r\nKilpailun ulkopuolella:\r\n     Mette Lukin                  KuopRei                DQ\r\n\r\nEr\u00e4 2                Tuuli: \r\n  1. Camilla J\u00e4ntti               JKU                 44,32\r\n  2. Iida Kosunen                 LapinlVe            46,02\r\n  3. Viivi Lukin                  KuopRei             46,09\r\n  4. Adeliina Kemppainen          PohjKoi             47,70\r\n  5. <strong>Satu Liimatta                LieksU              48,06<\/strong>\r\n  6. Maria Per\u00e4l\u00e4                 IisVi               48,24\r\n  7. Tuuli Kinnunen               JoensKa             48,57\r\n  8. Anna Hirvonen                KuopRei             53,78\r\n\r\nT 15 Korkeus                             \r\n  1. <strong>Satu Liimatta                LieksU                140<\/strong>\r\n         125 130 135 140 145\r\n           O   O   O   O XXX\r\n  2. Tuuli Kinnunen               JoensKa               125\r\n         115 120 125 130\r\n           O   O  XO XXX\r\n  3. Riia Toivanen                JuankKuo              120\r\n         115 120 125\r\n           O   O XXX\r\n\r\nT 11 Seiv\u00e4shyppy                             \r\n  1. <strong>Aino Pyykk\u00f6                  LieksU                173<\/strong>\r\n         163 173 183\r\n           O   O XXX\r\n  1. Tuisku Vaattovaara           VesU                  173\r\n         133 143 153 163 173 183\r\n           O   O   O   O   O XXX\r\n  3. Jemina Nikkanen              SavonlRie             163\r\n         133 143 153 163 173\r\n           O   O   O   O XXX\r\n  4. Pirkko J\u00e4rvikyl\u00e4             JKU                   163\r\n         133 143 153 163 173\r\n           O  XO   O   O XXX\r\n\r\nT 11 Pituus                             \r\n  1. Pinja Laasanen               SiilPo               4,01 \r\n          4,00  4,01     X  4,01  3,73     X\r\n  2. Heidi Tirkkonen              KaavKai              3,89 \r\n          3,83  3,89  3,66  3,74  3,53  3,75\r\n  3. Pirkko J\u00e4rvikyl\u00e4             JKU                  3,82 \r\n          3,65  3,82     X  3,59  3,55  3,69\r\n  4. Jonna Korhonen               VarpVi               3,78 \r\n          3,70  3,75  3,68  3,56  3,55  3,78\r\n  5. Pinja M\u00e4h\u00f6nen                SonPa                3,78 \r\n          3,53  3,43  3,70  3,65  3,68  3,78\r\n  6. Eveliina Sairanen            SiilPo               3,65 \r\n             X  3,65  3,65  3,64  3,61  3,58\r\n  7. Nea Savolainen               MaanMa               3,60 \r\n          3,51  3,42  3,60  3,57  3,57  3,54\r\n  8. Jemina Nikkanen              SavonlRie            3,35 \r\n          3,11     X  3,32  3,30  3,35  3,19 \r\n  9. <strong>Aino Pyykk\u00f6                  LieksU               3,27<\/strong> \r\n          3,25  3,20  3,27\r\n 10. Netta Korhonen               SiilPo               3,14 \r\n          2,63     X  3,14                  \r\n<\/pre>\n","protected":false},"excerpt":{"rendered":"<p>16.-17.7.2016 Kuopio M 17 100 m Tuuli: -0.6 1. Santeri \u00d6rn PolvijU 11,58 2. Eeki Kokkonen LieksU 11,61 3. Juuso V\u00e4lipakka KuopRei 11,79 Viljami Hietaharju Jyv\u00e4skKU DNS M 17 Korkeus 1. Eeki Kokkonen LieksU 180 175 180 185 O O XXX M 17 Kuula 1. Ville Halonen Pyh\u00e4sU 15,00 X &hellip;<\/p>\n","protected":false},"author":3,"featured_media":0,"parent":4129,"menu_order":19,"comment_status":"closed","ping_status":"closed","template":"","meta":{"footnotes":""},"categories":[42,47,7],"tags":[],"class_list":["post-4755","page","type-page","status-publish","hentry","category-ainopyykko","category-satuliimatta","category-tulokset"],"_links":{"self":[{"href":"https:\/\/www.lieksanurheilijat.com\/index.php?rest_route=\/wp\/v2\/pages\/4755","targetHints":{"allow":["GET"]}}],"collection":[{"href":"https:\/\/www.lieksanurheilijat.com\/index.php?rest_route=\/wp\/v2\/pages"}],"about":[{"href":"https:\/\/www.lieksanurheilijat.com\/index.php?rest_route=\/wp\/v2\/types\/page"}],"author":[{"embeddable":true,"href":"https:\/\/www.lieksanurheilijat.com\/index.php?rest_route=\/wp\/v2\/users\/3"}],"replies":[{"embeddable":true,"href":"https:\/\/www.lieksanurheilijat.com\/index.php?rest_route=%2Fwp%2Fv2%2Fcomments&post=4755"}],"version-history":[{"count":4,"href":"https:\/\/www.lieksanurheilijat.com\/index.php?rest_route=\/wp\/v2\/pages\/4755\/revisions"}],"predecessor-version":[{"id":4767,"href":"https:\/\/www.lieksanurheilijat.com\/index.php?rest_route=\/wp\/v2\/pages\/4755\/revisions\/4767"}],"up":[{"embeddable":true,"href":"https:\/\/www.lieksanurheilijat.com\/index.php?rest_route=\/wp\/v2\/pages\/4129"}],"wp:attachment":[{"href":"https:\/\/www.lieksanurheilijat.com\/index.php?rest_route=%2Fwp%2Fv2%2Fmedia&parent=4755"}],"wp:term":[{"taxonomy":"category","embeddable":true,"href":"https:\/\/www.lieksanurheilijat.com\/index.php?rest_route=%2Fwp%2Fv2%2Fcategories&post=4755"},{"taxonomy":"post_tag","embeddable":true,"href":"https:\/\/www.lieksanurheilijat.com\/index.php?rest_route=%2Fwp%2Fv2%2Ftags&post=4755"}],"curies":[{"name":"wp","href":"https:\/\/api.w.org\/{rel}","templated":true}]}}