{"id":4744,"date":"2016-07-10T22:59:10","date_gmt":"2016-07-10T19:59:10","guid":{"rendered":"https:\/\/www.lieksanurheilijat.com\/?page_id=4744"},"modified":"2016-07-13T23:16:28","modified_gmt":"2016-07-13T20:16:28","slug":"lajikarnevaalit","status":"publish","type":"page","link":"https:\/\/www.lieksanurheilijat.com\/?page_id=4744","title":{"rendered":"Lajikarnevaalit"},"content":{"rendered":"<p>7.-10.7.2016<\/p>\n<p><span style=\"text-decoration: underline;\"><strong>J\u00e4ms\u00e4 | Loikkakarnevaalit<\/strong><\/span><\/p>\n<p>M17 Pituus<br \/>\n1. Antti Tuomela LaihLu 6,67<br \/>\n2. Juho Nieminen Jyv\u00e4skKU 6,46<br \/>\n3. <strong>Eeki Kokkonen LieksU 6,44<\/strong><br \/>\n4. Juuso V\u00e4lipakka KuopRei 6,44<br \/>\n5. Veikko Laari Jyv\u00e4skKU 6,09<br \/>\n6. Toma Lahtinen HIFK 5,96<br \/>\n7. Pauli Raitanen NaantL\u00f6y 5,69<br \/>\n8. Niklas Tammelin Jyv\u00e4skKU 5,58<br \/>\n9. Jami Veps\u00e4 NaantL\u00f6y 5,47<br \/>\n10. Lauri Koivisto KaipVi 5,46<br \/>\n11. Oskari Marjakoski KaipVi 5,30<br \/>\n12. Aleksi Kotalahti KaipVi 4,65<br \/>\nLasse H\u00e4melahti L\u00e4ngelmU NM<br \/>\nJuuso Junnila JanJa NM<\/p>\n<p>M19 Kolmiloikka<br \/>\n1. Juho Nieminen Jyv\u00e4skKU 14,01<br \/>\n2. Antti Tuomela LaihLu 13,79<br \/>\n3. <strong>Eeki Kokkonen LieksU 12,78<\/strong><br \/>\n4. Lauri Koivisto KaipVi 12,27<br \/>\n5. Veikko Laari Jyv\u00e4skKU 12,16<br \/>\n6. Pauli Raitanen NaantL\u00f6y 11,98<br \/>\n7. Oskari Marjakoski KaipVi 11,76<br \/>\n8. Niklas Tammelin Jyv\u00e4skKU 11,26<\/p>\n<p><span style=\"text-decoration: underline;\"><strong>Somero | Seiv\u00e4skarnevaalit<\/strong><\/span><\/p>\n<p>T13 Seiv\u00e4s<br \/>\n1 Silja Andersson EsboIF 3,05<br \/>\n2 Miisa Koskiaho KarijTa 3,05<br \/>\n3 Aino Suorsa OrivPo 2,65<br \/>\n3 Vilma Mikkola KeskiUYU 2,65<br \/>\n5 Emma Rovasalo HyvsU 2,65<br \/>\n6 Julia Vuolli KoskKai 2,55<br \/>\n7 Laila Lehtinen HyvsU 2,55<br \/>\n8 Fanny Hansen NaantL\u00f6y 2,55<br \/>\n9 <strong>Riina Palviainen LieksU 2,45<\/strong><br \/>\n10 <strong>Heta Kettunen LieksU 2,35<\/strong><br \/>\n11 Vanessa Lindberg RiihimKi 2,25<br \/>\n12 <strong>Maija Boren LieksU 2,15<\/strong><br \/>\n13 Lotta Sariola SomE 2,15<br \/>\n14 Riikka Virkki SomE 2,05<br \/>\n15 Tiitu Niiranen VesU 1,75<\/p>\n<p>T11 Seiv\u00e4s<br \/>\n1 Linnea Sariola SomE 2,05<br \/>\n2 Lumi Kentt\u00e4 IFRaseb 1,95<br \/>\n3 Martta Laine ValkHa 1,85<br \/>\n3 Viivi N\u00e4rv\u00e4 ValkHa 1,85<br \/>\n5 <strong>Tuuli Saraniemi LieksU 1,75<\/strong><br \/>\n5 <strong>Aino Pyykk\u00f6 LieksU 1,75<\/strong><br \/>\n7 Tuisku Vaattovaara VesU 1,75<br \/>\n8 Saara Virkki SomE 1,65<br \/>\n9 Loviisa Kortessalo RaahVe 1,55<br \/>\n10 Jemina Nikkanen SavonlRie 1,45<br \/>\n11 Sora Kentt\u00e4 IFRaseb 1,35<br \/>\n11 Vanessa Vesala ForssSa 1,35<\/p>\n<p>T13 Seiv\u00e4s\/PV<br \/>\n1 Vilma Mikkola KeskiUYU 2,90<br \/>\n2 Emma Rovasalo HyvsU 2,80<br \/>\n3 Aino Suorsa OrivPo 2,70<br \/>\n4 Vanessa Lindberg RiihimKi 2,60<br \/>\n5 <strong>Heta Kettunen LieksU 2,60\u00a0<\/strong><br \/>\n6 <strong>Riina Palviainen LieksU 2,60<\/strong><br \/>\n7 Julia Vuolli KoskKai 2,50<br \/>\n8 Laila Lehtinen HyvsU 2,50<br \/>\n9 Lotta Sariola SomE 2,30<br \/>\n10 Riikka Virkki SomE 2,20<br \/>\n11 <strong>Maija Boren LieksU 2,10<\/strong><br \/>\n12 Iitu Purhonen JuvU 1,80<br \/>\n13 Tiitu Niiranen VesU 1,70<\/p>\n<p>T11 Seiv\u00e4s\/PV<br \/>\n1 Lumi Kentt\u00e4 IFRaseb 2,00<br \/>\n2 <strong>Aino Pyykk\u00f6 LieksU 2,00<\/strong><br \/>\n3 Viivi N\u00e4rv\u00e4 ValkHa 1,90<br \/>\n4 <strong>Tuuli Saraniemi LieksU 1,90\u00a0<\/strong><br \/>\n5 Linnea Sariola SomE 1,80<br \/>\n6 Martta Laine ValkHa 1,80<br \/>\n6 Iina Niemel\u00e4 LempKiYU 1,80<br \/>\n8 Tuisku Vaattovaara VesU 1,80<br \/>\n9 Niia Niemel\u00e4 LempKiYU 1,70<br \/>\n10 Jemina Nikkanen SavonlRie 1,70<br \/>\n11 Saara Virkki SomE 1,60<br \/>\n12 Loviisa Kortessalo RaahVe 1,50<br \/>\n13 Vanessa Vesala ForssSa 1,40<br \/>\n14 Sora Kentt\u00e4 IFRaseb 1,40<\/p>\n<p><span style=\"text-decoration: underline;\"><strong>J\u00e4ms\u00e4nkoski | Pika- ja aitajuoksukarnevaalit<\/strong><\/span><\/p>\n<p>N17 100 m Alkuer\u00e4t<\/p>\n<p>1. Tiia Tammisalo TampPy 12,53<br \/>\n2. <strong>Silja Kempas LieksU 12,75<\/strong><br \/>\n3. Satu-Maaria Pentinlehto TampPy 12,75<br \/>\n4. Alisa Aalto TampPy 12,84<br \/>\n5. Evelina Ojaniittu TurWei 12,89<br \/>\n6. Pinja Hirvilahti KaipVi 12,89<br \/>\n7. Noora Juslin Borg\u00e5Ak 12,93<br \/>\n8. Nea Laine H\u00e4meenlTa 12,94<br \/>\n9. Sofia Kankaanp\u00e4\u00e4 TuUL 12,98<br \/>\n10. Jenny Asplund LarsmoIF 12,99<br \/>\n11. Roosa M\u00e4h\u00f6nen Jyv\u00e4skKU 13,01<br \/>\n12. Anneka Kruuti Sein\u00e4jSU 13,02<br \/>\n13. Hanna Siiskonen JoensKa 13,15<br \/>\n14. Jennifer Roos LarsmoIF 13,15<br \/>\n15. Viivi Hellman TampPy 13,16<br \/>\n16. Carita Barsk PohjKoi 13,23<br \/>\n17. Sandra Liljendal Borg\u00e5Ak 13,29<br \/>\n18. Maisa Laakso IFDrott 13,33<br \/>\n19. Sara Niemi KeskiUYU 13,35<br \/>\n20. Oona Nieminen Jyv\u00e4skKU 13,36<br \/>\n21. Pinja Konttinen HIFK 13,61<br \/>\n22. Nea Sepp\u00e4l\u00e4 TampPy 13,62<br \/>\n23. Anna Koivisto KaipVi 14,11<br \/>\n24. Anniina Rissanen LapLu 14,12<\/p>\n<p>Er\u00e4 1 Tuuli: -0,3<\/p>\n<p>1. <strong>Silja Kempas LieksU 12,75<\/strong><br \/>\n2. Pinja Hirvilahti KaipVi 12,89<br \/>\n3. Noora Juslin Borg\u00e5Ak 12,93<br \/>\n4. Roosa M\u00e4h\u00f6nen Jyv\u00e4skKU 13,01<br \/>\n5. Hanna Siiskonen JoensKa 13,15<br \/>\n6. Carita Barsk PohjKoi 13,23<br \/>\n7. Sandra Liljendal Borg\u00e5Ak 13,29 SB<br \/>\n8. Maisa Laakso IFDrott 13,33<\/p>\n<p>N17 100 m Loppukilpailu<\/p>\n<p>Tuuli: +1,1<\/p>\n<p>1. Tiia Tammisalo TampPy 12,47<br \/>\n2. Alisa Aalto TampPy 12,62<br \/>\n3. <strong>Silja Kempas LieksU 12,64<\/strong><br \/>\n4. Satu-Maaria Pentinlehto TampPy 12,80<br \/>\n5. Pinja Hirvilahti KaipVi 12,82<br \/>\n6. Noora Juslin Borg\u00e5Ak 12,83<br \/>\n7. Nea Laine H\u00e4meenlTa 12,90<br \/>\n8. Evelina Ojaniittu TurWei 12,94<\/p>\n","protected":false},"excerpt":{"rendered":"<p>7.-10.7.2016 J\u00e4ms\u00e4 | Loikkakarnevaalit M17 Pituus 1. Antti Tuomela LaihLu 6,67 2. Juho Nieminen Jyv\u00e4skKU 6,46 3. Eeki Kokkonen LieksU 6,44 4. Juuso V\u00e4lipakka KuopRei 6,44 5. Veikko Laari Jyv\u00e4skKU 6,09 6. Toma Lahtinen HIFK 5,96 7. Pauli Raitanen NaantL\u00f6y 5,69 8. Niklas Tammelin Jyv\u00e4skKU 5,58 9. Jami Veps\u00e4 NaantL\u00f6y &hellip;<\/p>\n","protected":false},"author":3,"featured_media":0,"parent":4129,"menu_order":21,"comment_status":"closed","ping_status":"closed","template":"","meta":{"footnotes":""},"categories":[42,34,39,26,7],"tags":[],"class_list":["post-4744","page","type-page","status-publish","hentry","category-ainopyykko","category-hetakettunen","category-maijaboren","category-siljakempas","category-tulokset"],"_links":{"self":[{"href":"https:\/\/www.lieksanurheilijat.com\/index.php?rest_route=\/wp\/v2\/pages\/4744","targetHints":{"allow":["GET"]}}],"collection":[{"href":"https:\/\/www.lieksanurheilijat.com\/index.php?rest_route=\/wp\/v2\/pages"}],"about":[{"href":"https:\/\/www.lieksanurheilijat.com\/index.php?rest_route=\/wp\/v2\/types\/page"}],"author":[{"embeddable":true,"href":"https:\/\/www.lieksanurheilijat.com\/index.php?rest_route=\/wp\/v2\/users\/3"}],"replies":[{"embeddable":true,"href":"https:\/\/www.lieksanurheilijat.com\/index.php?rest_route=%2Fwp%2Fv2%2Fcomments&post=4744"}],"version-history":[{"count":1,"href":"https:\/\/www.lieksanurheilijat.com\/index.php?rest_route=\/wp\/v2\/pages\/4744\/revisions"}],"predecessor-version":[{"id":4745,"href":"https:\/\/www.lieksanurheilijat.com\/index.php?rest_route=\/wp\/v2\/pages\/4744\/revisions\/4745"}],"up":[{"embeddable":true,"href":"https:\/\/www.lieksanurheilijat.com\/index.php?rest_route=\/wp\/v2\/pages\/4129"}],"wp:attachment":[{"href":"https:\/\/www.lieksanurheilijat.com\/index.php?rest_route=%2Fwp%2Fv2%2Fmedia&parent=4744"}],"wp:term":[{"taxonomy":"category","embeddable":true,"href":"https:\/\/www.lieksanurheilijat.com\/index.php?rest_route=%2Fwp%2Fv2%2Fcategories&post=4744"},{"taxonomy":"post_tag","embeddable":true,"href":"https:\/\/www.lieksanurheilijat.com\/index.php?rest_route=%2Fwp%2Fv2%2Ftags&post=4744"}],"curies":[{"name":"wp","href":"https:\/\/api.w.org\/{rel}","templated":true}]}}