{"id":4735,"date":"2016-07-04T13:13:01","date_gmt":"2016-07-04T10:13:01","guid":{"rendered":"https:\/\/www.lieksanurheilijat.com\/?page_id=4735"},"modified":"2016-07-04T13:13:01","modified_gmt":"2016-07-04T10:13:01","slug":"susirajan-seivaskoulun-tuloskisa-2","status":"publish","type":"page","link":"https:\/\/www.lieksanurheilijat.com\/?page_id=4735","title":{"rendered":"Susirajan seiv\u00e4skoulun tuloskisa 2"},"content":{"rendered":"<p>Susirajan seiv\u00e4skoulun tuloskisa 2<br \/>\n03.07.2016 Lieksa<\/p>\n<p>P11 seiv\u00e4s<br \/>\n1\tAarni Nyblom\tLieksan Urheilijat\t212<br \/>\n1\tEero Mauro\tLieksan Urheilijat\t212<\/p>\n<p>T11 seiv\u00e4s<br \/>\n1\tTuuli Saraniemi\tLieksan Urheilijat\t182<br \/>\n2\tAino Pyykk\u00f6\tLieksan Urheilijat\t172<\/p>\n<p>T13 seiv\u00e4s<\/p>\n<p>1\tHeta Kettunen\tLieksan Urheilijat\t242<br \/>\n2\tRiina Palviainen\tLieksan Urheilijat\t232<br \/>\n3\tMaija Boren\tLieksan Urheilijat\t222<\/p>\n<p>7 osallistujaa<\/p>\n","protected":false},"excerpt":{"rendered":"<p>Susirajan seiv\u00e4skoulun tuloskisa 2 03.07.2016 Lieksa P11 seiv\u00e4s 1 Aarni Nyblom Lieksan Urheilijat 212 1 Eero Mauro Lieksan Urheilijat 212 T11 seiv\u00e4s 1 Tuuli Saraniemi Lieksan Urheilijat 182 2 Aino Pyykk\u00f6 Lieksan Urheilijat 172 T13 seiv\u00e4s 1 Heta Kettunen Lieksan Urheilijat 242 2 Riina Palviainen Lieksan Urheilijat 232 3 Maija &hellip;<\/p>\n","protected":false},"author":2,"featured_media":0,"parent":4129,"menu_order":24,"comment_status":"closed","ping_status":"closed","template":"","meta":{"footnotes":""},"categories":[14,42,34,39,7],"tags":[],"class_list":["post-4735","page","type-page","status-publish","hentry","category-aarninyblom","category-ainopyykko","category-hetakettunen","category-maijaboren","category-tulokset"],"_links":{"self":[{"href":"https:\/\/www.lieksanurheilijat.com\/index.php?rest_route=\/wp\/v2\/pages\/4735","targetHints":{"allow":["GET"]}}],"collection":[{"href":"https:\/\/www.lieksanurheilijat.com\/index.php?rest_route=\/wp\/v2\/pages"}],"about":[{"href":"https:\/\/www.lieksanurheilijat.com\/index.php?rest_route=\/wp\/v2\/types\/page"}],"author":[{"embeddable":true,"href":"https:\/\/www.lieksanurheilijat.com\/index.php?rest_route=\/wp\/v2\/users\/2"}],"replies":[{"embeddable":true,"href":"https:\/\/www.lieksanurheilijat.com\/index.php?rest_route=%2Fwp%2Fv2%2Fcomments&post=4735"}],"version-history":[{"count":1,"href":"https:\/\/www.lieksanurheilijat.com\/index.php?rest_route=\/wp\/v2\/pages\/4735\/revisions"}],"predecessor-version":[{"id":4736,"href":"https:\/\/www.lieksanurheilijat.com\/index.php?rest_route=\/wp\/v2\/pages\/4735\/revisions\/4736"}],"up":[{"embeddable":true,"href":"https:\/\/www.lieksanurheilijat.com\/index.php?rest_route=\/wp\/v2\/pages\/4129"}],"wp:attachment":[{"href":"https:\/\/www.lieksanurheilijat.com\/index.php?rest_route=%2Fwp%2Fv2%2Fmedia&parent=4735"}],"wp:term":[{"taxonomy":"category","embeddable":true,"href":"https:\/\/www.lieksanurheilijat.com\/index.php?rest_route=%2Fwp%2Fv2%2Fcategories&post=4735"},{"taxonomy":"post_tag","embeddable":true,"href":"https:\/\/www.lieksanurheilijat.com\/index.php?rest_route=%2Fwp%2Fv2%2Ftags&post=4735"}],"curies":[{"name":"wp","href":"https:\/\/api.w.org\/{rel}","templated":true}]}}