{"id":4681,"date":"2016-05-29T19:51:42","date_gmt":"2016-05-29T16:51:42","guid":{"rendered":"https:\/\/www.lieksanurheilijat.com\/?page_id=4681"},"modified":"2016-05-30T20:09:02","modified_gmt":"2016-05-30T17:09:02","slug":"pko-junior-games-2016","status":"publish","type":"page","link":"https:\/\/www.lieksanurheilijat.com\/?page_id=4681","title":{"rendered":"PKO Junior Games 2016"},"content":{"rendered":"<p>28.-29.5.2016<br \/>\nJoensuu<\/p>\n<p>T13 1000m<br \/>\n1) <strong>Maija Boren LieksU 3.38,29<\/strong><br \/>\n2) Siiri Luostarinen JoensKa 3.38,74<br \/>\n3) Sanni Toivanen JuuanU 4.03,81<br \/>\n4) Janna Huuho Pyh\u00e4sU 4.14,37<br \/>\n5) Ida-Josefina Ilvonen JuuanU 4.21,12<\/p>\n<p>T13 Seiv\u00e4s<br \/>\n1) <strong>Riina Palviainen LieksU 240<\/strong><br \/>\n2) <strong>Maija Boren LieksU 200<\/strong><br \/>\n3) <strong>Aino Pyykk\u00f6 LieksU 180<\/strong><\/p>\n<p>T15 100m +2,4<br \/>\n1) Niina Karttunen SavonlRie 13,29<br \/>\n2) Jenna Riikonen JoensKa 13,49<br \/>\n3) <strong>Ada Pakarinen LieksU 13,65<\/strong><br \/>\n4) <strong>Riina Kettunen LieksU 13,71<\/strong><br \/>\n5) Petra Lappalainen JoensKa 14,12<br \/>\n6) Lumi K\u00e4rkk\u00e4inen JoensKa 14,34<br \/>\n7) Tuuli Kinnunen JoensKa 14,70<br \/>\n8) Amanda Oittinen Pyh\u00e4sU 15,41<\/p>\n<p>T15 800m<br \/>\n1) Veera Kontkanen Pyh\u00e4sU 2.31,01<br \/>\n2) <strong>Satu Liimatta LieksU 2.38,76<\/strong><br \/>\n3) Pinja Hulkko Pyh\u00e4sU 2.50,53<br \/>\n4) Amanda Oittinen Pyh\u00e4sU 3.34,15<br \/>\nRiikka Lonkainen JoensKa DNS<br \/>\nLumi K\u00e4rkk\u00e4inen JoensKa DNS<\/p>\n<p>T15 Korkeus<br \/>\n1) Neea K\u00e4yhk\u00f6 SavonlRie 155<br \/>\n2) Jenna Riikonen JoensKa 140<br \/>\n3) <strong>Satu Liimatta LieksU 140<\/strong><br \/>\n4) Niina Karttunen SavonlRie 135<br \/>\n5) Tuuli Kinnunen JoensKa 125<\/p>\n<p>T15 Kuula<br \/>\n1) Pinja Hulkko Pyh\u00e4sU 10,87<br \/>\n2) Veera Vastam\u00e4ki JoensKa 10,84<br \/>\n3) <strong>Riina Kettunen LieksU 9,98<\/strong><br \/>\n4) Lumi K\u00e4rkk\u00e4inen JoensKa 9,58<br \/>\n5) Tuuli Kinnunen JoensKa 9,48<br \/>\n6) <strong>Lotta Martikainen LieksU 8,80<\/strong><br \/>\n7) <strong>Ada Pakarinen LieksU 7,68<\/strong><\/p>\n<p>M17 100m (+1,7)<br \/>\n1) <strong>Eeki Kokkonen LieksU 11,62<\/strong><\/p>\n<p>M17 Korkeus<br \/>\n1) <strong>Eeki Kokkonen LieksU 185<\/strong><\/p>\n<p>N17 100m (+3,6)<br \/>\n1) <strong>Silja Kempas LieksU 12,78<\/strong><br \/>\n2) Hanna Siiskonen JoensKa 12,92<br \/>\n3) Kati Nuutinen Pyh\u00e4sU 13,38<\/p>\n<p>M17 110m aidat (-2,3)<br \/>\n1) <strong>Eeki Kokkonen LieksU 15,93<\/strong><\/p>\n<p>M17 300m<br \/>\n1) <strong>Eeki Kokkonen LieksU 39,31<\/strong><br \/>\nTopi Manninen (M19) JoensKa 39,48<\/p>\n<p>M17 Keih\u00e4s<br \/>\n1) Tino M\u00e4kel\u00e4 Pyh\u00e4sU 55,01<br \/>\n2) <strong>Eeki Kokkonen LieksU 43,58<\/strong><\/p>\n<p>M17 Kuula<br \/>\n1) Ville Halonen Pyh\u00e4sU 15,73<br \/>\n2) <strong>Eeki Kokkonen LieksU 11,07<\/strong><\/p>\n<p>M17 Pituus<br \/>\n1) <strong>Eeki Kokkonen LieksU 6,31 (+2,3), 588 (+0,7)<\/strong><\/p>\n<p>T15 300m<br \/>\n1) Kiia Paanila KuopRei 44,57<br \/>\n2) Ella Kainulainen SavonlRie 44,81<br \/>\n3) Niina Karttunen SavonlRie 45,03<br \/>\n4) <strong>Satu Liimatta LieksU 47,70<\/strong><br \/>\nRiikka Lonkainen JoensKa DNS<\/p>\n<p>T15 Pituus<br \/>\n1) Neea K\u00e4yhk\u00f6 SavonlRie 5,10 (+0,9)<br \/>\n2) Kiia Paanila KuopRei 4,84 (+0,9)<br \/>\n3) <strong>Riina Kettunen LieksU 4,59 (+1,3)<\/strong><br \/>\n4) Ella Kainulainen SavonlRie 4,43 (+0,8)<br \/>\n5) <strong>Satu Liimatta LieksU 4,20 (+1,4)<\/strong><\/p>\n<p>P11 150m<br \/>\nEr\u00e4 1<br \/>\n2) Otso Liimatta NurmSe 23,15<br \/>\n5) Simppa Svensk 25,30<br \/>\n8) Eeli Mustonen JoensKa 26,18<br \/>\n9) Niilo K\u00e4yhk\u00f6 JoensKa 26,19<br \/>\n10) Joona Turunen JoensKa 28,26<br \/>\nRoope Maaninka Pyh\u00e4sU DQ<br \/>\nAnton Kettunen JoensKa DNS<br \/>\nEr\u00e4 2<br \/>\n1) Elmer Vauhkonen LapinlVe 21,37<br \/>\n2) Santeri Kekarainen JoensKa 23,15<br \/>\n4) <strong>Eero Mauro LieksU 24,81<\/strong><br \/>\n6) Mico R\u00e4ty Pyh\u00e4sU 25,36<br \/>\n7) Veeti R\u00e4s\u00e4nen JoensKa 25,49<br \/>\nNiklas Nykyri JoensKa DNS<\/p>\n<p>P11 60m:<br \/>\nEr\u00e4 1<br \/>\n6) Mico R\u00e4ty Pyh\u00e4sU 10,00<br \/>\n8) Eeli Mustonen JoensKa 10,10<br \/>\n9) Veeti R\u00e4s\u00e4nen JoensKa 10,16<br \/>\n10) Vertti Wetterstrand Pyh\u00e4sU 10,20<br \/>\n11) Eeli Kinnunen JoensKa 10,64<br \/>\nJoona Turunen JoensKa 10,79<br \/>\nAnton Kettunen JoensKa DNS<br \/>\nEr\u00e4 2<br \/>\n1) Elmer Vauhkonen LapinlVe 8,62<br \/>\n2) Santeri Kekarainen JoensKa 9,13<br \/>\n3) Otso Liimatta NurmSe 9,27<br \/>\n4) Niklas Nykyri JoensKa 9,66<br \/>\n5) <strong>Eero Mauro LieksU 9,86<\/strong><br \/>\n6) Niilo K\u00e4yhk\u00f6 JoensKa 10,00<br \/>\nAtte Turunen JoensKa DNS<\/p>\n<p>P11 Keih\u00e4s<br \/>\n1) Eeli Kinnunen JoensKa 32,39<br \/>\n2) <strong>Eero Mauro LieksU 29,07<\/strong><br \/>\n3) Niklas Nykyri JoensKa 28,06<br \/>\n4) Roope Maaninka Pyh\u00e4sU 25,78<br \/>\n5) Eeli Mustonen JoensKa 24,14<br \/>\n6) Niilo K\u00e4yhk\u00f6 JoensKa 20,68<br \/>\n7) Joona Turunen JoensKa 19,37<br \/>\n8) Arttu Uusitalo Pyh\u00e4sU 15,11<br \/>\nAnton Kettunen JoensKa DNS<\/p>\n<p>P11 Pituus<br \/>\n1) Niklas Nykyri JoensKa 4,30 (+3,3)<br \/>\n2) Otso Liimatta NurmSe 4,19 (+2,8)<br \/>\n3) Niko Rova JoensKa 4,04 (+1,8)<br \/>\n4) Niilo K\u00e4yhk\u00f6 JoensKa 3,93 (+3,3)<br \/>\n5) Roope Maaninka Pyh\u00e4sU 3,86 (+2,9)<br \/>\n6) <strong>Eero Mauro LieksU 3,81 (+1,5)<\/strong><br \/>\n7) Eeli Mustonen JoensKa 3,78 (+2,8)<br \/>\n8) Santeri Kekarainen JoensKa 3,77 (+3,3)<br \/>\n9) Mico R\u00e4ty Pyh\u00e4sU 3,52 (+3,2)<br \/>\n10) Joona Turunen JoensKa 3,26 (+3,1)<br \/>\nAnton Kettunen JoensKa DNS<br \/>\nAtte Turunen JoensKa DNS<\/p>\n<p>T13 Keih\u00e4s<br \/>\n1) <strong>Riina Palviainen LieksU 31,42<\/strong><br \/>\n2) Netta-Noora Lappalainen Pyh\u00e4sU 24,38<br \/>\n3) Sanni Toivanen JuuanU 24,00<br \/>\n4) Nea Immonen JoensKa 22,69<br \/>\n5) Anni Huovinen Pyh\u00e4sU 22,44<br \/>\n6) Cindy Ahponen Pyh\u00e4sU 20,97<br \/>\n7) Sofia Raatikainen Pyh\u00e4sU 20,91<br \/>\n8) Vera Piiroinen JoensKa 19,71<br \/>\n9) Aava Kipin\u00e4 JoensKa 17,01<br \/>\n10) Ida-Josefina Ilvonen JuuanU 16,64<br \/>\nTiia Rantala PolvijU DNS<\/p>\n<p>T13 Kuula<br \/>\n1) <strong>Riina Palviainen LieksU 10,42<\/strong><br \/>\n2) Netta-Noora Lappalainen Pyh\u00e4sU 10,00<br \/>\n3) Vera Piiroinen JoensKa 8,83<br \/>\n4) Nea Immonen JoensKa 8,62<br \/>\n5) Anni Huovinen Pyh\u00e4sU 8,27<br \/>\n6) Janna Huuho Pyh\u00e4sU 8,22<br \/>\n7) Sanni Toivanen JuuanU 7,76<br \/>\n8) Siiri Uusitalo Pyh\u00e4sU 7,31<br \/>\n9) Ida-Josefina Ilvonen JuuanU 5,85<\/p>\n","protected":false},"excerpt":{"rendered":"<p>28.-29.5.2016 Joensuu T13 1000m 1) Maija Boren LieksU 3.38,29 2) Siiri Luostarinen JoensKa 3.38,74 3) Sanni Toivanen JuuanU 4.03,81 4) Janna Huuho Pyh\u00e4sU 4.14,37 5) Ida-Josefina Ilvonen JuuanU 4.21,12 T13 Seiv\u00e4s 1) Riina Palviainen LieksU 240 2) Maija Boren LieksU 200 3) Aino Pyykk\u00f6 LieksU 180 T15 100m +2,4 1) &hellip;<\/p>\n","protected":false},"author":3,"featured_media":0,"parent":4129,"menu_order":30,"comment_status":"closed","ping_status":"closed","template":"","meta":{"footnotes":""},"categories":[48,42,38,31,47,26,7],"tags":[],"class_list":["post-4681","page","type-page","status-publish","hentry","category-adapakarinen","category-ainopyykko","category-lottamartikainen","category-riinakettunen","category-satuliimatta","category-siljakempas","category-tulokset"],"_links":{"self":[{"href":"https:\/\/www.lieksanurheilijat.com\/index.php?rest_route=\/wp\/v2\/pages\/4681","targetHints":{"allow":["GET"]}}],"collection":[{"href":"https:\/\/www.lieksanurheilijat.com\/index.php?rest_route=\/wp\/v2\/pages"}],"about":[{"href":"https:\/\/www.lieksanurheilijat.com\/index.php?rest_route=\/wp\/v2\/types\/page"}],"author":[{"embeddable":true,"href":"https:\/\/www.lieksanurheilijat.com\/index.php?rest_route=\/wp\/v2\/users\/3"}],"replies":[{"embeddable":true,"href":"https:\/\/www.lieksanurheilijat.com\/index.php?rest_route=%2Fwp%2Fv2%2Fcomments&post=4681"}],"version-history":[{"count":4,"href":"https:\/\/www.lieksanurheilijat.com\/index.php?rest_route=\/wp\/v2\/pages\/4681\/revisions"}],"predecessor-version":[{"id":4685,"href":"https:\/\/www.lieksanurheilijat.com\/index.php?rest_route=\/wp\/v2\/pages\/4681\/revisions\/4685"}],"up":[{"embeddable":true,"href":"https:\/\/www.lieksanurheilijat.com\/index.php?rest_route=\/wp\/v2\/pages\/4129"}],"wp:attachment":[{"href":"https:\/\/www.lieksanurheilijat.com\/index.php?rest_route=%2Fwp%2Fv2%2Fmedia&parent=4681"}],"wp:term":[{"taxonomy":"category","embeddable":true,"href":"https:\/\/www.lieksanurheilijat.com\/index.php?rest_route=%2Fwp%2Fv2%2Fcategories&post=4681"},{"taxonomy":"post_tag","embeddable":true,"href":"https:\/\/www.lieksanurheilijat.com\/index.php?rest_route=%2Fwp%2Fv2%2Ftags&post=4681"}],"curies":[{"name":"wp","href":"https:\/\/api.w.org\/{rel}","templated":true}]}}