{"id":4598,"date":"2016-05-22T21:08:34","date_gmt":"2016-05-22T18:08:34","guid":{"rendered":"https:\/\/www.lieksanurheilijat.com\/?page_id=4598"},"modified":"2016-05-22T21:08:34","modified_gmt":"2016-05-22T18:08:34","slug":"p-k-piirinmestaruusmaastot-2016","status":"publish","type":"page","link":"https:\/\/www.lieksanurheilijat.com\/?page_id=4598","title":{"rendered":"P-K piirinmestaruusmaastot 2016"},"content":{"rendered":"<p>22.5.2016<br \/>\nLieksa<\/p>\n<p>T09 : 1 km<br \/>\n1. 52 Iina Kukkonen Juuan Urheilijat 5:40,6<br \/>\n2. 39 Nea Nousiainen Pyh\u00e4sel\u00e4n Urheilijat 5:41,6 +1,0<br \/>\n3. 54 Jenny Miettinen Pyh\u00e4sel\u00e4n Urheilijat 5:48,6 +8,0<br \/>\n4. 53 Aino Kiiskinen Pyh\u00e4sel\u00e4n Urheilijat 5:49,1 +8,5<br \/>\n5. 36 Jasmin Huuho Pyh\u00e4sel\u00e4n Urheilijat 5:51,4 +10,8<br \/>\n6. 37 Ida-Liina Hyv\u00f6nen Pyh\u00e4sel\u00e4n Urheilijat 6:00,8 +20,2<br \/>\n7. 40 Inca R\u00e4ty Pyh\u00e4sel\u00e4n Urheilijat 6:01,0 +20,4<br \/>\n8. 49 Siiri Kontkanen Pyh\u00e4sel\u00e4n Urheilijat 6:17,3 +36,7<\/p>\n<p>P09 : 1 km<br \/>\n1. 35 Luca R\u00e4ty Pyh\u00e4sel\u00e4n Urheilijat 5:07,0<br \/>\n2. 50 Juho Hyttinen Juuan Urheilijat 5:16,9 +9,9<br \/>\n3. 41 Miko Sivonen Pyh\u00e4sel\u00e4n Urheilijat 5:19,0 +12,0<br \/>\n4. 48 Urho Huttunen Joensuun Kataja 5:32,8 +25,8<\/p>\n<p>T10 : 1 km<br \/>\n1. 56 Aada Rautiainen Kiihtelysvaaran Urheilijat 5:03,3<br \/>\n2. 34 Sara Martikainen Pyh\u00e4sel\u00e4n Urheilijat 5:11,4 +8,1<\/p>\n<p>P10 : 1 km<br \/>\n1. 30 Santeri Kekarainen Joensuun Kataja 4:49,9<br \/>\n2. 33 Anton Tallus Pyh\u00e4sel\u00e4n Urheilijat 4:50,2 +0,3<br \/>\n3. 31 Milo Kuivalainen Pyh\u00e4sel\u00e4n Urheilijat 4:58,5 +8,6<br \/>\n4. 44 Kalle Boren Nurmeksen Sepot 5:02,9 +13,0<br \/>\n5. 82 Akseli Laitila Pyh\u00e4sel\u00e4n Urheilijat 5:19,6 +29,7<\/p>\n<p>T11 : 2 km<br \/>\n1. 29 Sara-Sofia Hyv\u00f6nen Pyh\u00e4sel\u00e4n Urheilijat 8:10,2<br \/>\n2. 46 Alina Tikka Joensuun Kataja 8:31,7 +21,5<br \/>\n3. 57 Sesilia Jolkkonen Polvij\u00e4rven Urheilijat 8:57,1 +46,9<br \/>\n4. 58 Krista Karttunen Polvij\u00e4rven Urheilijat 9:04,7 +54,5<br \/>\n5. 74 Eevi Kettunen Polvij\u00e4rven Urheilijat 9:56,5 +1:46,3<\/p>\n<p>P11 : 2 km<br \/>\n1. 25 V\u00e4in\u00f6 Kontkanen Pyh\u00e4sel\u00e4n Urheilijat 7:12,9<br \/>\n2. 27 Lauri R\u00e4s\u00e4nen Pyh\u00e4sel\u00e4n Urheilijat 8:10,8 +57,9<br \/>\n3. 28 Mico R\u00e4ty Pyh\u00e4sel\u00e4n Urheilijat 8:19,5 +1:06,6<br \/>\n4. 26 Roope Maaninka Pyh\u00e4sel\u00e4n Urheilijat 8:22,2 +1:09,3<br \/>\n5. 61 Eero Mauro Lieksan Urheilijat 8:56,2 +1:43,3<\/p>\n<p>T12 : 2 km<br \/>\n1. 4 Maija Boren Lieksan Urheilijat 7:34,5<br \/>\n2. 64 Sofia Raatikainen Pyh\u00e4sel\u00e4n Urheilijat 7:45,6 +11,1<br \/>\n3. 22 Siiri Luostarinen Joensuun Kataja 7:46,0 +11,5<br \/>\n4. 47 Nette Filander Joensuun Kataja 8:04,9 +30,4<br \/>\n5. 23 Reetta Ryyn\u00e4nen Pyh\u00e4sel\u00e4n Urheilijat 8:28,4 +53,9<br \/>\n6. 65 Sanni Toivanen Juuan Urheilijat 8:39,8 +1:05,3<br \/>\n7. 21 Janna Huuho Pyh\u00e4sel\u00e4n Urheilijat 9:06,5 +1:32,0<br \/>\n8. 62 Ida-Josefina Ilvonen Juuan Urheilijat 9:33,8 +1:59,3<\/p>\n<p>P12 : 2 km<br \/>\n1. 19 Lassi Valta Pyh\u00e4sel\u00e4n Urheilijat 7:06,0<br \/>\n2. 20 Pauli Vuorma Pyh\u00e4sel\u00e4n Urheilijat 7:14,0 +8,0<br \/>\n3. 76 Luukas M\u00e4kel\u00e4 Pyh\u00e4sel\u00e4n Urheilijat 7:19,7 +13,7<br \/>\n4. 66 Jimi Alastalo Pyh\u00e4sel\u00e4n Urheilijat 8:03,8 +57,8<br \/>\n5. 67 Juuso Miettinen Pyh\u00e4sel\u00e4n Urheilijat 8:13,1 +1:07,1<\/p>\n<p>T13 : 2 km<br \/>\n1. 70 Jasmina Ven\u00e4l\u00e4inen Pyh\u00e4sel\u00e4n Urheilijat 8:02,7<br \/>\n2. 42 Peppi Soininen Pyh\u00e4sel\u00e4n Urheilijat 8:05,0 +2,3<br \/>\n3. 68 Emilia Jolkkonen Polvij\u00e4rven Urheilijat 8:30,9 +28,2<br \/>\n4. 18 Karla K\u00f6n\u00f6nen Pyh\u00e4sel\u00e4n Urheilijat 8:47,9 +45,2<br \/>\n5. 69 Pilvi Turunen Tuupovaaran Urheilijat 8:51,6 +48,9<\/p>\n<p>P13 : 2 km<br \/>\n1. 16 Niklas Hyv\u00f6nen Pyh\u00e4sel\u00e4n Urheilijat 7:33,7<br \/>\n2. 17 Juha Karjunen Pyh\u00e4sel\u00e4n Urheilijat 7:40,2 +6,5<\/p>\n<p>T14 : 4 km<br \/>\n1. 14 Veera Kontkanen Pyh\u00e4sel\u00e4n Urheilijat 15:50,7<br \/>\n2. 15 Iitu Vuorma Pyh\u00e4sel\u00e4n Urheilijat 16:49,1 +58,4<br \/>\n3. 2 Satu Liimatta Lieksan Urheilijat 17:17,9 +1:27,2<br \/>\n4. 84 Tuuli Kinnunen Joensuun Kataja 17:20,0 +1:29,3<\/p>\n<p>P14 : 4 km<br \/>\n1. 71 Kalle Ruokolainen Tuupovaaran Urheilijat 16:06,1<\/p>\n<p>T15 : 4 km<br \/>\n1. 85 Pinja Hulkko Pyh\u00e4sel\u00e4n Urheilijat 19:04,4<br \/>\n2. 73 Tuuli Turunen Tuupovaaran Urheilijat 20:46,5 +1:42,1<br \/>\n3. 72 Noora Juutinen Tuupovaaran Urheilijat 20:47,7 +1:43,3<\/p>\n<p>P15 : 4 km<br \/>\n1. 75 Samuel Auvinen Joensuun Kataja 13:05,4<br \/>\n2. 10 Jimi Huuho Pyh\u00e4sel\u00e4n Urheilijat 15:49,6 +2:44,2<\/p>\n<p>N17 : 4 km<br \/>\n1. 9 Siiri Silvennoinen Joensuun Kataja 15:57,9<br \/>\n2. 3 Hilja-Miina Kakkonen 16:36,9 +39,0<br \/>\n3. 83 Riina Juutinen Tuupovaaran Urheilijat 21:51,1 +5:53,2<\/p>\n<p>M17 : 4 km<br \/>\n1. 8 Oskari Silvennoinen Joensuun Kataja 13:39,6<br \/>\n2. 7 Elias Kortelainen Joensuun Kataja 13:42,9 +3,3<br \/>\n3. 6 Markus Kasanen Joensuun Kataja 13:43,5 +3,9<br \/>\n4. 1 Eppu Honkanen Lieksan Urheilijat 14:12,1 +32,5<\/p>\n<p>MIEHET : 6 km<br \/>\n1. 51 Janne Vatanen Liperin Taimi 22:23,3<\/p>\n","protected":false},"excerpt":{"rendered":"<p>22.5.2016 Lieksa T09 : 1 km 1. 52 Iina Kukkonen Juuan Urheilijat 5:40,6 2. 39 Nea Nousiainen Pyh\u00e4sel\u00e4n Urheilijat 5:41,6 +1,0 3. 54 Jenny Miettinen Pyh\u00e4sel\u00e4n Urheilijat 5:48,6 +8,0 4. 53 Aino Kiiskinen Pyh\u00e4sel\u00e4n Urheilijat 5:49,1 +8,5 5. 36 Jasmin Huuho Pyh\u00e4sel\u00e4n Urheilijat 5:51,4 +10,8 6. 37 Ida-Liina Hyv\u00f6nen Pyh\u00e4sel\u00e4n &hellip;<\/p>\n","protected":false},"author":3,"featured_media":0,"parent":4129,"menu_order":32,"comment_status":"closed","ping_status":"closed","template":"","meta":{"footnotes":""},"categories":[39,47,7],"tags":[],"class_list":["post-4598","page","type-page","status-publish","hentry","category-maijaboren","category-satuliimatta","category-tulokset"],"_links":{"self":[{"href":"https:\/\/www.lieksanurheilijat.com\/index.php?rest_route=\/wp\/v2\/pages\/4598","targetHints":{"allow":["GET"]}}],"collection":[{"href":"https:\/\/www.lieksanurheilijat.com\/index.php?rest_route=\/wp\/v2\/pages"}],"about":[{"href":"https:\/\/www.lieksanurheilijat.com\/index.php?rest_route=\/wp\/v2\/types\/page"}],"author":[{"embeddable":true,"href":"https:\/\/www.lieksanurheilijat.com\/index.php?rest_route=\/wp\/v2\/users\/3"}],"replies":[{"embeddable":true,"href":"https:\/\/www.lieksanurheilijat.com\/index.php?rest_route=%2Fwp%2Fv2%2Fcomments&post=4598"}],"version-history":[{"count":1,"href":"https:\/\/www.lieksanurheilijat.com\/index.php?rest_route=\/wp\/v2\/pages\/4598\/revisions"}],"predecessor-version":[{"id":4599,"href":"https:\/\/www.lieksanurheilijat.com\/index.php?rest_route=\/wp\/v2\/pages\/4598\/revisions\/4599"}],"up":[{"embeddable":true,"href":"https:\/\/www.lieksanurheilijat.com\/index.php?rest_route=\/wp\/v2\/pages\/4129"}],"wp:attachment":[{"href":"https:\/\/www.lieksanurheilijat.com\/index.php?rest_route=%2Fwp%2Fv2%2Fmedia&parent=4598"}],"wp:term":[{"taxonomy":"category","embeddable":true,"href":"https:\/\/www.lieksanurheilijat.com\/index.php?rest_route=%2Fwp%2Fv2%2Fcategories&post=4598"},{"taxonomy":"post_tag","embeddable":true,"href":"https:\/\/www.lieksanurheilijat.com\/index.php?rest_route=%2Fwp%2Fv2%2Ftags&post=4598"}],"curies":[{"name":"wp","href":"https:\/\/api.w.org\/{rel}","templated":true}]}}