{"id":4483,"date":"2016-03-30T21:49:47","date_gmt":"2016-03-30T18:49:47","guid":{"rendered":"https:\/\/www.lieksanurheilijat.com\/?page_id=4483"},"modified":"2016-03-31T13:29:38","modified_gmt":"2016-03-31T10:29:38","slug":"lun-pilkkikisat","status":"publish","type":"page","link":"https:\/\/www.lieksanurheilijat.com\/?page_id=4483","title":{"rendered":"LU:n pilkkikisat"},"content":{"rendered":"<p>Murtoranta 27.3.<\/p>\n<p>Miehet:<br \/>\n1 Jorma Sepp\u00e4nen 1450g<br \/>\n2 Jarmo Kempas 590g<br \/>\n3 Kimmo Pehkonen 560g<br \/>\n4 Anssi V\u00e4nsk\u00e4 490g<br \/>\n5 Arto Kiiskinen 160g<br \/>\n6 Mika Palviainen 100g<br \/>\n7 Jukka Martikainen 60g<br \/>\n8 Marmo Martikainen 0g<br \/>\n8 Arttu V\u00e4nsk\u00e4 0g<\/p>\n<p>Naiset:<br \/>\n1 Marjo Kempas 1480g<br \/>\n2 Jutta Martikainen 200g<br \/>\n3 Eira Puumalainen 80g<br \/>\n3 Liisa V\u00e4nsk\u00e4 80g<\/p>\n<p>Lapset (alle 15 v)<br \/>\n1 Titta Martikainen 1070g<br \/>\n2 Riina Palviainen 470g<br \/>\n3 Milla Martikainen 340g<br \/>\n4 Aino Pyykk\u00f6 210g<br \/>\n5 Heta Kettunen 120g<br \/>\n6 Lotta Martikainen 110g<br \/>\n7 Netta Martikainen alle 10g<br \/>\n8 Riina Kettunen 0g<\/p>\n<p>Suurin kala: Titta Martikainen 1070g (hauki)<br \/>\nPienin kala: Netta Martikainen alle 10g<\/p>\n","protected":false},"excerpt":{"rendered":"<p>Murtoranta 27.3. Miehet: 1 Jorma Sepp\u00e4nen 1450g 2 Jarmo Kempas 590g 3 Kimmo Pehkonen 560g 4 Anssi V\u00e4nsk\u00e4 490g 5 Arto Kiiskinen 160g 6 Mika Palviainen 100g 7 Jukka Martikainen 60g 8 Marmo Martikainen 0g 8 Arttu V\u00e4nsk\u00e4 0g Naiset: 1 Marjo Kempas 1480g 2 Jutta Martikainen 200g 3 Eira &hellip;<\/p>\n","protected":false},"author":2,"featured_media":0,"parent":4129,"menu_order":37,"comment_status":"closed","ping_status":"closed","template":"","meta":{"footnotes":""},"categories":[42,34,40,38,32,49,7],"tags":[],"class_list":["post-4483","page","type-page","status-publish","hentry","category-ainopyykko","category-hetakettunen","category-juttamartikainen","category-lottamartikainen","category-millamartikainen","category-nettamartikainen","category-tulokset"],"_links":{"self":[{"href":"https:\/\/www.lieksanurheilijat.com\/index.php?rest_route=\/wp\/v2\/pages\/4483","targetHints":{"allow":["GET"]}}],"collection":[{"href":"https:\/\/www.lieksanurheilijat.com\/index.php?rest_route=\/wp\/v2\/pages"}],"about":[{"href":"https:\/\/www.lieksanurheilijat.com\/index.php?rest_route=\/wp\/v2\/types\/page"}],"author":[{"embeddable":true,"href":"https:\/\/www.lieksanurheilijat.com\/index.php?rest_route=\/wp\/v2\/users\/2"}],"replies":[{"embeddable":true,"href":"https:\/\/www.lieksanurheilijat.com\/index.php?rest_route=%2Fwp%2Fv2%2Fcomments&post=4483"}],"version-history":[{"count":2,"href":"https:\/\/www.lieksanurheilijat.com\/index.php?rest_route=\/wp\/v2\/pages\/4483\/revisions"}],"predecessor-version":[{"id":4488,"href":"https:\/\/www.lieksanurheilijat.com\/index.php?rest_route=\/wp\/v2\/pages\/4483\/revisions\/4488"}],"up":[{"embeddable":true,"href":"https:\/\/www.lieksanurheilijat.com\/index.php?rest_route=\/wp\/v2\/pages\/4129"}],"wp:attachment":[{"href":"https:\/\/www.lieksanurheilijat.com\/index.php?rest_route=%2Fwp%2Fv2%2Fmedia&parent=4483"}],"wp:term":[{"taxonomy":"category","embeddable":true,"href":"https:\/\/www.lieksanurheilijat.com\/index.php?rest_route=%2Fwp%2Fv2%2Fcategories&post=4483"},{"taxonomy":"post_tag","embeddable":true,"href":"https:\/\/www.lieksanurheilijat.com\/index.php?rest_route=%2Fwp%2Fv2%2Ftags&post=4483"}],"curies":[{"name":"wp","href":"https:\/\/api.w.org\/{rel}","templated":true}]}}