{"id":4438,"date":"2016-02-21T22:17:29","date_gmt":"2016-02-21T20:17:29","guid":{"rendered":"https:\/\/www.lieksanurheilijat.com\/?page_id=4438"},"modified":"2016-02-23T22:20:04","modified_gmt":"2016-02-23T20:20:04","slug":"aikuisurheilijoiden-sm-hallit-2-paiva","status":"publish","type":"page","link":"https:\/\/www.lieksanurheilijat.com\/?page_id=4438","title":{"rendered":"Aikuisurheilijoiden SM-hallit 2. p\u00e4iv\u00e4"},"content":{"rendered":"<p>21.2.2016<br \/>\nTampere<\/p>\n<p>N50 Painonheitto<br \/>\n1. Kirsti Siekkinen Jyv\u00e4skKU 12,60<br \/>\n2. Rea Kivikko ViUV 10,90<br \/>\n3. Marke Siekkinen PihtipTui 10,81<br \/>\n4. Kirsi Heino KarkkPo 10,06<br \/>\n5. <strong>Mervi Tolonen LieksU 8,61<\/strong><br \/>\n6. Kaisu R\u00f6nkk\u00f6m\u00e4ki PulkkPo 8,40<br \/>\n7. Leena Hietanen VSVU 4,69<\/p>\n","protected":false},"excerpt":{"rendered":"<p>21.2.2016 Tampere N50 Painonheitto 1. Kirsti Siekkinen Jyv\u00e4skKU 12,60 2. Rea Kivikko ViUV 10,90 3. Marke Siekkinen PihtipTui 10,81 4. Kirsi Heino KarkkPo 10,06 5. Mervi Tolonen LieksU 8,61 6. Kaisu R\u00f6nkk\u00f6m\u00e4ki PulkkPo 8,40 7. Leena Hietanen VSVU 4,69<\/p>\n","protected":false},"author":3,"featured_media":0,"parent":4129,"menu_order":42,"comment_status":"closed","ping_status":"closed","template":"","meta":{"footnotes":""},"categories":[15,7],"tags":[],"class_list":["post-4438","page","type-page","status-publish","hentry","category-mervitolonen","category-tulokset"],"_links":{"self":[{"href":"https:\/\/www.lieksanurheilijat.com\/index.php?rest_route=\/wp\/v2\/pages\/4438","targetHints":{"allow":["GET"]}}],"collection":[{"href":"https:\/\/www.lieksanurheilijat.com\/index.php?rest_route=\/wp\/v2\/pages"}],"about":[{"href":"https:\/\/www.lieksanurheilijat.com\/index.php?rest_route=\/wp\/v2\/types\/page"}],"author":[{"embeddable":true,"href":"https:\/\/www.lieksanurheilijat.com\/index.php?rest_route=\/wp\/v2\/users\/3"}],"replies":[{"embeddable":true,"href":"https:\/\/www.lieksanurheilijat.com\/index.php?rest_route=%2Fwp%2Fv2%2Fcomments&post=4438"}],"version-history":[{"count":1,"href":"https:\/\/www.lieksanurheilijat.com\/index.php?rest_route=\/wp\/v2\/pages\/4438\/revisions"}],"predecessor-version":[{"id":4439,"href":"https:\/\/www.lieksanurheilijat.com\/index.php?rest_route=\/wp\/v2\/pages\/4438\/revisions\/4439"}],"up":[{"embeddable":true,"href":"https:\/\/www.lieksanurheilijat.com\/index.php?rest_route=\/wp\/v2\/pages\/4129"}],"wp:attachment":[{"href":"https:\/\/www.lieksanurheilijat.com\/index.php?rest_route=%2Fwp%2Fv2%2Fmedia&parent=4438"}],"wp:term":[{"taxonomy":"category","embeddable":true,"href":"https:\/\/www.lieksanurheilijat.com\/index.php?rest_route=%2Fwp%2Fv2%2Fcategories&post=4438"},{"taxonomy":"post_tag","embeddable":true,"href":"https:\/\/www.lieksanurheilijat.com\/index.php?rest_route=%2Fwp%2Fv2%2Ftags&post=4438"}],"curies":[{"name":"wp","href":"https:\/\/api.w.org\/{rel}","templated":true}]}}