{"id":4429,"date":"2016-02-20T19:59:23","date_gmt":"2016-02-20T17:59:23","guid":{"rendered":"https:\/\/www.lieksanurheilijat.com\/?page_id=4429"},"modified":"2016-02-20T21:08:51","modified_gmt":"2016-02-20T19:08:51","slug":"pohjois-savon-avoimet-hallikilpailut-2-paiva","status":"publish","type":"page","link":"https:\/\/www.lieksanurheilijat.com\/?page_id=4429","title":{"rendered":"Pohjois-Savon avoimet hallikilpailut 2. p\u00e4iv\u00e4"},"content":{"rendered":"<p>20.2.2016<br \/>\nKuopio<\/p>\n<p>P9 40 m<br \/>\n1. Elias Vanhanen KuopRei 7,01<br \/>\n2. Luca R\u00e4ty Pyh\u00e4sU 7,58<br \/>\n2. Santeri Lyyra LapinlVe 7,58<br \/>\n4. Topias Mustonen JoensKa 7,64<br \/>\n5. Tuomas Hakkarainen KuopRei 7,76<br \/>\n6. <strong>Touko Nyblom LieksU 7,78<\/strong><br \/>\n7. Eevert Happonen KuopRei 7,82<br \/>\n8. Jere Norrbacka KuopRei 8,01<br \/>\n9. Valtteri Noronen EspTa 8,17<br \/>\n10. Veeti M\u00e4h\u00f6nen Lepp\u00e4vVi 8,21<br \/>\n11. Lauri Huoman Hein\u00e4vYU 9,07<\/p>\n<p>Er\u00e4 1<br \/>\n1. Luca R\u00e4ty Pyh\u00e4sU 7,58<br \/>\n2. Tuomas Hakkarainen KuopRei 7,76<br \/>\n3. <strong>Touko Nyblom LieksU 7,78<\/strong><br \/>\n4. Eevert Happonen KuopRei 7,82<br \/>\n5. Jere Norrbacka KuopRei 8,01<\/p>\n<p>P9 Pituus<br \/>\n1. Elias Vanhanen KuopRei 382<br \/>\n2. Topias Mustonen JoensKa 324<br \/>\n3. Luca R\u00e4ty Pyh\u00e4sU 303<br \/>\n4. Eevert Happonen KuopRei 286<br \/>\n5. Santeri Lyyra LapinlVe 281<br \/>\n6. <strong>Touko Nyblom LieksU 279<\/strong><br \/>\n7. Jere Norrbacka KuopRei 269<br \/>\n8. Veeti M\u00e4h\u00f6nen Lepp\u00e4vVi 244<br \/>\n9. Valtteri Noronen EspTa 236<br \/>\nPaloheimo Lenni SavonlRie DNS<\/p>\n<p>P9 Pallonheitto<br \/>\n1. Elias Vanhanen KuopRei 30.52<br \/>\n2. Topias Mustonen JoensKa 26.73<br \/>\n3. Jere Norrbacka KuopRei 20.74<br \/>\n4. Eevert Happonen KuopRei 15.75<br \/>\n5. <strong>Touko Nyblom LieksU 15.23<\/strong><br \/>\n6. Lauri Huoman Hein\u00e4vYU 11.35<\/p>\n<p>P11 60 m<br \/>\n1. Matias Per\u00e4l\u00e4 IisVi 9,40<br \/>\n2. Aku Eskelinen IisVi 9,50<br \/>\n3. Aatu Hartikainen SavonlRie 9,53<br \/>\n4. <strong>Aarni Nyblom LieksU 9,77<\/strong><br \/>\n5. Lauri R\u00e4s\u00e4nen Pyh\u00e4sU 9,80<br \/>\n6. Mico R\u00e4ty Pyh\u00e4sU 9,91<br \/>\n7. Juho Rissanen SavonlRie 9,99<br \/>\n8. Veeti Paavola SiilPo 10,15<\/p>\n<p>Er\u00e4 1<br \/>\n1. Matias Per\u00e4l\u00e4 IisVi 9,40<br \/>\n2. <strong>Aarni Nyblom LieksU 9,77<\/strong><br \/>\n3. Juho Rissanen SavonlRie 9,99<br \/>\n4. Veeti Paavola SiilPo 10,15<\/p>\n<p>P11 Korkeus<br \/>\n1. Roope Maaninka Pyh\u00e4sU 122<br \/>\n2. Veeti Paavola SiilPo 119<br \/>\n3. <strong>Aarni Nyblom LieksU 110<\/strong><br \/>\n4. Juho Rissanen SavonlRie 105<\/p>\n<p>P11 Kuula<br \/>\n1. Veeti Paavola SiilPo 7,50<br \/>\n2. Matias Per\u00e4l\u00e4 IisVi 6,73<br \/>\n3. <strong>Aarni Nyblom LieksU 6,54<\/strong><br \/>\n4. Aatu Hartikainen SavonlRie 5,86<\/p>\n<p>P12 Seiv\u00e4s<br \/>\n1. <strong>Aarni Nyblom LieksU 200<\/strong><\/p>\n<p>M17 300 m<br \/>\n1. <strong>Eeki Kokkonen LieksU 38,55<\/strong><br \/>\n2. Tommi Halonen IisVi 40,84<br \/>\n3. Lauri Tossavainen SavonlRie 45,14<\/p>\n<p>M17 60 m aj<br \/>\n1. <strong>Eeki Kokkonen LieksU 8,84<\/strong><br \/>\n2. Johannes Harakka Lepp\u00e4vVi 8,87<\/p>\n<p>N 200 m<br \/>\n1. Kirsi Pekkanen KuopRei 25,21<br \/>\n2. Sara Francis KiuruvU 26,23<br \/>\n3. Pinja Horppu SavonlRie 26,40<br \/>\n4. <strong>Silja Kempas LieksU 26,67<\/strong><br \/>\n5. Eveliina Kumpulainen KuopRei 26,94<br \/>\n6. Anni Halko Jyv\u00e4skKU 26,95<br \/>\n7. Laura Lundberg VarkKV 29,61<\/p>\n<p>Er\u00e4 1<br \/>\n1. Pinja Horppu SavonlRie 26,40<br \/>\n2. <strong>Silja Kempas LieksU 26,67<\/strong><br \/>\n3. Laura Lundberg VarkKV 29,61<\/p>\n<p>T12 Seiv\u00e4s<br \/>\n1. Lotta Sariola SomE 220<br \/>\n2. <strong>Maija Boren LieksU 210<\/strong><br \/>\n3. Riikka Virkki SomE 210<br \/>\n4. Linnea Sariola SomE 185<br \/>\n5. Peppi Laurila KuopRei 170<br \/>\n6. Jemina Nikkanen SavonlRie 155<br \/>\n7. Saara Virkki SomE 140<\/p>\n<p>T12 Pituus<br \/>\n1. Minttu Eskelinen IisVi 402<br \/>\n2. Sofia Raatikainen Pyh\u00e4sU 400<br \/>\n3. Riika Tirkkonen KuopRei 387<br \/>\n4. Reetta Ryyn\u00e4nen Pyh\u00e4sU 382<br \/>\n5. Anette Saalismaa OulPy 374<br \/>\n6. Anni Tervam\u00e4ki KaavKai 373<br \/>\n7. Tilda Korhonen SiilPo 357<br \/>\n8. Peppi Laurila KuopRei 356<br \/>\n9. Anni Huovinen Pyh\u00e4sU 347<br \/>\n10. Pinja Martikainen VarkKV 341<br \/>\n11. Stina Pesonen KuopRei 338<br \/>\n12. Linnea Pikkarainen Pyh\u00e4sU 334<br \/>\n12. Salla Korhonen VarpVi 334<br \/>\n14. Riikka Virkki SomE 319<br \/>\n15. Iina Holopainen JuankKuo 318<br \/>\n16. Elli Sillanp\u00e4\u00e4 KuopRei 315<br \/>\n17. Alina Tuomela KuopRei 311<br \/>\n18. Iitu Purhonen JuvU 267<br \/>\n19. Arna Rosenberg VarkKV 264<br \/>\nNelli Paloheimo SavonlRie DNS<br \/>\n<strong>Maija Boren LieksU DNS<\/strong><\/p>\n<p>T13 Seiv\u00e4s<br \/>\n1. <strong>Riina Palviainen LieksU 240<\/strong><br \/>\n2. Viivi P\u00e4\u00e4kk\u00f6nen KuopRei 170<br \/>\nHeta Rundelin VarkKV DNS<\/p>\n<p>T13 Kuula<br \/>\n1. <strong>Riina Palviainen LieksU 10,26<\/strong><br \/>\n2. Laura Huoman Hein\u00e4vYU 7,91<br \/>\n3. Vilma R\u00e4s\u00e4nen ViitVie 7,59<br \/>\n4. Tiia Rantala PolvijU 7,53<br \/>\n5. Amanda Kulju IisVi 7,46<br \/>\n6. Nenna Helppolainen PielavSa 7,32<br \/>\n7. Jasmin Kettunen Pyh\u00e4sU 7,29<br \/>\n8. Viivi P\u00e4\u00e4kk\u00f6nen KuopRei 7,20<br \/>\n9. Jenniliina Paasonen VarkKV 6,07<br \/>\n10. Aada V\u00e4nttinen VarkKV 5,03<br \/>\nMilla Korhonen VarpVi DNS<br \/>\nNenna Helppolainen DNS<\/p>\n","protected":false},"excerpt":{"rendered":"<p>20.2.2016 Kuopio P9 40 m 1. Elias Vanhanen KuopRei 7,01 2. Luca R\u00e4ty Pyh\u00e4sU 7,58 2. Santeri Lyyra LapinlVe 7,58 4. Topias Mustonen JoensKa 7,64 5. Tuomas Hakkarainen KuopRei 7,76 6. Touko Nyblom LieksU 7,78 7. Eevert Happonen KuopRei 7,82 8. Jere Norrbacka KuopRei 8,01 9. Valtteri Noronen EspTa 8,17 &hellip;<\/p>\n","protected":false},"author":3,"featured_media":0,"parent":4129,"menu_order":44,"comment_status":"closed","ping_status":"closed","template":"","meta":{"footnotes":""},"categories":[14,26,7],"tags":[],"class_list":["post-4429","page","type-page","status-publish","hentry","category-aarninyblom","category-siljakempas","category-tulokset"],"_links":{"self":[{"href":"https:\/\/www.lieksanurheilijat.com\/index.php?rest_route=\/wp\/v2\/pages\/4429","targetHints":{"allow":["GET"]}}],"collection":[{"href":"https:\/\/www.lieksanurheilijat.com\/index.php?rest_route=\/wp\/v2\/pages"}],"about":[{"href":"https:\/\/www.lieksanurheilijat.com\/index.php?rest_route=\/wp\/v2\/types\/page"}],"author":[{"embeddable":true,"href":"https:\/\/www.lieksanurheilijat.com\/index.php?rest_route=\/wp\/v2\/users\/3"}],"replies":[{"embeddable":true,"href":"https:\/\/www.lieksanurheilijat.com\/index.php?rest_route=%2Fwp%2Fv2%2Fcomments&post=4429"}],"version-history":[{"count":2,"href":"https:\/\/www.lieksanurheilijat.com\/index.php?rest_route=\/wp\/v2\/pages\/4429\/revisions"}],"predecessor-version":[{"id":4431,"href":"https:\/\/www.lieksanurheilijat.com\/index.php?rest_route=\/wp\/v2\/pages\/4429\/revisions\/4431"}],"up":[{"embeddable":true,"href":"https:\/\/www.lieksanurheilijat.com\/index.php?rest_route=\/wp\/v2\/pages\/4129"}],"wp:attachment":[{"href":"https:\/\/www.lieksanurheilijat.com\/index.php?rest_route=%2Fwp%2Fv2%2Fmedia&parent=4429"}],"wp:term":[{"taxonomy":"category","embeddable":true,"href":"https:\/\/www.lieksanurheilijat.com\/index.php?rest_route=%2Fwp%2Fv2%2Fcategories&post=4429"},{"taxonomy":"post_tag","embeddable":true,"href":"https:\/\/www.lieksanurheilijat.com\/index.php?rest_route=%2Fwp%2Fv2%2Ftags&post=4429"}],"curies":[{"name":"wp","href":"https:\/\/api.w.org\/{rel}","templated":true}]}}