{"id":4426,"date":"2016-02-19T22:22:19","date_gmt":"2016-02-19T20:22:19","guid":{"rendered":"https:\/\/www.lieksanurheilijat.com\/?page_id=4426"},"modified":"2016-02-19T22:22:19","modified_gmt":"2016-02-19T20:22:19","slug":"pohjois-savon-avoimet-hallikisat-1-paiva","status":"publish","type":"page","link":"https:\/\/www.lieksanurheilijat.com\/?page_id=4426","title":{"rendered":"Pohjois-Savon avoimet hallikisat 1. p\u00e4iv\u00e4"},"content":{"rendered":"<p>19.2.2016<br \/>\nKuopio<\/p>\n<p>M17 60 m<br \/>\n1. Joonas Liukkonen JuvU 7,36<br \/>\n2. Santeri \u00d6rn PolvijU 7,37<br \/>\n3. <strong>Eeki Kokkonen LieksU 7,55<\/strong><br \/>\n4. Sakke Lyyra LapinlVe 8,39<\/p>\n<p>M17 Korkeus<br \/>\n1. Johannes Harakka Lepp\u00e4vVi 175<br \/>\n2. <strong>Eeki Kokkonen LieksU 165<\/strong><\/p>\n<p>M17 Pituus<br \/>\n1. Johannes Harakka Lepp\u00e4vVi 6,09<br \/>\n2. Topi Julkunen JuvU 6,03<br \/>\n3. <strong>Eeki Kokkonen LieksU 5,91<\/strong><\/p>\n<p>N17 60 m alkuer\u00e4t<br \/>\n1. Sara Francis KiuruvU 8,02<br \/>\n2. <strong>Silja Kempas LieksU 8,04<\/strong><br \/>\n3. Nora-Julia Isoluoma Jyv\u00e4skKU 8,10<br \/>\n4. Hanna Siiskonen JoensKa 8,21<br \/>\n5. Emmi Hirvel\u00e4 Sein\u00e4jSU 8,27<br \/>\n6. Pipsa Lundberg VarkKV 8,30<br \/>\n6. Niina Karttunen SavonlRie 8,30<br \/>\n8. Laura Risto KuopRei 8,33<br \/>\n9. Reetta Joronen SavonlRie 8,41<br \/>\n10. Janika Pulkkinen SavonlRie 8,48<br \/>\n11. Venla Naapuri SavonlRie 8,50<br \/>\n12. Eveliina Kumpulainen KuopRei 8,51<br \/>\n13. Nina Mutanen JoensKa 8,82<br \/>\n14. Miida-Tuulia Kukila JuankKuo 8,92<\/p>\n<p>Er\u00e4 2<br \/>\n1. <strong>Silja Kempas LieksU 8,04<\/strong><br \/>\n2. Nora-Julia Isoluoma Jyv\u00e4skKU 8,10<br \/>\n3. Hanna Siiskonen JoensKa 8,21<br \/>\n4. Emmi Hirvel\u00e4 Sein\u00e4jSU 8,27<br \/>\n5. Niina Karttunen SavonlRie 8,30<br \/>\n6. Venla Naapuri SavonlRie 8,50<br \/>\n7. Nina Mutanen JoensKa 8,82<\/p>\n<p>N17 60 m finaali<br \/>\n1. <strong>Silja Kempas LieksU 7,96<\/strong><br \/>\n2. Nora-Julia Isoluoma Jyv\u00e4skKU 8,03<br \/>\n3. Sara Francis KiuruvU 8,06<br \/>\n4. Emmi Hirvel\u00e4 Sein\u00e4jSU 8,15<br \/>\n5. Hanna Siiskonen JoensKa 8,19<br \/>\n6. Pipsa Lundberg VarkKV 8,20<br \/>\n7. Niina Karttunen SavonlRie 8,25<\/p>\n","protected":false},"excerpt":{"rendered":"<p>19.2.2016 Kuopio M17 60 m 1. Joonas Liukkonen JuvU 7,36 2. Santeri \u00d6rn PolvijU 7,37 3. Eeki Kokkonen LieksU 7,55 4. Sakke Lyyra LapinlVe 8,39 M17 Korkeus 1. Johannes Harakka Lepp\u00e4vVi 175 2. Eeki Kokkonen LieksU 165 M17 Pituus 1. Johannes Harakka Lepp\u00e4vVi 6,09 2. Topi Julkunen JuvU 6,03 3. &hellip;<\/p>\n","protected":false},"author":3,"featured_media":0,"parent":4129,"menu_order":45,"comment_status":"closed","ping_status":"closed","template":"","meta":{"footnotes":""},"categories":[26,7],"tags":[],"class_list":["post-4426","page","type-page","status-publish","hentry","category-siljakempas","category-tulokset"],"_links":{"self":[{"href":"https:\/\/www.lieksanurheilijat.com\/index.php?rest_route=\/wp\/v2\/pages\/4426","targetHints":{"allow":["GET"]}}],"collection":[{"href":"https:\/\/www.lieksanurheilijat.com\/index.php?rest_route=\/wp\/v2\/pages"}],"about":[{"href":"https:\/\/www.lieksanurheilijat.com\/index.php?rest_route=\/wp\/v2\/types\/page"}],"author":[{"embeddable":true,"href":"https:\/\/www.lieksanurheilijat.com\/index.php?rest_route=\/wp\/v2\/users\/3"}],"replies":[{"embeddable":true,"href":"https:\/\/www.lieksanurheilijat.com\/index.php?rest_route=%2Fwp%2Fv2%2Fcomments&post=4426"}],"version-history":[{"count":1,"href":"https:\/\/www.lieksanurheilijat.com\/index.php?rest_route=\/wp\/v2\/pages\/4426\/revisions"}],"predecessor-version":[{"id":4427,"href":"https:\/\/www.lieksanurheilijat.com\/index.php?rest_route=\/wp\/v2\/pages\/4426\/revisions\/4427"}],"up":[{"embeddable":true,"href":"https:\/\/www.lieksanurheilijat.com\/index.php?rest_route=\/wp\/v2\/pages\/4129"}],"wp:attachment":[{"href":"https:\/\/www.lieksanurheilijat.com\/index.php?rest_route=%2Fwp%2Fv2%2Fmedia&parent=4426"}],"wp:term":[{"taxonomy":"category","embeddable":true,"href":"https:\/\/www.lieksanurheilijat.com\/index.php?rest_route=%2Fwp%2Fv2%2Fcategories&post=4426"},{"taxonomy":"post_tag","embeddable":true,"href":"https:\/\/www.lieksanurheilijat.com\/index.php?rest_route=%2Fwp%2Fv2%2Ftags&post=4426"}],"curies":[{"name":"wp","href":"https:\/\/api.w.org\/{rel}","templated":true}]}}