{"id":4269,"date":"2016-02-10T21:03:07","date_gmt":"2016-02-10T19:03:07","guid":{"rendered":"https:\/\/www.lieksanurheilijat.com\/?page_id=4269"},"modified":"2025-03-30T11:29:09","modified_gmt":"2025-03-30T08:29:09","slug":"yhteystiedot","status":"publish","type":"page","link":"https:\/\/www.lieksanurheilijat.com\/?page_id=4269","title":{"rendered":"Yhteystiedot"},"content":{"rendered":"<p>Alta l\u00f6yd\u00e4t seuramme kannalta t\u00e4rkeit\u00e4 yhteystietoja:<\/p>\n<p>Puheenjohtaja: Hanna Hyrskyl\u00e4 lieksan.urheilijat@outlook.com<\/p>\n<p>Taloudenhoitaja ja tietopankki: Anssi V\u00e4nsk\u00e4, 041-4537332, anssivanska@yahoo.com<\/p>\n<p>Urheilukoulu ja -kisatiedustelut: lieksan.urheilijat@outlook.com<\/p>\n","protected":false},"excerpt":{"rendered":"<p>Alta l\u00f6yd\u00e4t seuramme kannalta t\u00e4rkeit\u00e4 yhteystietoja: Puheenjohtaja: Hanna Hyrskyl\u00e4 lieksan.urheilijat@outlook.com Taloudenhoitaja ja tietopankki: Anssi V\u00e4nsk\u00e4, 041-4537332, anssivanska@yahoo.com Urheilukoulu ja -kisatiedustelut: lieksan.urheilijat@outlook.com<\/p>\n","protected":false},"author":3,"featured_media":0,"parent":11,"menu_order":1,"comment_status":"closed","ping_status":"closed","template":"","meta":{"footnotes":""},"categories":[],"tags":[],"class_list":["post-4269","page","type-page","status-publish","hentry"],"_links":{"self":[{"href":"https:\/\/www.lieksanurheilijat.com\/index.php?rest_route=\/wp\/v2\/pages\/4269","targetHints":{"allow":["GET"]}}],"collection":[{"href":"https:\/\/www.lieksanurheilijat.com\/index.php?rest_route=\/wp\/v2\/pages"}],"about":[{"href":"https:\/\/www.lieksanurheilijat.com\/index.php?rest_route=\/wp\/v2\/types\/page"}],"author":[{"embeddable":true,"href":"https:\/\/www.lieksanurheilijat.com\/index.php?rest_route=\/wp\/v2\/users\/3"}],"replies":[{"embeddable":true,"href":"https:\/\/www.lieksanurheilijat.com\/index.php?rest_route=%2Fwp%2Fv2%2Fcomments&post=4269"}],"version-history":[{"count":18,"href":"https:\/\/www.lieksanurheilijat.com\/index.php?rest_route=\/wp\/v2\/pages\/4269\/revisions"}],"predecessor-version":[{"id":7178,"href":"https:\/\/www.lieksanurheilijat.com\/index.php?rest_route=\/wp\/v2\/pages\/4269\/revisions\/7178"}],"up":[{"embeddable":true,"href":"https:\/\/www.lieksanurheilijat.com\/index.php?rest_route=\/wp\/v2\/pages\/11"}],"wp:attachment":[{"href":"https:\/\/www.lieksanurheilijat.com\/index.php?rest_route=%2Fwp%2Fv2%2Fmedia&parent=4269"}],"wp:term":[{"taxonomy":"category","embeddable":true,"href":"https:\/\/www.lieksanurheilijat.com\/index.php?rest_route=%2Fwp%2Fv2%2Fcategories&post=4269"},{"taxonomy":"post_tag","embeddable":true,"href":"https:\/\/www.lieksanurheilijat.com\/index.php?rest_route=%2Fwp%2Fv2%2Ftags&post=4269"}],"curies":[{"name":"wp","href":"https:\/\/api.w.org\/{rel}","templated":true}]}}