{"id":4207,"date":"2016-01-24T17:57:02","date_gmt":"2016-01-24T15:57:02","guid":{"rendered":"https:\/\/www.lieksanurheilijat.com\/?page_id=4207"},"modified":"2016-02-11T13:25:08","modified_gmt":"2016-02-11T11:25:08","slug":"pm-hallit-2016-2-paiva","status":"publish","type":"page","link":"https:\/\/www.lieksanurheilijat.com\/?page_id=4207","title":{"rendered":"PM-hallit 2016 2. p\u00e4iv\u00e4"},"content":{"rendered":"<p>24.1.2016<br \/>\nJoensuu<\/p>\n<p>M17 60m aj<br \/>\n1. Juuso V\u00e4lipakka KuopRei 8,76<br \/>\n2. <strong>Eeki Kokkonen LieksU 9,00<\/strong><\/p>\n<p>M17 3-loikka<br \/>\n1. <strong>Eeki Kokkonen LieksU 12,24<\/strong><br \/>\n2. Rasmus Hiltunen SavonlRie 12,03<\/p>\n<p>N17 200m<br \/>\n1. <strong>Silja Kempas LieksU 26,73<\/strong><br \/>\n2. Petra-Sofia Laakso SavonlRie 26,94<br \/>\n3. Hanna Siiskonen JoensKa 27,18<br \/>\n4. Pipsa Lundberg VarkKV 27,33<br \/>\n5. Eveliina Kumpulainen KuopRei 27,68<br \/>\n6. Jutta Nuutinen Pyh\u00e4sU 27,89<br \/>\n7. Venla Naapuri SavonlRie 28,44<br \/>\n8. Kati Nuutinen Pyh\u00e4sU 28,60<br \/>\n9. Iida Kauhanen Hein\u00e4vYU 29,39<\/p>\n<p>N17 200m<br \/>\nEr\u00e4 2:<br \/>\n1. <strong>Silja Kempas LieksU 26,73<\/strong><br \/>\n2. Hanna Siiskonen JoensKa 27,18<br \/>\n3. Jutta Nuutinen Pyh\u00e4sU 27,89<\/p>\n<p>T15 200m<br \/>\n1. Kiia Paanila KuopRei 27,90<br \/>\n2. Janika Pulkkinen SavonlRie 27,96<br \/>\n3. Riikka Lonkainen JoensKa 28,91<br \/>\n4. <strong>Ada Pakarinen LieksU 29,00<\/strong><br \/>\n5. Inka Helminen LapinlVe 29,07<br \/>\n6. Jenna Riikonen JoensKa 29,47<br \/>\n7. Iida Kosunen LapinlVe 29,73<br \/>\n8. Veera Huoman Hein\u00e4vYU 30,20<br \/>\n9. Anna Hirvonen KuopRei 31,56<\/p>\n<p>Er\u00e4 3:<br \/>\n1. Kiia Paanila KuopRei 27,90<br \/>\n2. Janika Pulkkinen SavonlRie 27,96<br \/>\n3. <strong>Ada Pakarinen LieksU 29,00<\/strong><br \/>\n4. Jenna Riikonen JoensKa 29,47<\/p>\n<p>T15 pituus<br \/>\n1. Kiia Paanila KuopRei 464<br \/>\n2. <strong>Riina Kettunen LieksU 450<\/strong><br \/>\n3. Jenna Riikonen JoensKa 418<\/p>\n<p>T14 seiv\u00e4s<br \/>\n1. Neea K\u00e4yhk\u00f6 SavonlRie 280<br \/>\n2. <strong>Milla Martikainen LieksU 220<\/strong><\/p>\n<p>T14 kuula<br \/>\n1. Nea Roiha ParikkU 11,03<br \/>\n2. Mimmi Ahonen PuumVi 10,88<br \/>\n3. <strong>Lotta Martikainen LieksU 9,30<\/strong><br \/>\n4. <strong>Milla Martikainen LieksU 8,82<\/strong><br \/>\n5. Tuuli Kinnunen JoensKa 8,65<br \/>\n6. Olivia Piira VarkKV 8,26<br \/>\n7. Hanna Toivanen JuuanU 7,98<\/p>\n<p>T13 seiv\u00e4s<br \/>\n1. <strong>Riina Palviainen LieksU 240<\/strong><br \/>\n2. <strong>Heta Kettunen LieksU 220<\/strong><\/p>\n<p>T13 kuula<br \/>\n1. <strong>Riina Palviainen LieksU 9,16<\/strong><br \/>\n2. Nea Luukkonen PuumVi 8,19<br \/>\n3. Laura Huoman Hein\u00e4vYU 7,96<br \/>\n4. Tiia Rantala PolvijU 7,28<br \/>\n5. Siiri Uusitalo Pyh\u00e4sU 7,19<br \/>\n6. Jasmin Kettunen Pyh\u00e4sU 6,05<\/p>\n<p>P11 200m<br \/>\n1. Lauri R\u00e4s\u00e4nen Pyh\u00e4sU 32,92<br \/>\n2. <strong>Eero Mauro LieksU 34,05<\/strong><br \/>\n3. Hannes Korhonen JoensKa 34,21<br \/>\n4. Mico R\u00e4ty Pyh\u00e4sU 34,45<br \/>\n5. Joona Turunen JoensKa 36,71<\/p>\n<p>Er\u00e4 2:<br \/>\n1. Lauri R\u00e4s\u00e4nen Pyh\u00e4sU 32,92<br \/>\n2. <strong>Eero Mauro LieksU 34,05<\/strong><\/p>\n<p>P11 60m aj<br \/>\n1. <strong>Aarni Nyblom LieksU 11,60<\/strong><br \/>\n2. Roope Maaninka Pyh\u00e4sU 11,80<br \/>\n3. Tarmo Laitinen Pyh\u00e4sU 12,36<br \/>\n4. Vertti Wetterstrand Pyh\u00e4sU 12,62<br \/>\n5. Joona Turunen JoensKa 12,68<br \/>\n6. <strong>Eero Mauro LieksU 12,75<\/strong><br \/>\n7. Eeli Kinnunen JoensKa 12,97<\/p>\n<p>Er\u00e4 2:<br \/>\n1. <strong>Aarni Nyblom LieksU 11,60<\/strong><br \/>\n2. Roope Maaninka Pyh\u00e4sU 11,80<br \/>\n3. Joona Turunen JoensKa 12,68<br \/>\n4. <strong>Eero Mauro LieksU 12,75<\/strong><\/p>\n<p>P11 korkeus<br \/>\n1. Roope Maaninka Pyh\u00e4sU 125<br \/>\n2. Niko Rova JoensKa 120<br \/>\n3. <strong>Aarni Nyblom LieksU 110<\/strong><br \/>\n4. Joona Turunen JoensKa 100<\/p>\n<p>P11 seiv\u00e4s<br \/>\n1. <strong>Aarni Nyblom LieksU 190<\/strong><br \/>\n2. <strong>Eero Mauro LieksU 190<\/strong><br \/>\n3. Roope Maaninka Pyh\u00e4sU 150<br \/>\n. Otso Liimatta NurmSe DNS<\/p>\n<p>T11 seiv\u00e4s<br \/>\n1. <strong>Aino Pyykk\u00f6 LieksU 160<\/strong><\/p>\n<p>T11 3-loikka<br \/>\n1. Sara-Sofia Hyv\u00f6nen Pyh\u00e4sU 7,83<br \/>\n2. Riikka Jokinen Pyh\u00e4sU 7,83<br \/>\n3. <strong>Aino Pyykk\u00f6 LieksU 7,13<\/strong><\/p>\n<p>P9 200m<br \/>\n1. Elias Vanhanen KuopRei 33,05<br \/>\n2. Oskari Pakarinen Pyh\u00e4sU 34,15<br \/>\n3. Topias Mustonen JoensKa 37,52<br \/>\n4. Eevert Happonen KuopRei 38,15<br \/>\n5. <strong>Touko Nyblom LieksU 41,35<\/strong><\/p>\n<p>P9 200m<br \/>\nEr\u00e4 1:<br \/>\n1. Eevert Happonen KuopRei 38,15<br \/>\n2. <strong>Touko Nyblom LieksU 41,35<\/strong><\/p>\n<p>P9 60m aj<br \/>\n1. Topias Mustonen JoensKa 14,04<br \/>\n2. <strong>Touko Nyblom LieksU 15,91<\/strong><\/p>\n<p>P9 korkeus<br \/>\n1. Elias Vanhanen KuopRei 115<br \/>\n2. Topias Mustonen JoensKa 95<br \/>\n3. <strong>Touko Nyblom LieksU 90<\/strong><\/p>\n","protected":false},"excerpt":{"rendered":"<p>24.1.2016 Joensuu M17 60m aj 1. Juuso V\u00e4lipakka KuopRei 8,76 2. Eeki Kokkonen LieksU 9,00 M17 3-loikka 1. Eeki Kokkonen LieksU 12,24 2. Rasmus Hiltunen SavonlRie 12,03 N17 200m 1. Silja Kempas LieksU 26,73 2. Petra-Sofia Laakso SavonlRie 26,94 3. Hanna Siiskonen JoensKa 27,18 4. Pipsa Lundberg VarkKV 27,33 5. &hellip;<\/p>\n","protected":false},"author":3,"featured_media":0,"parent":4129,"menu_order":46,"comment_status":"closed","ping_status":"closed","template":"","meta":{"footnotes":""},"categories":[14,48,42,34,38,32,31,26,7],"tags":[],"class_list":["post-4207","page","type-page","status-publish","hentry","category-aarninyblom","category-adapakarinen","category-ainopyykko","category-hetakettunen","category-lottamartikainen","category-millamartikainen","category-riinakettunen","category-siljakempas","category-tulokset"],"_links":{"self":[{"href":"https:\/\/www.lieksanurheilijat.com\/index.php?rest_route=\/wp\/v2\/pages\/4207","targetHints":{"allow":["GET"]}}],"collection":[{"href":"https:\/\/www.lieksanurheilijat.com\/index.php?rest_route=\/wp\/v2\/pages"}],"about":[{"href":"https:\/\/www.lieksanurheilijat.com\/index.php?rest_route=\/wp\/v2\/types\/page"}],"author":[{"embeddable":true,"href":"https:\/\/www.lieksanurheilijat.com\/index.php?rest_route=\/wp\/v2\/users\/3"}],"replies":[{"embeddable":true,"href":"https:\/\/www.lieksanurheilijat.com\/index.php?rest_route=%2Fwp%2Fv2%2Fcomments&post=4207"}],"version-history":[{"count":3,"href":"https:\/\/www.lieksanurheilijat.com\/index.php?rest_route=\/wp\/v2\/pages\/4207\/revisions"}],"predecessor-version":[{"id":4211,"href":"https:\/\/www.lieksanurheilijat.com\/index.php?rest_route=\/wp\/v2\/pages\/4207\/revisions\/4211"}],"up":[{"embeddable":true,"href":"https:\/\/www.lieksanurheilijat.com\/index.php?rest_route=\/wp\/v2\/pages\/4129"}],"wp:attachment":[{"href":"https:\/\/www.lieksanurheilijat.com\/index.php?rest_route=%2Fwp%2Fv2%2Fmedia&parent=4207"}],"wp:term":[{"taxonomy":"category","embeddable":true,"href":"https:\/\/www.lieksanurheilijat.com\/index.php?rest_route=%2Fwp%2Fv2%2Fcategories&post=4207"},{"taxonomy":"post_tag","embeddable":true,"href":"https:\/\/www.lieksanurheilijat.com\/index.php?rest_route=%2Fwp%2Fv2%2Ftags&post=4207"}],"curies":[{"name":"wp","href":"https:\/\/api.w.org\/{rel}","templated":true}]}}