{"id":4204,"date":"2016-01-23T20:04:18","date_gmt":"2016-01-23T18:04:18","guid":{"rendered":"https:\/\/www.lieksanurheilijat.com\/?page_id=4204"},"modified":"2016-01-23T20:04:18","modified_gmt":"2016-01-23T18:04:18","slug":"keihaskoulun-keihaskisa","status":"publish","type":"page","link":"https:\/\/www.lieksanurheilijat.com\/?page_id=4204","title":{"rendered":"Keih\u00e4skoulun keih\u00e4skisa"},"content":{"rendered":"<p>23.1.2016<br \/>\nJoensuu<\/p>\n<p>T15 keih\u00e4s<br \/>\n1. <strong>Milla Martikainen LieksU 39,99<\/strong><br \/>\n2. Lumi K\u00e4rkk\u00e4inen JoensKa 35,39<br \/>\n3. Reetta Naumanen OutokPa 28,54<br \/>\n4. Tuuli Kinnunen JoensKa 27,16<br \/>\n5. Hanna Toivanen JuuanU 24,77<\/p>\n","protected":false},"excerpt":{"rendered":"<p>23.1.2016 Joensuu T15 keih\u00e4s 1. Milla Martikainen LieksU 39,99 2. Lumi K\u00e4rkk\u00e4inen JoensKa 35,39 3. Reetta Naumanen OutokPa 28,54 4. Tuuli Kinnunen JoensKa 27,16 5. Hanna Toivanen JuuanU 24,77<\/p>\n","protected":false},"author":3,"featured_media":0,"parent":4129,"menu_order":48,"comment_status":"closed","ping_status":"closed","template":"","meta":{"footnotes":""},"categories":[32,7],"tags":[],"class_list":["post-4204","page","type-page","status-publish","hentry","category-millamartikainen","category-tulokset"],"_links":{"self":[{"href":"https:\/\/www.lieksanurheilijat.com\/index.php?rest_route=\/wp\/v2\/pages\/4204","targetHints":{"allow":["GET"]}}],"collection":[{"href":"https:\/\/www.lieksanurheilijat.com\/index.php?rest_route=\/wp\/v2\/pages"}],"about":[{"href":"https:\/\/www.lieksanurheilijat.com\/index.php?rest_route=\/wp\/v2\/types\/page"}],"author":[{"embeddable":true,"href":"https:\/\/www.lieksanurheilijat.com\/index.php?rest_route=\/wp\/v2\/users\/3"}],"replies":[{"embeddable":true,"href":"https:\/\/www.lieksanurheilijat.com\/index.php?rest_route=%2Fwp%2Fv2%2Fcomments&post=4204"}],"version-history":[{"count":1,"href":"https:\/\/www.lieksanurheilijat.com\/index.php?rest_route=\/wp\/v2\/pages\/4204\/revisions"}],"predecessor-version":[{"id":4205,"href":"https:\/\/www.lieksanurheilijat.com\/index.php?rest_route=\/wp\/v2\/pages\/4204\/revisions\/4205"}],"up":[{"embeddable":true,"href":"https:\/\/www.lieksanurheilijat.com\/index.php?rest_route=\/wp\/v2\/pages\/4129"}],"wp:attachment":[{"href":"https:\/\/www.lieksanurheilijat.com\/index.php?rest_route=%2Fwp%2Fv2%2Fmedia&parent=4204"}],"wp:term":[{"taxonomy":"category","embeddable":true,"href":"https:\/\/www.lieksanurheilijat.com\/index.php?rest_route=%2Fwp%2Fv2%2Fcategories&post=4204"},{"taxonomy":"post_tag","embeddable":true,"href":"https:\/\/www.lieksanurheilijat.com\/index.php?rest_route=%2Fwp%2Fv2%2Ftags&post=4204"}],"curies":[{"name":"wp","href":"https:\/\/api.w.org\/{rel}","templated":true}]}}