{"id":4189,"date":"2016-01-10T19:35:31","date_gmt":"2016-01-10T17:35:31","guid":{"rendered":"https:\/\/www.lieksanurheilijat.com\/?page_id=4189"},"modified":"2016-01-11T19:36:00","modified_gmt":"2016-01-11T17:36:00","slug":"aluehallikilpailut","status":"publish","type":"page","link":"https:\/\/www.lieksanurheilijat.com\/?page_id=4189","title":{"rendered":"Aluehallikilpailut"},"content":{"rendered":"<p>10.1.2016<br \/>\nKajaani<\/p>\n<p>P11 60 m aidat<br \/>\n1\u00a0\u00a0 \u00a0<strong>Aarni Nyblom\u00a0\u00a0 \u00a0LieksU\u00a0\u00a0 \u00a012,04<\/strong><br \/>\n2\u00a0\u00a0 \u00a0Aatu Tikkanen\u00a0\u00a0 \u00a0KajKi\u00a0\u00a0 \u00a015,85<\/p>\n<p>P11 Seiv\u00e4s\/PV<br \/>\n1\u00a0\u00a0 \u00a0<strong>Aarni Nyblom\u00a0\u00a0 \u00a0LieksU\u00a0\u00a0 \u00a01,90<\/strong><\/p>\n<p>P11 Pituus<br \/>\n1\u00a0\u00a0 \u00a0<strong>Aarni Nyblom\u00a0\u00a0 \u00a0LieksU\u00a0\u00a0 \u00a03,60 \u00a0\u00a0<\/strong><\/p>\n<p>P9 40 m<br \/>\n1\u00a0\u00a0 \u00a0Veikka P\u00e4\u00e4kk\u00f6l\u00e4\u00a0\u00a0 \u00a0SiikalU\u00a0\u00a0 \u00a07,57<br \/>\n2\u00a0\u00a0 \u00a0<strong>Touko Nyblom\u00a0\u00a0 \u00a0LieksU\u00a0\u00a0 \u00a07,92 \u00a0\u00a0 \u00a0\u00a0<\/strong><br \/>\n3\u00a0\u00a0 \u00a0Heikki Hyv\u00e4rinen\u00a0\u00a0 \u00a0SiikalU\u00a0\u00a0 \u00a08,39<\/p>\n<p>P9 Pituus<br \/>\n1\u00a0\u00a0 \u00a0Veikka P\u00e4\u00e4kk\u00f6l\u00e4\u00a0\u00a0 \u00a0SiikalU\u00a0\u00a0 \u00a03,09<br \/>\n2\u00a0\u00a0 \u00a0<strong>Touko Nyblom\u00a0\u00a0 \u00a0LieksU\u00a0\u00a0 \u00a03,00 \u00a0<\/strong><br \/>\n3\u00a0\u00a0 \u00a0Heikki Hyv\u00e4rinen\u00a0\u00a0 \u00a0SiikalU\u00a0\u00a0 \u00a02,48<\/p>\n<p>T13 Seiv\u00e4s<br \/>\n1\u00a0\u00a0 \u00a0<strong>Riina Palviainen\u00a0\u00a0 \u00a0LieksU\u00a0\u00a0 \u00a02,20<\/strong><br \/>\n2\u00a0\u00a0 \u00a0<strong>Heta Kettunen\u00a0\u00a0 \u00a0LieksU\u00a0\u00a0 \u00a02,10<\/strong><br \/>\n3\u00a0\u00a0 \u00a0Milla Korhonen\u00a0\u00a0 \u00a0VarpVi\u00a0\u00a0 \u00a01,70<\/p>\n<p>T11 Seiv\u00e4s<br \/>\n1\u00a0\u00a0 \u00a0<strong>Aino Pyykk\u00f6\u00a0\u00a0 \u00a0LieksU\u00a0\u00a0 \u00a01,50 \u00a0\u00a0\u00a0<\/strong><\/p>\n","protected":false},"excerpt":{"rendered":"<p>10.1.2016 Kajaani P11 60 m aidat 1\u00a0\u00a0 \u00a0Aarni Nyblom\u00a0\u00a0 \u00a0LieksU\u00a0\u00a0 \u00a012,04 2\u00a0\u00a0 \u00a0Aatu Tikkanen\u00a0\u00a0 \u00a0KajKi\u00a0\u00a0 \u00a015,85 P11 Seiv\u00e4s\/PV 1\u00a0\u00a0 \u00a0Aarni Nyblom\u00a0\u00a0 \u00a0LieksU\u00a0\u00a0 \u00a01,90 P11 Pituus 1\u00a0\u00a0 \u00a0Aarni Nyblom\u00a0\u00a0 \u00a0LieksU\u00a0\u00a0 \u00a03,60 \u00a0\u00a0 P9 40 m 1\u00a0\u00a0 \u00a0Veikka P\u00e4\u00e4kk\u00f6l\u00e4\u00a0\u00a0 \u00a0SiikalU\u00a0\u00a0 \u00a07,57 2\u00a0\u00a0 \u00a0Touko Nyblom\u00a0\u00a0 \u00a0LieksU\u00a0\u00a0 \u00a07,92 \u00a0\u00a0 \u00a0\u00a0 3\u00a0\u00a0 \u00a0Heikki Hyv\u00e4rinen\u00a0\u00a0 \u00a0SiikalU\u00a0\u00a0 &hellip;<\/p>\n","protected":false},"author":3,"featured_media":0,"parent":4129,"menu_order":49,"comment_status":"closed","ping_status":"closed","template":"","meta":{"footnotes":""},"categories":[14,42,34,7],"tags":[],"class_list":["post-4189","page","type-page","status-publish","hentry","category-aarninyblom","category-ainopyykko","category-hetakettunen","category-tulokset"],"_links":{"self":[{"href":"https:\/\/www.lieksanurheilijat.com\/index.php?rest_route=\/wp\/v2\/pages\/4189","targetHints":{"allow":["GET"]}}],"collection":[{"href":"https:\/\/www.lieksanurheilijat.com\/index.php?rest_route=\/wp\/v2\/pages"}],"about":[{"href":"https:\/\/www.lieksanurheilijat.com\/index.php?rest_route=\/wp\/v2\/types\/page"}],"author":[{"embeddable":true,"href":"https:\/\/www.lieksanurheilijat.com\/index.php?rest_route=\/wp\/v2\/users\/3"}],"replies":[{"embeddable":true,"href":"https:\/\/www.lieksanurheilijat.com\/index.php?rest_route=%2Fwp%2Fv2%2Fcomments&post=4189"}],"version-history":[{"count":1,"href":"https:\/\/www.lieksanurheilijat.com\/index.php?rest_route=\/wp\/v2\/pages\/4189\/revisions"}],"predecessor-version":[{"id":4190,"href":"https:\/\/www.lieksanurheilijat.com\/index.php?rest_route=\/wp\/v2\/pages\/4189\/revisions\/4190"}],"up":[{"embeddable":true,"href":"https:\/\/www.lieksanurheilijat.com\/index.php?rest_route=\/wp\/v2\/pages\/4129"}],"wp:attachment":[{"href":"https:\/\/www.lieksanurheilijat.com\/index.php?rest_route=%2Fwp%2Fv2%2Fmedia&parent=4189"}],"wp:term":[{"taxonomy":"category","embeddable":true,"href":"https:\/\/www.lieksanurheilijat.com\/index.php?rest_route=%2Fwp%2Fv2%2Fcategories&post=4189"},{"taxonomy":"post_tag","embeddable":true,"href":"https:\/\/www.lieksanurheilijat.com\/index.php?rest_route=%2Fwp%2Fv2%2Ftags&post=4189"}],"curies":[{"name":"wp","href":"https:\/\/api.w.org\/{rel}","templated":true}]}}