{"id":3960,"date":"2015-09-20T20:30:45","date_gmt":"2015-09-20T17:30:45","guid":{"rendered":"https:\/\/www.lieksanurheilijat.com\/?page_id=3960"},"modified":"2015-09-20T20:30:45","modified_gmt":"2015-09-20T17:30:45","slug":"lieksan-syyskisat","status":"publish","type":"page","link":"https:\/\/www.lieksanurheilijat.com\/?page_id=3960","title":{"rendered":"Lieksan syyskisat"},"content":{"rendered":"<p>M<br \/>\n100m -0.6<br \/>\n1 Juhani Ryyn\u00e4nen Juuan Urheilijat 15,07<\/p>\n<p>M<br \/>\npituus<br \/>\n1 Juhani Ryyn\u00e4nen Juuan Urheilijat 4,30 -0.2<\/p>\n<p>M<br \/>\nkuula<br \/>\n1 Anssi V\u00e4nsk\u00e4 Lieksan Urheilijat 9,42<\/p>\n<p>P11<br \/>\n100m -0.7<br \/>\n1 Aarni Nyblom Lieksan Urheilijat 16,90<br \/>\n2 Ahti Turunen Joensuun Kataja 18,04<\/p>\n<p>P11<br \/>\npituus<br \/>\n1 Aarni Nyblom Lieksan Urheilijat 3,48<br \/>\n2 Ahti Turunen Joensuun Kataja 3,12<\/p>\n<p>P11<br \/>\nkuula<br \/>\n1 Aarni Nyblom Lieksan Urheilijat 6,79<br \/>\n2 Ahti Turunen Joensuun Kataja 5,08<\/p>\n<p>P11<br \/>\nseiv\u00e4s<br \/>\n1 Aarni Nyblom Lieksan Urheilijat 180<\/p>\n<p>P9<br \/>\n100m -0.7<br \/>\n1 Atte Turunen Joensuun Kataja 17,64<br \/>\n2 Touko Nyblom Lieksan Urheilijat 19,13<br \/>\n3 Ahti Boren Lieksan Urheilijat 20,41<\/p>\n<p>P9<br \/>\npituus<br \/>\n1 Atte Turunen Joensuun Kataja 3,30<br \/>\n2 Kalle Boren Lieksan Urheilijat 2,78<br \/>\n3 Touko Nyblom Lieksan Urheilijat 2,75<br \/>\n4 Ahti Boren Lieksan Urheilijat 2,51<\/p>\n<p>P9<br \/>\nkuula<br \/>\n1 Atte Turunen Joensuun Kataja 5,53<br \/>\n2 Touko Nyblom Lieksan Urheilijat 4,51<br \/>\n3 Ahti Boren Lieksan Urheilijat 3,31<\/p>\n<p>T13<br \/>\npituus<br \/>\n1 Milla Martikainen Lieksan Urheilijat 3,83 -0.6<\/p>\n<p>T13<br \/>\nkuula<br \/>\n1 Milla Martikainen Lieksan Urheilijat 9,23<br \/>\n2 Riina Palviainen Lieksan Urheilijat 8,07<\/p>\n<p>T13<br \/>\nseiv\u00e4s<br \/>\n1 Milla Martikainen Lieksan Urheilijat 255<br \/>\n2 Riina Palviainen Lieksan Urheilijat 220<br \/>\n3 Heta Kettunen Lieksan Urheilijat 200<\/p>\n<p>T11<br \/>\n100m -0.2<br \/>\n1 Maija Boren Lieksan Urheilijat 17,24<br \/>\n2 Aino Pyykk\u00f6 Lieksan Urheilijat 17,46<\/p>\n<p>T11<br \/>\npituus<br \/>\n1 Maija Boren Lieksan Urheilijat 3,25<br \/>\n2 Aino Pyykk\u00f6 Lieksan Urheilijat 3,00<\/p>\n<p>T11<br \/>\nkuula<br \/>\n1 Aino Pyykk\u00f6 Lieksan Urheilijat 4,81<br \/>\n2 Maija Boren Lieksan Urheilijat 4,63<\/p>\n<p>T11<br \/>\nseiv\u00e4s<br \/>\n1 Maija Boren Lieksan Urheilijat 180<br \/>\n2 Aino Pyykk\u00f6 Lieksan Urheilijat 140<\/p>\n<p>T9<br \/>\n100m -0.2<br \/>\n1 Sara Martikainen Pyh\u00e4sel\u00e4n Urheilijat 17,53<\/p>\n<p>T9<br \/>\npituus<br \/>\n1 Sara Martikainen Pyh\u00e4sel\u00e4n Urheilijat 3,17<\/p>\n<p>T9<br \/>\nkuula<br \/>\n1 Sara Martikainen Pyh\u00e4sel\u00e4n Urheilijat 3,67<\/p>\n","protected":false},"excerpt":{"rendered":"<p>M 100m -0.6 1 Juhani Ryyn\u00e4nen Juuan Urheilijat 15,07 M pituus 1 Juhani Ryyn\u00e4nen Juuan Urheilijat 4,30 -0.2 M kuula 1 Anssi V\u00e4nsk\u00e4 Lieksan Urheilijat 9,42 P11 100m -0.7 1 Aarni Nyblom Lieksan Urheilijat 16,90 2 Ahti Turunen Joensuun Kataja 18,04 P11 pituus 1 Aarni Nyblom Lieksan Urheilijat 3,48 2 &hellip;<\/p>\n","protected":false},"author":2,"featured_media":0,"parent":2811,"menu_order":2,"comment_status":"closed","ping_status":"closed","template":"","meta":{"footnotes":""},"categories":[14,42,34,39,32,7],"tags":[],"class_list":["post-3960","page","type-page","status-publish","hentry","category-aarninyblom","category-ainopyykko","category-hetakettunen","category-maijaboren","category-millamartikainen","category-tulokset"],"_links":{"self":[{"href":"https:\/\/www.lieksanurheilijat.com\/index.php?rest_route=\/wp\/v2\/pages\/3960","targetHints":{"allow":["GET"]}}],"collection":[{"href":"https:\/\/www.lieksanurheilijat.com\/index.php?rest_route=\/wp\/v2\/pages"}],"about":[{"href":"https:\/\/www.lieksanurheilijat.com\/index.php?rest_route=\/wp\/v2\/types\/page"}],"author":[{"embeddable":true,"href":"https:\/\/www.lieksanurheilijat.com\/index.php?rest_route=\/wp\/v2\/users\/2"}],"replies":[{"embeddable":true,"href":"https:\/\/www.lieksanurheilijat.com\/index.php?rest_route=%2Fwp%2Fv2%2Fcomments&post=3960"}],"version-history":[{"count":1,"href":"https:\/\/www.lieksanurheilijat.com\/index.php?rest_route=\/wp\/v2\/pages\/3960\/revisions"}],"predecessor-version":[{"id":3961,"href":"https:\/\/www.lieksanurheilijat.com\/index.php?rest_route=\/wp\/v2\/pages\/3960\/revisions\/3961"}],"up":[{"embeddable":true,"href":"https:\/\/www.lieksanurheilijat.com\/index.php?rest_route=\/wp\/v2\/pages\/2811"}],"wp:attachment":[{"href":"https:\/\/www.lieksanurheilijat.com\/index.php?rest_route=%2Fwp%2Fv2%2Fmedia&parent=3960"}],"wp:term":[{"taxonomy":"category","embeddable":true,"href":"https:\/\/www.lieksanurheilijat.com\/index.php?rest_route=%2Fwp%2Fv2%2Fcategories&post=3960"},{"taxonomy":"post_tag","embeddable":true,"href":"https:\/\/www.lieksanurheilijat.com\/index.php?rest_route=%2Fwp%2Fv2%2Ftags&post=3960"}],"curies":[{"name":"wp","href":"https:\/\/api.w.org\/{rel}","templated":true}]}}