{"id":3938,"date":"2015-09-13T17:07:27","date_gmt":"2015-09-13T14:07:27","guid":{"rendered":"https:\/\/www.lieksanurheilijat.com\/?page_id=3938"},"modified":"2015-09-13T17:07:27","modified_gmt":"2015-09-13T14:07:27","slug":"klln-yleisurheilun-mestaruuskilpailut-2015-2-paiva","status":"publish","type":"page","link":"https:\/\/www.lieksanurheilijat.com\/?page_id=3938","title":{"rendered":"KLL:n yleisurheilun mestaruuskilpailut 2015 2. p\u00e4iv\u00e4"},"content":{"rendered":"<p>13.9.2015<br \/>\nHeinola<\/p>\n<p>B pojat 100 m aj Loppukilpailu Tuuli: -1.1<br \/>\n1. Juuso Peltola Mankolan Yhten\u00e4iskoulu 13,78<br \/>\n2. Joni J\u00e4rvinen Salpaussel\u00e4n Peruskoulu 13,80<br \/>\n3. Joel Turkka Sammon Koulu 14,36<br \/>\n4. Ilmari Niiranen Puolimatkan Koulu 15,12<br \/>\n5. Antti Parkkonen Kimpisen Koulu 15,15<br \/>\n6. Chibunna Ezeabasirim Kannelm\u00e4en Perukoulu 15,19<br \/>\n7. <strong>Eeki Kokkonen Keskuskoulun Yl\u00e4koulu 40,45<\/strong><br \/>\nJori Turtiainen Lauritsalan Koulu DNS<\/p>\n<p>B pojat 100 m aj Alkuer\u00e4<br \/>\n1. Juuso Peltola Mankolan Yhten\u00e4iskoulu 13,78Q<br \/>\n2. Joni J\u00e4rvinen Salpaussel\u00e4n Peruskoulu 14,23Q<br \/>\n3. Joel Turkka Sammon Koulu 14,31Q<br \/>\n4. <strong>Eeki Kokkonen Keskuskoulun Yl\u00e4koulu 14,86<\/strong>Q<br \/>\n5. Jori Turtiainen Lauritsalan Koulu 14,97Q<br \/>\n6. Antti Parkkonen Kimpisen Koulu 14,97q<br \/>\n7. Ilmari Niiranen Puolimatkan Koulu 15,00Q<br \/>\n8. Chibunna Ezeabasirim Kannelm\u00e4en Perukoulu 15,44q<br \/>\n9. Akseli Nuutinen Iitin Yl\u00e4koulu 15,80<br \/>\n10. Aapo Nieminen Pohjoispuisto 16,22<\/p>\n<p>Er\u00e4 2 Tuuli: -1.2<br \/>\n1. Joni J\u00e4rvinen Salpaussel\u00e4n Peruskoulu 14,23Q<br \/>\n2. <strong>Eeki Kokkonen Keskuskoulun Yl\u00e4koulu 14,86<\/strong>Q<br \/>\n3. Jori Turtiainen Lauritsalan Koulu 14,97Q<br \/>\n4. Antti Parkkonen Kimpisen Koulu 14,97q<br \/>\n5. Chibunna Ezeabasirim Kannelm\u00e4en Perukoulu 15,44q<\/p>\n<p>B pojat Pituus Loppukilpailu<br \/>\n1. Jimi Nukala Variskan Yl\u00e4aste 6,63 +0.3<br \/>\n2. Markus Kyt\u00f6l\u00e4 Puolimatkan Koulu 6,11 -0.5<br \/>\n3. Lasse H\u00e4melahti Kuoreveden Koulu 5,84 -0.5<br \/>\n4. <strong>Eeki Kokkonen Keskuskoulun Yl\u00e4koulu 5,80 -0.7<\/strong><br \/>\n5. Vili Valtonen Mansikkalan Koulu 5,68 -0.8<br \/>\n6. Niclas Forsberg Telakkakadun Koulu 5,64 -1.1<br \/>\n7. Tomi Laakso Pukinm\u00e4en Peruskoulu 5,60 -0.9<br \/>\n8. Joni J\u00e4rvinen Salpaussel\u00e4n Peruskoulu 5,53 -0.6<br \/>\n9. Antti Parkkonen Kimpisen Koulu 5,51 -0.3<br \/>\n10. Chibunna Ezeabasirim Kannelm\u00e4en Perukoulu 5,49 -0.6<br \/>\n11. Otto Pulkkinen Mansikkalan Koulu 5,43 -0.6<br \/>\n12. Marcus Hakanp\u00e4\u00e4 Dalsbruks Skola 5,32 -0.4<br \/>\n12. Leevi Vihtalahti Kuninkaanhaan Koulu 5,32 -0.9<br \/>\n14. Ilmari Niiranen Puolimatkan Koulu 5,24 -0.1<br \/>\n15. Akim Kauf Pukinm\u00e4en Peruskoulu 5,19 -0.6<br \/>\n16. Eero Peltola Salpaussel\u00e4n Peruskoulu 5,18 -0.4<br \/>\n17. Pietari Valoranta Kuokkalan Yhten\u00e4iskoulu 4,92 -0.9<br \/>\n18. Arttu Peltola Mankolan Yhten\u00e4iskoulu 4,84 +0.6<br \/>\n19. Lorenz Quednau Pukinm\u00e4en Peruskoulu 4,75 -0.9<br \/>\n20. Lauri Savolainen Tehtaanpuisto 4,66 -0.5<br \/>\n21. Akseli Nuutinen Iitin Yl\u00e4koulu 4,62 -0.4<br \/>\n22. Juho Jylh\u00e4maa Orimattilan Yhteiskoulu 4,45 -0.4<br \/>\n23. Veeti Vesalainen Lyseonm\u00e4en Koulu 4,40 -0.3<br \/>\n24. Eeka K\u00f6lhi Pohjois-Haagan Yhteiskoulu 4,38 -0.5<br \/>\nArttu Sandberg Salpaussel\u00e4n Peruskoulu DNS<br \/>\n<strong>Simo N\u00e4ykki Keskuskoulun yl\u00e4koulu DNS<\/strong><\/p>\n<p>B tyt\u00f6t Kuula<br \/>\n1. Annukka Saalismaa Hepolan Koulu 13,64<br \/>\n2. Kaisu Eskelinen Maaninkaj\u00e4rven Koulu 13,19<br \/>\n3. Linn Sund Korsholms H\u00f6gstadium 12,81<br \/>\n4. Sara Killinen Lapuan Yl\u00e4koulu 11,64<br \/>\n5. Janette Hanski Langinkosken Koulu 11,62<br \/>\n6. Emilia Kangas Nurmon Yl\u00e4aste 11,53<br \/>\n7. Ronja Koivisto Alah\u00e4rman Yl\u00e4koulu 11,39<br \/>\n8. Pinja Pikkarainen Harjunrinteen Yl\u00e4aste 11,16<br \/>\n9. Eeva Immonen Tapiolan Koulu 10,87<br \/>\n10. Veera Laamanen Lyseonm\u00e4en Koulu 10,76<br \/>\n11. Sofia Rantanen Koivusaaren Koulu 10,59<br \/>\n12. Sofia P\u00f6lkky Nurmon Yl\u00e4aste 10,53<br \/>\n13. Nelli Talvitie Tapainlinna Koulu 10,46<br \/>\n14. Sanni Kuparinen Turengin Yhteiskoulu 10,32<br \/>\n15. Veera Niemel\u00e4 Lapuan Yl\u00e4koulu 10,22<br \/>\n16. Unna Sinivuori Lehtisaaren Koulu 9,95<br \/>\n17. Riina Mantila Salpaussel\u00e4n Peruskoulu 9,84<br \/>\n18. Saana Torniainen Hirvel\u00e4n Koulu 9,62<br \/>\n19. Iida Pulkkanen Lahden Yhteiskoulu 9,41<br \/>\n20. Camilla Forsberg Telakkakadun Koulu 9,16<br \/>\n21. Laura Sadeharju Nurmon Yl\u00e4aste 8,76<br \/>\n22. Erja-Stiina Saastamoinen Ristiinan Yhteiskoulu 7,79<br \/>\n23. Viivi Rantanen Koivusaaren Koulu 7,67<br \/>\n24. Nilla R\u00e4tty\u00e4 Turengin Yhteiskoulu 7,66<br \/>\n25. <strong>Milla Martikainen Keskuskoulun Yl\u00e4koulu 7,41<\/strong><br \/>\nErika Ahvenharju Hml:n Yhteiskoulu NM<\/p>\n<p>A tyt\u00f6t Korkeus<br \/>\n1. Valeria Borovskaya M\u00e4kel\u00e4nrinne 167<br \/>\n2. <strong>Moona Kokkonen Klassillinen Lukio 161<\/strong><br \/>\n3. Juulia Syrj\u00e4nen M\u00e4kel\u00e4nrinne 161<br \/>\n4. Hilla Nieminen Schildtin Lukio 158<br \/>\n5. Linnea Lindholm Lahden Lyseo 150<br \/>\n5. Minttu Rinne Saarij\u00e4rven Lukio 150<br \/>\n7. Hannali Lodi Juvan Yl\u00e4aste 140<\/p>\n","protected":false},"excerpt":{"rendered":"<p>13.9.2015 Heinola B pojat 100 m aj Loppukilpailu Tuuli: -1.1 1. Juuso Peltola Mankolan Yhten\u00e4iskoulu 13,78 2. Joni J\u00e4rvinen Salpaussel\u00e4n Peruskoulu 13,80 3. Joel Turkka Sammon Koulu 14,36 4. Ilmari Niiranen Puolimatkan Koulu 15,12 5. Antti Parkkonen Kimpisen Koulu 15,15 6. Chibunna Ezeabasirim Kannelm\u00e4en Perukoulu 15,19 7. Eeki Kokkonen Keskuskoulun &hellip;<\/p>\n","protected":false},"author":3,"featured_media":0,"parent":2811,"menu_order":3,"comment_status":"closed","ping_status":"closed","template":"","meta":{"footnotes":""},"categories":[32,7],"tags":[],"class_list":["post-3938","page","type-page","status-publish","hentry","category-millamartikainen","category-tulokset"],"_links":{"self":[{"href":"https:\/\/www.lieksanurheilijat.com\/index.php?rest_route=\/wp\/v2\/pages\/3938","targetHints":{"allow":["GET"]}}],"collection":[{"href":"https:\/\/www.lieksanurheilijat.com\/index.php?rest_route=\/wp\/v2\/pages"}],"about":[{"href":"https:\/\/www.lieksanurheilijat.com\/index.php?rest_route=\/wp\/v2\/types\/page"}],"author":[{"embeddable":true,"href":"https:\/\/www.lieksanurheilijat.com\/index.php?rest_route=\/wp\/v2\/users\/3"}],"replies":[{"embeddable":true,"href":"https:\/\/www.lieksanurheilijat.com\/index.php?rest_route=%2Fwp%2Fv2%2Fcomments&post=3938"}],"version-history":[{"count":1,"href":"https:\/\/www.lieksanurheilijat.com\/index.php?rest_route=\/wp\/v2\/pages\/3938\/revisions"}],"predecessor-version":[{"id":3939,"href":"https:\/\/www.lieksanurheilijat.com\/index.php?rest_route=\/wp\/v2\/pages\/3938\/revisions\/3939"}],"up":[{"embeddable":true,"href":"https:\/\/www.lieksanurheilijat.com\/index.php?rest_route=\/wp\/v2\/pages\/2811"}],"wp:attachment":[{"href":"https:\/\/www.lieksanurheilijat.com\/index.php?rest_route=%2Fwp%2Fv2%2Fmedia&parent=3938"}],"wp:term":[{"taxonomy":"category","embeddable":true,"href":"https:\/\/www.lieksanurheilijat.com\/index.php?rest_route=%2Fwp%2Fv2%2Fcategories&post=3938"},{"taxonomy":"post_tag","embeddable":true,"href":"https:\/\/www.lieksanurheilijat.com\/index.php?rest_route=%2Fwp%2Fv2%2Ftags&post=3938"}],"curies":[{"name":"wp","href":"https:\/\/api.w.org\/{rel}","templated":true}]}}