{"id":3934,"date":"2015-09-12T19:09:49","date_gmt":"2015-09-12T16:09:49","guid":{"rendered":"https:\/\/www.lieksanurheilijat.com\/?page_id=3934"},"modified":"2015-09-12T19:09:49","modified_gmt":"2015-09-12T16:09:49","slug":"klln-yleisurheilun-mestaruuskilpailut-2015-1-paiva","status":"publish","type":"page","link":"https:\/\/www.lieksanurheilijat.com\/?page_id=3934","title":{"rendered":"KLL:n yleisurheilun mestaruuskilpailut 2015 1. p\u00e4iv\u00e4"},"content":{"rendered":"<p>12.9.2015<br \/>\nHeinola<\/p>\n<p>B pojat 100 m Alkuer\u00e4<br \/>\n1. Joonatan Nsukami Sipoonjoen Koulu 11,85<br \/>\n2. Joel Turkka Sammon Koulu 11,87<br \/>\n3. Jesse V\u00e4yrynen Syd\u00e4n-Laukaan Koulu 11,88<br \/>\n4. Justus Arvelin Lahden Yhteiskoulu 11,97<br \/>\n5. Ta Nay Tha Ta Cronhjelmskolan 12,00<br \/>\n6. Jimi Nukala Variskan Yl\u00e4aste 12,01<br \/>\n7. Markus Kyt\u00f6l\u00e4 Puolimatkan Koulu 12,08<br \/>\n8. Lassi Hirvonen Kouvolan Yhteiskoulu 12,23<br \/>\n9. Juuso Peltola Mankolan Yhten\u00e4iskoulu 12,24<br \/>\n10. Eero ViljaNmaa Teuvan Yhten\u00e4iskoulu 12,26<br \/>\n11. Lauri Kaukonen T\u00f6\u00f6l\u00f6n Yhteiskoulu 12,31<br \/>\n12. Leevi Vihtalahti Kuninkaanhaan Koulu 12,31<br \/>\n13. Niclas Forsberg Telakkakadun Koulu 12,38<br \/>\n14. Pietari Valoranta Kuokkalan Yhten\u00e4iskoulu 12,41<br \/>\n15. Antti Chen Tehtaanpuiston Yl\u00e4aste 12,44<br \/>\n16. Arttu Sandberg Salpaussel\u00e4n Peruskoulu 12,46<br \/>\n17. Otto Pulkkinen Mansikkalan Koulu 12,47<br \/>\n18. <strong>Eeki Kokkonen Keskuskoulun Yl\u00e4koulu 12,52<\/strong><br \/>\n19. Leevi Leinonen Anttolan Yhten\u00e4iskoulu 12,52<br \/>\n20. Topias Laine Pohjois-Haagan Yhteiskoulu 12,63<br \/>\n21. Eero Peltola Salpaussel\u00e4n Peruskoulu 12,73<br \/>\n22. Chibunna Ezeabasirim Kannelm\u00e4en Perukoulu 12,74<br \/>\n23. Lauri Savolainen Tehtaanpuiston Yl\u00e4aste 12,78<br \/>\n24. Petteri Rintam\u00e4ki Alavuden Yl\u00e4koulu 12,85<br \/>\n25. Jermu Tarkiainen Puolimatkan Koulu 12,93<br \/>\n26. Aapo Nieminen Pohjoispuisto 13,58<br \/>\n27. Luukas Saari Kuokkalan Yhten\u00e4iskoulu 13,69<br \/>\n28. Eeka K\u00f6lhi PHYK 13,91<\/p>\n<p>Er\u00e4 4 Tuuli: -1.2<br \/>\n1. Justus Arvelin Lahden Yhteiskoulu 11,97<br \/>\n2. Juuso Peltola Mankolan Yhten\u00e4iskoulu 12,24<br \/>\n3. Leevi Vihtalahti Kuninkaanhaan Koulu 12,31<br \/>\n4. Antti Chen Tehtaanpuiston Yl\u00e4aste 12,44<br \/>\n5. <strong>Eeki Kokkonen Keskuskoulun Yl\u00e4koulu 12,52<\/strong><br \/>\n6. Leevi Leinonen Anttolan Yhten\u00e4iskoulu 12,52<br \/>\n7. Jermu Tarkiainen Puolimatkan Koulu 12,93<\/p>\n<p>B pojat Korkeus<br \/>\n1. Arttu Mattila Telakkakadun Koulu 202<br \/>\n2. <strong>Eeki Kokkonen Keskuskoulun Yl\u00e4koulu 174<\/strong><br \/>\n3. Marcus Hakanp\u00e4\u00e4 Dalsbruks Skola 168<br \/>\n4. Ville Tuki Humppilan Yl\u00e4aste 168<br \/>\n5. Casper Tillander Kungsv\u00e4gens Skola 165<br \/>\n6. Juuso Peltola Mankolan Yhten\u00e4iskoulu 162<br \/>\n7. Jermu Tarkiainen Puolimatkan Koulu 158<br \/>\n8. Kristian Jauhiainen H\u00e4meenkyl\u00e4n Koulu 158<br \/>\n9. Vili Valtonen Mansikkalan Koulu 154<br \/>\n10. <strong>Simo N\u00e4ykki Keskuskoulun yl\u00e4koulu 145<\/strong><br \/>\n11. Juho J\u00e4rvinen Laaksolan Koulu 145<\/p>\n<p>B tyt\u00f6t Moukari<br \/>\n1. Julia Kivinen Kaustisen Keskukoulu 55,81<br \/>\n2. Kiia Siponen Telakkakadun Koulu 53,19<br \/>\n3. Sara Killinen Lapuan Yl\u00e4koulu 49,34<br \/>\n4. Susanna Leskel\u00e4 Ruka 48,24<br \/>\n5. Inka Hasanen Elomaan Koulu 45,76<br \/>\n6. Janina Ylinen Kauhajoen Yhteiskoulu 45,41<br \/>\n7. Unna Sinivuori Lehtisaaren Koulu 44,37<br \/>\n8. Anni Sinelampi Lahden Yhteiskoulu 43,31<br \/>\n9. Anniina Witka Kosken Seudun Yl\u00e4aste 41,73<br \/>\n10. Jenna Harju T\u00f6ys\u00e4n Yl\u00e4aste 40,55<br \/>\n11. Siiri Saalo Kartanon Koulu 40,33<br \/>\n12. Pinja Kianta Vesilahden Yl\u00e4aste 39,82<br \/>\n13. Olivia Saarinen Pikkolan Koulu 39,16<br \/>\n14. Iida Pulkkanen Lahden Yhteiskoulu 38,93<br \/>\n15. Pinja Pikkarainen Harjunrinteen Yl\u00e4aste 38,78<br \/>\n16. Sanni Kuparinen Turengin Yhteiskoulu 35,86<br \/>\n17. Sanni Suni T\u00f6ys\u00e4n Yl\u00e4aste 34,77<br \/>\n18. Henni Eskelinen Orimattilan Yhteiskoulu 32,76<br \/>\n19. <strong>Milla Martikainen Keskuskoulun Yl\u00e4koulu 31,87<\/strong><br \/>\n20. Lina Olenius Lyceiparkens Skola 27,56<br \/>\n21. Sinna Kankkunen Kalaj\u00e4rven Koulu 26,02<br \/>\n22. Salla Hovatov Kirkonkyl\u00e4n Koulu 25,83<br \/>\n23. Eeva Laine Kimpisen Koulu 24,49<br \/>\nKaisu Eskelinen Maaninkaj\u00e4rven Koulu NM<br \/>\nSofia P\u00f6lkky Nurmon Yl\u00e4aste NM<br \/>\nLara L\u00e5ngstr\u00f6m Nummi-Pusulan Koulu NM<\/p>\n<p>B tyt\u00f6t Keih\u00e4s<br \/>\n1. Sofia P\u00f6lkky Nurmon Yl\u00e4aste 47,88<br \/>\n2. Heta Paavola J\u00e4rvenp\u00e4\u00e4n Yhteiskoulu 47,65<br \/>\n3. Jenna Harju T\u00f6ys\u00e4n Yl\u00e4aste 44,08<br \/>\n4. Noora Hautam\u00e4ki Huutj\u00e4rven Koulu 43,98<br \/>\n5. Saara Ahonen Keuruun Yhteiskoulu 43,05<br \/>\n6. Pinja Kianta Vesilahden Yl\u00e4aste 41,16<br \/>\n7. Laura Sadeharju Nurmon Yl\u00e4aste 40,67<br \/>\n8. Meiju Eskelinen Maaninkaj\u00e4rven Koulu 39,25<br \/>\n9. Ronja Koivisto Alah\u00e4rman Yl\u00e4koulu 39,20<br \/>\n10. Venla Peltola Kimpisen Koulu 39,15<br \/>\n11. Senni Forsberg Orimattilan Yhteiskoulu 36,55<br \/>\n12. <strong>Milla Martikainen Keskuskoulun Yl\u00e4koulu 35,60<\/strong><br \/>\n13. Jella Paloposki Vuoksenniskan Koulu 35,09<br \/>\n14. Kaisu Eskelinen Maaninkaj\u00e4rven Koulu 34,63<br \/>\n15. Emilia Kangas Nurmon Yl\u00e4aste 33,85<br \/>\n16. Mila Takki Hollolan Yl\u00e4aste 33,20<br \/>\n17. Pihla Johansson Hartolan Yhten\u00e4iskoulu 31,91<br \/>\n18. Salla Hovatov Kirkonkyl\u00e4n Koulu 31,77<br \/>\n19. Vera Nousiainen Keuruun Yhteiskoulu 31,55<br \/>\n20. Sanni Kuparinen Turengin Yhteiskoulu 31,50<br \/>\n21. Eerika P\u00f6lkky Nurmon Yl\u00e4aste 31,46<br \/>\n22. Viola Pennanen Vesilahden Yl\u00e4aste 30,24<br \/>\n23. Sofia Rantanen Koivusaaren Koulu 29,16<br \/>\n24. Maria Peura Lapinniemen Yl\u00e4koulu 25,83<br \/>\n25. Eeva Laine Kimpisen Koulu 24,81<br \/>\n26. Saana Peura Lapinniemen Yl\u00e4koulu 23,26<br \/>\n27. Camilla Forsberg Telakkakadun Koulu 23,06<br \/>\n28. Henna Hiltunen H\u00e4meenkyl\u00e4n Koulu 22,43<br \/>\n29. Viivi Rantanen Koivusaaren Koulu 16,06<br \/>\nEmmi Warto Lyseonm\u00e4en Koulu NM<\/p>\n","protected":false},"excerpt":{"rendered":"<p>12.9.2015 Heinola B pojat 100 m Alkuer\u00e4 1. Joonatan Nsukami Sipoonjoen Koulu 11,85 2. Joel Turkka Sammon Koulu 11,87 3. Jesse V\u00e4yrynen Syd\u00e4n-Laukaan Koulu 11,88 4. Justus Arvelin Lahden Yhteiskoulu 11,97 5. Ta Nay Tha Ta Cronhjelmskolan 12,00 6. Jimi Nukala Variskan Yl\u00e4aste 12,01 7. Markus Kyt\u00f6l\u00e4 Puolimatkan Koulu 12,08 &hellip;<\/p>\n","protected":false},"author":3,"featured_media":0,"parent":2811,"menu_order":5,"comment_status":"closed","ping_status":"closed","template":"","meta":{"footnotes":""},"categories":[32,7],"tags":[],"class_list":["post-3934","page","type-page","status-publish","hentry","category-millamartikainen","category-tulokset"],"_links":{"self":[{"href":"https:\/\/www.lieksanurheilijat.com\/index.php?rest_route=\/wp\/v2\/pages\/3934","targetHints":{"allow":["GET"]}}],"collection":[{"href":"https:\/\/www.lieksanurheilijat.com\/index.php?rest_route=\/wp\/v2\/pages"}],"about":[{"href":"https:\/\/www.lieksanurheilijat.com\/index.php?rest_route=\/wp\/v2\/types\/page"}],"author":[{"embeddable":true,"href":"https:\/\/www.lieksanurheilijat.com\/index.php?rest_route=\/wp\/v2\/users\/3"}],"replies":[{"embeddable":true,"href":"https:\/\/www.lieksanurheilijat.com\/index.php?rest_route=%2Fwp%2Fv2%2Fcomments&post=3934"}],"version-history":[{"count":1,"href":"https:\/\/www.lieksanurheilijat.com\/index.php?rest_route=\/wp\/v2\/pages\/3934\/revisions"}],"predecessor-version":[{"id":3935,"href":"https:\/\/www.lieksanurheilijat.com\/index.php?rest_route=\/wp\/v2\/pages\/3934\/revisions\/3935"}],"up":[{"embeddable":true,"href":"https:\/\/www.lieksanurheilijat.com\/index.php?rest_route=\/wp\/v2\/pages\/2811"}],"wp:attachment":[{"href":"https:\/\/www.lieksanurheilijat.com\/index.php?rest_route=%2Fwp%2Fv2%2Fmedia&parent=3934"}],"wp:term":[{"taxonomy":"category","embeddable":true,"href":"https:\/\/www.lieksanurheilijat.com\/index.php?rest_route=%2Fwp%2Fv2%2Fcategories&post=3934"},{"taxonomy":"post_tag","embeddable":true,"href":"https:\/\/www.lieksanurheilijat.com\/index.php?rest_route=%2Fwp%2Fv2%2Ftags&post=3934"}],"curies":[{"name":"wp","href":"https:\/\/api.w.org\/{rel}","templated":true}]}}