{"id":3928,"date":"2015-09-06T19:10:41","date_gmt":"2015-09-06T16:10:41","guid":{"rendered":"https:\/\/www.lieksanurheilijat.com\/?page_id=3928"},"modified":"2015-09-06T19:10:41","modified_gmt":"2015-09-06T16:10:41","slug":"aikuisurheilijoiden-sm-heitto-ottelu","status":"publish","type":"page","link":"https:\/\/www.lieksanurheilijat.com\/?page_id=3928","title":{"rendered":"Aikuisurheilijoiden SM heitto-ottelu"},"content":{"rendered":"<p>6.9.2015<br \/>\nJyv\u00e4skyl\u00e4<\/p>\n<p>N50 kuula pisteet keih\u00e4s pisteet kiekko pisteet moukari pisteet paino pisteet Pisteet yht.<br \/>\n1. <strong>Mervi Tolonen LieksU 8,99 617 29,76 650 19,04 369 22,49 469 9,25 550 2655<\/strong><br \/>\n2. Lea Pirttil\u00e4 KP 7,38 484 21,78 451 20,08 394 27,74 615 9,35 557 2501<br \/>\n3. P\u00e4ivi Sirvi\u00f6 PolvU 7,11 462 19,09 384 19,66 384 26,27 574 9,33 555 2359<\/p>\n","protected":false},"excerpt":{"rendered":"<p>6.9.2015 Jyv\u00e4skyl\u00e4 N50 kuula pisteet keih\u00e4s pisteet kiekko pisteet moukari pisteet paino pisteet Pisteet yht. 1. Mervi Tolonen LieksU 8,99 617 29,76 650 19,04 369 22,49 469 9,25 550 2655 2. Lea Pirttil\u00e4 KP 7,38 484 21,78 451 20,08 394 27,74 615 9,35 557 2501 3. P\u00e4ivi Sirvi\u00f6 PolvU 7,11 &hellip;<\/p>\n","protected":false},"author":3,"featured_media":0,"parent":2811,"menu_order":6,"comment_status":"closed","ping_status":"closed","template":"","meta":{"footnotes":""},"categories":[15,7],"tags":[],"class_list":["post-3928","page","type-page","status-publish","hentry","category-mervitolonen","category-tulokset"],"_links":{"self":[{"href":"https:\/\/www.lieksanurheilijat.com\/index.php?rest_route=\/wp\/v2\/pages\/3928","targetHints":{"allow":["GET"]}}],"collection":[{"href":"https:\/\/www.lieksanurheilijat.com\/index.php?rest_route=\/wp\/v2\/pages"}],"about":[{"href":"https:\/\/www.lieksanurheilijat.com\/index.php?rest_route=\/wp\/v2\/types\/page"}],"author":[{"embeddable":true,"href":"https:\/\/www.lieksanurheilijat.com\/index.php?rest_route=\/wp\/v2\/users\/3"}],"replies":[{"embeddable":true,"href":"https:\/\/www.lieksanurheilijat.com\/index.php?rest_route=%2Fwp%2Fv2%2Fcomments&post=3928"}],"version-history":[{"count":1,"href":"https:\/\/www.lieksanurheilijat.com\/index.php?rest_route=\/wp\/v2\/pages\/3928\/revisions"}],"predecessor-version":[{"id":3929,"href":"https:\/\/www.lieksanurheilijat.com\/index.php?rest_route=\/wp\/v2\/pages\/3928\/revisions\/3929"}],"up":[{"embeddable":true,"href":"https:\/\/www.lieksanurheilijat.com\/index.php?rest_route=\/wp\/v2\/pages\/2811"}],"wp:attachment":[{"href":"https:\/\/www.lieksanurheilijat.com\/index.php?rest_route=%2Fwp%2Fv2%2Fmedia&parent=3928"}],"wp:term":[{"taxonomy":"category","embeddable":true,"href":"https:\/\/www.lieksanurheilijat.com\/index.php?rest_route=%2Fwp%2Fv2%2Fcategories&post=3928"},{"taxonomy":"post_tag","embeddable":true,"href":"https:\/\/www.lieksanurheilijat.com\/index.php?rest_route=%2Fwp%2Fv2%2Ftags&post=3928"}],"curies":[{"name":"wp","href":"https:\/\/api.w.org\/{rel}","templated":true}]}}