{"id":3891,"date":"2015-09-02T21:52:00","date_gmt":"2015-09-02T18:52:00","guid":{"rendered":"https:\/\/www.lieksanurheilijat.com\/?page_id=3891"},"modified":"2015-09-03T05:48:44","modified_gmt":"2015-09-03T02:48:44","slug":"matin-kuntokymppi","status":"publish","type":"page","link":"https:\/\/www.lieksanurheilijat.com\/?page_id=3891","title":{"rendered":"Matin kuntokymppi"},"content":{"rendered":"<p>2.9.2015<br \/>\nLieksa<\/p>\n<p>M 10000m<br \/>\n1 Sakari Hukka Polvij\u00e4rven Urheilijat 34.31,8<br \/>\n2 Sami Oinonen Lieksan Urheilijat 35.33,0<br \/>\n3 Niko Keronen Forrest Guuri 39.04,1<\/p>\n<p>M40 10000m<br \/>\n1 Arto Rokkonen Lieksan Visa 43.21,8<\/p>\n<p>M50 10000m<br \/>\n1 Esko Lintunen Sulkaman Kipin\u00e4 37.26,3<br \/>\n2 Jarmo Honkanen Pyh\u00e4sel\u00e4n Urheilijat 49.09,1<\/p>\n<p>M60 10000m<br \/>\n1 Ahti Ker\u00e4nen Lieksa 41.21,1<br \/>\n2 Toivo Penttinen Joensuun Kataja 42.18,3<br \/>\n3 Heikki Ker\u00e4nen Eno 48.52,2<\/p>\n<p>M70 10000m<br \/>\n1 Olavi Ukonmaanaho Lieksan Hiihtoseura 51.24,3<br \/>\n2 Antti Riikonen Porvoo 59.15,5<br \/>\n3 Veli Liimatta Eno 74.47,1<\/p>\n<p>Miehet kunto 10000m<br \/>\n1 Toni Mikkonen Pielisen Karjalan tukkilaisperinne 38.33,6<br \/>\n2 Heikki Hujanen Lieksa 44.16,9<br \/>\n3 Olavi Sarkkinen Lieksan Hiihtoseura 50.01,1<\/p>\n","protected":false},"excerpt":{"rendered":"<p>2.9.2015 Lieksa M 10000m 1 Sakari Hukka Polvij\u00e4rven Urheilijat 34.31,8 2 Sami Oinonen Lieksan Urheilijat 35.33,0 3 Niko Keronen Forrest Guuri 39.04,1 M40 10000m 1 Arto Rokkonen Lieksan Visa 43.21,8 M50 10000m 1 Esko Lintunen Sulkaman Kipin\u00e4 37.26,3 2 Jarmo Honkanen Pyh\u00e4sel\u00e4n Urheilijat 49.09,1 M60 10000m 1 Ahti Ker\u00e4nen Lieksa &hellip;<\/p>\n","protected":false},"author":2,"featured_media":0,"parent":2811,"menu_order":10,"comment_status":"closed","ping_status":"closed","template":"","meta":{"footnotes":""},"categories":[7],"tags":[],"class_list":["post-3891","page","type-page","status-publish","hentry","category-tulokset"],"_links":{"self":[{"href":"https:\/\/www.lieksanurheilijat.com\/index.php?rest_route=\/wp\/v2\/pages\/3891","targetHints":{"allow":["GET"]}}],"collection":[{"href":"https:\/\/www.lieksanurheilijat.com\/index.php?rest_route=\/wp\/v2\/pages"}],"about":[{"href":"https:\/\/www.lieksanurheilijat.com\/index.php?rest_route=\/wp\/v2\/types\/page"}],"author":[{"embeddable":true,"href":"https:\/\/www.lieksanurheilijat.com\/index.php?rest_route=\/wp\/v2\/users\/2"}],"replies":[{"embeddable":true,"href":"https:\/\/www.lieksanurheilijat.com\/index.php?rest_route=%2Fwp%2Fv2%2Fcomments&post=3891"}],"version-history":[{"count":2,"href":"https:\/\/www.lieksanurheilijat.com\/index.php?rest_route=\/wp\/v2\/pages\/3891\/revisions"}],"predecessor-version":[{"id":3894,"href":"https:\/\/www.lieksanurheilijat.com\/index.php?rest_route=\/wp\/v2\/pages\/3891\/revisions\/3894"}],"up":[{"embeddable":true,"href":"https:\/\/www.lieksanurheilijat.com\/index.php?rest_route=\/wp\/v2\/pages\/2811"}],"wp:attachment":[{"href":"https:\/\/www.lieksanurheilijat.com\/index.php?rest_route=%2Fwp%2Fv2%2Fmedia&parent=3891"}],"wp:term":[{"taxonomy":"category","embeddable":true,"href":"https:\/\/www.lieksanurheilijat.com\/index.php?rest_route=%2Fwp%2Fv2%2Fcategories&post=3891"},{"taxonomy":"post_tag","embeddable":true,"href":"https:\/\/www.lieksanurheilijat.com\/index.php?rest_route=%2Fwp%2Fv2%2Ftags&post=3891"}],"curies":[{"name":"wp","href":"https:\/\/api.w.org\/{rel}","templated":true}]}}