{"id":3888,"date":"2015-09-01T21:45:11","date_gmt":"2015-09-01T18:45:11","guid":{"rendered":"https:\/\/www.lieksanurheilijat.com\/?page_id=3888"},"modified":"2015-09-03T05:48:27","modified_gmt":"2015-09-03T02:48:27","slug":"lieksan-seivas-ja-moukarikisa","status":"publish","type":"page","link":"https:\/\/www.lieksanurheilijat.com\/?page_id=3888","title":{"rendered":"Lieksan seiv\u00e4s- ja moukarikisa"},"content":{"rendered":"<p>1.9.2015<br \/>\nLieksa<\/p>\n<p>P13 moukari<br \/>\n1 Niklas Hyv\u00f6nen Pyh\u00e4sel\u00e4n Urheilijat 34,16<\/p>\n<p>N17 moukari<br \/>\n1 Venla Kettunen Lieksan Urheilijat 50,29<\/p>\n<p>T13 moukari<br \/>\n1 Milla Martikainen Lieksan Urheilijat 32,52<\/p>\n<p>T13 seiv\u00e4s<br \/>\n1 Milla Martikainen Lieksan Urheilijat 235<\/p>\n<p>T11 moukari<br \/>\n1 Maija Boren Lieksan Urheilijat 13,13<br \/>\n2 Aino Pyykk\u00f6 Lieksan Urheilijat 10,80<\/p>\n<p>T11 seiv\u00e4s<br \/>\n1 Maija Boren Lieksan Urheilijat 185<br \/>\n2 Aino Pyykk\u00f6 Lieksan Urheilijat 155<\/p>\n","protected":false},"excerpt":{"rendered":"<p>1.9.2015 Lieksa P13 moukari 1 Niklas Hyv\u00f6nen Pyh\u00e4sel\u00e4n Urheilijat 34,16 N17 moukari 1 Venla Kettunen Lieksan Urheilijat 50,29 T13 moukari 1 Milla Martikainen Lieksan Urheilijat 32,52 T13 seiv\u00e4s 1 Milla Martikainen Lieksan Urheilijat 235 T11 moukari 1 Maija Boren Lieksan Urheilijat 13,13 2 Aino Pyykk\u00f6 Lieksan Urheilijat 10,80 T11 seiv\u00e4s &hellip;<\/p>\n","protected":false},"author":2,"featured_media":0,"parent":2811,"menu_order":12,"comment_status":"closed","ping_status":"closed","template":"","meta":{"footnotes":""},"categories":[42,39,32,7,23],"tags":[],"class_list":["post-3888","page","type-page","status-publish","hentry","category-ainopyykko","category-maijaboren","category-millamartikainen","category-tulokset","category-venlakettunen"],"_links":{"self":[{"href":"https:\/\/www.lieksanurheilijat.com\/index.php?rest_route=\/wp\/v2\/pages\/3888","targetHints":{"allow":["GET"]}}],"collection":[{"href":"https:\/\/www.lieksanurheilijat.com\/index.php?rest_route=\/wp\/v2\/pages"}],"about":[{"href":"https:\/\/www.lieksanurheilijat.com\/index.php?rest_route=\/wp\/v2\/types\/page"}],"author":[{"embeddable":true,"href":"https:\/\/www.lieksanurheilijat.com\/index.php?rest_route=\/wp\/v2\/users\/2"}],"replies":[{"embeddable":true,"href":"https:\/\/www.lieksanurheilijat.com\/index.php?rest_route=%2Fwp%2Fv2%2Fcomments&post=3888"}],"version-history":[{"count":2,"href":"https:\/\/www.lieksanurheilijat.com\/index.php?rest_route=\/wp\/v2\/pages\/3888\/revisions"}],"predecessor-version":[{"id":3893,"href":"https:\/\/www.lieksanurheilijat.com\/index.php?rest_route=\/wp\/v2\/pages\/3888\/revisions\/3893"}],"up":[{"embeddable":true,"href":"https:\/\/www.lieksanurheilijat.com\/index.php?rest_route=\/wp\/v2\/pages\/2811"}],"wp:attachment":[{"href":"https:\/\/www.lieksanurheilijat.com\/index.php?rest_route=%2Fwp%2Fv2%2Fmedia&parent=3888"}],"wp:term":[{"taxonomy":"category","embeddable":true,"href":"https:\/\/www.lieksanurheilijat.com\/index.php?rest_route=%2Fwp%2Fv2%2Fcategories&post=3888"},{"taxonomy":"post_tag","embeddable":true,"href":"https:\/\/www.lieksanurheilijat.com\/index.php?rest_route=%2Fwp%2Fv2%2Ftags&post=3888"}],"curies":[{"name":"wp","href":"https:\/\/api.w.org\/{rel}","templated":true}]}}