{"id":3881,"date":"2015-09-02T15:15:04","date_gmt":"2015-09-02T12:15:04","guid":{"rendered":"https:\/\/www.lieksanurheilijat.com\/?page_id=3881"},"modified":"2015-09-02T15:27:25","modified_gmt":"2015-09-02T12:27:25","slug":"lieksan-koululaismestaruudet-2015","status":"publish","type":"page","link":"https:\/\/www.lieksanurheilijat.com\/?page_id=3881","title":{"rendered":"Lieksan koululaismestaruudet 2015"},"content":{"rendered":"<p>2.9.2015<br \/>\nLieksa<\/p>\n<p>T08 miniottelu (40m ja pituus)<br \/>\n1 Netta Oinonen Rantala 217<br \/>\n2 Enna Pyykk\u00f6 Keskuskoulu 182<br \/>\n3 Jenna Huotari Keskuskoulu 167<br \/>\n4 Minea Mauranen Rantala 165<br \/>\n5 Emilia Heikkinen Rantala 147<br \/>\n6 Minna Lepp\u00e4nen Keskuskoulu 145<br \/>\n7 Kowsar Hassan Rantala 140<br \/>\n7 Emma K\u00e4rkk\u00e4inen Jamali 140<br \/>\n9 Essi Partanen Keskuskoulu 114<br \/>\n10 Maria Nyk\u00e4nen Vuoniskyl\u00e4t 112<br \/>\n11 Aino Heikkinen Jamali 107<br \/>\n12 Vilja Tirkkonen Vuoniskyl\u00e4t 103<br \/>\n13 Sara Salonen Jamali 91<br \/>\n14 Tuuli Turunen Vuoniskyl\u00e4t 90<br \/>\n15 Vilma Komulainen Jamali 81<br \/>\n16 Jade Korhonen Koli 76<br \/>\n17 Milja Turunen Vuoniskyl\u00e4t 71<\/p>\n<p>T08 40m<br \/>\nEr\u00e4 1<br \/>\n1 Enna Pyykk\u00f6 Keskuskoulu 8,25<br \/>\n2 Minea Mauranen Rantala 8,29<br \/>\n3 Essi Partanen Keskuskoulu 8,77<br \/>\n4 Maria Nyk\u00e4nen Vuoniskyl\u00e4t 8,99<br \/>\n5 Milja Turunen Vuoniskyl\u00e4t 9,22<br \/>\n6 Jade Korhonen Koli 9,23<\/p>\n<p>Er\u00e4 2<br \/>\n1 Netta Oinonen Rantala 8,03<br \/>\n2 Jenna Huotari Keskuskoulu 8,20<br \/>\n3 Emma K\u00e4rkk\u00e4inen Jamali 8,45<br \/>\n4 Kowsar Hassan Rantala 8,46<br \/>\n5 Sara Salonen Jamali 8,68<br \/>\n6 Vilja Tirkkonen Vuoniskyl\u00e4t 9,15<\/p>\n<p>Er\u00e4 3<br \/>\n1 Minna Lepp\u00e4nen Keskuskoulu 8,47<br \/>\n2 Aino Heikkinen Jamali 8,75<br \/>\n3 Emilia Heikkinen Rantala 8,93<br \/>\n4 Vilma Komulainen Jamali 9,15<br \/>\n5 Tuuli Turunen Vuoniskyl\u00e4t 9,23<\/p>\n<p>Yhdistetyt tulokset<br \/>\n1 Netta Oinonen Rantala 8,03<br \/>\n2 Jenna Huotari Keskuskoulu 8,20<br \/>\n3 Enna Pyykk\u00f6 Keskuskoulu 8,25<br \/>\n4 Minea Mauranen Rantala 8,29<br \/>\n5 Emma K\u00e4rkk\u00e4inen Jamali 8,45<br \/>\n6 Kowsar Hassan Rantala 8,46<br \/>\n7 Minna Lepp\u00e4nen Keskuskoulu 8,47<br \/>\n7 Sara Salonen Jamali 8,68<br \/>\n9 Aino Heikkinen Jamali 8,75<br \/>\n10 Essi Partanen Keskuskoulu 8,77<br \/>\n11 Emilia Heikkinen Rantala 8,93<br \/>\n12 Maria Nyk\u00e4nen Vuoniskyl\u00e4t 8,99<br \/>\n13 Vilja Tirkkonen Vuoniskyl\u00e4t 9,15<br \/>\n13 Vilma Komulainen Jamali 9,15<br \/>\n15 Milja Turunen Vuoniskyl\u00e4t 9,22<br \/>\n16 Tuuli Turunen Vuoniskyl\u00e4t 9,23<br \/>\n17 Jade Korhonen Koli 9,23<\/p>\n<p>T08 pituus alueponnistus<br \/>\n1 Netta Oinonen Rantala 280<br \/>\n2 Emilia Heikkinen Rantala 262<br \/>\n3 Enna Pyykk\u00f6 Keskuskoulu 261<br \/>\n4 Minea Mauranen Rantala 245<br \/>\n5 Jenna Huotari Keskuskoulu 240<br \/>\n6 Minna Lepp\u00e4nen Keskuskoulu 233<br \/>\n7 Kowsar Hassan Rantala 226<br \/>\n7 Emma K\u00e4rkk\u00e4inen Jamali 224<br \/>\n9 Maria Nyk\u00e4nen Vuoniskyl\u00e4t 222<br \/>\n10 Vilja Tirkkonen Vuoniskyl\u00e4t 217<br \/>\n11 Essi Partanen Keskuskoulu 212<br \/>\n12 Tuuli Turunen Vuoniskyl\u00e4t 203<br \/>\n13 Aino Heikkinen Jamali 200<br \/>\n14 Vilma Komulainen Jamali 183<br \/>\n15 Jade Korhonen Koli 180<br \/>\n16 Milja Turunen Vuoniskyl\u00e4t 167<br \/>\n17 Sara Salonen Jamali 166<\/p>\n<p>P08 miniottelu (40m ja pituus)<br \/>\n1 Veeti Turunen Keskuskoulu 218<br \/>\n2 Martti Saraniemi Rantala 214<br \/>\n3 Tuukka Mikkonen Rantala 198<br \/>\n4 Veeti Laatikainen Jamali 191<br \/>\n5 Elmeri Turpeinen Rantala 185<br \/>\n6 Juuso Nevalainen Keskuskoulu 184<br \/>\n7 Miika Pyykk\u00f6 Rantala 174<br \/>\n8 Eino K\u00e4rki Jamali 170<br \/>\n9 Heikki Tuhkanen Keskuskoulu 163<br \/>\n10 Iiro Ikonen Vuoniskyl\u00e4t 159<br \/>\n11 Miika Lehto Keskuskoulu 150<br \/>\n12 Mikko Sutinen Koli 140<br \/>\n13 Taito Ahonen Vuoniskyl\u00e4t 123<br \/>\n14 Viljami K\u00e4rki Jamali 102<br \/>\n15 Petrus Mertanen Koli 99<\/p>\n<p>P08 40m<br \/>\nEr\u00e4 1<br \/>\n1 Tuukka Mikkonen Rantala 8,07<br \/>\n2 Heikki Tuhkanen Keskuskoulu 8,38<br \/>\n3 Miika Lehto Keskuskoulu 8,54<br \/>\n4 Mikko Sutinen Koli 8,59<br \/>\n5 Taito Ahonen Vuoniskyl\u00e4t 8,73<\/p>\n<p>Er\u00e4 2<br \/>\n1 Juuso Nevalainen Keskuskoulu 8,14<br \/>\n2 Veeti Laatikainen Jamali 8,26<br \/>\n3 Miika Pyykk\u00f6 Rantala 8,44<br \/>\n4 Petrus Mertanen Koli 8,81<br \/>\n5 Viljami K\u00e4rki Jamali 9,24<\/p>\n<p>Er\u00e4 3<br \/>\n1 Veeti Turunen Keskuskoulu 7,83<br \/>\n2 Martti Saraniemi Rantala 7,86<br \/>\n3 Elmeri Turpeinen Rantala 7,92<br \/>\n4 Eino K\u00e4rki Jamali 8,05<br \/>\n5 Iiro Ikonen Vuoniskyl\u00e4t 8,31<\/p>\n<p>Yhdistetyt tulokset<br \/>\n1 Veeti Turunen Keskuskoulu 7,83<br \/>\n2 Martti Saraniemi Rantala 7,86<br \/>\n3 Elmeri Turpeinen Rantala 7,92<br \/>\n4 Eino K\u00e4rki Jamali 8,05<br \/>\n5 Tuukka Mikkonen Rantala 8,07<br \/>\n6 Juuso Nevalainen Keskuskoulu 8,14<br \/>\n7 Veeti Laatikainen Jamali 8,26<br \/>\n8 Iiro Ikonen Vuoniskyl\u00e4t 8,31<br \/>\n9 Heikki Tuhkanen Keskuskoulu 8,38<br \/>\n10 Miika Pyykk\u00f6 Rantala 8,44<br \/>\n11 Miika Lehto Keskuskoulu 8,54<br \/>\n12 Mikko Sutinen Koli 8,59<br \/>\n13 Taito Ahonen Vuoniskyl\u00e4t 8,73<br \/>\n14 Petrus Mertanen Koli 8,81<br \/>\n15 Viljami K\u00e4rki Jamali 9,24<\/p>\n<p>P08 pituus alueponnistus<br \/>\n1 Veeti Laatikainen Jamali 271<br \/>\n2 Miika Pyykk\u00f6 Rantala 265<br \/>\n3 Tuukka Mikkonen Rantala 264 239<br \/>\n4 Veeti Turunen Keskuskoulu 264 236<br \/>\n5 Martti Saraniemi Rantala 263<br \/>\n6 Juuso Nevalainen Keskuskoulu 254<br \/>\n7 Heikki Tuhkanen Keskuskoulu 248<br \/>\n8 Miika Lehto Keskuskoulu 243<br \/>\n9 Iiro Ikonen Vuoniskyl\u00e4t 238<br \/>\n10 Elmeri Turpeinen Rantala 235<br \/>\n11 Mikko Sutinen Koli 235<br \/>\n12 Eino K\u00e4rki Jamali 230<br \/>\n13 Taito Ahonen Vuoniskyl\u00e4t 222<br \/>\n14 Viljami K\u00e4rki Jamali 221<br \/>\n15 Petrus Mertanen Koli 192<\/p>\n<p>T10 kolmiottelu (60m, pituus ja junnukeih\u00e4s)<br \/>\n1 Aino Pyykk\u00f6 Keskuskoulu 415<br \/>\n2 Iida Tolvanen Koli 356<br \/>\n3 Mimosa Laatikainen Jamali 335<br \/>\n4 Iida Kortelainen Keskuskoulu 323<br \/>\n5 Tuuli Saraniemi Rantala 317<br \/>\n6 Laura Nuutinen Rantala 273<br \/>\n7 Aada Valtola Keskuskoulu 253<br \/>\n8 Ida-Maria Meril\u00e4inen Keskuskoulu 244<br \/>\n9 Iida P\u00e4iv\u00e4puro Rantala 242<br \/>\n10 Liisa Laakkonen Rantala 241<br \/>\n11 Julia K\u00e4rkk\u00e4inen Jamali 233<br \/>\n12 Milka Nyk\u00e4nen Vuoniskyl\u00e4t 228<br \/>\n13 Jenni Gromov Vuoniskyl\u00e4t 211<br \/>\n14 Anniina Jetsonen Koli 181<br \/>\n15 Oona Ikonen Vuoniskyl\u00e4t 179<\/p>\n<p>T10 60m<br \/>\nEr\u00e4 1<br \/>\n1 Iida Tolvanen Koli 10,67<br \/>\n2 Milka Nyk\u00e4nen Vuoniskyl\u00e4t 11,38<br \/>\n3 Aada Valtola Keskuskoulu 11,50<br \/>\n4 Ida-Maria Meril\u00e4inen Keskuskoulu 11,72<br \/>\n5 Iida P\u00e4iv\u00e4puro Rantala 11,83<\/p>\n<p>Er\u00e4 2<br \/>\n1 Aino Pyykk\u00f6 Keskuskoulu 10,24<br \/>\n2 Mimosa Laatikainen Jamali 10,75<br \/>\n3 Laura Nuutinen Rantala 11,50<br \/>\n4 Jenni Gromov Vuoniskyl\u00e4t 11,88<br \/>\n5 Anniina Jetsonen Koli 12,30<\/p>\n<p>Er\u00e4 3<br \/>\n1 Iida Kortelainen Keskuskoulu 11,12<br \/>\n2 Tuuli Saraniemi Rantala 11,24<br \/>\n3 Liisa Laakkonen Rantala 11,70<br \/>\n4 Julia K\u00e4rkk\u00e4inen Jamali 11,89<br \/>\n5 Oona Ikonen Vuoniskyl\u00e4t 12,32<\/p>\n<p>Yhdistetyt tulokset<br \/>\n1 Aino Pyykk\u00f6 Keskuskoulu 10,24<br \/>\n2 Iida Tolvanen Koli 10,67<br \/>\n3 Mimosa Laatikainen Jamali 10,75<br \/>\n4 Iida Kortelainen Keskuskoulu 11,12<br \/>\n5 Tuuli Saraniemi Rantala 11,24<br \/>\n6 Milka Nyk\u00e4nen Vuoniskyl\u00e4t 11,38<br \/>\n7 Laura Nuutinen Rantala 11,50<br \/>\n7 Aada Valtola Keskuskoulu 11,50<br \/>\n9 Liisa Laakkonen Rantala 11,70<br \/>\n10 Ida-Maria Meril\u00e4inen Keskuskoulu 11,72<br \/>\n11 Iida P\u00e4iv\u00e4puro Rantala 11,83<br \/>\n12 Jenni Gromov Vuoniskyl\u00e4t 11,88<br \/>\n13 Julia K\u00e4rkk\u00e4inen Jamali 11,89<br \/>\n14 Anniina Jetsonen Koli 12,30<br \/>\n15 Oona Ikonen Vuoniskyl\u00e4t 12,32<\/p>\n<p>T10 pituus alueponnistus<br \/>\n1 Aino Pyykk\u00f6 Keskuskoulu 300<br \/>\n2 Iida Kortelainen Keskuskoulu 287 278<br \/>\n3 Iida Tolvanen Koli 287 277<br \/>\n4 Mimosa Laatikainen Jamali 284<br \/>\n5 Tuuli Saraniemi Rantala 269<br \/>\n6 Iida P\u00e4iv\u00e4puro Rantala 258<br \/>\n7 Liisa Laakkonen Rantala 254<br \/>\n8 Aada Valtola Keskuskoulu 246 241<br \/>\n9 Julia K\u00e4rkk\u00e4inen Jamali 246 228<br \/>\n10 Ida-Maria Meril\u00e4inen Keskuskoulu 243<br \/>\n11 Laura Nuutinen Rantala 243<br \/>\n12 Jenni Gromov Vuoniskyl\u00e4t 229<br \/>\n13 Oona Ikonen Vuoniskyl\u00e4t 226<br \/>\n14 Milka Nyk\u00e4nen Vuoniskyl\u00e4t 213<br \/>\n15 Anniina Jetsonen Koli 198<\/p>\n<p>T10 junnukeih\u00e4s<br \/>\n1 Tuuli Saraniemi Rantala 10,40<br \/>\n2 Laura Nuutinen Rantala 9,85<br \/>\n3 Aino Pyykk\u00f6 Keskuskoulu 9,55<br \/>\n4 Iida Tolvanen Koli 8,94<br \/>\n5 Iida Kortelainen Keskuskoulu 8,82<br \/>\n6 Ida-Maria Meril\u00e4inen Keskuskoulu 8,28<br \/>\n7 Mimosa Laatikainen Jamali 7,96<br \/>\n8 Aada Valtola Keskuskoulu 7,89<br \/>\n9 Julia K\u00e4rkk\u00e4inen Jamali 7,75<br \/>\n10 Anniina Jetsonen Koli 7,69<br \/>\n11 Milka Nyk\u00e4nen Vuoniskyl\u00e4t 7,42<br \/>\n12 Iida P\u00e4iv\u00e4puro Rantala 7,36<br \/>\n13 Liisa Laakkonen Rantala 7,10<br \/>\n14 Jenni Gromov Vuoniskyl\u00e4t 7,05<br \/>\n15 Oona Ikonen Vuoniskyl\u00e4t 5,78<\/p>\n<p>T10 600m<br \/>\n1 Mimosa Laatikainen Jamali 2.32,11<br \/>\n2 Julia K\u00e4rkk\u00e4inen Jamali 2.33,68<br \/>\n3 Tuuli Saraniemi Rantala 2.34,43<br \/>\n4 Aino Pyykk\u00f6 Keskuskoulu 2.36,48<br \/>\n5 Liisa Laakkonen Rantala 2.53,07<br \/>\n6 Laura Nuutinen Rantala 3.00,90<br \/>\n7 Iida P\u00e4iv\u00e4puro Rantala 3.02,50<\/p>\n<p>P10 kolmiottelu (60m, pituus ja junnukeih\u00e4s)<br \/>\n1 Eero Mauro Rantala 577<br \/>\n2 Aarni Nyblom Jamali 556<br \/>\n3 Niko Nevalainen Rantala 457<br \/>\n4 Janne Soikkeli Rantala 422<br \/>\n5 Sami K\u00e4rkk\u00e4inen Jamali 402<br \/>\n6 Daniel Pitk\u00e4nen Vuoniskyl\u00e4t 391<br \/>\n7 Peetu Pyykk\u00f6 Rantala 372<br \/>\n8 Miika Palviainen Keskuskoulu 323<br \/>\n9 Eero K\u00e4rki Jamali 321<br \/>\n10 Markus Vallius Keskuskoulu 301<br \/>\n11 Akseli Leinonen Vuoniskyl\u00e4t 298<br \/>\n12 Onni Sutinen Koli 297<br \/>\n13 Juho Iso-Herttua Vuoniskyl\u00e4t 265<br \/>\n14 Otto Siponen Jamali 248<br \/>\n15 Aaro Leinonen Vuoniskyl\u00e4t 246<br \/>\n16 Arttu Ruokolainen Keskuskoulu 175<\/p>\n<p>P10 60m<br \/>\nEr\u00e4 1<br \/>\n1 Daniel Pitk\u00e4nen Vuoniskyl\u00e4t 10,98<br \/>\n2 Peetu Pyykk\u00f6 Rantala 11,04<br \/>\n3 Onni Sutinen Koli 11,45<br \/>\n4 Aaro Leinonen Vuoniskyl\u00e4t 11,74<br \/>\n5 Otto Siponen Jamali 11,97<br \/>\n6 Miika Palviainen Keskuskoulu 12,20<\/p>\n<p>Er\u00e4 2<br \/>\n1 Aarni Nyblom Jamali 9,88<br \/>\n2 Niko Nevalainen Rantala 10,51<br \/>\n3 Eero K\u00e4rki Jamali 11,20<br \/>\n4 Juho Iso-Herttua Vuoniskyl\u00e4t 11,38<br \/>\n5 Arttu Ruokolainen Keskuskoulu 12,35<\/p>\n<p>Er\u00e4 3<br \/>\n1 Eero Mauro Rantala 10,09<br \/>\n2 Sami K\u00e4rkk\u00e4inen Jamali 10,53<br \/>\n3 Janne Soikkeli Rantala 10,61<br \/>\n4 Markus Vallius Keskuskoulu 11,00<br \/>\n5 Akseli Leinonen Vuoniskyl\u00e4t 11,04<\/p>\n<p>Yhdistetyt tulokset<br \/>\n1 Aarni Nyblom Jamali 9,88<br \/>\n2 Eero Mauro Rantala 10,09<br \/>\n3 Niko Nevalainen Rantala 10,51<br \/>\n4 Sami K\u00e4rkk\u00e4inen Jamali 10,53<br \/>\n5 Janne Soikkeli Rantala 10,61<br \/>\n6 Daniel Pitk\u00e4nen Vuoniskyl\u00e4t 10,98<br \/>\n7 Markus Vallius Keskuskoulu 11,00<br \/>\n8 Peetu Pyykk\u00f6 Rantala 11,04<br \/>\n9 Akseli Leinonen Vuoniskyl\u00e4t 11,04<br \/>\n10 Eero K\u00e4rki Jamali 11,20<br \/>\n11 Juho Iso-Herttua Vuoniskyl\u00e4t 11,38<br \/>\n12 Onni Sutinen Koli 11,45<br \/>\n13 Aaro Leinonen Vuoniskyl\u00e4t 11,74<br \/>\n14 Otto Siponen Jamali 11,97<br \/>\n15 Miika Palviainen Keskuskoulu 12,20<br \/>\n16 Arttu Ruokolainen Keskuskoulu 12,35<\/p>\n<p>P10 pituus alueponnistus<br \/>\n1 Aarni Nyblom Jamali 369<br \/>\n2 Eero Mauro Rantala 344<br \/>\n3 Niko Nevalainen Rantala 330<br \/>\n4 Daniel Pitk\u00e4nen Vuoniskyl\u00e4t 320<br \/>\n5 Janne Soikkeli Rantala 315<br \/>\n6 Sami K\u00e4rkk\u00e4inen Jamali 305<br \/>\n7 Peetu Pyykk\u00f6 Rantala 300<br \/>\n8 Markus Vallius Keskuskoulu 290<br \/>\n9 Onni Sutinen Koli 274<br \/>\n10 Akseli Leinonen Vuoniskyl\u00e4t 268<br \/>\n11 Aaro Leinonen Vuoniskyl\u00e4t 263<br \/>\n12 Eero K\u00e4rki Jamali 256<br \/>\n13 Miika Palviainen Keskuskoulu 254<br \/>\n14 Otto Siponen Jamali 248<br \/>\n15 Juho Iso-Herttua Vuoniskyl\u00e4t 238<br \/>\n16 Arttu Ruokolainen Keskuskoulu 210<\/p>\n<p>P10 junnukeih\u00e4s<br \/>\n1 Eero Mauro Rantala 16,90<br \/>\n2 Miika Palviainen Keskuskoulu 15,59<br \/>\n3 Niko Nevalainen Rantala 12,08<br \/>\n4 Eero K\u00e4rki Jamali 11,61<br \/>\n5 Janne Soikkeli Rantala 11,45<br \/>\n6 Peetu Pyykk\u00f6 Rantala 11,34<br \/>\n7 Daniel Pitk\u00e4nen Vuoniskyl\u00e4t 10,62<br \/>\n8 Aarni Nyblom Jamali 10,45<br \/>\n9 Sami K\u00e4rkk\u00e4inen Jamali 10,23<br \/>\n10 Onni Sutinen Koli 9,30<br \/>\n11 Otto Siponen Jamali 9,22<br \/>\n12 Juho Iso-Herttua Vuoniskyl\u00e4t 8,99<br \/>\n13 Akseli Leinonen Vuoniskyl\u00e4t 7,80<br \/>\n14 Aaro Leinonen Vuoniskyl\u00e4t 7,04<br \/>\n15 Arttu Ruokolainen Keskuskoulu 6,58<br \/>\n16 Markus Vallius Keskuskoulu 5,90<\/p>\n<p>P10 600m<br \/>\n1 Ajak Theykwan Rantala 2.09,60<br \/>\n2 Leo R\u00e4s\u00e4nen Rantala 2.09,82<br \/>\n3 Aarni Nyblom Jamali 2.19,72<br \/>\n4 Markus Vallius Keskuskoulu 2.25,14<br \/>\n5 Janne Soikkeli Rantala 2.28,58<br \/>\n6 Eino R\u00e4s\u00e4nen Rantala 2.29,37<br \/>\n7 Eero K\u00e4rki Jamali 2.39,93<br \/>\n8 Sami K\u00e4rkk\u00e4inen Jamali 2.44,40<br \/>\n9 Otto Siponen Jamali 2.44,74<br \/>\n10 Miika Palviainen Keskuskoulu 2.50,45<\/p>\n<p>T12 kolmiottelu (60m, pituus ja junnukeih\u00e4s)<br \/>\n1 Heta Kettunen Keskuskoulu 979<br \/>\n2 Riina Palviainen Keskuskoulu 812<br \/>\n3 Marjo Heikura Jamali 543<br \/>\n4 Kiira Tuunanen Rantala 498<br \/>\n5 Veera Liuski Vuoniskyl\u00e4t 460<br \/>\n6 Jonna Mara Rantala 390<br \/>\n7 Jenni Ruokolainen Keskuskoulu 368<br \/>\n8 Siiri Martikainen Jamali 366<br \/>\n9 Pirita K\u00e4rkk\u00e4inen Jamali 363<br \/>\n10 Inka Pehkonen Jamali 349<br \/>\n11 Julia Peltola Rantala 316<br \/>\n12 Neea Liuski Vuoniskyl\u00e4t 311<br \/>\n13 Elli Kuivalainen Vuoniskyl\u00e4t 288<br \/>\n14 Kia Hollstr\u00f6m Rantala 232<\/p>\n<p>T12 60m<br \/>\nEr\u00e4 1<br \/>\n1 Marjo Heikura Jamali 9,88<br \/>\n2 Kiira Tuunanen Rantala 10,52<br \/>\n3 Veera Liuski Vuoniskyl\u00e4t 10,68<br \/>\n4 Jenni Ruokolainen Keskuskoulu 11,12<br \/>\nEssi Tanskanen Keskuskoulu DNS<\/p>\n<p>Er\u00e4 2<br \/>\n1 Heta Kettunen Keskuskoulu 8,80<br \/>\n2 Siiri Martikainen Jamali 10,35<br \/>\n3 Jonna Mara Rantala 10,43<br \/>\n4 Pirita K\u00e4rkk\u00e4inen Jamali 10,62<br \/>\n5 Neea Liuski Vuoniskyl\u00e4t 11,08<\/p>\n<p>Er\u00e4 3<br \/>\n1 Riina Palviainen Keskuskoulu 9,74<br \/>\n2 Inka Pehkonen Jamali 10,71<br \/>\n3 Julia Peltola Rantala 11,23<br \/>\n4 Elli Kuivalainen Vuoniskyl\u00e4t 11,3<br \/>\n5 Kia Hollstr\u00f6m Rantala 11,46<\/p>\n<p>Yhdistetyt tulokset<br \/>\n1 Heta Kettunen Keskuskoulu 8,80<br \/>\n2 Riina Palviainen Keskuskoulu 9,74<br \/>\n3 Marjo Heikura Jamali 9,88<br \/>\n4 Siiri Martikainen Jamali 10,35<br \/>\n5 Jonna Mara Rantala 10,43<br \/>\n6 Kiira Tuunanen Rantala 10,52<br \/>\n7 Pirita K\u00e4rkk\u00e4inen Jamali 10,62<br \/>\n8 Veera Liuski Vuoniskyl\u00e4t 10,68<br \/>\n9 Inka Pehkonen Jamali 10,71<br \/>\n10 Neea Liuski Vuoniskyl\u00e4t 11,08<br \/>\n11 Jenni Ruokolainen Keskuskoulu 11,12<br \/>\n12 Julia Peltola Rantala 11,23<br \/>\n13 Elli Kuivalainen Vuoniskyl\u00e4t 11,30<br \/>\n14 Kia Hollstr\u00f6m Rantala 11,46<\/p>\n<p>T12 pituus lankkuponnistus<br \/>\n1 Heta Kettunen Keskuskoulu 418<br \/>\n2 Riina Palviainen Keskuskoulu 392<br \/>\n3 Marjo Heikura Jamali 334<br \/>\n4 Kiira Tuunanen Rantala 325<br \/>\n5 Veera Liuski Vuoniskyl\u00e4t 309<br \/>\n6 Jonna Mara Rantala 296<br \/>\n7 Julia Peltola Rantala 295<br \/>\n8 Jenni Ruokolainen Keskuskoulu 287<br \/>\n9 Inka Pehkonen Jamali 286<br \/>\n10 Pirita K\u00e4rkk\u00e4inen Jamali 274<br \/>\n11 Elli Kuivalainen Vuoniskyl\u00e4t 268<br \/>\n12 Siiri Martikainen Jamali 252<br \/>\n13 Neea Liuski Vuoniskyl\u00e4t 243<br \/>\n14 Kia Hollstr\u00f6m Rantala 235<\/p>\n<p>T12 junnukeih\u00e4s<br \/>\n1 Riina Palviainen Keskuskoulu 25,84<br \/>\n2 Heta Kettunen Keskuskoulu 22,50<br \/>\n3 Kiira Tuunanen Rantala 15,99<br \/>\n4 Veera Liuski Vuoniskyl\u00e4t 15,52<br \/>\n5 Marjo Heikura Jamali 13,48<br \/>\n6 Jenni Ruokolainen Keskuskoulu 12,52<br \/>\n7 Neea Liuski Vuoniskyl\u00e4t 11,04<br \/>\n8 Siiri Martikainen Jamali 10,41<br \/>\n9 Pirita K\u00e4rkk\u00e4inen Jamali 10,33<br \/>\n10 Jonna Mara Rantala 9,35<br \/>\n11 Inka Pehkonen Jamali 8,71<br \/>\n12 Elli Kuivalainen Vuoniskyl\u00e4t 8,32<br \/>\n13 Julia Peltola Rantala 8,03<br \/>\n14 Kia Hollstr\u00f6m Rantala 6,70<\/p>\n<p>TYT\u00d6T 12 600m<br \/>\n1 Siru Sarkkinen Rantala 2.23,54<br \/>\n2 Saana Pyykk\u00f6 Rantala 2.24,51<br \/>\n3 Elli Mustonen Koli 2.26,64<br \/>\n4 Inka Pehkonen Jamali 2.26,74<br \/>\n5 Pirita K\u00e4rkk\u00e4inen Jamali 2.28,84<br \/>\n6 Siiri Martikainen Jamali 2.29,86<br \/>\n7 Elina Oinonen Rantala 2.31,70<br \/>\n8 Marjo Heikura Jamali 2.32,44<br \/>\n9 Kerttu R\u00e4ty Keskuskoulu 2.45,57<\/p>\n<p>P12 kolmiottelu (60m, pituus ja junnukeih\u00e4s)<br \/>\n1 Rasmus Kuiri Keskuskoulu 713<br \/>\n2 Otto Piipponen Vuoniskyl\u00e4t 680<br \/>\n3 Eelis Nevalainen Vuoniskyl\u00e4t 667<br \/>\n4 Rasmus Mikkonen Rantala 589<br \/>\n5 Sakariye Huubow Rantala 583<br \/>\n6 Santeri Schroderus Keskuskoulu 572<br \/>\n7 Patryk Pietrzak Rantala 545<br \/>\n8 Vili K\u00e4rki Keskuskoulu 531<br \/>\n9 Atso Leinonen Vuoniskyl\u00e4t 457<br \/>\n10 Valtteri Toivanen Jamali 441<br \/>\n11 Konsta Kaakkunen Koli 399<br \/>\n12 Juho Soikkeli Rantala 394<br \/>\n13 Teemu Kaukola Jamali 380<br \/>\n14 Teemu Hyttinen Koli 298<br \/>\n15 Santeri Jetsonen Koli 276<\/p>\n<p>P12 60m<br \/>\nEr\u00e4 1<br \/>\n1 Santeri Schroderus Keskuskoulu 9,39<br \/>\n2 Eelis Nevalainen Vuoniskyl\u00e4t 9,87<br \/>\n3 Valtteri Toivanen Jamali 10,14<br \/>\n4 Atso Leinonen Vuoniskyl\u00e4t 10,39<br \/>\n5 Juho Soikkeli Rantala 10,87<br \/>\n6 Teemu Hyttinen Koli 11,37<\/p>\n<p>Er\u00e4 2<br \/>\n1 Rasmus Kuiri Keskuskoulu 9,5<br \/>\n2 Sakariye Huubow Rantala 9,63<br \/>\n3 Rasmus Mikkonen Rantala 10,05<br \/>\n4 Vili K\u00e4rki Keskuskoulu 10,15<br \/>\n5 Konsta Kaakkunen Koli 11,07<\/p>\n<p>Er\u00e4 3<br \/>\n1 Otto Piipponen Vuoniskyl\u00e4t 8,82<br \/>\n2 Patryk Pietrzak Rantala 9,89<br \/>\n3 Teemu Kaukola Jamali 11,9<br \/>\n4 Santeri Jetsonen Koli 11,91<\/p>\n<p>Yhdistetyt tulokset<br \/>\n1 Otto Piipponen Vuoniskyl\u00e4t 8,82<br \/>\n2 Santeri Schroderus Keskuskoulu 9,39<br \/>\n3 Rasmus Kuiri Keskuskoulu 9,50<br \/>\n4 Sakariye Huubow Rantala 9,63<br \/>\n5 Eelis Nevalainen Vuoniskyl\u00e4t 9,87<br \/>\n6 Patryk Pietrzak Rantala 9,89<br \/>\n7 Rasmus Mikkonen Rantala 10,05<br \/>\n8 Valtteri Toivanen Jamali 10,14<br \/>\n9 Vili K\u00e4rki Keskuskoulu 10,15<br \/>\n10 Atso Leinonen Vuoniskyl\u00e4t 10,39<br \/>\n11 Juho Soikkeli Rantala 10,87<br \/>\n12 Konsta Kaakkunen Koli 11,07<br \/>\n13 Teemu Hyttinen Koli 11,37<br \/>\n14 Teemu Kaukola Jamali 11,90<br \/>\n15 Santeri Jetsonen Koli 11,91<\/p>\n<p>P12 pituus lankkuponnistus<br \/>\n1 Eelis Nevalainen Vuoniskyl\u00e4t 376<br \/>\n2 Rasmus Kuiri Keskuskoulu 359<br \/>\n3 Rasmus Mikkonen Rantala 352<br \/>\n4 Patryk Pietrzak Rantala 339<br \/>\n5 Santeri Schroderus Keskuskoulu 324<br \/>\n6 Otto Piipponen Vuoniskyl\u00e4t 322 320<br \/>\n7 Atso Leinonen Vuoniskyl\u00e4t 322 294<br \/>\n8 Vili K\u00e4rki Keskuskoulu 310<br \/>\n9 Sakariye Huubow Rantala 306<br \/>\n10 Konsta Kaakkunen Koli 302<br \/>\n11 Juho Soikkeli Rantala 301<br \/>\n12 Teemu Hyttinen Koli 262<br \/>\n13 Valtteri Toivanen Jamali 258<br \/>\n14 Teemu Kaukola Jamali 235<br \/>\n15 Santeri Jetsonen Koli 200<\/p>\n<p>P12 junnukeih\u00e4s<br \/>\n1 Teemu Kaukola Jamali 20,28<br \/>\n2 Rasmus Kuiri Keskuskoulu 19,84<br \/>\n3 Eelis Nevalainen Vuoniskyl\u00e4t 18,27<br \/>\n4 Vili K\u00e4rki Keskuskoulu 17,21<br \/>\n5 Sakariye Huubow Rantala 16,76<br \/>\n6 Rasmus Mikkonen Rantala 16,61<br \/>\n7 Valtteri Toivanen Jamali 14,33<br \/>\n8 Santeri Jetsonen Koli 14,21<br \/>\n9 Konsta Kaakkunen Koli 13,41<br \/>\n10 Patryk Pietrzak Rantala 13,16<br \/>\n11 Juho Soikkeli Rantala 12,03<br \/>\n12 Atso Leinonen Vuoniskyl\u00e4t 12,02<br \/>\n13 Santeri Schroderus Keskuskoulu 11,22<br \/>\n14 Otto Piipponen Vuoniskyl\u00e4t 11,08<br \/>\n15 Teemu Hyttinen Koli 10,11<\/p>\n<p>P12 600m<br \/>\n1 Rasmus Kuiri Keskuskoulu 2.06,10<br \/>\n2 Sakariye Huubow Rantala 2.07,74<br \/>\n3 Santeri Schroderus Keskuskoulu 2.08,06<br \/>\n4 Pyry Hiltunen Rantala 2.20,26<br \/>\n5 Vili K\u00e4rki Keskuskoulu 2.23,04<br \/>\n6 Juho Soikkeli Rantala 2.26,85<br \/>\n7 Valtteri Toivanen Jamali 2.37,86<br \/>\n8 Teemu Kaukola Jamali 2.39,16<\/p>\n<p>YL\u00c4KOULU POJAT KORKEUS<br \/>\n1 Eeki Kokkonen Keskuskoulu 160<br \/>\n2 Niklas K\u00e4rkk\u00e4inen Keskuskoulu 125<br \/>\n3 Pekka K\u00e4rkk\u00e4inen Keskuskoulu 125<\/p>\n<p>YL\u00c4KOULU TYT\u00d6T KORKEUS<br \/>\n1 Satu Liimatta Keskuskoulu 135<\/p>\n<p>YL\u00c4KOULU POJAT KUULA<br \/>\n1 Eeki Kokkonen Keskuskoulu 11,91<br \/>\n2 Simo N\u00e4ykki Keskuskoulu 8,21<br \/>\n3 Pekka K\u00e4rkk\u00e4inen Keskuskoulu 7,62<br \/>\n4 Niklas K\u00e4rkk\u00e4inen Keskuskoulu 7,28<\/p>\n<p>YL\u00c4KOULU TYT\u00d6T KUULA<br \/>\n1 Milla Martikainen Keskuskoulu 9,34<\/p>\n<p>YL\u00c4KOULU TYT\u00d6T 100m TUULI: +0,7<br \/>\n1 Riina Kettunen Keskuskoulu 13,81<br \/>\n2 Ada Pakarinen Keskuskoulu 14,01<br \/>\n3 Satu Liimatta Keskuskoulu 14,56<br \/>\n4 Milla Martikainen Keskuskoulu 15,62<br \/>\n5 Petra Tuunanen Keskuskoulu 16,66<\/p>\n<p>YL\u00c4KOULU POJAT 100m<br \/>\nEr\u00e4 1 TUULI: +1,0<br \/>\n1 Nuur Hashim Ibrahim Keskuskoulu 15,07<br \/>\n2 Niklas K\u00e4rkk\u00e4inen Keskuskoulu 15,63<br \/>\n3 Janne Hyttinen Koli 20,88<\/p>\n<p>Er\u00e4 2 TUULI: +1,8<br \/>\n1 Eeki Kokkonen Keskuskoulu 12,42<br \/>\n2 Simo N\u00e4ykki Keskuskoulu 13,16<br \/>\n3 Pekka K\u00e4rkk\u00e4inen Keskuskoulu 15,25<br \/>\n4 Mohamed Abdukadir Keskuskoulu 17,76<\/p>\n<p>Yhdistetyt tulokset<br \/>\n1 Eeki Kokkonen Keskuskoulu 12,42<br \/>\n2 Simo N\u00e4ykki Keskuskoulu 13,16<br \/>\n3 Nuur Hashim Ibrahim Keskuskoulu 15,07<br \/>\n4 Pekka K\u00e4rkk\u00e4inen Keskuskoulu 15,25<br \/>\n5 Niklas K\u00e4rkk\u00e4inen Keskuskoulu 15,63<br \/>\n6 Mohamed Abdukadir Keskuskoulu 17,76<br \/>\n7 Janne Hyttinen Koli 20,88<\/p>\n<p>YL\u00c4KOULU TYT\u00d6T 800m<br \/>\n1 Satu Liimatta Keskuskoulu 2.40,24<\/p>\n<p>YL\u00c4KOULU POJAT 800m<br \/>\n1 Simo N\u00e4ykki Keskuskoulu 2.31,73<br \/>\n2 Niklas K\u00e4rkk\u00e4inen Keskuskoulu 2.47,14<br \/>\n3 Pekka K\u00e4rkk\u00e4inen Keskuskoulu 2.47,76<br \/>\n4 Mohamed Abdukadir Keskuskoulu 3.01,78<\/p>\n","protected":false},"excerpt":{"rendered":"<p>2.9.2015 Lieksa T08 miniottelu (40m ja pituus) 1 Netta Oinonen Rantala 217 2 Enna Pyykk\u00f6 Keskuskoulu 182 3 Jenna Huotari Keskuskoulu 167 4 Minea Mauranen Rantala 165 5 Emilia Heikkinen Rantala 147 6 Minna Lepp\u00e4nen Keskuskoulu 145 7 Kowsar Hassan Rantala 140 7 Emma K\u00e4rkk\u00e4inen Jamali 140 9 Essi Partanen &hellip;<\/p>\n","protected":false},"author":3,"featured_media":0,"parent":2811,"menu_order":11,"comment_status":"closed","ping_status":"closed","template":"","meta":{"footnotes":""},"categories":[14,48,42,34,32,31,47,7],"tags":[],"class_list":["post-3881","page","type-page","status-publish","hentry","category-aarninyblom","category-adapakarinen","category-ainopyykko","category-hetakettunen","category-millamartikainen","category-riinakettunen","category-satuliimatta","category-tulokset"],"_links":{"self":[{"href":"https:\/\/www.lieksanurheilijat.com\/index.php?rest_route=\/wp\/v2\/pages\/3881","targetHints":{"allow":["GET"]}}],"collection":[{"href":"https:\/\/www.lieksanurheilijat.com\/index.php?rest_route=\/wp\/v2\/pages"}],"about":[{"href":"https:\/\/www.lieksanurheilijat.com\/index.php?rest_route=\/wp\/v2\/types\/page"}],"author":[{"embeddable":true,"href":"https:\/\/www.lieksanurheilijat.com\/index.php?rest_route=\/wp\/v2\/users\/3"}],"replies":[{"embeddable":true,"href":"https:\/\/www.lieksanurheilijat.com\/index.php?rest_route=%2Fwp%2Fv2%2Fcomments&post=3881"}],"version-history":[{"count":5,"href":"https:\/\/www.lieksanurheilijat.com\/index.php?rest_route=\/wp\/v2\/pages\/3881\/revisions"}],"predecessor-version":[{"id":3886,"href":"https:\/\/www.lieksanurheilijat.com\/index.php?rest_route=\/wp\/v2\/pages\/3881\/revisions\/3886"}],"up":[{"embeddable":true,"href":"https:\/\/www.lieksanurheilijat.com\/index.php?rest_route=\/wp\/v2\/pages\/2811"}],"wp:attachment":[{"href":"https:\/\/www.lieksanurheilijat.com\/index.php?rest_route=%2Fwp%2Fv2%2Fmedia&parent=3881"}],"wp:term":[{"taxonomy":"category","embeddable":true,"href":"https:\/\/www.lieksanurheilijat.com\/index.php?rest_route=%2Fwp%2Fv2%2Fcategories&post=3881"},{"taxonomy":"post_tag","embeddable":true,"href":"https:\/\/www.lieksanurheilijat.com\/index.php?rest_route=%2Fwp%2Fv2%2Ftags&post=3881"}],"curies":[{"name":"wp","href":"https:\/\/api.w.org\/{rel}","templated":true}]}}