{"id":3863,"date":"2015-08-27T23:15:14","date_gmt":"2015-08-27T20:15:14","guid":{"rendered":"https:\/\/www.lieksanurheilijat.com\/?page_id=3863"},"modified":"2015-08-28T13:18:01","modified_gmt":"2015-08-28T10:18:01","slug":"800-metrin-ja-seipaan-tuloskisat","status":"publish","type":"page","link":"https:\/\/www.lieksanurheilijat.com\/?page_id=3863","title":{"rendered":"800 metrin ja seip\u00e4\u00e4n tuloskisat"},"content":{"rendered":"<p>27.8.2015<br \/>\nJoensuu<\/p>\n<p>P11 Seiv\u00e4s<br \/>\n1 <strong>Aarni Nyblom LieksU 1,80<\/strong><\/p>\n<p>T13 Seiv\u00e4s<br \/>\n1 <strong>Milla Martikainen LieksU 2,50<\/strong><br \/>\n2 <strong>Riina Palviainen LieksU 2,50<\/strong><br \/>\n3 <strong>Heta Kettunen LieksU 2,20<\/strong><\/p>\n<p>T11 Seiv\u00e4s<br \/>\n1 <strong>Maija Boren LieksU 1,90<\/strong><br \/>\n2 Emmi Honkanen NurmSe 1,80<br \/>\n3 <strong>Aino Pyykk\u00f6 LieksU 1,60<\/strong><\/p>\n","protected":false},"excerpt":{"rendered":"<p>27.8.2015 Joensuu P11 Seiv\u00e4s 1 Aarni Nyblom LieksU 1,80 T13 Seiv\u00e4s 1 Milla Martikainen LieksU 2,50 2 Riina Palviainen LieksU 2,50 3 Heta Kettunen LieksU 2,20 T11 Seiv\u00e4s 1 Maija Boren LieksU 1,90 2 Emmi Honkanen NurmSe 1,80 3 Aino Pyykk\u00f6 LieksU 1,60<\/p>\n","protected":false},"author":3,"featured_media":0,"parent":2811,"menu_order":13,"comment_status":"closed","ping_status":"closed","template":"","meta":{"footnotes":""},"categories":[14,42,34,39,32,7],"tags":[],"class_list":["post-3863","page","type-page","status-publish","hentry","category-aarninyblom","category-ainopyykko","category-hetakettunen","category-maijaboren","category-millamartikainen","category-tulokset"],"_links":{"self":[{"href":"https:\/\/www.lieksanurheilijat.com\/index.php?rest_route=\/wp\/v2\/pages\/3863","targetHints":{"allow":["GET"]}}],"collection":[{"href":"https:\/\/www.lieksanurheilijat.com\/index.php?rest_route=\/wp\/v2\/pages"}],"about":[{"href":"https:\/\/www.lieksanurheilijat.com\/index.php?rest_route=\/wp\/v2\/types\/page"}],"author":[{"embeddable":true,"href":"https:\/\/www.lieksanurheilijat.com\/index.php?rest_route=\/wp\/v2\/users\/3"}],"replies":[{"embeddable":true,"href":"https:\/\/www.lieksanurheilijat.com\/index.php?rest_route=%2Fwp%2Fv2%2Fcomments&post=3863"}],"version-history":[{"count":1,"href":"https:\/\/www.lieksanurheilijat.com\/index.php?rest_route=\/wp\/v2\/pages\/3863\/revisions"}],"predecessor-version":[{"id":3864,"href":"https:\/\/www.lieksanurheilijat.com\/index.php?rest_route=\/wp\/v2\/pages\/3863\/revisions\/3864"}],"up":[{"embeddable":true,"href":"https:\/\/www.lieksanurheilijat.com\/index.php?rest_route=\/wp\/v2\/pages\/2811"}],"wp:attachment":[{"href":"https:\/\/www.lieksanurheilijat.com\/index.php?rest_route=%2Fwp%2Fv2%2Fmedia&parent=3863"}],"wp:term":[{"taxonomy":"category","embeddable":true,"href":"https:\/\/www.lieksanurheilijat.com\/index.php?rest_route=%2Fwp%2Fv2%2Fcategories&post=3863"},{"taxonomy":"post_tag","embeddable":true,"href":"https:\/\/www.lieksanurheilijat.com\/index.php?rest_route=%2Fwp%2Fv2%2Ftags&post=3863"}],"curies":[{"name":"wp","href":"https:\/\/api.w.org\/{rel}","templated":true}]}}