{"id":3848,"date":"2015-08-22T19:40:27","date_gmt":"2015-08-22T16:40:27","guid":{"rendered":"https:\/\/www.lieksanurheilijat.com\/?page_id=3848"},"modified":"2015-08-24T20:37:56","modified_gmt":"2015-08-24T17:37:56","slug":"16-17v-sm-lauantai","status":"publish","type":"page","link":"https:\/\/www.lieksanurheilijat.com\/?page_id=3848","title":{"rendered":"16-17v. SM lauantai"},"content":{"rendered":"<p>22.8.2015<br \/>\nKalajoki<\/p>\n<p>N16 200 m Alkuer\u00e4t<br \/>\n1. Aleksandra Niiranen LappUM 25,51Q<br \/>\n2. Ada Koistinen Jyv\u00e4skKU 25,61Q<br \/>\n3. Nea Mattila HIFK 25,88Q<br \/>\n4. Wilma Lassfolk IFKraft 25,98Q<br \/>\n5. Amanda Kylen TurWei 26,03Q<br \/>\n6. Tiia Tammisalo TampPy 26,11Q<br \/>\n7. <strong>Silja Kempas LieksU 26,11Q<\/strong><br \/>\n8. Liisa S\u00e4til\u00e4 EspTa 26,20Q<br \/>\n9. Bianca Sundell IFDrott 26,29Q<br \/>\n10. Nea Laine H\u00e4meenlTa 26,30Q<br \/>\n11. Hilla Nieminen Jyv\u00e4skKU 26,35q<br \/>\n12. Annika Haverinen KajKi 26,40Q<br \/>\n13. Jonna Jalkanen KarhKa 26,52Q<br \/>\n14. Hanna Siiskonen JoensKa 26,53q<br \/>\n15. Alisa Aalto TampPy 26,60q<br \/>\n16. Ilona Kekkonen LahdA 26,69q<br \/>\n17. Anneka Kruuti Sein\u00e4jSU 26,72<br \/>\n18. Claudia Gripenberg EsboIF 26,86<br \/>\n19. Greta Neffling TurWei 26,90<br \/>\n20. Aino Moilanen MuurY 26,92<br \/>\n21. Eveliina Kumpulainen KuopRei 26,94<br \/>\n22. S\u00e4de Honkala MietMP 27,02<br \/>\n23. Elli Laaksonen SalVil 27,25<br \/>\n24. Heidi L\u00e4hdem\u00e4ki Sein\u00e4jSU 27,26<br \/>\n25. Nicolina Nyn\u00e4s IFRaseb 27,39<br \/>\n26. Sofia Kompuinen S\u00e4kU 27,50<br \/>\n27. Susanna Kumpulainen EspTa 27,66<br \/>\n28. Jenna Kompuinen S\u00e4kU 27,74<br \/>\n29. Linnea Taipale LahdA 27,82<br \/>\n30. Nea Heilala RaahVe 27,91<br \/>\n31. Yasmin Elgeraia KU-58 28,23<\/p>\n<p>Er\u00e4 3 Tuuli: +1,0<br \/>\n1. Ada Koistinen Jyv\u00e4skKU 25,61Q<br \/>\n2. <strong>Silja Kempas LieksU 26,11Q<\/strong><br \/>\n3. Bianca Sundell IFDrott 26,29Q<br \/>\n4. Alisa Aalto TampPy 26,60q<br \/>\n5. Greta Neffling TurWei 26,90<br \/>\n6. Heidi L\u00e4hdem\u00e4ki Sein\u00e4jSU 27,26<br \/>\n7. Susanna Kumpulainen EspTa 27,66<br \/>\n8. Yasmin Elgeraia KU-58 28,23<\/p>\n<p>N16 Moukari<br \/>\n1. Kiira V\u00e4\u00e4n\u00e4nen VarpVi 64,93<br \/>\n2. Helena Leveelahti VirtU 58,72<br \/>\n3. Sara Mehtomaa OulPy 57,43<br \/>\n4. <strong>Venla Kettunen LieksU 53,88<\/strong><br \/>\n5. Kati Rinnekari NurmijYU 52,03<br \/>\n6. Lotta Koponen MaanMa 50,24<br \/>\n7. Andrea \u00d6sterman HIFK 49,51<br \/>\n8. Elina Kinnunen UudKK 47,65<br \/>\n9. Eveliina Salminen LiedPa 45,98<br \/>\n10. Nella Humalam\u00e4ki \u00c4htU 45,94<br \/>\n11. Iida Heikkinen OutokPa 45,82<\/p>\n<p>N17 Korkeus Loppukilpailu<br \/>\n1. Ella Junnila JanJa 168<br \/>\n2. Jonna Neste AlavU 165<br \/>\n3. Tiia Gustafsson IFRaseb 165<br \/>\n4. Katri Mikkonen RaahVe 162<br \/>\n5. Maija Marttila TampU 162<br \/>\n6. Saara Sinervo SalVil 159<br \/>\n7. Veera Tuominen KokemKV 155<br \/>\n7. Pii Pankakoski HKV 155<br \/>\n9. <strong>Moona Kokkonen LieksU 155<\/strong><br \/>\n10. Minttu Rinne SaarijPu 155<br \/>\n11. Janina Pyk\u00e4ri KeskiUYU 150<br \/>\n12. Sofia Isolauri VehmKi 150<br \/>\nRoosa V\u00e4\u00e4n\u00e4nen VarpVi NH<\/p>\n","protected":false},"excerpt":{"rendered":"<p>22.8.2015 Kalajoki N16 200 m Alkuer\u00e4t 1. Aleksandra Niiranen LappUM 25,51Q 2. Ada Koistinen Jyv\u00e4skKU 25,61Q 3. Nea Mattila HIFK 25,88Q 4. Wilma Lassfolk IFKraft 25,98Q 5. Amanda Kylen TurWei 26,03Q 6. Tiia Tammisalo TampPy 26,11Q 7. Silja Kempas LieksU 26,11Q 8. Liisa S\u00e4til\u00e4 EspTa 26,20Q 9. Bianca Sundell IFDrott &hellip;<\/p>\n","protected":false},"author":3,"featured_media":0,"parent":2811,"menu_order":17,"comment_status":"closed","ping_status":"closed","template":"","meta":{"footnotes":""},"categories":[26,7,23],"tags":[],"class_list":["post-3848","page","type-page","status-publish","hentry","category-siljakempas","category-tulokset","category-venlakettunen"],"_links":{"self":[{"href":"https:\/\/www.lieksanurheilijat.com\/index.php?rest_route=\/wp\/v2\/pages\/3848","targetHints":{"allow":["GET"]}}],"collection":[{"href":"https:\/\/www.lieksanurheilijat.com\/index.php?rest_route=\/wp\/v2\/pages"}],"about":[{"href":"https:\/\/www.lieksanurheilijat.com\/index.php?rest_route=\/wp\/v2\/types\/page"}],"author":[{"embeddable":true,"href":"https:\/\/www.lieksanurheilijat.com\/index.php?rest_route=\/wp\/v2\/users\/3"}],"replies":[{"embeddable":true,"href":"https:\/\/www.lieksanurheilijat.com\/index.php?rest_route=%2Fwp%2Fv2%2Fcomments&post=3848"}],"version-history":[{"count":1,"href":"https:\/\/www.lieksanurheilijat.com\/index.php?rest_route=\/wp\/v2\/pages\/3848\/revisions"}],"predecessor-version":[{"id":3851,"href":"https:\/\/www.lieksanurheilijat.com\/index.php?rest_route=\/wp\/v2\/pages\/3848\/revisions\/3851"}],"up":[{"embeddable":true,"href":"https:\/\/www.lieksanurheilijat.com\/index.php?rest_route=\/wp\/v2\/pages\/2811"}],"wp:attachment":[{"href":"https:\/\/www.lieksanurheilijat.com\/index.php?rest_route=%2Fwp%2Fv2%2Fmedia&parent=3848"}],"wp:term":[{"taxonomy":"category","embeddable":true,"href":"https:\/\/www.lieksanurheilijat.com\/index.php?rest_route=%2Fwp%2Fv2%2Fcategories&post=3848"},{"taxonomy":"post_tag","embeddable":true,"href":"https:\/\/www.lieksanurheilijat.com\/index.php?rest_route=%2Fwp%2Fv2%2Ftags&post=3848"}],"curies":[{"name":"wp","href":"https:\/\/api.w.org\/{rel}","templated":true}]}}