{"id":3845,"date":"2015-08-23T19:40:17","date_gmt":"2015-08-23T16:40:17","guid":{"rendered":"https:\/\/www.lieksanurheilijat.com\/?page_id=3845"},"modified":"2015-08-23T19:44:30","modified_gmt":"2015-08-23T16:44:30","slug":"16-17v-sm-sunnuntai","status":"publish","type":"page","link":"https:\/\/www.lieksanurheilijat.com\/?page_id=3845","title":{"rendered":"16-17v. SM sunnuntai"},"content":{"rendered":"<p>23.8.2015<br \/>\nKalajoki<\/p>\n<p>N16 200 m V\u00e4lier\u00e4t<br \/>\n1. Aleksandra Niiranen LappUM 25,38Q<br \/>\n2. Ada Koistinen Jyv\u00e4skKU 25,73Q<br \/>\n3. Amanda Kylen TurWei 25,86Q<br \/>\n3. Nea Mattila HIFK 25,86Q<br \/>\n5. Tiia Tammisalo TampPy 26,04Q<br \/>\n6. Wilma Lassfolk IFKraft 26,05Q<br \/>\n7. Annika Haverinen KajKi 26,18q<br \/>\n8. Liisa S\u00e4til\u00e4 EspTa 26,27q<br \/>\n9. <strong>Silja Kempas LieksU 26,34<\/strong><br \/>\n10. Nea Laine H\u00e4meenlTa 26,46<br \/>\n11. Hanna Siiskonen JoensKa 26,60<br \/>\n12. Hilla Nieminen Jyv\u00e4skKU 26,62<br \/>\n13. Bianca Sundell IFDrott 26,65<br \/>\n14. Ilona Kekkonen LahdA 26,80<br \/>\n15. Alisa Aalto TampPy 26,86<br \/>\n15. Jonna Jalkanen KarhKa 26,86<\/p>\n<p>Er\u00e4 1 Tuuli: +3,0<br \/>\n1. Ada Koistinen Jyv\u00e4skKU 25,73Q<br \/>\n2. Nea Mattila HIFK 25,86Q<br \/>\n3. Tiia Tammisalo TampPy 26,04Q<br \/>\n4. Annika Haverinen KajKi 26,18q<br \/>\n5. <strong>Silja Kempas LieksU 26,34<\/strong><br \/>\n6. Hanna Siiskonen JoensKa 26,60<br \/>\n7. Bianca Sundell IFDrott 26,65<br \/>\n8. Ilona Kekkonen LahdA 26,80<\/p>\n<p>Er\u00e4 2 Tuuli: +1,7<br \/>\n1. Aleksandra Niiranen LappUM 25,38Q<br \/>\n2. Amanda Kylen TurWei 25,86Q<br \/>\n3. Wilma Lassfolk IFKraft 26,05Q<br \/>\n4. Liisa S\u00e4til\u00e4 EspTa 26,27q<br \/>\n5. Nea Laine H\u00e4meenlTa 26,46<br \/>\n6. Hilla Nieminen Jyv\u00e4skKU 26,62<br \/>\n7. Alisa Aalto TampPy 26,86<br \/>\n7. Jonna Jalkanen KarhKa 26,86<\/p>\n","protected":false},"excerpt":{"rendered":"<p>23.8.2015 Kalajoki N16 200 m V\u00e4lier\u00e4t 1. Aleksandra Niiranen LappUM 25,38Q 2. Ada Koistinen Jyv\u00e4skKU 25,73Q 3. Amanda Kylen TurWei 25,86Q 3. Nea Mattila HIFK 25,86Q 5. Tiia Tammisalo TampPy 26,04Q 6. Wilma Lassfolk IFKraft 26,05Q 7. Annika Haverinen KajKi 26,18q 8. Liisa S\u00e4til\u00e4 EspTa 26,27q 9. Silja Kempas LieksU &hellip;<\/p>\n","protected":false},"author":3,"featured_media":0,"parent":2811,"menu_order":15,"comment_status":"closed","ping_status":"closed","template":"","meta":{"footnotes":""},"categories":[26,7],"tags":[],"class_list":["post-3845","page","type-page","status-publish","hentry","category-siljakempas","category-tulokset"],"_links":{"self":[{"href":"https:\/\/www.lieksanurheilijat.com\/index.php?rest_route=\/wp\/v2\/pages\/3845","targetHints":{"allow":["GET"]}}],"collection":[{"href":"https:\/\/www.lieksanurheilijat.com\/index.php?rest_route=\/wp\/v2\/pages"}],"about":[{"href":"https:\/\/www.lieksanurheilijat.com\/index.php?rest_route=\/wp\/v2\/types\/page"}],"author":[{"embeddable":true,"href":"https:\/\/www.lieksanurheilijat.com\/index.php?rest_route=\/wp\/v2\/users\/3"}],"replies":[{"embeddable":true,"href":"https:\/\/www.lieksanurheilijat.com\/index.php?rest_route=%2Fwp%2Fv2%2Fcomments&post=3845"}],"version-history":[{"count":3,"href":"https:\/\/www.lieksanurheilijat.com\/index.php?rest_route=\/wp\/v2\/pages\/3845\/revisions"}],"predecessor-version":[{"id":3850,"href":"https:\/\/www.lieksanurheilijat.com\/index.php?rest_route=\/wp\/v2\/pages\/3845\/revisions\/3850"}],"up":[{"embeddable":true,"href":"https:\/\/www.lieksanurheilijat.com\/index.php?rest_route=\/wp\/v2\/pages\/2811"}],"wp:attachment":[{"href":"https:\/\/www.lieksanurheilijat.com\/index.php?rest_route=%2Fwp%2Fv2%2Fmedia&parent=3845"}],"wp:term":[{"taxonomy":"category","embeddable":true,"href":"https:\/\/www.lieksanurheilijat.com\/index.php?rest_route=%2Fwp%2Fv2%2Fcategories&post=3845"},{"taxonomy":"post_tag","embeddable":true,"href":"https:\/\/www.lieksanurheilijat.com\/index.php?rest_route=%2Fwp%2Fv2%2Ftags&post=3845"}],"curies":[{"name":"wp","href":"https:\/\/api.w.org\/{rel}","templated":true}]}}