{"id":3842,"date":"2015-08-22T19:30:51","date_gmt":"2015-08-22T16:30:51","guid":{"rendered":"https:\/\/www.lieksanurheilijat.com\/?page_id=3842"},"modified":"2015-08-23T19:36:32","modified_gmt":"2015-08-23T16:36:32","slug":"14-15v-sm-lauantai","status":"publish","type":"page","link":"https:\/\/www.lieksanurheilijat.com\/?page_id=3842","title":{"rendered":"14-15v. SM lauantai"},"content":{"rendered":"<p>22.8.2015<br \/>\nOulu<\/p>\n<p>P14 Korkeus<br \/>\n1. Arttu Mattila \u00c4\u00e4nekU 190<br \/>\n2. Ville Tuki TammRy 173<br \/>\n3. Tomi Valkama KauhWi 173<br \/>\n4. Rami Kankaanp\u00e4\u00e4 IlmajKi 173<br \/>\n5. Joonas Koponen H\u00e4meenlTa 164<br \/>\n6. Arttu Salonen TurTo 158<br \/>\n7. Leevi T\u00f6r\u00f6l\u00e4 UlvST 158<br \/>\n8. Rasmus H\u00e4rk\u00f6nen Jyv\u00e4skKU 154<br \/>\n9. Arttu Juvonen VantSa 154<br \/>\n9. Leevi Talvitie LapVi 154<br \/>\n11. Severi Niittym\u00e4ki SavonlRie 150<br \/>\n12. Ari Latva-Koivisto IlmajKi 150<br \/>\n13. Santeri M\u00e4kel\u00e4 KarkkPo 150<br \/>\n14. Rasmus Hiltunen SavonlRie 150<br \/>\n15. Jesse Kivipuro TampU 145<br \/>\n15. Kristian Peltola Jyv\u00e4skKU 145<br \/>\n17. Jere Kautto \u00c4\u00e4nekU 145<br \/>\n18. <strong>Simo N\u00e4ykki LieksU 145<\/strong><br \/>\n19. Jere Tasala KarkkPo 140<\/p>\n<p>P15 Korkeus<\/p>\n<p>1. Casper Tillander IFSibboV 187<br \/>\n2. Roope Haapanen TammRy 183<br \/>\n3. Aaro Davidila LapLu 183<br \/>\n4. Aleksi Hakanen LauttLu 181<br \/>\n5. <strong>Eeki Kokkonen LieksU 176<\/strong><br \/>\n6. Jaakko Juvonen TuUL 173<br \/>\n7. Anton Niskanen TuUL 170<br \/>\n8. Henrik Lehtim\u00e4ki IFSibboV 167<br \/>\n9. Johannes Harakka Lepp\u00e4vVi 167<br \/>\n10. Piko Suovanen RaisKu 163<br \/>\n10. Lauri Kiuru PyhtKi 163<br \/>\n12. Daniel Kosonen TampPy 163<br \/>\n13. Kristian Jauhiainen VantSa 163<br \/>\n14. Aki Mutanen OutokPa 159<br \/>\n15. Onni-Kalle Ojanen RaisKu 155<br \/>\n16. Henri Hoskonen LappUM 155<br \/>\n17. Jere Lipi\u00e4inen LappUM 155<\/p>\n","protected":false},"excerpt":{"rendered":"<p>22.8.2015 Oulu P14 Korkeus 1. Arttu Mattila \u00c4\u00e4nekU 190 2. Ville Tuki TammRy 173 3. Tomi Valkama KauhWi 173 4. Rami Kankaanp\u00e4\u00e4 IlmajKi 173 5. Joonas Koponen H\u00e4meenlTa 164 6. Arttu Salonen TurTo 158 7. Leevi T\u00f6r\u00f6l\u00e4 UlvST 158 8. Rasmus H\u00e4rk\u00f6nen Jyv\u00e4skKU 154 9. Arttu Juvonen VantSa 154 9. &hellip;<\/p>\n","protected":false},"author":3,"featured_media":0,"parent":2811,"menu_order":16,"comment_status":"closed","ping_status":"closed","template":"","meta":{"footnotes":""},"categories":[7],"tags":[],"class_list":["post-3842","page","type-page","status-publish","hentry","category-tulokset"],"_links":{"self":[{"href":"https:\/\/www.lieksanurheilijat.com\/index.php?rest_route=\/wp\/v2\/pages\/3842","targetHints":{"allow":["GET"]}}],"collection":[{"href":"https:\/\/www.lieksanurheilijat.com\/index.php?rest_route=\/wp\/v2\/pages"}],"about":[{"href":"https:\/\/www.lieksanurheilijat.com\/index.php?rest_route=\/wp\/v2\/types\/page"}],"author":[{"embeddable":true,"href":"https:\/\/www.lieksanurheilijat.com\/index.php?rest_route=\/wp\/v2\/users\/3"}],"replies":[{"embeddable":true,"href":"https:\/\/www.lieksanurheilijat.com\/index.php?rest_route=%2Fwp%2Fv2%2Fcomments&post=3842"}],"version-history":[{"count":1,"href":"https:\/\/www.lieksanurheilijat.com\/index.php?rest_route=\/wp\/v2\/pages\/3842\/revisions"}],"predecessor-version":[{"id":3844,"href":"https:\/\/www.lieksanurheilijat.com\/index.php?rest_route=\/wp\/v2\/pages\/3842\/revisions\/3844"}],"up":[{"embeddable":true,"href":"https:\/\/www.lieksanurheilijat.com\/index.php?rest_route=\/wp\/v2\/pages\/2811"}],"wp:attachment":[{"href":"https:\/\/www.lieksanurheilijat.com\/index.php?rest_route=%2Fwp%2Fv2%2Fmedia&parent=3842"}],"wp:term":[{"taxonomy":"category","embeddable":true,"href":"https:\/\/www.lieksanurheilijat.com\/index.php?rest_route=%2Fwp%2Fv2%2Fcategories&post=3842"},{"taxonomy":"post_tag","embeddable":true,"href":"https:\/\/www.lieksanurheilijat.com\/index.php?rest_route=%2Fwp%2Fv2%2Ftags&post=3842"}],"curies":[{"name":"wp","href":"https:\/\/api.w.org\/{rel}","templated":true}]}}