{"id":3838,"date":"2015-08-23T19:25:34","date_gmt":"2015-08-23T16:25:34","guid":{"rendered":"https:\/\/www.lieksanurheilijat.com\/?page_id=3838"},"modified":"2015-08-23T19:55:45","modified_gmt":"2015-08-23T16:55:45","slug":"14-15v-sm-sunnuntai","status":"publish","type":"page","link":"https:\/\/www.lieksanurheilijat.com\/?page_id=3838","title":{"rendered":"14-15v. SM sunnuntai"},"content":{"rendered":"<p>23.8.2015<br \/>\nOulu<\/p>\n<p>P15 Kolmiloikka<br \/>\n1. Juho Nieminen Jyv\u00e4skKU 13,84 +0,5<br \/>\n2. Aaro Davidila LapLu 12,72 -0,4<br \/>\n3. Joni J\u00e4rvinen LahdA 12,45 -2,3<br \/>\n4. <strong>Eeki Kokkonen LieksU 12,38 -2,6 <\/strong><br \/>\n5. Daniel Aaltonen HKV 12,05 +0,5<br \/>\n6. Aleksi Hakanen LauttLu 11,97 -1,0<br \/>\n7. Tero Uusikartano LaitJy 11,97 +0,5<br \/>\n8. Pietari Valoranta Jyv\u00e4skKU 11,69 0,0<br \/>\n9. Tarmo Savola LappVei 11,67 -0,5<br \/>\n10. Jaakko Juvonen TuUL 11,66 -0,6<br \/>\n11. Vili Valtonen ImU 11,59 -1,8<br \/>\n12. Samu Laakso TapE 11,55 +0,7<br \/>\n13. Ilmari Niiranen HyvsU 11,51 +2,4 11,36 -1,6<br \/>\n14. Jami Veps\u00e4 NaantL\u00f6y 11,40 0,0<br \/>\n15. Kristian Jauhiainen VantSa 11,29 -1,5<br \/>\n16. Pauli Raitanen NaantL\u00f6y 11,26 -2,0<br \/>\n17. Jesper Mansner ImU 11,21 -0,8<br \/>\n18. Oskari Marjakoski KaipVi 11,09 -1,3<br \/>\n19. Aapo Nieminen HyvsU 10,99 -1,2<br \/>\n20. Kasper Granholm IF\u00c5sar 10,95 -0,5<br \/>\n21. Leevi Vihtalahti NoormNo 10,89 -1,6<br \/>\n22. Miro Tuikka VaasVa 10,87 -0,4<br \/>\n23. Kimmo Paanila KuopRei 10,83 -2,0<br \/>\n24. Topi Julkunen JuvU 10,80 -0,4<br \/>\n25. Lauri Koivisto KaipVi 10,71 -1,3<br \/>\n26. Ville Aaltonen TuUL 10,43 -0,6<br \/>\nAnton Niskanen TuUL NM<\/p>\n<p>T14 Kolmiloikka<br \/>\n1. Jessica K\u00e4h\u00e4r\u00e4 MikkKV 11,58 +0,5<br \/>\n2. Laura Koivisto Jyv\u00e4skKU 11,11 +0,7<br \/>\n3. Valentina Lemettinen Sein\u00e4jSU 10,99 +0,5<br \/>\n4. Janette Tanninen MultJy 10,92 -0,3<br \/>\n5. Hanna Peltola TampPy 10,63 -0,8<br \/>\n6. Inka Puumalainen MikkKV 10,48 +0,3<br \/>\n7. Selma Saarinen LappVei 10,42 +1,3<br \/>\n8. Lotta Tivinen MikkKV 10,39 +0,7<br \/>\n9. Riina Heikkonen LappUM 10,27 +0,4<br \/>\n10. Vilma Siiril\u00e4 Jyv\u00e4skKU 10,25 +0,6<br \/>\n11. Emilia Nissinaho OulPy 10,19 +0,8<br \/>\n12. Erika Ahvenharju H\u00e4meenlTa 10,06 +0,6<br \/>\n13. Venla Rutanen KuivAu 9,99 +0,3<br \/>\n14. Janina Laine EspTa 9,93 +0,7<br \/>\n15. Aliisa Kyr\u00f6nviita IkaalU 9,90 +0,8<br \/>\n16. <strong>Riina Kettunen LieksU 9,87 +0,8<\/strong><br \/>\n17. Julia Pihkanen TampPy 9,82 +0,5<br \/>\n18. Anni Sinelampi LahdA 9,80 +0,4<br \/>\n19. Kaisa Siukonen TampPy 9,69 +0,6<br \/>\n20. Jonna Voutilainen KuopRei 9,50 +0,3<br \/>\n21. Annika Kangasm\u00e4ki EspTa 9,41 +0,2<br \/>\n22. Emma Liikkanen LappUM 9,38 +0,9<br \/>\n23. Iida Koivisto TampPy 9,05 +0,9<br \/>\n24. Wilma Bruun IkaalU 8,86 +0,9<br \/>\nElla Nisula OulPy NM<\/p>\n","protected":false},"excerpt":{"rendered":"<p>23.8.2015 Oulu P15 Kolmiloikka 1. Juho Nieminen Jyv\u00e4skKU 13,84 +0,5 2. Aaro Davidila LapLu 12,72 -0,4 3. Joni J\u00e4rvinen LahdA 12,45 -2,3 4. Eeki Kokkonen LieksU 12,38 -2,6 5. Daniel Aaltonen HKV 12,05 +0,5 6. Aleksi Hakanen LauttLu 11,97 -1,0 7. Tero Uusikartano LaitJy 11,97 +0,5 8. Pietari Valoranta Jyv\u00e4skKU &hellip;<\/p>\n","protected":false},"author":3,"featured_media":0,"parent":2811,"menu_order":14,"comment_status":"closed","ping_status":"closed","template":"","meta":{"footnotes":""},"categories":[31,7],"tags":[],"class_list":["post-3838","page","type-page","status-publish","hentry","category-riinakettunen","category-tulokset"],"_links":{"self":[{"href":"https:\/\/www.lieksanurheilijat.com\/index.php?rest_route=\/wp\/v2\/pages\/3838","targetHints":{"allow":["GET"]}}],"collection":[{"href":"https:\/\/www.lieksanurheilijat.com\/index.php?rest_route=\/wp\/v2\/pages"}],"about":[{"href":"https:\/\/www.lieksanurheilijat.com\/index.php?rest_route=\/wp\/v2\/types\/page"}],"author":[{"embeddable":true,"href":"https:\/\/www.lieksanurheilijat.com\/index.php?rest_route=\/wp\/v2\/users\/3"}],"replies":[{"embeddable":true,"href":"https:\/\/www.lieksanurheilijat.com\/index.php?rest_route=%2Fwp%2Fv2%2Fcomments&post=3838"}],"version-history":[{"count":6,"href":"https:\/\/www.lieksanurheilijat.com\/index.php?rest_route=\/wp\/v2\/pages\/3838\/revisions"}],"predecessor-version":[{"id":3853,"href":"https:\/\/www.lieksanurheilijat.com\/index.php?rest_route=\/wp\/v2\/pages\/3838\/revisions\/3853"}],"up":[{"embeddable":true,"href":"https:\/\/www.lieksanurheilijat.com\/index.php?rest_route=\/wp\/v2\/pages\/2811"}],"wp:attachment":[{"href":"https:\/\/www.lieksanurheilijat.com\/index.php?rest_route=%2Fwp%2Fv2%2Fmedia&parent=3838"}],"wp:term":[{"taxonomy":"category","embeddable":true,"href":"https:\/\/www.lieksanurheilijat.com\/index.php?rest_route=%2Fwp%2Fv2%2Fcategories&post=3838"},{"taxonomy":"post_tag","embeddable":true,"href":"https:\/\/www.lieksanurheilijat.com\/index.php?rest_route=%2Fwp%2Fv2%2Ftags&post=3838"}],"curies":[{"name":"wp","href":"https:\/\/api.w.org\/{rel}","templated":true}]}}