{"id":3815,"date":"2015-08-09T19:52:21","date_gmt":"2015-08-09T16:52:21","guid":{"rendered":"https:\/\/www.lieksanurheilijat.com\/?page_id=3815"},"modified":"2015-10-22T12:36:53","modified_gmt":"2015-10-22T09:36:53","slug":"9-15-vuotiaiden-pohjois-karjalan-pm-huipentuma-2-paiva","status":"publish","type":"page","link":"https:\/\/www.lieksanurheilijat.com\/?page_id=3815","title":{"rendered":"9-15-vuotiaiden Pohjois-Karjalan pm-huipentuma, 2. p\u00e4iv\u00e4"},"content":{"rendered":"<p>9.8.2015<br \/>\nJoensuu<\/p>\n<p>P15 100m aj Tuuli: -2,7<br \/>\n1. <strong>Eeki Kokkonen LieksU 15,03<\/strong><\/p>\n<p>P15 pituus<br \/>\n1. <strong>Eeki Kokkonen LieksU 541 +0,0<\/strong><br \/>\n2. Aki Mutanen OutokPa 476 -0,6<br \/>\n3. Miikka Mutanen PolvijU 464 -1,8<\/p>\n<p>P14 300m<br \/>\n1. Jesse Piiroinen Pyh\u00e4sU 42,48<br \/>\n2. Teemu Malinen Pyh\u00e4sU 43,41<br \/>\n3. <strong>Simo N\u00e4ykki LieksU 44,45<\/strong><br \/>\n4. Juho Miettinen Pyh\u00e4sU 51,70<\/p>\n<p>P14 pituus<br \/>\n1. Jimi Huuho Pyh\u00e4sU 519 -0,2<br \/>\n2. <strong>Simo N\u00e4ykki LieksU 467 +0,0<\/strong><\/p>\n<p>T14 3-loikka<br \/>\n1. Jenna Riikonen JoensKa 9,40 -1,1<br \/>\n2. <strong>Riina Kettunen LieksU 9,20 -1,0<\/strong><br \/>\n3. <strong>Ada Pakarinen LieksU 8,89 -0,8<\/strong><\/p>\n<p>T14 kuula<br \/>\n1. Johanna Varis Pyh\u00e4sU 9,54<br \/>\n2. Pinja Hulkko Pyh\u00e4sU 9,43<br \/>\n3. <strong>Riina Kettunen LieksU 9,35<\/strong><\/p>\n<p>T13 200m Tuuli: -2,6<br \/>\n<strong>Silja Kempas LieksU 27,01<\/strong><br \/>\nElla Kainulainen SavonlRie 27,37<br \/>\n<strong>Satu Liimatta LieksU 30,49<\/strong><\/p>\n<p>T13 korkeus<br \/>\n1. <strong>Satu Liimatta LieksU 136<\/strong><br \/>\n2. Kerttu R\u00e4s\u00e4nen Pyh\u00e4sU 120<br \/>\n3. Heta Siira NurmSe 115<\/p>\n<p>T13 3-loikka<br \/>\n1. <strong>Satu Liimatta LieksU 9,15 0,0<\/strong><br \/>\n2. Tuuli Kinnunen JoensKa 8,58 -0,3<\/p>\n<p>T13 kuula<br \/>\n1. <strong>Milla Martikainen LieksU 9,64<\/strong><br \/>\n2. Hanna Toivanen JuuanU 9,47<br \/>\n3. <strong>Lotta Martikainen LieksU 9,16<\/strong><br \/>\n4. Reetta Naumanen OutokPa 7,21<br \/>\n5. Kerttu R\u00e4s\u00e4nen Pyh\u00e4sU 7,18<\/p>\n<p>T13 keih\u00e4s<br \/>\n1. <strong>Milla Martikainen LieksU 34,25<\/strong><br \/>\n2. Hanna Toivanen JuuanU 27,06<br \/>\n3. Reetta Naumanen OutokPa 25,97<br \/>\n4. <strong>Lotta Martikainen LieksU 24,09<\/strong><br \/>\n5. Heta Siira NurmSe 15,03<\/p>\n<p>T12 korkeus<br \/>\n1. Tiia Rantala PolvijU 133<br \/>\n2. <strong>Riina Palviainen LieksU 125<\/strong><br \/>\n3. Sini Lehikoinen Pyh\u00e4sU 120<br \/>\n4. Netta-Noora Lappalainen Pyh\u00e4sU 120<\/p>\n<p>T12 keih\u00e4s<br \/>\n1. <strong>Riina Palviainen LieksU 31,60<\/strong><br \/>\n2. <strong>Heta Kettunen LieksU 28,16<\/strong><br \/>\n3. Sini Lehikoinen Pyh\u00e4sU 25,65<br \/>\n4. Nea Immonen JoensKa 21,75<\/p>\n<p>T11 3-loikka<br \/>\nErin Kainulainen SavonlRie 8,37 -1,4<br \/>\n1. Asta Riikonen PolvijU 8,21 -1,8<br \/>\n2. Sofia Raatikainen Pyh\u00e4sU 8,14 -1,7<br \/>\n3. Reetta Ryyn\u00e4nen MutRie 7,93 -1,2<br \/>\n4. Aava Kipin\u00e4 JoensKa 7,54 -1,6<br \/>\n5. Josefina Ilvonen JuuanU 6,88 -1,3<br \/>\n6. <strong>Maija Boren LieksU 6,86 -1,9<\/strong><\/p>\n<p>T11 keih\u00e4s<br \/>\n1. Sanni Toivanen JuuanU 19,38<br \/>\n2. Viivi Piirainen NurmSe 16,78<br \/>\n3. Cindy Ahponen Pyh\u00e4sU 15,51<br \/>\n4. Emmi Honkanen NurmSe 13,76<br \/>\n5. <strong>Maija Boren LieksU 11,84<\/strong><\/p>\n<p>P10 150m Tuuli: -1,8<br \/>\nElmer Vauhkonen LapinlVe 22,39<br \/>\n1. Miska Koistinen JoensKa 23,18<br \/>\n2. V\u00e4in\u00f6 Kontkanen Pyh\u00e4sU 23,57<br \/>\n3. <strong>Aarni Nyblom LieksU 25,58<\/strong><br \/>\n4. <strong>Eero Mauro LieksU 26,15<\/strong><br \/>\n5. Atte Kipin\u00e4 JoensKa 26,95<\/p>\n<p>P10 60m aj<br \/>\nEr\u00e4 1: Tuuli: -1,5<br \/>\n1. V\u00e4in\u00f6 Kontkanen Pyh\u00e4sU 11,14<br \/>\n2. <strong>Aarni Nyblom LieksU 11,80<\/strong><br \/>\n3. Roope Maaninka Pyh\u00e4sU 12,49<br \/>\n4. Joona Turunen JoensKa 12,95<\/p>\n<p>P10 seiv\u00e4s<br \/>\n1. <strong>Aarni Nyblom LieksU 180<\/strong><br \/>\n2. <strong>Eero Mauro LieksU 160<\/strong><\/p>\n<p>P10 keih\u00e4s<br \/>\n1. Eeli Kinnunen JoensKa 28,36<br \/>\n2. <strong>Eero Mauro LieksU 22,42<\/strong><br \/>\n3. Aleksi Haukka JuuanU 22,22<br \/>\n4. Joona Turunen JoensKa 18,71<br \/>\n5. Atte Kipin\u00e4 JoensKa 15,85<br \/>\n6. Niko Rova JoensKa 12,78<\/p>\n<p>T10 60m aj Tuuli: -1,4<br \/>\n1. Sara-Sofia Hyv\u00f6nen Pyh\u00e4sU 11,76<br \/>\n2. <strong>Aino Pyykk\u00f6 LieksU 13,96<\/strong><\/p>\n<p>T10 moukari<br \/>\n1. <strong>Aino Pyykk\u00f6 LieksU 11,05<\/strong><\/p>\n<p>T10 keih\u00e4s<br \/>\n1. Sara-Sofia Hyv\u00f6nen Pyh\u00e4sU 17,11<br \/>\n2. <strong>Silja Viertola LieksU 13,30<\/strong><br \/>\n3. Nea Rova JoensKa 10,45<\/p>\n<p>P9 miniottelu (kuula + pituus)<br \/>\n1. Niklas Nykyri JoensKa 582 7,57 &#8211; 387<br \/>\n2. Santeri Kekarainen JoensKa 428 6,55 &#8211; 318<br \/>\n3. Anton Kettunen JoensKa 409 5,46 &#8211; 347<br \/>\n4. Akseli Laitila Pyh\u00e4sU 375 5,90 &#8211; 302<br \/>\n5. Tatu Rantala PolvijU 374 5,46 &#8211; 321<br \/>\n6. Niklas Hyv\u00e4rinen PolvijU 332 5,02 &#8211; 305<br \/>\n7. <strong>Touko Nyblom LieksU 283 4,69 &#8211; 274<\/strong><\/p>\n<p>P9 pituus<br \/>\n1. Niklas Nykyri JoensKa 387<br \/>\n2. Anton Kettunen JoensKa 347<br \/>\n3. Eeli Mustonen JoensKa 342<br \/>\n4. Topi Parviainen TuupovU 324<br \/>\n5. Tatu Rantala PolvijU 321<br \/>\n6. Santeri Kekarainen JoensKa 318<br \/>\n7. Niklas Hyv\u00e4rinen PolvijU 305<br \/>\n8. Akseli Laitila Pyh\u00e4sU 302<br \/>\n9. Topias Mustonen JoensKa 277<br \/>\n10. <strong>Touko Nyblom LieksU 274<\/strong><br \/>\n11. Luukas K\u00e4yhk\u00f6 JoensKa 255<\/p>\n<p>P9 kuula<br \/>\n1. Topi Parviainen TuupovU 8,37<br \/>\n2. Niklas Nykyri JoensKa 7,57<br \/>\n3. Santeri Kekarainen JoensKa 6,55<br \/>\n4. Eeli Mustonen JoensKa 6,45<br \/>\n5. Akseli Laitila Pyh\u00e4sU 5,90<br \/>\n6. Anton Kettunen JoensKa 5,46<br \/>\n7. Tatu Rantala PolvijU 5,46<br \/>\n8. Juho Hyttinen JuuanU 5,21<br \/>\n9. Topias Mustonen JoensKa 5,15<br \/>\n10. Niklas Hyv\u00e4rinen PolvijU 5,02<br \/>\n12. Eeli M\u00e4\u00e4tt\u00e4 NurmSe 4,95<br \/>\n13. <strong>Touko Nyblom LieksU 4,69<\/strong><br \/>\n14. Luukas K\u00e4yhk\u00f6 JoensKa 4,18<\/p>\n<p>T9 miniottelu (kuula + keih\u00e4s)<br \/>\n1. <strong>Netta Martikainen LieksU 240 3,95 &#8211; 10,41<\/strong><br \/>\n2. Veera Korhonen NurmSe 197 3,89 &#8211; 6,85<br \/>\n3. Ida-Liina Hyv\u00f6nen Pyh\u00e4sU 140 2,86 &#8211; 6,01<\/p>\n<p>T9 kuula<br \/>\n1. Kiira Kiiskinen JoensKa 4,54<br \/>\n2. <strong>Netta Martikainen LieksU 3,95<\/strong><br \/>\n3. Aada Rautiainen KiihtU 3,90<br \/>\n4. Veera Korhonen NurmSe 3,89<br \/>\n5. Sara Martikainen Pyh\u00e4sU 3,72<br \/>\n6. Ida-Liina Hyv\u00f6nen Pyh\u00e4sU 2,86<br \/>\n7. Ida-Liina Hyv\u00f6nen Pyh\u00e4sU 2,86<\/p>\n<p>T9 keih\u00e4s<br \/>\n1. <strong>Netta Martikainen LieksU 10,41<\/strong><br \/>\n2. Iiris Voutilainen JoensKa 7,33<br \/>\n3. Veera Korhonen NurmSe 6,85<br \/>\n4. Vilma Vatanen JoensKa 6,61<br \/>\n5. Ida-Liina Hyv\u00f6nen Pyh\u00e4sU 6,01<br \/>\n6. Nella Voutilainen JoensKa 4,29<br \/>\n7. Iina Honkanen NurmSe 3,83<\/p>\n","protected":false},"excerpt":{"rendered":"<p>9.8.2015 Joensuu P15 100m aj Tuuli: -2,7 1. Eeki Kokkonen LieksU 15,03 P15 pituus 1. Eeki Kokkonen LieksU 541 +0,0 2. Aki Mutanen OutokPa 476 -0,6 3. Miikka Mutanen PolvijU 464 -1,8 P14 300m 1. Jesse Piiroinen Pyh\u00e4sU 42,48 2. Teemu Malinen Pyh\u00e4sU 43,41 3. Simo N\u00e4ykki LieksU 44,45 4. &hellip;<\/p>\n","protected":false},"author":3,"featured_media":0,"parent":2811,"menu_order":20,"comment_status":"closed","ping_status":"closed","template":"","meta":{"footnotes":""},"categories":[14,48,42,34,40,38,39,32,49,31,47,26,7],"tags":[],"class_list":["post-3815","page","type-page","status-publish","hentry","category-aarninyblom","category-adapakarinen","category-ainopyykko","category-hetakettunen","category-juttamartikainen","category-lottamartikainen","category-maijaboren","category-millamartikainen","category-nettamartikainen","category-riinakettunen","category-satuliimatta","category-siljakempas","category-tulokset"],"_links":{"self":[{"href":"https:\/\/www.lieksanurheilijat.com\/index.php?rest_route=\/wp\/v2\/pages\/3815","targetHints":{"allow":["GET"]}}],"collection":[{"href":"https:\/\/www.lieksanurheilijat.com\/index.php?rest_route=\/wp\/v2\/pages"}],"about":[{"href":"https:\/\/www.lieksanurheilijat.com\/index.php?rest_route=\/wp\/v2\/types\/page"}],"author":[{"embeddable":true,"href":"https:\/\/www.lieksanurheilijat.com\/index.php?rest_route=\/wp\/v2\/users\/3"}],"replies":[{"embeddable":true,"href":"https:\/\/www.lieksanurheilijat.com\/index.php?rest_route=%2Fwp%2Fv2%2Fcomments&post=3815"}],"version-history":[{"count":1,"href":"https:\/\/www.lieksanurheilijat.com\/index.php?rest_route=\/wp\/v2\/pages\/3815\/revisions"}],"predecessor-version":[{"id":3816,"href":"https:\/\/www.lieksanurheilijat.com\/index.php?rest_route=\/wp\/v2\/pages\/3815\/revisions\/3816"}],"up":[{"embeddable":true,"href":"https:\/\/www.lieksanurheilijat.com\/index.php?rest_route=\/wp\/v2\/pages\/2811"}],"wp:attachment":[{"href":"https:\/\/www.lieksanurheilijat.com\/index.php?rest_route=%2Fwp%2Fv2%2Fmedia&parent=3815"}],"wp:term":[{"taxonomy":"category","embeddable":true,"href":"https:\/\/www.lieksanurheilijat.com\/index.php?rest_route=%2Fwp%2Fv2%2Fcategories&post=3815"},{"taxonomy":"post_tag","embeddable":true,"href":"https:\/\/www.lieksanurheilijat.com\/index.php?rest_route=%2Fwp%2Fv2%2Ftags&post=3815"}],"curies":[{"name":"wp","href":"https:\/\/api.w.org\/{rel}","templated":true}]}}