{"id":3745,"date":"2015-07-29T22:23:25","date_gmt":"2015-07-29T19:23:25","guid":{"rendered":"https:\/\/www.lieksanurheilijat.com\/?page_id=3745"},"modified":"2015-08-02T10:13:37","modified_gmt":"2015-08-02T07:13:37","slug":"tahtikisa-55","status":"publish","type":"page","link":"https:\/\/www.lieksanurheilijat.com\/?page_id=3745","title":{"rendered":"T\u00e4htikisa 5\/5"},"content":{"rendered":"<p>Lieksa<br \/>\n29.7.2015<\/p>\n<p>P15 300m<br \/>\n1 Eeki Kokkonen Lieksan Urheilijat 40,49 A<\/p>\n<p>P15 moukari<br \/>\n1 Eeki Kokkonen Lieksan Urheilijat 29,77 C<\/p>\n<p>P15 3-loikka<br \/>\n1 Eeki Kokkonen Lieksan Urheilijat 11,95 \u22120,6 A<\/p>\n<p>P14 300m<br \/>\n1 Teemu Malinen Pyh\u00e4sel\u00e4n Urheilijat 43,87 B<br \/>\n2 Simo N\u00e4ykki Lieksan Urheilijat 44,62 C<\/p>\n<p>P14 3-loikka<br \/>\n1 Simo N\u00e4ykki Lieksan Urheilijat 9,79 \u22120,2 B<\/p>\n<p>P11 150m<br \/>\n1 Matias Piispala J\u00e4rvenp\u00e4\u00e4 28,00<\/p>\n<p>P10 150m<br \/>\n1 Eero Mauro Lieksan Urheilijat 25,95<br \/>\n2 Niko Nevalainen Lieksan Urheilijat 27,33<br \/>\n3 Sami K\u00e4rkk\u00e4inen Lieksan Urheilijat 28,63<br \/>\n4 Tomas Pyykk\u00f6 Lieksan Urheilijat 29,19<\/p>\n<p>P10 moukari<br \/>\n1 Eero Mauro Lieksan Urheilijat 15,48 B<br \/>\n2 Sami K\u00e4rkkainen Lieksan Urheilijat 12,93 C<br \/>\n3 Tomas Pyykk\u00f6 Lieksan Urheilijat 10,70 C<br \/>\n4 Niko Nevalainen Lieksan Urheilijat 7,71<\/p>\n<p>P10 3-loikka<br \/>\n1 Eero Mauro Lieksan Urheilijat 7,02 C<br \/>\n2 Niko Nevalainen Lieksan Urheilijat 6,78 C<br \/>\n3 Tomas Pyykk\u00f6 Lieksan Urheilijat 6,02<\/p>\n<p>P8 150m<br \/>\n1 Martti Saraniemi Lieksan Urheilijat 31,85<\/p>\n<p>P8 kuula<br \/>\n1 Martti Saraniemi Lieksan Urheilijat 4,33<\/p>\n<p>P8 korkeus<br \/>\n1 Martti Saraniemi Lieksan Urheilijat 70<\/p>\n<p>P7 150m<br \/>\n1 Ahti Boren Lieksan Urheilijat 30,58<\/p>\n<p>P7 kuula<br \/>\n1 Ahti Boren 3,01<\/p>\n<p>P7 korkeus<br \/>\n1 Ahti Boren 75<\/p>\n<p>&nbsp;<\/p>\n<p>P5 150m<br \/>\n1 Tatu Ryyn\u00e4nen Lieksan Urheilijat 62,45<\/p>\n<p>P5 kuula<br \/>\n1 Tatu Ryyn\u00e4nen Lieksan Urheilijat 0,88<\/p>\n<p>P5 korkeus<br \/>\nTatu Ryyn\u00e4nen Lieksan Urheilijat NH<\/p>\n<p>N19 100m \u22120,1<br \/>\n1 Eveliina Ryyn\u00e4nen Lieksan Urheilijat 14,85<\/p>\n<p>N19 moukari<br \/>\n1 Eveliina Ryyn\u00e4nen Lieksan Urheilijat 15,88<\/p>\n<p>N19 3-loikka<br \/>\n1 Iida Kokko Joensuun Kataja 10,67 \u22120,1<\/p>\n<p>N17 100m \u22120,1<br \/>\n1 Silja Kempas Lieksan Urheilijat 13,36<\/p>\n<p>N17 200m \u22120,5<br \/>\n1 Hanna Siiskonen Joensuun Kataja 27,03<\/p>\n<p>N17 moukari<br \/>\n1 Venla Kettunen Lieksan Urheilijat 51,68<\/p>\n<p>T15 300m<br \/>\n1 Jutta Nuutinen Pyh\u00e4sel\u00e4n Urheilijat 45,00 B<\/p>\n<p>T15 3-loikka<br \/>\n1 Kati Nuutinen Pyh\u00e4sel\u00e4n Urheilijat 9,90 \u22120,1 \u00a0B<\/p>\n<p>T14 100m \u22120,1<br \/>\n1 Riina Kettunen Lieksan Urheilijat 14,24<br \/>\n2 Ada Pakarinen Lieksan Urheilijat 14,52<\/p>\n<p>T14 moukari<br \/>\n1 Riina Kettunen Lieksan Urheilijat 26,89 B<\/p>\n<p>T14 3-loikka<br \/>\n1 Riina Kettunen Lieksan Urheilijat 9,43 \u22120,1 B<\/p>\n<p>T13 200m \u22120,5<br \/>\n1 Satu Liimatta Lieksan Urheilijat 30,96 C<br \/>\n2 Janette Lonkainen Turun Urheiluliitto 33,48<br \/>\n3 Milla Martikainen Lieksan Urheilijat 34,90<\/p>\n<p>T13 moukari (12-13 -vuotiailla t\u00e4htikisan pisteisiin lasketaan yritykset 1-4)<br \/>\n1 Milla Martikainen Lieksan Urheilijat 29,49 (28,71) A<\/p>\n<p>T13 3-loikka<br \/>\n1 Satu Liimatta Lieksan Urheilijat 8,92 \u22120,1 C<br \/>\n2 Janette Lonkainen Turun Urheiluliitto 8,54 \u22120,3 C<br \/>\n3 Milla Martikainen Lieksan Urheilijat 8,23 \u22120,5 C<\/p>\n<p>T12 200m \u22120,5<br \/>\n1 Heta Kettunen Lieksan Urheilijat 31,78 C<\/p>\n<p>T12 moukari (12-13 -vuotiailla t\u00e4htikisan pisteisiin lasketaan yritykset 1-4)<br \/>\n1 Netta-Noora Lappalainen Pyh\u00e4sel\u00e4n Urheilijat 33,17 (31,73) A<br \/>\n2 Riina Palviainen Lieksan Urheilijat 27,09 A<br \/>\n3 Heta Kettunen Lieksan Urheilijat 26,16 (24,87) A<\/p>\n<p>T12 3-loikka<br \/>\n1 Heta Kettunen Lieksan Urheilijat 8,05 \u22120,3 C<br \/>\n2 Riina Palviainen Lieksan Urheilijat 7,85 \u22120,1 C<\/p>\n<p>T11 200m \u22120,5<br \/>\n1 Mona Korelin Helsingin Kisaveikot 33,81<\/p>\n<p>T11 150m<br \/>\n1 Mona Korelin Helsingin Kisaveikot 24,57 C<br \/>\n2 Maija Boren Lieksan Urheilijat 26,88<\/p>\n<p>T11 moukari<br \/>\n1 Maija Boren Lieksan Urheilijat 9,92<\/p>\n<p>T11 3-loikka<br \/>\n1 Maija Boren Lieksan Urheilijat 7,09<\/p>\n<p>T10 150m<br \/>\n1 Aino Pyykk\u00f6 Lieksan Urheilijat 26,80<br \/>\n2 Tuuli Saraniemi Lieksan Urheilijat 29,72<\/p>\n<p>T10 moukari<br \/>\n1 Aino Pyykk\u00f6 Lieksan Urheilijat 11,21 C<br \/>\n2 Tuuli Saraniemi Lieksan Urheilijat 10,88 C<\/p>\n<p>T10 3-loikka<br \/>\n1 Aino Pyykk\u00f6 Lieksan Urheilijat 6,53 C<br \/>\n2 Tuuli Saraniemi Lieksan Urheilijat 6,45 C<\/p>\n<p>T9 150m<br \/>\n1 Nora Korelin Helsingin Kisaveikot 26,53 C<br \/>\n2 Netta Martikainen Lieksan Urheilijat 33,69<\/p>\n<p>T9 kuula<br \/>\n1 Netta Martikainen Lieksan Urheilijat 4,33<\/p>\n<p>T9 korkeus<br \/>\n1 Netta Martikainen Lieksan Urheilijat 70<\/p>\n<p>T8 150m<br \/>\n1 Saana Piispala J\u00e4rvenp\u00e4\u00e4 30,84<br \/>\n2 Netta Oinonen Lieksan Urheilijat 32,24<\/p>\n<p>T8 kuula<br \/>\n1 Netta Oinonen Lieksan Urheilijat 2,68<\/p>\n<p>T8 korkeus<br \/>\n1 Netta Oinonen Lieksan Urheilijat 70<\/p>\n<p>T7 150m<br \/>\n1 Titta Martikainen Lieksan Urheilijat 41,74<\/p>\n<p>T7 kuula<br \/>\n1 Titta Martikainen Lieksan Urheilijat 3,38<\/p>\n<p>T7 korkeus<br \/>\n1 Titta Martikainen Lieksan Urheilijat 75<\/p>\n<p>T6 150m<br \/>\n1 Maiju Saraniemi Lieksan Urheilijat 34,04<br \/>\n2 Noora Oinonen Lieksan Urheilijat 40,01<\/p>\n<p>T6 kuula<br \/>\n1 Maiju Saraniemi Lieksan Urheilijat 2,59<br \/>\n2 Noora Oinonen Lieksan Urheilijat 1,88<\/p>\n<p>T6 korkeus<br \/>\n1 Maiju Saraniemi Lieksan Urheilijat 60<br \/>\n2 Noora Oinonen Lieksan Urheilijat 55<\/p>\n","protected":false},"excerpt":{"rendered":"<p>Lieksa 29.7.2015 P15 300m 1 Eeki Kokkonen Lieksan Urheilijat 40,49 A P15 moukari 1 Eeki Kokkonen Lieksan Urheilijat 29,77 C P15 3-loikka 1 Eeki Kokkonen Lieksan Urheilijat 11,95 \u22120,6 A P14 300m 1 Teemu Malinen Pyh\u00e4sel\u00e4n Urheilijat 43,87 B 2 Simo N\u00e4ykki Lieksan Urheilijat 44,62 C P14 3-loikka 1 Simo &hellip;<\/p>\n","protected":false},"author":2,"featured_media":0,"parent":2811,"menu_order":23,"comment_status":"closed","ping_status":"closed","template":"","meta":{"footnotes":""},"categories":[48,42,34,39,32,31,47,26,7,23],"tags":[],"class_list":["post-3745","page","type-page","status-publish","hentry","category-adapakarinen","category-ainopyykko","category-hetakettunen","category-maijaboren","category-millamartikainen","category-riinakettunen","category-satuliimatta","category-siljakempas","category-tulokset","category-venlakettunen"],"_links":{"self":[{"href":"https:\/\/www.lieksanurheilijat.com\/index.php?rest_route=\/wp\/v2\/pages\/3745","targetHints":{"allow":["GET"]}}],"collection":[{"href":"https:\/\/www.lieksanurheilijat.com\/index.php?rest_route=\/wp\/v2\/pages"}],"about":[{"href":"https:\/\/www.lieksanurheilijat.com\/index.php?rest_route=\/wp\/v2\/types\/page"}],"author":[{"embeddable":true,"href":"https:\/\/www.lieksanurheilijat.com\/index.php?rest_route=\/wp\/v2\/users\/2"}],"replies":[{"embeddable":true,"href":"https:\/\/www.lieksanurheilijat.com\/index.php?rest_route=%2Fwp%2Fv2%2Fcomments&post=3745"}],"version-history":[{"count":6,"href":"https:\/\/www.lieksanurheilijat.com\/index.php?rest_route=\/wp\/v2\/pages\/3745\/revisions"}],"predecessor-version":[{"id":3753,"href":"https:\/\/www.lieksanurheilijat.com\/index.php?rest_route=\/wp\/v2\/pages\/3745\/revisions\/3753"}],"up":[{"embeddable":true,"href":"https:\/\/www.lieksanurheilijat.com\/index.php?rest_route=\/wp\/v2\/pages\/2811"}],"wp:attachment":[{"href":"https:\/\/www.lieksanurheilijat.com\/index.php?rest_route=%2Fwp%2Fv2%2Fmedia&parent=3745"}],"wp:term":[{"taxonomy":"category","embeddable":true,"href":"https:\/\/www.lieksanurheilijat.com\/index.php?rest_route=%2Fwp%2Fv2%2Fcategories&post=3745"},{"taxonomy":"post_tag","embeddable":true,"href":"https:\/\/www.lieksanurheilijat.com\/index.php?rest_route=%2Fwp%2Fv2%2Ftags&post=3745"}],"curies":[{"name":"wp","href":"https:\/\/api.w.org\/{rel}","templated":true}]}}