{"id":3719,"date":"2015-07-28T22:34:45","date_gmt":"2015-07-28T19:34:45","guid":{"rendered":"https:\/\/www.lieksanurheilijat.com\/?page_id=3719"},"modified":"2015-07-29T08:37:09","modified_gmt":"2015-07-29T05:37:09","slug":"pyhaselan-heinakisat-2","status":"publish","type":"page","link":"https:\/\/www.lieksanurheilijat.com\/?page_id=3719","title":{"rendered":"Pyh\u00e4sel\u00e4n hein\u00e4kisat 2"},"content":{"rendered":"<p>28.7.2015<br \/>\nPyh\u00e4selk\u00e4<\/p>\n<p>P13 1000 m:<br \/>\n1. Kalle Tanskanen SulkKi 3.17,8<br \/>\n2. <strong>Eemeli Boren LieksU 3.49,7<\/strong><br \/>\n3. Benjamin Oittinen Pyh\u00e4sU 3.55,2<\/p>\n<p>P9 1000 m:<br \/>\n1. <strong>Kalle Boren LieksU 4.08,2<\/strong><br \/>\n2. Aku Alastalo Pyh\u00e4sU 4.16,2<\/p>\n<p>P9 korkeus:<br \/>\n1. Aku Alastalo Pyh\u00e4sU 100<br \/>\n2. <strong>Kalle Boren LieksU 90<\/strong><\/p>\n<p>P7 1000 m:<br \/>\n1. <strong>Ahti Boren LieksU 4.27,0<\/strong><\/p>\n<p>P7 pituus:<br \/>\n1. Oskari Pakarinen Pyh\u00e4sU 336<br \/>\n2. <strong>Ahti Boren LieksU 248<\/strong><\/p>\n<p>P7 pallo:<br \/>\n1. Oskari Pakarinen Pyh\u00e4sU 17.94<br \/>\n2. <strong>Ahti Boren LieksU 14.33<\/strong><\/p>\n<p>T11 1000 m:<br \/>\n1. Sofia Raatikainen Pyh\u00e4sU 3.50,9<br \/>\n2. <strong>Maija Boren LieksU 3.51,5<\/strong><br \/>\n3. Siiri Luostarinen JoKa 4.04,5<br \/>\n4. Anni Huovinen Pyh\u00e4sU 4.10,4<\/p>\n<p>T11 korkeus:<br \/>\n1. Sofia Raatikainen Pyh\u00e4sU 110<br \/>\n2. <strong>Maija Boren LieksU 105<\/strong><\/p>\n<p>T11 seiv\u00e4s:<br \/>\n1. <strong>Maija Boren LieksU 180<\/strong><\/p>\n<p>T10 1000 m:<br \/>\n1. <strong>Aino Pyykk\u00f6 LieksU 4.48,8<\/strong><\/p>\n<p>T10 seiv\u00e4s:<br \/>\n1. <strong>Aino Pyykk\u00f6 LieksU 160<\/strong><\/p>\n<p>T10 kiekko:<br \/>\n1. <strong>Aino Pyykk\u00f6 LieksU 8.03<\/strong><\/p>\n","protected":false},"excerpt":{"rendered":"<p>28.7.2015 Pyh\u00e4selk\u00e4 P13 1000 m: 1. Kalle Tanskanen SulkKi 3.17,8 2. Eemeli Boren LieksU 3.49,7 3. Benjamin Oittinen Pyh\u00e4sU 3.55,2 P9 1000 m: 1. Kalle Boren LieksU 4.08,2 2. Aku Alastalo Pyh\u00e4sU 4.16,2 P9 korkeus: 1. Aku Alastalo Pyh\u00e4sU 100 2. Kalle Boren LieksU 90 P7 1000 m: 1. Ahti &hellip;<\/p>\n","protected":false},"author":3,"featured_media":0,"parent":2811,"menu_order":24,"comment_status":"closed","ping_status":"closed","template":"","meta":{"footnotes":""},"categories":[42,39,7],"tags":[],"class_list":["post-3719","page","type-page","status-publish","hentry","category-ainopyykko","category-maijaboren","category-tulokset"],"_links":{"self":[{"href":"https:\/\/www.lieksanurheilijat.com\/index.php?rest_route=\/wp\/v2\/pages\/3719","targetHints":{"allow":["GET"]}}],"collection":[{"href":"https:\/\/www.lieksanurheilijat.com\/index.php?rest_route=\/wp\/v2\/pages"}],"about":[{"href":"https:\/\/www.lieksanurheilijat.com\/index.php?rest_route=\/wp\/v2\/types\/page"}],"author":[{"embeddable":true,"href":"https:\/\/www.lieksanurheilijat.com\/index.php?rest_route=\/wp\/v2\/users\/3"}],"replies":[{"embeddable":true,"href":"https:\/\/www.lieksanurheilijat.com\/index.php?rest_route=%2Fwp%2Fv2%2Fcomments&post=3719"}],"version-history":[{"count":1,"href":"https:\/\/www.lieksanurheilijat.com\/index.php?rest_route=\/wp\/v2\/pages\/3719\/revisions"}],"predecessor-version":[{"id":3720,"href":"https:\/\/www.lieksanurheilijat.com\/index.php?rest_route=\/wp\/v2\/pages\/3719\/revisions\/3720"}],"up":[{"embeddable":true,"href":"https:\/\/www.lieksanurheilijat.com\/index.php?rest_route=\/wp\/v2\/pages\/2811"}],"wp:attachment":[{"href":"https:\/\/www.lieksanurheilijat.com\/index.php?rest_route=%2Fwp%2Fv2%2Fmedia&parent=3719"}],"wp:term":[{"taxonomy":"category","embeddable":true,"href":"https:\/\/www.lieksanurheilijat.com\/index.php?rest_route=%2Fwp%2Fv2%2Fcategories&post=3719"},{"taxonomy":"post_tag","embeddable":true,"href":"https:\/\/www.lieksanurheilijat.com\/index.php?rest_route=%2Fwp%2Fv2%2Ftags&post=3719"}],"curies":[{"name":"wp","href":"https:\/\/api.w.org\/{rel}","templated":true}]}}