{"id":3654,"date":"2015-07-26T19:33:47","date_gmt":"2015-07-26T16:33:47","guid":{"rendered":"https:\/\/www.lieksanurheilijat.com\/?page_id=3654"},"modified":"2016-02-14T13:10:49","modified_gmt":"2016-02-14T11:10:49","slug":"lieksa-sportia-vaski-run","status":"publish","type":"page","link":"https:\/\/www.lieksanurheilijat.com\/?page_id=3654","title":{"rendered":"Lieksa Sportia Vaski Run"},"content":{"rendered":"<p><a href=\"https:\/\/www.lieksanurheilijat.com\/wp-content\/uploads\/2015\/07\/tulokset_valiajat260715.html\">Tulokset v\u00e4liajoilla<\/a><\/p>\n<p><a href=\"https:\/\/www.lieksanurheilijat.com\/wp-content\/uploads\/2015\/07\/tulokset_kierros260715.html\">Tulokset kierrosajoilla<\/a><\/p>\n<h5 class=\"sarjanimi\"><a name=\"T09\"><\/a>Tyt\u00f6t 9 : 1,6 km<\/h5>\n<table>\n<tbody>\n<tr>\n<th style=\"text-align: left;\">Sija<\/th>\n<th style=\"text-align: left;\">Nimi<\/th>\n<th style=\"text-align: left;\">Seura<\/th>\n<th style=\"text-align: left;\">Tulos<\/th>\n<th style=\"text-align: left;\">Ero<\/th>\n<\/tr>\n<tr>\n<td style=\"text-align: left;\">1.<\/td>\n<td style=\"text-align: left;\">Noora Hukka<\/td>\n<td style=\"text-align: left;\">FC Hertta<\/td>\n<td style=\"text-align: left;\">9:51,8<\/td>\n<td style=\"text-align: left;\"><\/td>\n<\/tr>\n<\/tbody>\n<\/table>\n<h5 class=\"sarjanimi\"><a name=\"P09\"><\/a>Pojat 9 : 1,6 km<\/h5>\n<table class=\"restbl\">\n<tbody>\n<tr>\n<th style=\"text-align: left;\">Sija<\/th>\n<th style=\"text-align: left;\">Nimi<\/th>\n<th style=\"text-align: left;\">Seura<\/th>\n<th style=\"text-align: left;\">Tulos<\/th>\n<th style=\"text-align: left;\">Ero<\/th>\n<\/tr>\n<tr>\n<td style=\"text-align: left;\">1.<\/td>\n<td style=\"text-align: left;\">Samuli Nykyri<\/td>\n<td style=\"text-align: left;\">Juuan J\u00e4nne<\/td>\n<td style=\"text-align: left;\">10:52,5<\/td>\n<td style=\"text-align: left;\"><\/td>\n<\/tr>\n<\/tbody>\n<\/table>\n<h5 class=\"sarjanimi\"><a name=\"T13\"><\/a>Tyt\u00f6t 13 : 3,2 km<\/h5>\n<table class=\"restbl\">\n<tbody>\n<tr>\n<th style=\"text-align: left;\">Sija<\/th>\n<th style=\"text-align: left;\">Nimi<\/th>\n<th style=\"text-align: left;\">Seura<\/th>\n<th style=\"text-align: left;\">Tulos<\/th>\n<th style=\"text-align: left;\">Ero<\/th>\n<\/tr>\n<tr>\n<td style=\"text-align: left;\">1.<\/td>\n<td style=\"text-align: left;\">Satu Liimatta<\/td>\n<td style=\"text-align: left;\">Lieksan Urheilijat<\/td>\n<td style=\"text-align: left;\">13:18,0<\/td>\n<td style=\"text-align: left;\"><\/td>\n<\/tr>\n<\/tbody>\n<\/table>\n<h5 class=\"sarjanimi\"><a name=\"P13\"><\/a>Pojat 13 : 3,2 km<\/h5>\n<table class=\"restbl\">\n<tbody>\n<tr>\n<th style=\"text-align: left;\">Sija<\/th>\n<th style=\"text-align: left;\">Nimi<\/th>\n<th style=\"text-align: left;\">Seura<\/th>\n<th style=\"text-align: left;\">Tulos<\/th>\n<th style=\"text-align: left;\">Ero<\/th>\n<\/tr>\n<tr>\n<td style=\"text-align: left;\">1.<\/td>\n<td style=\"text-align: left;\">Jaakko Nykyri<\/td>\n<td style=\"text-align: left;\">Juuan J\u00e4nne<\/td>\n<td style=\"text-align: left;\">13:28,3<\/td>\n<td style=\"text-align: left;\"><\/td>\n<\/tr>\n<tr>\n<td style=\"text-align: left;\">2.<\/td>\n<td style=\"text-align: left;\">Rasmus Kuiri<\/td>\n<td style=\"text-align: left;\">Lieksan Urheilijat<\/td>\n<td style=\"text-align: left;\">13:49,0<\/td>\n<td style=\"text-align: left;\">+20,7<\/td>\n<\/tr>\n<tr>\n<td style=\"text-align: left;\">3.<\/td>\n<td style=\"text-align: left;\">Niko Hukka<\/td>\n<td style=\"text-align: left;\">Jippo 03<\/td>\n<td style=\"text-align: left;\">13:53,2<\/td>\n<td style=\"text-align: left;\">+24,9<\/td>\n<\/tr>\n<\/tbody>\n<\/table>\n<h5 class=\"sarjanimi\"><a name=\"NKUNTO\"><\/a>Naiset kunto : 3,2 km<\/h5>\n<table class=\"restbl\">\n<tbody>\n<tr>\n<th style=\"text-align: left;\">Sija<\/th>\n<th style=\"text-align: left;\">Nimi<\/th>\n<th style=\"text-align: left;\">Seura<\/th>\n<th style=\"text-align: left;\">Tulos<\/th>\n<th style=\"text-align: left;\">Ero<\/th>\n<\/tr>\n<tr>\n<td style=\"text-align: left;\">1.<\/td>\n<td style=\"text-align: left;\">Kristiina Saari<\/td>\n<td style=\"text-align: left;\">Kalevan Rasti<\/td>\n<td style=\"text-align: left;\">16:28,2<\/td>\n<td style=\"text-align: left;\"><\/td>\n<\/tr>\n<tr>\n<td style=\"text-align: left;\">2.<\/td>\n<td style=\"text-align: left;\">Leena Ker\u00e4nen<\/td>\n<td style=\"text-align: left;\">Lieksa<\/td>\n<td style=\"text-align: left;\">26:04,5<\/td>\n<td style=\"text-align: left;\">+9:36,3<\/td>\n<\/tr>\n<\/tbody>\n<\/table>\n<h5 class=\"sarjanimi\"><a name=\"P15\"><\/a>Pojat 15 : 6,4 km<\/h5>\n<table class=\"restbl\">\n<tbody>\n<tr>\n<th style=\"text-align: left;\">Sija<\/th>\n<th style=\"text-align: left;\">Nimi<\/th>\n<th style=\"text-align: left;\">Seura<\/th>\n<th style=\"text-align: left;\">Tulos<\/th>\n<th style=\"text-align: left;\">Ero<\/th>\n<\/tr>\n<tr>\n<td style=\"text-align: left;\">1.<\/td>\n<td style=\"text-align: left;\">Simo N\u00e4ykki<\/td>\n<td style=\"text-align: left;\">Lieksan Urheilijat<\/td>\n<td style=\"text-align: left;\">29:42,7<\/td>\n<td style=\"text-align: left;\"><\/td>\n<\/tr>\n<\/tbody>\n<\/table>\n<h5 class=\"sarjanimi\"><a name=\"N\"><\/a>Naiset : 6,4 km<\/h5>\n<table class=\"restbl\">\n<tbody>\n<tr>\n<th style=\"text-align: left;\">Sija<\/th>\n<th style=\"text-align: left;\">Nimi<\/th>\n<th style=\"text-align: left;\">Seura<\/th>\n<th style=\"text-align: left;\">Tulos<\/th>\n<th style=\"text-align: left;\">Ero<\/th>\n<\/tr>\n<tr>\n<td style=\"text-align: left;\">1.<\/td>\n<td style=\"text-align: left;\">Anni Lehtonen<\/td>\n<td style=\"text-align: left;\">Kuopion Reipas<\/td>\n<td style=\"text-align: left;\">27:37,6<\/td>\n<td style=\"text-align: left;\"><\/td>\n<\/tr>\n<tr>\n<td style=\"text-align: left;\">2.<\/td>\n<td style=\"text-align: left;\">Maria Virkkunen<\/td>\n<td style=\"text-align: left;\">Team Kuntohelp<\/td>\n<td style=\"text-align: left;\">34:01,1<\/td>\n<td style=\"text-align: left;\">+6:23,5<\/td>\n<\/tr>\n<tr>\n<td style=\"text-align: left;\">3.<\/td>\n<td style=\"text-align: left;\">Sari Leinonen<\/td>\n<td style=\"text-align: left;\"><\/td>\n<td style=\"text-align: left;\">35:50,0<\/td>\n<td style=\"text-align: left;\">+8:12,4<\/td>\n<\/tr>\n<\/tbody>\n<\/table>\n<h5 class=\"sarjanimi\"><a name=\"MKUNTO\"><\/a>Miehet kunto : 6,4 km<\/h5>\n<table class=\"restbl\">\n<tbody>\n<tr>\n<th style=\"text-align: left;\">Sija<\/th>\n<th style=\"text-align: left;\">Nimi<\/th>\n<th style=\"text-align: left;\">Seura<\/th>\n<th style=\"text-align: left;\">Tulos<\/th>\n<th style=\"text-align: left;\">Ero<\/th>\n<\/tr>\n<tr>\n<td style=\"text-align: left;\">1.<\/td>\n<td style=\"text-align: left;\">Eppu Honkanen<\/td>\n<td style=\"text-align: left;\">Lieksan Urheilijat<\/td>\n<td style=\"text-align: left;\">25:49,6<\/td>\n<td style=\"text-align: left;\"><\/td>\n<\/tr>\n<tr>\n<td style=\"text-align: left;\">2.<\/td>\n<td style=\"text-align: left;\">Seppo Eronen<\/td>\n<td style=\"text-align: left;\">Lieksan Urheilijat<\/td>\n<td style=\"text-align: left;\">32:47,9<\/td>\n<td style=\"text-align: left;\">+6:58,3<\/td>\n<\/tr>\n<\/tbody>\n<\/table>\n<h5 class=\"sarjanimi\"><a name=\"M60\"><\/a>Miehet 60 : 6,4 km<\/h5>\n<table class=\"restbl\">\n<tbody>\n<tr>\n<th>Sija<\/th>\n<th>Nimi<\/th>\n<th>Seura<\/th>\n<th>Tulos<\/th>\n<th>Ero<\/th>\n<\/tr>\n<tr>\n<td>1.<\/td>\n<td>Jarmo Pekkarinen<\/td>\n<td>Lieksa<\/td>\n<td>29:58,4<\/td>\n<td><\/td>\n<\/tr>\n<tr>\n<td style=\"text-align: left;\">2.<\/td>\n<td style=\"text-align: left;\">Olavi Sarkkinen<\/td>\n<td style=\"text-align: left;\">Lieksan Hiihtoseura<\/td>\n<td style=\"text-align: left;\">31:53,0<\/td>\n<td style=\"text-align: left;\">+1:54,6<\/td>\n<\/tr>\n<\/tbody>\n<\/table>\n<h5 class=\"sarjanimi\"><a name=\"M70\"><\/a>Miehet 70 : 6,4 km<\/h5>\n<table class=\"restbl\">\n<tbody>\n<tr>\n<th style=\"text-align: left;\">Sija<\/th>\n<th style=\"text-align: left;\">Nimi<\/th>\n<th style=\"text-align: left;\">Seura<\/th>\n<th style=\"text-align: left;\">Tulos<\/th>\n<th style=\"text-align: left;\">Ero<\/th>\n<\/tr>\n<tr>\n<td style=\"text-align: left;\">1.<\/td>\n<td style=\"text-align: left;\">Olavi Ukonmaanaho<\/td>\n<td style=\"text-align: left;\">Lieksa<\/td>\n<td style=\"text-align: left;\">33:31,3<\/td>\n<td style=\"text-align: left;\"><\/td>\n<\/tr>\n<\/tbody>\n<\/table>\n<h5 class=\"sarjanimi\"><a name=\"N40\"><\/a>Naiset 40 : 6,4 km<\/h5>\n<table class=\"restbl\">\n<tbody>\n<tr>\n<th style=\"text-align: left;\">Sija<\/th>\n<th style=\"text-align: left;\">Nimi<\/th>\n<th style=\"text-align: left;\">Seura<\/th>\n<th style=\"text-align: left;\">Tulos<\/th>\n<th style=\"text-align: left;\">Ero<\/th>\n<\/tr>\n<tr>\n<td style=\"text-align: left;\">1.<\/td>\n<td style=\"text-align: left;\">Tuula Antikainen<\/td>\n<td style=\"text-align: left;\">Polvij\u00e4rven Vauhti<\/td>\n<td style=\"text-align: left;\">30:43,8<\/td>\n<td style=\"text-align: left;\"><\/td>\n<\/tr>\n<tr>\n<td style=\"text-align: left;\">2.<\/td>\n<td style=\"text-align: left;\">Anna-Maija Turunen<\/td>\n<td style=\"text-align: left;\">Eno<\/td>\n<td style=\"text-align: left;\">33:36,7<\/td>\n<td style=\"text-align: left;\">+2:52,9<\/td>\n<\/tr>\n<tr>\n<td style=\"text-align: left;\">3.<\/td>\n<td style=\"text-align: left;\">Anne Tirronen<\/td>\n<td style=\"text-align: left;\">Brahean Uimarit<\/td>\n<td style=\"text-align: left;\">35:48,3<\/td>\n<td style=\"text-align: left;\">+5:04,5<\/td>\n<\/tr>\n<\/tbody>\n<\/table>\n<h5 class=\"sarjanimi\"><a name=\"N50\"><\/a>Naiset 50 : 6,4 km<\/h5>\n<table class=\"restbl\">\n<tbody>\n<tr>\n<th style=\"text-align: left;\">Sija<\/th>\n<th style=\"text-align: left;\">Nimi<\/th>\n<th style=\"text-align: left;\">Seura<\/th>\n<th style=\"text-align: left;\">Tulos<\/th>\n<th style=\"text-align: left;\">Ero<\/th>\n<\/tr>\n<tr>\n<td style=\"text-align: left;\">1.<\/td>\n<td style=\"text-align: left;\">Pirjo Lehtonen<\/td>\n<td style=\"text-align: left;\">Lahti<\/td>\n<td style=\"text-align: left;\">34:25,1<\/td>\n<td style=\"text-align: left;\"><\/td>\n<\/tr>\n<\/tbody>\n<\/table>\n<h5 class=\"sarjanimi\"><a name=\"M\"><\/a>Miehet : 10 km<\/h5>\n<table class=\"restbl\">\n<tbody>\n<tr>\n<th style=\"text-align: left;\">Sija<\/th>\n<th style=\"text-align: left;\">Nimi<\/th>\n<th style=\"text-align: left;\">Seura<\/th>\n<th style=\"text-align: left;\">Tulos<\/th>\n<th style=\"text-align: left;\">Ero<\/th>\n<\/tr>\n<tr>\n<td style=\"text-align: left;\">1.<\/td>\n<td style=\"text-align: left;\">Sakari Hukka<\/td>\n<td style=\"text-align: left;\">Polvij\u00e4rven Urheilijat<\/td>\n<td style=\"text-align: left;\">35:56,7<\/td>\n<td style=\"text-align: left;\"><\/td>\n<\/tr>\n<tr>\n<td style=\"text-align: left;\">2.<\/td>\n<td style=\"text-align: left;\">Simo H\u00e4m\u00e4l\u00e4inen<\/td>\n<td style=\"text-align: left;\">Joensuun Kataja<\/td>\n<td style=\"text-align: left;\">36:17,4<\/td>\n<td style=\"text-align: left;\">+20,7<\/td>\n<\/tr>\n<tr>\n<td style=\"text-align: left;\">3.<\/td>\n<td style=\"text-align: left;\">Samu Sj\u00f6blom<\/td>\n<td style=\"text-align: left;\">KuoLo<\/td>\n<td style=\"text-align: left;\">37:34,9<\/td>\n<td style=\"text-align: left;\">+1:38,2<\/td>\n<\/tr>\n<tr>\n<td style=\"text-align: left;\">4.<\/td>\n<td style=\"text-align: left;\">Mikko Laakkonen<\/td>\n<td style=\"text-align: left;\"><\/td>\n<td style=\"text-align: left;\">49:43,9<\/td>\n<td style=\"text-align: left;\">+13:47,2<\/td>\n<\/tr>\n<\/tbody>\n<\/table>\n<h5 class=\"sarjanimi\"><a name=\"M40\"><\/a>Miehet 40 : 10 km<\/h5>\n<table class=\"restbl\">\n<tbody>\n<tr>\n<th style=\"text-align: left;\">Sija<\/th>\n<th style=\"text-align: left;\">Nimi<\/th>\n<th style=\"text-align: left;\">Seura<\/th>\n<th style=\"text-align: left;\">Tulos<\/th>\n<th style=\"text-align: left;\">Ero<\/th>\n<\/tr>\n<tr>\n<td style=\"text-align: left;\">1.<\/td>\n<td style=\"text-align: left;\">Mika R\u00e4is\u00e4nen<\/td>\n<td style=\"text-align: left;\">Ultra S<\/td>\n<td style=\"text-align: left;\">42:18,9<\/td>\n<td style=\"text-align: left;\"><\/td>\n<\/tr>\n<tr>\n<td style=\"text-align: left;\">2.<\/td>\n<td style=\"text-align: left;\">Pertti Laakkonen<\/td>\n<td style=\"text-align: left;\"><\/td>\n<td style=\"text-align: left;\">44:24,8<\/td>\n<td style=\"text-align: left;\">+2:05,9<\/td>\n<\/tr>\n<tr>\n<td style=\"text-align: left;\">3.<\/td>\n<td style=\"text-align: left;\">Sasha M\u00e4kil\u00e4<\/td>\n<td style=\"text-align: left;\"><\/td>\n<td style=\"text-align: left;\">53:00,6<\/td>\n<td style=\"text-align: left;\">+10:41,7<\/td>\n<\/tr>\n<\/tbody>\n<\/table>\n<h5 class=\"sarjanimi\"><a name=\"M50\"><\/a>Miehet 50 : 10 km<\/h5>\n<table class=\"restbl\">\n<tbody>\n<tr>\n<th style=\"text-align: left;\">Sija<\/th>\n<th style=\"text-align: left;\">Nimi<\/th>\n<th style=\"text-align: left;\">Seura<\/th>\n<th style=\"text-align: left;\">Tulos<\/th>\n<th style=\"text-align: left;\">Ero<\/th>\n<\/tr>\n<tr>\n<td style=\"text-align: left;\">1.<\/td>\n<td style=\"text-align: left;\">Esko Lintunen<\/td>\n<td style=\"text-align: left;\">Sulkaman Kipin\u00e4<\/td>\n<td style=\"text-align: left;\">38:14,5<\/td>\n<td style=\"text-align: left;\"><\/td>\n<\/tr>\n<tr>\n<td style=\"text-align: left;\">2.<\/td>\n<td style=\"text-align: left;\">Ilkka Pekkarinen<\/td>\n<td style=\"text-align: left;\">Juuan J\u00e4nne<\/td>\n<td style=\"text-align: left;\">39:50,0<\/td>\n<td style=\"text-align: left;\">+1:35,5<\/td>\n<\/tr>\n<\/tbody>\n<\/table>\n","protected":false},"excerpt":{"rendered":"<p>Tulokset v\u00e4liajoilla Tulokset kierrosajoilla Tyt\u00f6t 9 : 1,6 km Sija Nimi Seura Tulos Ero 1. Noora Hukka FC Hertta 9:51,8 Pojat 9 : 1,6 km Sija Nimi Seura Tulos Ero 1. Samuli Nykyri Juuan J\u00e4nne 10:52,5 Tyt\u00f6t 13 : 3,2 km Sija Nimi Seura Tulos Ero 1. Satu Liimatta Lieksan &hellip;<\/p>\n","protected":false},"author":3,"featured_media":0,"parent":2811,"menu_order":25,"comment_status":"closed","ping_status":"closed","template":"","meta":{"footnotes":""},"categories":[47,7],"tags":[],"class_list":["post-3654","page","type-page","status-publish","hentry","category-satuliimatta","category-tulokset"],"_links":{"self":[{"href":"https:\/\/www.lieksanurheilijat.com\/index.php?rest_route=\/wp\/v2\/pages\/3654","targetHints":{"allow":["GET"]}}],"collection":[{"href":"https:\/\/www.lieksanurheilijat.com\/index.php?rest_route=\/wp\/v2\/pages"}],"about":[{"href":"https:\/\/www.lieksanurheilijat.com\/index.php?rest_route=\/wp\/v2\/types\/page"}],"author":[{"embeddable":true,"href":"https:\/\/www.lieksanurheilijat.com\/index.php?rest_route=\/wp\/v2\/users\/3"}],"replies":[{"embeddable":true,"href":"https:\/\/www.lieksanurheilijat.com\/index.php?rest_route=%2Fwp%2Fv2%2Fcomments&post=3654"}],"version-history":[{"count":11,"href":"https:\/\/www.lieksanurheilijat.com\/index.php?rest_route=\/wp\/v2\/pages\/3654\/revisions"}],"predecessor-version":[{"id":4367,"href":"https:\/\/www.lieksanurheilijat.com\/index.php?rest_route=\/wp\/v2\/pages\/3654\/revisions\/4367"}],"up":[{"embeddable":true,"href":"https:\/\/www.lieksanurheilijat.com\/index.php?rest_route=\/wp\/v2\/pages\/2811"}],"wp:attachment":[{"href":"https:\/\/www.lieksanurheilijat.com\/index.php?rest_route=%2Fwp%2Fv2%2Fmedia&parent=3654"}],"wp:term":[{"taxonomy":"category","embeddable":true,"href":"https:\/\/www.lieksanurheilijat.com\/index.php?rest_route=%2Fwp%2Fv2%2Fcategories&post=3654"},{"taxonomy":"post_tag","embeddable":true,"href":"https:\/\/www.lieksanurheilijat.com\/index.php?rest_route=%2Fwp%2Fv2%2Ftags&post=3654"}],"curies":[{"name":"wp","href":"https:\/\/api.w.org\/{rel}","templated":true}]}}