{"id":3648,"date":"2015-07-23T23:21:54","date_gmt":"2015-07-23T20:21:54","guid":{"rendered":"https:\/\/www.lieksanurheilijat.com\/?page_id=3648"},"modified":"2015-07-24T14:23:51","modified_gmt":"2015-07-24T11:23:51","slug":"eltsun-keihaskisa","status":"publish","type":"page","link":"https:\/\/www.lieksanurheilijat.com\/?page_id=3648","title":{"rendered":"Eltsun keih\u00e4skisa"},"content":{"rendered":"<p>23.7.2015<br \/>\nHelsinki<\/p>\n<p>N17 Keih\u00e4s<br \/>\n1 <strong>Milla Martikainen LieksU 38,26<\/strong><\/p>\n<p>T13 Keih\u00e4s<br \/>\n1 <strong>Milla Martikainen LieksU 36,06<\/strong><br \/>\n2 Vivian Suominen L\u00e4nsiUU 31,64<br \/>\n3 Nellinoora Maunula ViipU 25,81<\/p>\n","protected":false},"excerpt":{"rendered":"<p>23.7.2015 Helsinki N17 Keih\u00e4s 1 Milla Martikainen LieksU 38,26 T13 Keih\u00e4s 1 Milla Martikainen LieksU 36,06 2 Vivian Suominen L\u00e4nsiUU 31,64 3 Nellinoora Maunula ViipU 25,81<\/p>\n","protected":false},"author":3,"featured_media":0,"parent":2811,"menu_order":26,"comment_status":"closed","ping_status":"closed","template":"","meta":{"footnotes":""},"categories":[32,7],"tags":[],"class_list":["post-3648","page","type-page","status-publish","hentry","category-millamartikainen","category-tulokset"],"_links":{"self":[{"href":"https:\/\/www.lieksanurheilijat.com\/index.php?rest_route=\/wp\/v2\/pages\/3648","targetHints":{"allow":["GET"]}}],"collection":[{"href":"https:\/\/www.lieksanurheilijat.com\/index.php?rest_route=\/wp\/v2\/pages"}],"about":[{"href":"https:\/\/www.lieksanurheilijat.com\/index.php?rest_route=\/wp\/v2\/types\/page"}],"author":[{"embeddable":true,"href":"https:\/\/www.lieksanurheilijat.com\/index.php?rest_route=\/wp\/v2\/users\/3"}],"replies":[{"embeddable":true,"href":"https:\/\/www.lieksanurheilijat.com\/index.php?rest_route=%2Fwp%2Fv2%2Fcomments&post=3648"}],"version-history":[{"count":1,"href":"https:\/\/www.lieksanurheilijat.com\/index.php?rest_route=\/wp\/v2\/pages\/3648\/revisions"}],"predecessor-version":[{"id":3649,"href":"https:\/\/www.lieksanurheilijat.com\/index.php?rest_route=\/wp\/v2\/pages\/3648\/revisions\/3649"}],"up":[{"embeddable":true,"href":"https:\/\/www.lieksanurheilijat.com\/index.php?rest_route=\/wp\/v2\/pages\/2811"}],"wp:attachment":[{"href":"https:\/\/www.lieksanurheilijat.com\/index.php?rest_route=%2Fwp%2Fv2%2Fmedia&parent=3648"}],"wp:term":[{"taxonomy":"category","embeddable":true,"href":"https:\/\/www.lieksanurheilijat.com\/index.php?rest_route=%2Fwp%2Fv2%2Fcategories&post=3648"},{"taxonomy":"post_tag","embeddable":true,"href":"https:\/\/www.lieksanurheilijat.com\/index.php?rest_route=%2Fwp%2Fv2%2Ftags&post=3648"}],"curies":[{"name":"wp","href":"https:\/\/api.w.org\/{rel}","templated":true}]}}