{"id":3575,"date":"2015-07-16T12:40:50","date_gmt":"2015-07-16T09:40:50","guid":{"rendered":"https:\/\/www.lieksanurheilijat.com\/?page_id=3575"},"modified":"2015-07-17T15:36:29","modified_gmt":"2015-07-17T12:36:29","slug":"tahtikisan-tilanne-45-osakilpailun-jalkeen","status":"publish","type":"page","link":"https:\/\/www.lieksanurheilijat.com\/?page_id=3575","title":{"rendered":"T\u00e4htikisan tilanne 4\/5 osakilpailun j\u00e4lkeen"},"content":{"rendered":"<p>Mukaan laskettu Sittalammen ymp\u00e4rijuoksu (1.5.), T\u00e4htikisa II (10.6.), T\u00e4htikisa III (8.7.) sek\u00e4 T\u00e4htikisa IV (15.7.)<\/p>\n<p><strong>10-15-vuotiaat:<\/strong><\/p>\n<p>1. Eeki Kokkonen P15 49 t\u00e4hte\u00e4<br \/>\n2. Eero Mauro P10 41 t\u00e4hte\u00e4<br \/>\n3. Maija Boren T11 38 t\u00e4hte\u00e4<br \/>\n4. Tuuli Saraniemi T10 37 t\u00e4hte\u00e4<br \/>\n5. Riina Palviainen T12 36 t\u00e4hte\u00e4<br \/>\n5. Aino Pyykk\u00f6 T10 36 t\u00e4hte\u00e4<br \/>\n7. Niko Nevalainen P10 35 t\u00e4hte\u00e4<br \/>\n8. Heta Kettunen T12 31 t\u00e4hte\u00e4<br \/>\n9. Milla Martikainen T13 30 t\u00e4hte\u00e4<br \/>\n9. Aarni Nyblom P10 30 t\u00e4hte\u00e4<br \/>\n11. Riina Kettunen T14 22 t\u00e4hte\u00e4<br \/>\n11. Satu Liimatta T13 22 t\u00e4hte\u00e4<br \/>\n13. Marjo Heikura T11 19 t\u00e4hte\u00e4<br \/>\n14. Simo N\u00e4ykki P14 16 t\u00e4hte\u00e4<br \/>\n15. Anna Lepp\u00e4nen T11 15 t\u00e4hte\u00e4<br \/>\n16. Lotta Martikainen T13 14 t\u00e4hte\u00e4<br \/>\n17. Luna Niittym\u00e4ki T10 11 t\u00e4hte\u00e4<br \/>\n17. Juho Soikkeli P11 11 t\u00e4hte\u00e4<br \/>\n19. Jenni Ruokolainen T11 10 t\u00e4hte\u00e4<br \/>\n19. Joona Utriainen P13 10 t\u00e4hte\u00e4<br \/>\n21. Eemeli Boren P13 9 t\u00e4hte\u00e4<br \/>\n21. Rasmus Kuiri P12 9 t\u00e4hte\u00e4<br \/>\n21. Jyry Pesonen P11 9 t\u00e4hte\u00e4<br \/>\n24. Silja Viertola T10 8 t\u00e4hte\u00e4<br \/>\n25. Ada Pakarinen T14 7 t\u00e4hte\u00e4<br \/>\n26. Aino Kaltiainen T15 5 t\u00e4hte\u00e4<br \/>\n26. Petra Tuunanen T13 5 t\u00e4hte\u00e4<br \/>\n26. Tuulia Hilonen T11 5 t\u00e4hte\u00e4<br \/>\n26. Oona Pyykk\u00f6 T10 5 t\u00e4hte\u00e4<br \/>\n26. Silja Pulkkinen T10 5 t\u00e4hte\u00e4<br \/>\n26. Aapo Saastamoinen P15 5 t\u00e4hte\u00e4<br \/>\n26. Akseli Ropponen P10 5 t\u00e4hte\u00e4<br \/>\n26. Miika Palviainen P10 5 t\u00e4hte\u00e4<\/p>\n<p><strong>Alle 9-vuotiaat:<\/strong><\/p>\n<p>1. Netta Martikainen T09 32 t\u00e4hte\u00e4<br \/>\n1. Maiju Saraniemi T06 32 t\u00e4hte\u00e4<br \/>\n1. Martti Saraniemi P08 32 t\u00e4hte\u00e4<br \/>\n1. Ahti Boren P07 32 t\u00e4hte\u00e4<br \/>\n1. Niko Pulkkinen P07 32 t\u00e4hte\u00e4<br \/>\n1. Tatu Ryyn\u00e4nen P05 32 t\u00e4hte\u00e4<br \/>\n6. Titta Martikainen T07 29 t\u00e4hte\u00e4<br \/>\n7. Noora Oinonen T06 27 t\u00e4hte\u00e4<br \/>\n8. Netta Oinonen T08 24 t\u00e4hte\u00e4<br \/>\n10. Luna Lee T06 23 t\u00e4hte\u00e4<br \/>\n11. Touko Nyblom P08 23 t\u00e4hte\u00e4<br \/>\n12. Iina Puittinen T07 20 t\u00e4hte\u00e4<br \/>\n13. Minea Mauranen T07 11 t\u00e4hte\u00e4<br \/>\n13. Helmi Haapalehto T07 11 t\u00e4hte\u00e4<br \/>\n13. Jere Honkanen P08 11 t\u00e4hte\u00e4<br \/>\n16. Seela Kuhanen T07 9 t\u00e4hte\u00e4<br \/>\n16. Anton \u00d6ystil\u00e4 P07 9 t\u00e4hte\u00e4<br \/>\n18. Titta Oinonen T09 8 t\u00e4hte\u00e4<br \/>\n18. Minna Lepp\u00e4nen T08 8 t\u00e4hte\u00e4<br \/>\n18. Eetu Puittinen P09 8 t\u00e4hte\u00e4<br \/>\n21. Kalle Boren P09 5 t\u00e4hte\u00e4<br \/>\n21. Ville Kukkonen P08 5 t\u00e4hte\u00e4<br \/>\n21. Miika Lehto P08 5 t\u00e4hte\u00e4<br \/>\n21. Olli-Pekka Kaasila P07 5 t\u00e4hte\u00e4<\/p>\n","protected":false},"excerpt":{"rendered":"<p>Mukaan laskettu Sittalammen ymp\u00e4rijuoksu (1.5.), T\u00e4htikisa II (10.6.), T\u00e4htikisa III (8.7.) sek\u00e4 T\u00e4htikisa IV (15.7.) 10-15-vuotiaat: 1. Eeki Kokkonen P15 49 t\u00e4hte\u00e4 2. Eero Mauro P10 41 t\u00e4hte\u00e4 3. Maija Boren T11 38 t\u00e4hte\u00e4 4. Tuuli Saraniemi T10 37 t\u00e4hte\u00e4 5. Riina Palviainen T12 36 t\u00e4hte\u00e4 5. Aino Pyykk\u00f6 T10 &hellip;<\/p>\n","protected":false},"author":2,"featured_media":0,"parent":2811,"menu_order":29,"comment_status":"closed","ping_status":"closed","template":"","meta":{"footnotes":""},"categories":[14,48,42,34,38,39,32,31,47,7],"tags":[],"class_list":["post-3575","page","type-page","status-publish","hentry","category-aarninyblom","category-adapakarinen","category-ainopyykko","category-hetakettunen","category-lottamartikainen","category-maijaboren","category-millamartikainen","category-riinakettunen","category-satuliimatta","category-tulokset"],"_links":{"self":[{"href":"https:\/\/www.lieksanurheilijat.com\/index.php?rest_route=\/wp\/v2\/pages\/3575","targetHints":{"allow":["GET"]}}],"collection":[{"href":"https:\/\/www.lieksanurheilijat.com\/index.php?rest_route=\/wp\/v2\/pages"}],"about":[{"href":"https:\/\/www.lieksanurheilijat.com\/index.php?rest_route=\/wp\/v2\/types\/page"}],"author":[{"embeddable":true,"href":"https:\/\/www.lieksanurheilijat.com\/index.php?rest_route=\/wp\/v2\/users\/2"}],"replies":[{"embeddable":true,"href":"https:\/\/www.lieksanurheilijat.com\/index.php?rest_route=%2Fwp%2Fv2%2Fcomments&post=3575"}],"version-history":[{"count":4,"href":"https:\/\/www.lieksanurheilijat.com\/index.php?rest_route=\/wp\/v2\/pages\/3575\/revisions"}],"predecessor-version":[{"id":3589,"href":"https:\/\/www.lieksanurheilijat.com\/index.php?rest_route=\/wp\/v2\/pages\/3575\/revisions\/3589"}],"up":[{"embeddable":true,"href":"https:\/\/www.lieksanurheilijat.com\/index.php?rest_route=\/wp\/v2\/pages\/2811"}],"wp:attachment":[{"href":"https:\/\/www.lieksanurheilijat.com\/index.php?rest_route=%2Fwp%2Fv2%2Fmedia&parent=3575"}],"wp:term":[{"taxonomy":"category","embeddable":true,"href":"https:\/\/www.lieksanurheilijat.com\/index.php?rest_route=%2Fwp%2Fv2%2Fcategories&post=3575"},{"taxonomy":"post_tag","embeddable":true,"href":"https:\/\/www.lieksanurheilijat.com\/index.php?rest_route=%2Fwp%2Fv2%2Ftags&post=3575"}],"curies":[{"name":"wp","href":"https:\/\/api.w.org\/{rel}","templated":true}]}}