{"id":3484,"date":"2015-07-08T22:17:25","date_gmt":"2015-07-08T19:17:25","guid":{"rendered":"https:\/\/www.lieksanurheilijat.com\/?page_id=3484"},"modified":"2015-07-10T08:45:47","modified_gmt":"2015-07-10T05:45:47","slug":"tahtikisa-35","status":"publish","type":"page","link":"https:\/\/www.lieksanurheilijat.com\/?page_id=3484","title":{"rendered":"T\u00e4htikisa 3\/5"},"content":{"rendered":"<p>8.7.2015<br \/>\nLieksa<\/p>\n<p>M\u00a0korkeushyppy<br \/>\n1 Joona M\u00e4kinen Lieksan Urheilijat 170<br \/>\n2 Atso V\u00e4nsk\u00e4 Lieksan Urheilijat 165<\/p>\n<p>P15\u00a0100m aj.<br \/>\n1 Eeki Kokkonen Lieksan Urheilijat 15,60 A<\/p>\n<p>P15\u00a0korkeushyppy<br \/>\n1 Eeki Kokkonen Lieksan Urheilijat 170 A<\/p>\n<p>P15\u00a0keih\u00e4\u00e4nheitto<br \/>\n1 Eeki Kokkonen Lieksan Urheilijat 34,12 C<\/p>\n<p>P14\u00a0korkeushyppy<br \/>\n1 Simo N\u00e4ykki Lieksan Urheilijat 150 B<\/p>\n<p>P12\u00a060m aj.<br \/>\n1 Benjamin Lee Helsingin Kisa-Veikot 12,13 B<\/p>\n<p>P12\u00a0keih\u00e4\u00e4nheitto<br \/>\n1 Benjamin Lee Helsingin Kisa-Veikot 30,91 B<\/p>\n<p>P11\u00a0keih\u00e4\u00e4nheitto<br \/>\n1 Jyry Pesonen Lieksan Urheilijat 20,41 C<\/p>\n<p>P10\u00a060m aj.<br \/>\n1 Aarni Nyblom Lieksan Urheilijat 12,43 B<br \/>\n2 Roope Maaninka Pyh\u00e4sel\u00e4n Urheilijat 13,08 C<br \/>\n3 Eero Mauro Lieksan Urheilijat 13,52 C<br \/>\n4 Niko Nevalainen Lieksan Urheilijat 14,71<\/p>\n<p>P10\u00a0korkeushyppy<br \/>\n1 Roope Maaninka Pyh\u00e4sel\u00e4n Urheilijat 123 A<br \/>\n2 Aarni Nyblom Lieksan Urheilijat 105 C<br \/>\n3 Eero Mauro Lieksan Urheilijat 105 C<br \/>\n4 Niko Nevalainen Lieksan Urheilijat 090<\/p>\n<p>P10\u00a0keih\u00e4\u00e4nheitto<br \/>\n1 Eero Mauro Lieksan Urheilijat 19,57 C<br \/>\n2 Roope Maaninka Pyh\u00e4sel\u00e4n Urheilijat 18,10 C<br \/>\n3 Niko Nevalainen Lieksan Urheilijat 15,88 C<br \/>\n4 Aarni Nyblom Lieksan Urheilijat 14,15 C<\/p>\n<p>P09\u00a040 m<br \/>\n1 Aleksi Utriainen Joensuu 07,50<br \/>\n2 Eetu Puittinen Lieksan Urheilijat 07,91<\/p>\n<p>P09\u00a0keih\u00e4\u00e4nheitto<br \/>\n1 Aleksi Utriainen Joensuu 07,15<\/p>\n<p>P08\u00a040 m<br \/>\n1 Touko Nyblom Lieksan Urheilijat 07,86<br \/>\n2 Niilo Siikala Espoon Tapiot 07,86<br \/>\n3 Martti Saraniemi Lieksan Urheilijat 08,08<br \/>\n4 Jere Honkanen Lieksan Urheilijat 08,32<br \/>\n5 Daniel Lee Helsingin Kisa-Veikot 08,40<\/p>\n<p>P08\u00a0korkeushyppy<br \/>\n1 Martti Saraniemi Lieksan Urheilijat 085<br \/>\n2 Touko Nyblom Lieksan Urheilijat 075<br \/>\n3 Daniel Lee Helsingin Kisa-Veikot 075<br \/>\n4 Niilo Siikala Espoon Tapiot 075<\/p>\n<p>P08\u00a0keih\u00e4\u00e4nheitto<br \/>\n1 Niilo Siikala Espoon Tapiot 09,50<br \/>\n2 Touko Nyblom Lieksan Urheilijat 08,31<br \/>\n2 Daniel Lee Helsingin Kisa-Veikot 08,19<br \/>\n3 Martti Saraniemi Lieksan Urheilijat 06,28<br \/>\n4 Jere Honkanen Lieksan Urheilijat 04,60<\/p>\n<p>P07\u00a040 m<br \/>\n1 Tiitus Ryyn\u00e4nen Espoon Tapiot 07,98<br \/>\n2 Ahti Boren Lieksan Urheilijat 08,41<br \/>\n3 Niko Pulkkinen Lieksan Urheilijat 09,84<\/p>\n<p>P07\u00a0korkeushyppy<br \/>\n1 Tiitus Ryyn\u00e4nen Espoon Tapiot 070<br \/>\n2 Ahti Boren Lieksan Urheilijat 060<br \/>\n3 Niko Pulkkinen Lieksan Urheilijat 060<\/p>\n<p>P07\u00a0pallonheitto<br \/>\n1 Tiitus Ryyn\u00e4nen Espoon Tapiot 17,58<br \/>\n2 Ahti Boren Lieksan Urheilijat 16,65<br \/>\n3 Niko Pulkkinen Lieksan Urheilijat 08,70<\/p>\n<p>P05\u00a040 m<br \/>\n1 Tatu Ryyn\u00e4nen Lieksan Urheilijat 10,94<\/p>\n<p>P05\u00a0korkeushyppy<br \/>\n1 Tatu Ryyn\u00e4nen Lieksan Urheilijat 050<\/p>\n<p>P05\u00a0pallonheitto<br \/>\n1 Tatu Ryyn\u00e4nen Lieksan Urheilijat 03,52<\/p>\n<p>N17\u00a0keih\u00e4\u00e4nheitto<br \/>\n1 Milla Martikainen Lieksan Urheilijat 36,35 B<br \/>\n2 Jutta Martikainen Lieksan Urheilijat 29,67 B<br \/>\n3 Hanna Toivanen Juuan Urheilijat 26,37<\/p>\n<p>T14\u00a0keih\u00e4\u00e4nheitto<br \/>\n1 Riina Kettunen Lieksan Urheilijat 30,36 B<\/p>\n<p>T13\u00a0korkeushyppy<br \/>\n1 Satu Liimatta Lieksan Urheilijat 140 B<br \/>\n2 Kerttu R\u00e4s\u00e4nen Pyh\u00e4sel\u00e4n Urheilijat 125 C<br \/>\n3 Hanna Toivanen Juuan Urheilijat 120 C<\/p>\n<p>T13\u00a0keih\u00e4\u00e4nheitto<br \/>\n1 Milla Martikainen Lieksan Urheilijat 40,80 A<br \/>\n2 Hanna Toivanen Juuan Urheilijat 27,38 B<br \/>\n3 Lotta Martikainen Lieksan Urheilijat 23,97 C<\/p>\n<p>T12\u00a0korkeushyppy<br \/>\n1 Riina Palviainen Lieksan Urheilijat 130 B<br \/>\n2 Heta Kettunen Lieksan Urheilijat 125 C<\/p>\n<p>T12\u00a0keih\u00e4\u00e4nheitto<br \/>\n1 Riina Palviainen Lieksan Urheilijat 29,00 A<br \/>\n2 Heta Kettunen Lieksan Urheilijat 26,50 A<\/p>\n<p>T11\u00a060 m aj<br \/>\n1 Marjo Heikura Lieksan Urheilijat 13,54<br \/>\n2 Maija Boren Lieksan Urheilijat 14,76<\/p>\n<p>T11\u00a0korkeushyppy<br \/>\n1 Sanni Toivanen Juuan Urheilijat 100<br \/>\n2 Maija Boren Lieksan Urheilijat 095<br \/>\n3 Marjo Heikura Lieksan Urheilijat 090<br \/>\n4 Anna Lepp\u00e4nen Lieksan Urheilijat 080<\/p>\n<p>T11\u00a0keih\u00e4\u00e4nheitto<br \/>\n1 Sanni Toivanen Juuan Urheilijat 21,23 B<br \/>\n2 Maija Boren Lieksan Urheilijat 12,71 C<br \/>\n3 Marjo Heikura Lieksan Urheilijat 11,49<br \/>\n4 Anna Lepp\u00e4nen Lieksan Urheilijat 08,24<\/p>\n<p>T10\u00a060 m aj.<br \/>\n1 Elmiina Siikala Espoon Tapiot 14,13<br \/>\n2 Aino Pyykk\u00f6 Lieksan Urheilijat 14,77<br \/>\n3 Tuuli Saraniemi Lieksan Urheilijat 15,07<br \/>\n4 Luna Niittym\u00e4ki Lieksan Urheilijat 15,99<\/p>\n<p>T10\u00a0korkeushyppy<br \/>\n1 Aino Pyykk\u00f6 Lieksan Urheilijat 090<br \/>\n2 Silja Viertola Lieksan Urheilijat 085<br \/>\n3 Tuuli Saraniemi Lieksan Urheilijat 080<br \/>\n4 Luna Niittym\u00e4ki Lieksan Urheilijat NH<\/p>\n<p>T10\u00a0keih\u00e4\u00e4nheitto<br \/>\n1 Silja Viertola Lieksan Urheilijat 13,92 C<br \/>\n2 Tuuli Saraniemi Lieksan Urheilijat 09,48 C<br \/>\n3 Aino Pyykk\u00f6 Lieksan Urheilijat 08,17<br \/>\n4 Luna Niittym\u00e4ki Lieksan Urheilijat 06,77<\/p>\n<p>T09\u00a040 m<br \/>\n1 Elmiina Siikala Espoon Tapiot 06,94 A<br \/>\n2 Ella Ryyn\u00e4nen Noormarkun Nopsa 08,06<br \/>\n3 Titta Oinonen Lieksan Urheilijat 08,23<br \/>\n4 Netta Martikainen Lieksan Urheilijat 08,85<\/p>\n<p>T09\u00a0korkeushyppy<br \/>\n1 Elmiina Siikala Espoon Tapiot 100 B<br \/>\n2 Netta Martikainen Lieksan Urheilijat 075<\/p>\n<p>T09\u00a0keih\u00e4\u00e4nheitto<br \/>\n1 Elmiina Siikala Espoon Tapiot 07,42<br \/>\n2 Netta Martikainen Lieksan Urheilijat 07,13<\/p>\n<p>T08\u00a040 m<br \/>\n1 Neelia Siikala Espoon Tapiot 07,90<br \/>\n2 Netta Oinonen Lieksan Urheilijat 08,20<br \/>\n3 Minna Lepp\u00e4nen Lieksan Urheilijat 08,51<\/p>\n<p>T08\u00a0korkeushyppy<br \/>\n1 Neelia Siikala Espoon Tapiot 085<br \/>\n2 Netta Oinonen Lieksan Urheilijat 065<\/p>\n<p>T08\u00a0keih\u00e4\u00e4nheitto<br \/>\n1 Neelia Siikala Espoon Tapiot 06,67<\/p>\n<p>T07\u00a040 m<br \/>\n1 Iina Puittinen Lieksan Urheilijat 09,97<br \/>\n2 Titta Martikainen Lieksan Urheilijat 11,06<\/p>\n<p>T07\u00a0korkeushyppy<br \/>\n1 Titta Martikainen Lieksan Urheilijat 070<\/p>\n<p>T07\u00a0pallonheitto<br \/>\n1 Titta Martikainen Lieksan Urheilijat 08,78<\/p>\n<p>T06\u00a040 m<br \/>\n1 Maiju Saraniemi Lieksan Urheilijat 08,52<br \/>\n2 Luna Lee Helsingin Kisa-Veikot 08,89<br \/>\n3 Noora Oinonen Lieksan Urheilijat 09,67<\/p>\n<p>T06\u00a0korkeushyppy<br \/>\n1 Luna Lee Helsingin Kisa-Veikot 060<br \/>\n2 Noora Oinonen Lieksan Urheilijat 060<br \/>\n3 Maiju Saraniemi Lieksan Urheilijat 050<\/p>\n<p>T06\u00a0pallonheitto<br \/>\n1 Noora Oinonen Lieksan Urheilijat 09,11<br \/>\n2 Maiju Saraniemi Lieksan Urheilijat 08,40<br \/>\n3 Luna Lee Helsingin Kisa-Veikot 06,82<\/p>\n","protected":false},"excerpt":{"rendered":"<p>8.7.2015 Lieksa M\u00a0korkeushyppy 1 Joona M\u00e4kinen Lieksan Urheilijat 170 2 Atso V\u00e4nsk\u00e4 Lieksan Urheilijat 165 P15\u00a0100m aj. 1 Eeki Kokkonen Lieksan Urheilijat 15,60 A P15\u00a0korkeushyppy 1 Eeki Kokkonen Lieksan Urheilijat 170 A P15\u00a0keih\u00e4\u00e4nheitto 1 Eeki Kokkonen Lieksan Urheilijat 34,12 C P14\u00a0korkeushyppy 1 Simo N\u00e4ykki Lieksan Urheilijat 150 B P12\u00a060m aj. &hellip;<\/p>\n","protected":false},"author":2,"featured_media":0,"parent":2811,"menu_order":36,"comment_status":"closed","ping_status":"closed","template":"","meta":{"footnotes":""},"categories":[14,42,34,40,38,39,32,31,47,7],"tags":[],"class_list":["post-3484","page","type-page","status-publish","hentry","category-aarninyblom","category-ainopyykko","category-hetakettunen","category-juttamartikainen","category-lottamartikainen","category-maijaboren","category-millamartikainen","category-riinakettunen","category-satuliimatta","category-tulokset"],"_links":{"self":[{"href":"https:\/\/www.lieksanurheilijat.com\/index.php?rest_route=\/wp\/v2\/pages\/3484","targetHints":{"allow":["GET"]}}],"collection":[{"href":"https:\/\/www.lieksanurheilijat.com\/index.php?rest_route=\/wp\/v2\/pages"}],"about":[{"href":"https:\/\/www.lieksanurheilijat.com\/index.php?rest_route=\/wp\/v2\/types\/page"}],"author":[{"embeddable":true,"href":"https:\/\/www.lieksanurheilijat.com\/index.php?rest_route=\/wp\/v2\/users\/2"}],"replies":[{"embeddable":true,"href":"https:\/\/www.lieksanurheilijat.com\/index.php?rest_route=%2Fwp%2Fv2%2Fcomments&post=3484"}],"version-history":[{"count":3,"href":"https:\/\/www.lieksanurheilijat.com\/index.php?rest_route=\/wp\/v2\/pages\/3484\/revisions"}],"predecessor-version":[{"id":3488,"href":"https:\/\/www.lieksanurheilijat.com\/index.php?rest_route=\/wp\/v2\/pages\/3484\/revisions\/3488"}],"up":[{"embeddable":true,"href":"https:\/\/www.lieksanurheilijat.com\/index.php?rest_route=\/wp\/v2\/pages\/2811"}],"wp:attachment":[{"href":"https:\/\/www.lieksanurheilijat.com\/index.php?rest_route=%2Fwp%2Fv2%2Fmedia&parent=3484"}],"wp:term":[{"taxonomy":"category","embeddable":true,"href":"https:\/\/www.lieksanurheilijat.com\/index.php?rest_route=%2Fwp%2Fv2%2Fcategories&post=3484"},{"taxonomy":"post_tag","embeddable":true,"href":"https:\/\/www.lieksanurheilijat.com\/index.php?rest_route=%2Fwp%2Fv2%2Ftags&post=3484"}],"curies":[{"name":"wp","href":"https:\/\/api.w.org\/{rel}","templated":true}]}}