{"id":3422,"date":"2015-07-04T19:36:30","date_gmt":"2015-07-04T16:36:30","guid":{"rendered":"https:\/\/www.lieksanurheilijat.com\/?page_id=3422"},"modified":"2015-07-04T19:36:30","modified_gmt":"2015-07-04T16:36:30","slug":"pyhaselan-moukarikisa","status":"publish","type":"page","link":"https:\/\/www.lieksanurheilijat.com\/?page_id=3422","title":{"rendered":"Pyh\u00e4sel\u00e4n moukarikisa"},"content":{"rendered":"<p>4.7.2015<br \/>\nPyh\u00e4selk\u00e4<\/p>\n<p><span class=\"fbPhotoCaptionText\">N17:<br \/>\n1. Kiira V\u00e4\u00e4n\u00e4nen Varpaisj\u00e4rven Vire 63.28<br \/>\n2. <strong>Venla Kettunen Lieksan Urheilijat 51.78<\/strong><br \/>\n3. Iida Heikkinen Outokummun Partio 48.44<br \/>\n4. Kerttu Klemetti Kuusamon Er\u00e4-Veikot 46.57<\/span><\/p>\n<p><span class=\"fbPhotoCaptionText\">T15:<br \/>\n1. Kiia Siponen \u00c4\u00e4nekosken Urheilijat 53.34<br \/>\n2. Minttu Kovanen Savonlinnan Riento 40.60 (ulkop.kilp.)<br \/>\n3. Anna-Stiina Heikkinen Outokummun Partio 38.20<br \/>\n4. <strong>Riina Kettunen Lieksan Urheilijat 27.19<\/strong><br \/>\n<\/span><\/p>\n","protected":false},"excerpt":{"rendered":"<p>4.7.2015 Pyh\u00e4selk\u00e4 N17: 1. Kiira V\u00e4\u00e4n\u00e4nen Varpaisj\u00e4rven Vire 63.28 2. Venla Kettunen Lieksan Urheilijat 51.78 3. Iida Heikkinen Outokummun Partio 48.44 4. Kerttu Klemetti Kuusamon Er\u00e4-Veikot 46.57 T15: 1. Kiia Siponen \u00c4\u00e4nekosken Urheilijat 53.34 2. Minttu Kovanen Savonlinnan Riento 40.60 (ulkop.kilp.) 3. Anna-Stiina Heikkinen Outokummun Partio 38.20 4. Riina Kettunen &hellip;<\/p>\n","protected":false},"author":3,"featured_media":0,"parent":2811,"menu_order":37,"comment_status":"closed","ping_status":"closed","template":"","meta":{"footnotes":""},"categories":[31,7,23],"tags":[],"class_list":["post-3422","page","type-page","status-publish","hentry","category-riinakettunen","category-tulokset","category-venlakettunen"],"_links":{"self":[{"href":"https:\/\/www.lieksanurheilijat.com\/index.php?rest_route=\/wp\/v2\/pages\/3422","targetHints":{"allow":["GET"]}}],"collection":[{"href":"https:\/\/www.lieksanurheilijat.com\/index.php?rest_route=\/wp\/v2\/pages"}],"about":[{"href":"https:\/\/www.lieksanurheilijat.com\/index.php?rest_route=\/wp\/v2\/types\/page"}],"author":[{"embeddable":true,"href":"https:\/\/www.lieksanurheilijat.com\/index.php?rest_route=\/wp\/v2\/users\/3"}],"replies":[{"embeddable":true,"href":"https:\/\/www.lieksanurheilijat.com\/index.php?rest_route=%2Fwp%2Fv2%2Fcomments&post=3422"}],"version-history":[{"count":1,"href":"https:\/\/www.lieksanurheilijat.com\/index.php?rest_route=\/wp\/v2\/pages\/3422\/revisions"}],"predecessor-version":[{"id":3423,"href":"https:\/\/www.lieksanurheilijat.com\/index.php?rest_route=\/wp\/v2\/pages\/3422\/revisions\/3423"}],"up":[{"embeddable":true,"href":"https:\/\/www.lieksanurheilijat.com\/index.php?rest_route=\/wp\/v2\/pages\/2811"}],"wp:attachment":[{"href":"https:\/\/www.lieksanurheilijat.com\/index.php?rest_route=%2Fwp%2Fv2%2Fmedia&parent=3422"}],"wp:term":[{"taxonomy":"category","embeddable":true,"href":"https:\/\/www.lieksanurheilijat.com\/index.php?rest_route=%2Fwp%2Fv2%2Fcategories&post=3422"},{"taxonomy":"post_tag","embeddable":true,"href":"https:\/\/www.lieksanurheilijat.com\/index.php?rest_route=%2Fwp%2Fv2%2Ftags&post=3422"}],"curies":[{"name":"wp","href":"https:\/\/api.w.org\/{rel}","templated":true}]}}