{"id":3420,"date":"2015-07-02T18:31:26","date_gmt":"2015-07-02T15:31:26","guid":{"rendered":"https:\/\/www.lieksanurheilijat.com\/?page_id=3420"},"modified":"2015-07-03T19:17:50","modified_gmt":"2015-07-03T16:17:50","slug":"kuukausikisat","status":"publish","type":"page","link":"https:\/\/www.lieksanurheilijat.com\/?page_id=3420","title":{"rendered":"Kuukausikisat"},"content":{"rendered":"<p>2.7.2015<br \/>\nJoensuu<\/p>\n<p>T13 200m<br \/>\nTuuli: -0,7<\/p>\n<p>1. <strong>Satu Liimatta LieksU 30,69<\/strong><br \/>\n2. Peppi Penttinen JoensKa 31,08<br \/>\n3. Elina Nivaj\u00e4rvi JoensKa 32,36<br \/>\n4. Asta Petman JoensKa 35,67<br \/>\n5. Pilvi Turunen TuupovU 36,67<\/p>\n<p>T13 pituus<br \/>\n1. <strong>Satu Liimatta LieksU 418 +1,3<\/strong><br \/>\n2. Nea Immonen JoensKa 378 +0,8<br \/>\n3. Hanna Toivanen JuuanU 373 +1,8<br \/>\n4. Peppi Penttinen JoensKa 369 +1,4<br \/>\n5. Karla K\u00f6n\u00f6nen Pyh\u00e4sU 357 +1,2<br \/>\n6. Asta Petman JoensKa 347 +1,2<\/p>\n","protected":false},"excerpt":{"rendered":"<p>2.7.2015 Joensuu T13 200m Tuuli: -0,7 1. Satu Liimatta LieksU 30,69 2. Peppi Penttinen JoensKa 31,08 3. Elina Nivaj\u00e4rvi JoensKa 32,36 4. Asta Petman JoensKa 35,67 5. Pilvi Turunen TuupovU 36,67 T13 pituus 1. Satu Liimatta LieksU 418 +1,3 2. Nea Immonen JoensKa 378 +0,8 3. Hanna Toivanen JuuanU 373 &hellip;<\/p>\n","protected":false},"author":3,"featured_media":0,"parent":2811,"menu_order":38,"comment_status":"closed","ping_status":"closed","template":"","meta":{"footnotes":""},"categories":[47,7],"tags":[],"class_list":["post-3420","page","type-page","status-publish","hentry","category-satuliimatta","category-tulokset"],"_links":{"self":[{"href":"https:\/\/www.lieksanurheilijat.com\/index.php?rest_route=\/wp\/v2\/pages\/3420","targetHints":{"allow":["GET"]}}],"collection":[{"href":"https:\/\/www.lieksanurheilijat.com\/index.php?rest_route=\/wp\/v2\/pages"}],"about":[{"href":"https:\/\/www.lieksanurheilijat.com\/index.php?rest_route=\/wp\/v2\/types\/page"}],"author":[{"embeddable":true,"href":"https:\/\/www.lieksanurheilijat.com\/index.php?rest_route=\/wp\/v2\/users\/3"}],"replies":[{"embeddable":true,"href":"https:\/\/www.lieksanurheilijat.com\/index.php?rest_route=%2Fwp%2Fv2%2Fcomments&post=3420"}],"version-history":[{"count":1,"href":"https:\/\/www.lieksanurheilijat.com\/index.php?rest_route=\/wp\/v2\/pages\/3420\/revisions"}],"predecessor-version":[{"id":3421,"href":"https:\/\/www.lieksanurheilijat.com\/index.php?rest_route=\/wp\/v2\/pages\/3420\/revisions\/3421"}],"up":[{"embeddable":true,"href":"https:\/\/www.lieksanurheilijat.com\/index.php?rest_route=\/wp\/v2\/pages\/2811"}],"wp:attachment":[{"href":"https:\/\/www.lieksanurheilijat.com\/index.php?rest_route=%2Fwp%2Fv2%2Fmedia&parent=3420"}],"wp:term":[{"taxonomy":"category","embeddable":true,"href":"https:\/\/www.lieksanurheilijat.com\/index.php?rest_route=%2Fwp%2Fv2%2Fcategories&post=3420"},{"taxonomy":"post_tag","embeddable":true,"href":"https:\/\/www.lieksanurheilijat.com\/index.php?rest_route=%2Fwp%2Fv2%2Ftags&post=3420"}],"curies":[{"name":"wp","href":"https:\/\/api.w.org\/{rel}","templated":true}]}}