{"id":3391,"date":"2015-06-24T16:03:28","date_gmt":"2015-06-24T13:03:28","guid":{"rendered":"https:\/\/www.lieksanurheilijat.com\/?page_id=3391"},"modified":"2015-06-24T16:03:28","modified_gmt":"2015-06-24T13:03:28","slug":"keihaskarnevaalit","status":"publish","type":"page","link":"https:\/\/www.lieksanurheilijat.com\/?page_id=3391","title":{"rendered":"Keih\u00e4skarnevaalit"},"content":{"rendered":"<p>24.6.2o15<br \/>\nPihtipudas<br \/>\nT13 Keih\u00e4s<br \/>\n1. Pinja Kianta LempKiYU 43,58<br \/>\n2. <strong>Milla Martikainen LieksU 43,25<\/strong><br \/>\n3. Janina Laine KerimU 37,60<br \/>\n4. Elin K\u00e4llberg IFFemman 37,44<br \/>\n5. Moona Makkonen KerimU 36,78<br \/>\n6. Viivi Raatikainen ViitVie 36,55<br \/>\n7. Olivia L\u00e4hdesm\u00e4ki Jyv\u00e4skKU 36,01<br \/>\n8. Elisa Heikkala KaustPV 35,64<br \/>\n9. Meri Elomaa VammsVoi 31,28<br \/>\n10. Vivian Suominen L\u00e4nsiUU 30,90<br \/>\n11. <strong>Riina Palviainen LieksU 28,70<\/strong><br \/>\n12. Wilma Sundqvist IFKraft 28,49<br \/>\n13. <strong>Heta Kettunen LieksU 28,16<\/strong><br \/>\n14. Viola Pennanen LempKiYU 27,87<br \/>\n15. Annabel Peach GBR 27,79<br \/>\n16. Erica Linnala YlivKu 27,61<br \/>\n17. Eerika P\u00f6lkky Sein\u00e4jSU 26,70<br \/>\n18. Annukka Vainonen IitPy 26,57<br \/>\n19. Anette Eskeli Sein\u00e4jSU 26,47<br \/>\n20. Emilia Peltoheimo VirolSa 25,90<br \/>\n21. Siiri Elomaa VammsVoi 24,63<br \/>\n22. Hanna Toivanen JuuanU 23,78<br \/>\n23. Henriikka P\u00f6lkky Sein\u00e4jSU 21,53<br \/>\n24. Heta Neuvonen EspTa 19,62<br \/>\n25. Inka Vatka ToijVau 17,40<br \/>\n26. Elli Varis PihtipTui 16,74<br \/>\nViivi Myllyaho KuivAu NM<br \/>\nMiina Tavaststjerna PihtipTui DNS<br \/>\nElina Rantala LempKiYU DNS<br \/>\nT13 Keih\u00e4s joukkuekilpailu<br \/>\n1. Kerim\u00e4en Urheilijat 72,24<br \/>\nMoona Makkonen 36,78 3<br \/>\nJanina Laine 35,46 5<br \/>\n2. <strong>Lieksan Urheilijat 71,59<\/strong><br \/>\n<strong> Milla Martikainen 42,89 2<\/strong><br \/>\n<strong> Riina Palviainen 28,70 11<\/strong><br \/>\n3. Lemp\u00e4\u00e4l\u00e4n Kisa Yleisurheilu 71,45<br \/>\nPinja Kianta 43,58 1<br \/>\nViola Pennanen 27,87 14<br \/>\n4. Vammalan seudun Voima 55,91<br \/>\nMeri Elomaa 31,28 9<br \/>\nSiiri Elomaa 24,63 21<br \/>\n5. Sein\u00e4joen Seudun Urheilijat 53,17<br \/>\nEerika P\u00f6lkky 26,70 17<br \/>\nAnette Eskeli 26,47 19<\/p>\n","protected":false},"excerpt":{"rendered":"<p>24.6.2o15 Pihtipudas T13 Keih\u00e4s 1. Pinja Kianta LempKiYU 43,58 2. Milla Martikainen LieksU 43,25 3. Janina Laine KerimU 37,60 4. Elin K\u00e4llberg IFFemman 37,44 5. Moona Makkonen KerimU 36,78 6. Viivi Raatikainen ViitVie 36,55 7. Olivia L\u00e4hdesm\u00e4ki Jyv\u00e4skKU 36,01 8. Elisa Heikkala KaustPV 35,64 9. Meri Elomaa VammsVoi 31,28 10. &hellip;<\/p>\n","protected":false},"author":3,"featured_media":0,"parent":2811,"menu_order":45,"comment_status":"closed","ping_status":"closed","template":"","meta":{"footnotes":""},"categories":[34,32,7],"tags":[],"class_list":["post-3391","page","type-page","status-publish","hentry","category-hetakettunen","category-millamartikainen","category-tulokset"],"_links":{"self":[{"href":"https:\/\/www.lieksanurheilijat.com\/index.php?rest_route=\/wp\/v2\/pages\/3391","targetHints":{"allow":["GET"]}}],"collection":[{"href":"https:\/\/www.lieksanurheilijat.com\/index.php?rest_route=\/wp\/v2\/pages"}],"about":[{"href":"https:\/\/www.lieksanurheilijat.com\/index.php?rest_route=\/wp\/v2\/types\/page"}],"author":[{"embeddable":true,"href":"https:\/\/www.lieksanurheilijat.com\/index.php?rest_route=\/wp\/v2\/users\/3"}],"replies":[{"embeddable":true,"href":"https:\/\/www.lieksanurheilijat.com\/index.php?rest_route=%2Fwp%2Fv2%2Fcomments&post=3391"}],"version-history":[{"count":1,"href":"https:\/\/www.lieksanurheilijat.com\/index.php?rest_route=\/wp\/v2\/pages\/3391\/revisions"}],"predecessor-version":[{"id":3392,"href":"https:\/\/www.lieksanurheilijat.com\/index.php?rest_route=\/wp\/v2\/pages\/3391\/revisions\/3392"}],"up":[{"embeddable":true,"href":"https:\/\/www.lieksanurheilijat.com\/index.php?rest_route=\/wp\/v2\/pages\/2811"}],"wp:attachment":[{"href":"https:\/\/www.lieksanurheilijat.com\/index.php?rest_route=%2Fwp%2Fv2%2Fmedia&parent=3391"}],"wp:term":[{"taxonomy":"category","embeddable":true,"href":"https:\/\/www.lieksanurheilijat.com\/index.php?rest_route=%2Fwp%2Fv2%2Fcategories&post=3391"},{"taxonomy":"post_tag","embeddable":true,"href":"https:\/\/www.lieksanurheilijat.com\/index.php?rest_route=%2Fwp%2Fv2%2Ftags&post=3391"}],"curies":[{"name":"wp","href":"https:\/\/api.w.org\/{rel}","templated":true}]}}