{"id":3326,"date":"2015-06-16T23:16:34","date_gmt":"2015-06-16T20:16:34","guid":{"rendered":"https:\/\/www.lieksanurheilijat.com\/?page_id=3326"},"modified":"2015-06-17T07:10:55","modified_gmt":"2015-06-17T04:10:55","slug":"pko-junior-games-joensuu","status":"publish","type":"page","link":"https:\/\/www.lieksanurheilijat.com\/?page_id=3326","title":{"rendered":"PKO Junior Games"},"content":{"rendered":"<p>Joensuun keskuskentt\u00e4<br \/>\n16.6.2015<\/p>\n<p>N17 keih\u00e4s<br \/>\n1. <strong>Milla Martikainen LieksU 35,05<\/strong><br \/>\n2. <strong>Venla Kettunen LieksU 33,72<\/strong><br \/>\n3. <strong>Jutta Martikainen LieksU 31,38<\/strong><\/p>\n<p>P15 100m (+0,2 m\/s)<br \/>\n1. <strong>Eeki Kokkonen LieksU 12,58<\/strong><br \/>\n2. Juho P\u00e4\u00e4kk\u00f6nen KuhmKi 12,76<br \/>\n3. Teemu Malinen Pyh\u00e4sU 13,51<br \/>\n4. Tony Vaittinen KiihtU 15,29<\/p>\n<p>P15 korkeus<br \/>\n1. <strong>Eeki Kokkonen LieksU 160<\/strong><\/p>\n<p>T15 100m<br \/>\nEr\u00e4 1: (-2,0 m\/s)<br \/>\n1. Nina Mutanen JoensKa 13,88<br \/>\n2. <strong>Riina Kettunen LieksU 14,04<\/strong><br \/>\n3. Jenna Riikonen JoensKa 14,04<br \/>\n4. Riikka Lonkainen JoensKa 14,36<br \/>\n5. Lumi K\u00e4rkk\u00e4inen\u00a0\u00a0JoensKa 14,99<\/p>\n<p>Er\u00e4 2: (-1,8 m\/s)<br \/>\n1. Kaisa-Liisa Kainulainen JoensKa 13,98<br \/>\n2. <strong>Ada Pakarinen LieksU 14,21<\/strong><br \/>\n3. Iida Kauhanen Hein\u00e4vYU 14,22<br \/>\n4. Petra V\u00e4\u00e4n\u00e4nen JoensKa 14,50<\/p>\n<p>T15 100m yhdistetyt tulokset<br \/>\n1. Nina Mutanen JoensKa 13,88<br \/>\n2. Kaisa-Liisa Kainulainen JoensKa 13,98<br \/>\n3. <strong>Riina Kettunen LieksU 14,04<\/strong><br \/>\n4. Jenna Riikonen JoensKa 14,04<br \/>\n5. <strong>Ada Pakarinen LieksU 14,21<\/strong><br \/>\n6. Iida Kauhanen Hein\u00e4vYU 14,22<br \/>\n7. Riikka Lonkainen JoensKa 14,36<br \/>\n8. Petra V\u00e4\u00e4n\u00e4nen JoensKa 14,50<br \/>\n9. Lumi K\u00e4rkk\u00e4inen JoensKa 14,99<\/p>\n<p>T15 keih\u00e4s<br \/>\n1. Milla Martikainen LieksU 40,39<br \/>\n2. Lumi K\u00e4rkk\u00e4inen JoensKa 33,56<br \/>\n3. <strong>Riina Kettunen LieksU 28,80<\/strong><br \/>\n4. Peppi Ahponen Pyh\u00e4sU 27,46<\/p>\n<p>T13 60m<br \/>\nEr\u00e4 1: (-2,6 m\/s)<br \/>\n1. Veera Kauhanen Hein\u00e4vYU 9,20<br \/>\n2. Tuuli Kinnunen JoensKa 9,49<br \/>\n3. Tiia H\u00e4tinen OutokPa 9,59<br \/>\n4. <strong>Satu Liimatta LieksU 9,60<\/strong><br \/>\n5. Tiia Rantala PolvijU 9,67<br \/>\n6. Hanna Lehvonen JoensKa 9,68<\/p>\n<p>T13 60m yhdistetyt tulokset<br \/>\n1. Jasmina Ven\u00e4l\u00e4inen Pyh\u00e4sU 8,80<br \/>\n2. Petra Lappalainen JoensKa 8,97<br \/>\n3. Nea Immonen JoensKa 9,03<br \/>\n4. Iida Hartikainen JuuanU 9,12<br \/>\n5. Veera Kauhanen Hein\u00e4vYU 9,20<br \/>\n6. Veera Kontkanen Pyh\u00e4sU 9,27<br \/>\n7. Oona Huovinen ViipU 9,31<br \/>\n8. Elina Nivaj\u00e4rvi JoensKa 9,34<br \/>\n9. Tuuli Kinnunen JoensKa 9,49<br \/>\n10. Tiia H\u00e4tinen OutokPa 9,59<br \/>\n11. <strong>Satu Liimatta LieksU 9,60<\/strong><br \/>\n12. Tiia Rantala PolvijU 9,67<br \/>\n13. Hanna Lehvonen JoensKa 9,68<\/p>\n<p>T13 1000m<br \/>\n1. Veera Kontkanen Pyh\u00e4sU 3.23,67<br \/>\n2. <strong>Satu Liimatta LieksU 3.29,53<\/strong><br \/>\n3. Siiri Uusitalo Pyh\u00e4sU 4.23,17<\/p>\n<p>T13 pituus<br \/>\n1. Tuuli Kinnunen JoensKa 414 -1,3<br \/>\n2. Iida Hartikainen JuuanU 411 -1,5<br \/>\n3. <strong>Satu Liimatta LieksU 404 -0,8<\/strong><br \/>\n4. Nea Roiha ParikkU 393 -0,6<br \/>\n5. Nea Immonen JoensKa 390\u00a0 0,0<br \/>\n6. Tiia H\u00e4tinen OutokPa 386 -0,3<br \/>\n7. Karla K\u00f6n\u00f6nen Pyh\u00e4sU 373 -1,7<br \/>\n8. Jasmina Ven\u00e4l\u00e4inen Pyh\u00e4sU 373\u00a0 0,8<br \/>\n9. Oona Huovinen ViipU 364 -0,5<br \/>\n10. Hanna Lehvonen JoensKa 355 -1,8<br \/>\n11. Elina Nivaj\u00e4rvi JoensKa 350 -0,3<br \/>\n12. Tiia Rantala PolvijU 347\u00a0 1,7<\/p>\n<p>T13 kuula<br \/>\n1. Nea Roiha ParikkU 11,17<br \/>\n2. <strong>Milla Martikainen LieksU 9,50<\/strong><br \/>\n3. Tuuli Kinnunen JoensKa 9,02<br \/>\n4. <strong>Lotta Martikainen LieksU 8,66<\/strong><br \/>\n5. Oona Huovinen ViipU 6,92<br \/>\n6. Hanna Lehvonen JoensKa 6,81<br \/>\n7. Siiri Uusitalo Pyh\u00e4sU 5,30<\/p>\n","protected":false},"excerpt":{"rendered":"<p>Joensuun keskuskentt\u00e4 16.6.2015 N17 keih\u00e4s 1. Milla Martikainen LieksU 35,05 2. Venla Kettunen LieksU 33,72 3. Jutta Martikainen LieksU 31,38 P15 100m (+0,2 m\/s) 1. Eeki Kokkonen LieksU 12,58 2. Juho P\u00e4\u00e4kk\u00f6nen KuhmKi 12,76 3. Teemu Malinen Pyh\u00e4sU 13,51 4. Tony Vaittinen KiihtU 15,29 P15 korkeus 1. Eeki Kokkonen LieksU &hellip;<\/p>\n","protected":false},"author":2,"featured_media":0,"parent":2811,"menu_order":47,"comment_status":"closed","ping_status":"closed","template":"","meta":{"footnotes":""},"categories":[40,38,32,31,7,23],"tags":[],"class_list":["post-3326","page","type-page","status-publish","hentry","category-juttamartikainen","category-lottamartikainen","category-millamartikainen","category-riinakettunen","category-tulokset","category-venlakettunen"],"_links":{"self":[{"href":"https:\/\/www.lieksanurheilijat.com\/index.php?rest_route=\/wp\/v2\/pages\/3326","targetHints":{"allow":["GET"]}}],"collection":[{"href":"https:\/\/www.lieksanurheilijat.com\/index.php?rest_route=\/wp\/v2\/pages"}],"about":[{"href":"https:\/\/www.lieksanurheilijat.com\/index.php?rest_route=\/wp\/v2\/types\/page"}],"author":[{"embeddable":true,"href":"https:\/\/www.lieksanurheilijat.com\/index.php?rest_route=\/wp\/v2\/users\/2"}],"replies":[{"embeddable":true,"href":"https:\/\/www.lieksanurheilijat.com\/index.php?rest_route=%2Fwp%2Fv2%2Fcomments&post=3326"}],"version-history":[{"count":4,"href":"https:\/\/www.lieksanurheilijat.com\/index.php?rest_route=\/wp\/v2\/pages\/3326\/revisions"}],"predecessor-version":[{"id":3336,"href":"https:\/\/www.lieksanurheilijat.com\/index.php?rest_route=\/wp\/v2\/pages\/3326\/revisions\/3336"}],"up":[{"embeddable":true,"href":"https:\/\/www.lieksanurheilijat.com\/index.php?rest_route=\/wp\/v2\/pages\/2811"}],"wp:attachment":[{"href":"https:\/\/www.lieksanurheilijat.com\/index.php?rest_route=%2Fwp%2Fv2%2Fmedia&parent=3326"}],"wp:term":[{"taxonomy":"category","embeddable":true,"href":"https:\/\/www.lieksanurheilijat.com\/index.php?rest_route=%2Fwp%2Fv2%2Fcategories&post=3326"},{"taxonomy":"post_tag","embeddable":true,"href":"https:\/\/www.lieksanurheilijat.com\/index.php?rest_route=%2Fwp%2Fv2%2Ftags&post=3326"}],"curies":[{"name":"wp","href":"https:\/\/api.w.org\/{rel}","templated":true}]}}