{"id":328,"date":"2014-03-23T19:14:54","date_gmt":"2014-03-23T17:14:54","guid":{"rendered":"https:\/\/www.lieksanurheilijat.com\/?page_id=328"},"modified":"2014-05-12T12:44:19","modified_gmt":"2014-05-12T09:44:19","slug":"9-15-v-pm-hallikilpailut-1-paiva","status":"publish","type":"page","link":"https:\/\/www.lieksanurheilijat.com\/?page_id=328","title":{"rendered":"9-15-v. pm-hallikilpailut 1. p\u00e4iv\u00e4"},"content":{"rendered":"<p>25.1.2014<br \/>\nJOENSUU<\/p>\n<p>P14 60 m<br \/>\n1 Juuso V\u00e4lipakka KuopRei 7.87<br \/>\n2 Kaapo Kolari VarkKV 8.70<br \/>\n3 <strong>Eeki Kokkonen\u00a0LieksU 8.72<br \/>\n<\/strong>4 Toivo-Oskari Laitinen Hein\u00e4vYU 9.67<\/p>\n<p>P14 800 m<br \/>\n1 Arttu Simanainen JoensKa 2:18.81<br \/>\n2 Oskari Silvennoinen JoensKa 2:30.37<br \/>\n3\u00a0<strong>Eeki Kokkonen<\/strong><strong>\u00a0LieksU 2:38.52<\/strong><br \/>\n4 Aki Mutanen OutokPa 2:45.08<br \/>\n5 Elias Kortelainen NurmSe 2:50.16<\/p>\n<p>P14 Korkeus<br \/>\n1 Aki Mutanen OutokPa 1.55<br \/>\n2\u00a0<strong>Eeki Kokkonen<\/strong><strong>\u00a0LieksU 1.50<\/strong><br \/>\n3 Juuso V\u00e4lipakka KuopRei 1.40<br \/>\n4 Elias Kortelainen NurmSe 1.35<\/p>\n<p>P9 1000 m<br \/>\n1 V\u00e4in\u00f6 Kontkanen Pyh\u00e4sU 3:57.26<br \/>\n2 Juuso Jormanainen TuupovU 4:13.31<br \/>\n3\u00a0<strong>Aarni Nyblom LieksU 4:33.14<\/strong><br \/>\n4 Miika Palviainen LieksU 4:45.78<br \/>\n5 Henrik Juntunen Pyh\u00e4sU 5:55.72<\/p>\n<p>P9 Pituus<br \/>\n1 Mikko R\u00f6nkk\u00f6 Pyh\u00e4sU 3.36<br \/>\n2\u00a0<strong>Aarni Nyblom<\/strong><strong>\u00a0LieksU 3.28<\/strong><br \/>\n3 Otso Liimatta NurmSe 3.16<br \/>\n4 V\u00e4in\u00f6 Kontkanen Pyh\u00e4sU 3.03<br \/>\n5 Topi Parviainen TuupovU 2.91<br \/>\n6 Vasili H\u00e4kki JuuanU 1.1.04 2.78<br \/>\n7 Juuso Jormanainen TuupovU 2.69<br \/>\n8 Tatu Rantala PolvijU 2.64<br \/>\n9 Joona Turunen JoensKa 2.64<\/p>\n<p>P9 Kuula<br \/>\n1\u00a0<strong>Aarni Nyblom<\/strong><strong>\u00a0LieksU 6.76<\/strong><br \/>\n2 Otso Liimatta NurmSe 6.35<br \/>\n3 Veikka Huttunen JuuanU 6.14<br \/>\n4 Topi Parviainen TuupovU 6.12<br \/>\n5\u00a0<strong>Miika Palviainen LieksU 5.68<\/strong><br \/>\n6 Elias Lahti KuopRei 5.57<br \/>\n7 Joona Turunen JoensKa 4.35<br \/>\n8 Vasili H\u00e4kki JuuanU 4.09<br \/>\n9 Henrik Juntunen Pyh\u00e4sU 3.27<\/p>\n<p>T15 60 m<br \/>\n1\u00a0<strong>Silja Kempas LieksU 8.44<\/strong><br \/>\n2 Eveliina Kumpulainen KuopRei 8.48<br \/>\n3 Hanna Siiskonen JoensKa 8.58<br \/>\n4 Jenni Nuutinen Pyh\u00e4sU 9.02<br \/>\n5 Riina Juutinen TuupovU 9.91<\/p>\n<p>T15 Korkeus<br \/>\nup\u00a0<strong>Moona Kokkonen LieksU 1.55<\/strong><br \/>\n1 Aino Varkoi LapinlVe 1.40<br \/>\n2 Jenni Nuutinen Pyh\u00e4sU 1.35<br \/>\n3 Eveliina Kumpulainen KuopRei 1.25<\/p>\n<p>T15 Kolmiloikka\/TJ<br \/>\n1 Emmi Hottinen Hein\u00e4vYU 9.43<br \/>\n2 Anna Muhonen JoensKa 9.24<br \/>\n3\u00a0<strong>Venla Kettunen LieksU 9.12<\/strong><br \/>\n4 Riina Juutinen TuupovU 7.68<\/p>\n<p>T13 60 m<br \/>\n1 Ellinoora Koponen Hein\u00e4vYU 8.89<br \/>\n2\u00a0<strong>Riina Kettunen LieksU 9.01<\/strong><br \/>\n3 Veera Huoman Hein\u00e4vYU 9.14<br \/>\n4 Neea Liimatta Pyh\u00e4sU 9.24<br \/>\n5 Veera Vastam\u00e4ki JoensKa 9.36<br \/>\n6 Riikka Lonkainen JoensKa 9.42<br \/>\nAlkuer\u00e4t<br \/>\n1. er\u00e4<br \/>\n1 Ellinoora Koponen Hein\u00e4vYU 8.86<br \/>\n2 Veera Huoman Hein\u00e4vYU 9.07<br \/>\n3 Riikka Lonkainen JoensKa 9.32<br \/>\n4 Noora Juutinen TuupovU 9.77<br \/>\n5 Hanna Kilpel\u00e4inen JuuanJ\u00e4 11.64<br \/>\n2. er\u00e4<br \/>\n1\u00a0<strong>Riina Kettunen LieksU 9.03<\/strong><br \/>\n2 Veera Vastam\u00e4ki JoensKa 9.17<br \/>\n3 Jenna Kiiskinen JoensKa 9.53<br \/>\n3. er\u00e4<br \/>\n1 Neea Liimatta Pyh\u00e4sU 9.39<br \/>\n2 Jenna Riikonen JoensKa 9.92<br \/>\n3 Oona Piirainen 10.23<\/p>\n<p>T13 1000 m<br \/>\n1\u00a0<strong>Tanja Ryyn\u00e4nen LieksU 3:26.57<\/strong><br \/>\n2 Riikka Lonkainen JoensKa 3:39.43<br \/>\n3 Salla R\u00f6nkk\u00f6 Pyh\u00e4sU 3:51.54<br \/>\n4 Jasmin Toivanen TuupovU 3:58.92<br \/>\n5 Lumi K\u00e4rkk\u00e4inen JoensKa 4:23.24<br \/>\n6 Noora Juutinen TuupovU 24.10.01 4:31.92<br \/>\n7 Hanna Kilpel\u00e4inen JuuanJ\u00e4 5:39.22<br \/>\nVeera Huoman Hein\u00e4vYU DNF<\/p>\n<p>T13 Korkeus<br \/>\n1 Venla Hyv\u00e4rinen PolvijVau 1.40<br \/>\n2\u00a0<strong>Tanja Ryyn\u00e4nen LieksU 1.25<\/strong><br \/>\n3 Riina Hassinen Pyh\u00e4sU 1.25<br \/>\n4 Jenna Riikonen JoensKa 1.20<\/p>\n<p>T13 Kolmiloikka<br \/>\n1\u00a0<strong>Riina Kettunen LieksU 8.86<\/strong><br \/>\n2 Jenna Kiiskinen JoensKa 8.69<br \/>\n3 Riikka Lonkainen JoensKa 8.54<br \/>\n4 Veera Huoman Hein\u00e4vYU 8.42<br \/>\n5 Noora Kosonen TuupovU 7.32<\/p>\n<p>T12 Korkeus<br \/>\n1 Hanna Toivanen JuuanU 1.20<br \/>\n2\u00a0<strong>Milla Martikainen LieksU 1.10<\/strong><br \/>\n3 Katariina Kiskonen JuuanJ\u00e4 1.10<br \/>\n4 Adelina Lehikoinen JuuanJ\u00e4 1.10<br \/>\n5 Terhi Willman JuuanJ\u00e4 1.00<br \/>\n6 Venla Heikkinen JuuanU 0.90<\/p>\n<p>T12 Kolmiloikka\/TJ<br \/>\n1 Tanja Kokkonen SavonlRie 9.26<br \/>\n2 Veera Kontkanen Pyh\u00e4sU 8.27<br \/>\n3 Petra Lappalainen JoensKa 8.09<br \/>\n4 Reetta Naumanen OutokPa 7.86<br \/>\n5\u00a0<strong>Milla Martikainen LieksU 7.62<\/strong><br \/>\n6 Hanna Toivanen JuuanU 7.59<br \/>\n7 Tuuli Kinnunen JoensKa 7.39<br \/>\n8 Iiris Vastam\u00e4ki JoensKa 25.8.02 7.01<\/p>\n<p>T11 60 m<br \/>\n1 Pihla M\u00e4tinki KiihtU 9.03<br \/>\n2 Nenna Helppolainen PielavSa 9.32<br \/>\n3 Elina Nivaj\u00e4rvi JoensKa 9.52<br \/>\n4 Veera Kauhanen Hein\u00e4vYU 9.63<br \/>\n5 Tiia Rantala PolvijU 9.66<br \/>\n6 Oona Majoinen JoensKa 9.71<br \/>\nAlkuer\u00e4t<br \/>\n1. er\u00e4<br \/>\n1 Pihla M\u00e4tinki KiihtU 9.36<br \/>\n2 Veera Kauhanen Hein\u00e4vYU 9.47<br \/>\n3 Aada Kokko JoensKa 9.77<br \/>\n4 Jasmiina Ven\u00e4l\u00e4inen Pyh\u00e4sU 9.84<br \/>\n5\u00a0<strong>Heta Kettunen LieksU 9.89<\/strong><br \/>\n6 Nicola Linderg Pyh\u00e4sU 10.14<br \/>\n2. er\u00e4<br \/>\n1 Tiia Rantala PolvijU 9.51<br \/>\n2 Oona Majoinen JoensKa 9.62<br \/>\n3 Nea Immonen JoensKa 9.76<br \/>\n4 Jessica Halonen SavonlRie 9.91<br \/>\n5 Emilia Jolkkonen PolvijU 10.16<br \/>\n6 Laura Huoman Hein\u00e4vYU 10.62<br \/>\n3. er\u00e4<br \/>\n1 Nenna Helppolainen PielavSa 9.29<br \/>\n2 Elina Nivaj\u00e4rvi JoensKa 9.65<br \/>\n3 Netta-Noora Lappalainen Pyh\u00e4sU 10.01<br \/>\n4 Iiris Laitio Hein\u00e4vYU 11.08<br \/>\n5 Marikki Juntunen Pyh\u00e4sU 11.21<\/p>\n<p>T11 Pituus<br \/>\n1 Nenna Helppolainen PielavSa 4.20<br \/>\n2 Aada Kokko JoensKa 3.98<br \/>\n3 Tiia Rantala PolvijU 3.92<br \/>\n4 Karla K\u00f6n\u00f6nen Pyh\u00e4sU 3.82<br \/>\n5 Jasmiina Ven\u00e4l\u00e4inen Pyh\u00e4sU 3.65<br \/>\n6 Elina Nivaj\u00e4rvi JoensKa 3.64<br \/>\n7 Nea Immonen JoensKa 3.62<br \/>\n8 Sini Lehikoinen Pyh\u00e4sU 3.62<br \/>\n9\u00a0<strong>Heta Kettunen LieksU 3.58<\/strong><br \/>\n10 Pihla M\u00e4tinki KiihtU 3.55<br \/>\n11 Netta-Noora Lappalainen Pyh\u00e4sU 3.52<br \/>\n12 Oona Majoinen JoensKa 3.27<br \/>\n13 Pilvi Turunen TuupovU 3.02<br \/>\n14 Laura Huoman Hein\u00e4vYU 3.00<\/p>\n<p>T11 Kuula<br \/>\n1 Nicola Linderg Pyh\u00e4sU 8.54<br \/>\n2 Sini Lehikoinen Pyh\u00e4sU 8.39<br \/>\n3\u00a0<strong>Riina Palviainen LieksU 7.41<\/strong><br \/>\n4 Netta-Noora Lappalainen Pyh\u00e4sU 7.03<br \/>\n5 Karla K\u00f6n\u00f6nen Pyh\u00e4sU 6.61<br \/>\n6 Laura Huoman Hein\u00e4vYU 6.57<br \/>\n7 Emilia Jolkkonen PolvijU 6.23<br \/>\n8 Aada Kokko JoensKa 6.14<br \/>\n9 Nenna Helppolainen PielavSa 5.73<\/p>\n","protected":false},"excerpt":{"rendered":"<p>25.1.2014 JOENSUU P14 60 m 1 Juuso V\u00e4lipakka KuopRei 7.87 2 Kaapo Kolari VarkKV 8.70 3 Eeki Kokkonen\u00a0LieksU 8.72 4 Toivo-Oskari Laitinen Hein\u00e4vYU 9.67 P14 800 m 1 Arttu Simanainen JoensKa 2:18.81 2 Oskari Silvennoinen JoensKa 2:30.37 3\u00a0Eeki Kokkonen\u00a0LieksU 2:38.52 4 Aki Mutanen OutokPa 2:45.08 5 Elias Kortelainen NurmSe 2:50.16 &hellip;<\/p>\n","protected":false},"author":3,"featured_media":0,"parent":312,"menu_order":72,"comment_status":"closed","ping_status":"closed","template":"templates\/template-threecolumns-center.php","meta":{"footnotes":""},"categories":[14,34,32,31,26,7,23],"tags":[],"class_list":["post-328","page","type-page","status-publish","hentry","category-aarninyblom","category-hetakettunen","category-millamartikainen","category-riinakettunen","category-siljakempas","category-tulokset","category-venlakettunen"],"_links":{"self":[{"href":"https:\/\/www.lieksanurheilijat.com\/index.php?rest_route=\/wp\/v2\/pages\/328","targetHints":{"allow":["GET"]}}],"collection":[{"href":"https:\/\/www.lieksanurheilijat.com\/index.php?rest_route=\/wp\/v2\/pages"}],"about":[{"href":"https:\/\/www.lieksanurheilijat.com\/index.php?rest_route=\/wp\/v2\/types\/page"}],"author":[{"embeddable":true,"href":"https:\/\/www.lieksanurheilijat.com\/index.php?rest_route=\/wp\/v2\/users\/3"}],"replies":[{"embeddable":true,"href":"https:\/\/www.lieksanurheilijat.com\/index.php?rest_route=%2Fwp%2Fv2%2Fcomments&post=328"}],"version-history":[{"count":6,"href":"https:\/\/www.lieksanurheilijat.com\/index.php?rest_route=\/wp\/v2\/pages\/328\/revisions"}],"predecessor-version":[{"id":974,"href":"https:\/\/www.lieksanurheilijat.com\/index.php?rest_route=\/wp\/v2\/pages\/328\/revisions\/974"}],"up":[{"embeddable":true,"href":"https:\/\/www.lieksanurheilijat.com\/index.php?rest_route=\/wp\/v2\/pages\/312"}],"wp:attachment":[{"href":"https:\/\/www.lieksanurheilijat.com\/index.php?rest_route=%2Fwp%2Fv2%2Fmedia&parent=328"}],"wp:term":[{"taxonomy":"category","embeddable":true,"href":"https:\/\/www.lieksanurheilijat.com\/index.php?rest_route=%2Fwp%2Fv2%2Fcategories&post=328"},{"taxonomy":"post_tag","embeddable":true,"href":"https:\/\/www.lieksanurheilijat.com\/index.php?rest_route=%2Fwp%2Fv2%2Ftags&post=328"}],"curies":[{"name":"wp","href":"https:\/\/api.w.org\/{rel}","templated":true}]}}