{"id":326,"date":"2014-03-23T19:13:39","date_gmt":"2014-03-23T17:13:39","guid":{"rendered":"https:\/\/www.lieksanurheilijat.com\/?page_id=326"},"modified":"2014-05-12T12:45:42","modified_gmt":"2014-05-12T09:45:42","slug":"9-15-v-pm-hallikilpailut-2-paiva","status":"publish","type":"page","link":"https:\/\/www.lieksanurheilijat.com\/?page_id=326","title":{"rendered":"9-15-v. pm-hallikilpailut 2. p\u00e4iv\u00e4"},"content":{"rendered":"<p>26.1.2014<br \/>\nJOENSUU<\/p>\n<p>T13 60m aj<br \/>\n1.\u00a0<strong>Tanja Ryyn\u00e4nen LieksU 11,93<\/strong><br \/>\n2. Jenna Kiiskinen JoensKa 12,76<br \/>\n3. Noora Juutinen TuupovU 13,03<br \/>\n4. Riina Hassinen Pyh\u00e4sU 13,20<\/p>\n<p>T13 60m aj<br \/>\n1.\u00a0<strong>Tanja Ryyn\u00e4nen LieksU 11,93<\/strong><br \/>\n2. Jenna Kiiskinen JoensKa 12,76<br \/>\n3. Noora Juutinen TuupovU 13,03<br \/>\n4. Riina Hassinen Pyh\u00e4sU 13,20<\/p>\n<p>T12 seiv\u00e4s<br \/>\n1.\u00a0<strong>Milla Martikainen LieksU 175<\/strong><br \/>\n2. Iiris Vastam\u00e4ki JoensKa 135<\/p>\n<p>T12 pituus<br \/>\n1. Tanja Kokkonen SavonlRie 430<br \/>\n2. Petra Lappalainen JoensKa 403<br \/>\n3. Veera Kontkanen Pyh\u00e4sU 376<br \/>\n4. Iida Hartikainen JuuanU 356<br \/>\n5. Reetta Naumanen OutokPa 353<br \/>\n6. Hanna Toivanen JuuanU 351<br \/>\n7.\u00a0<strong>Milla Martikainen LieksU 350<\/strong><br \/>\n8. Tuuli Kinnunen JoensKa 345<br \/>\n9. Virve Willman JuuanJ\u00e4 275<br \/>\n10. Adelina Lehikoinen JuuanJ\u00e4 258<br \/>\n11. Hanna-Mari Gr\u00f6hn JuuanJ\u00e4 180<\/p>\n<p>T12 kuula<br \/>\n1. Iiris Vastam\u00e4ki JoensKa 8,05<br \/>\n2.\u00a0<strong>Milla Martikainen LieksU 7,50<\/strong><br \/>\n3. Adelina Lehikoinen JuuanJ\u00e4 7,18<br \/>\n4. Venla Heikkinen JuuanJ\u00e4 6,99<br \/>\n5. Piia Pennanen JuuanJ\u00e4 6,98<br \/>\n6. Hanna Toivanen JuuanU 6,63<br \/>\n7.\u00a0<strong>Lotta Martikainen LieksU 6,37<\/strong><br \/>\n8. Tuuli Kinnunen JoensKa 5,52<\/p>\n<p>T11 60m aj<br \/>\nEr\u00e4 1:<br \/>\n1. Elina Nivaj\u00e4rvi JoensKa 11,87<br \/>\n2. Jasmina Ven\u00e4l\u00e4inen Pyh\u00e4sU 12,96<br \/>\n3. Marikki Juntunen Pyh\u00e4sU 14,13<br \/>\nEr\u00e4 2:<br \/>\n1. Aada Kokko JoensKa 10,89<br \/>\n2. Karla K\u00f6n\u00f6nen Pyh\u00e4sU 12,17<br \/>\n3.\u00a0<strong>Riina Palviainen LieksU 12,32<\/strong><br \/>\n4. Nicola Lindsberg Pyh\u00e4sU 13,94<\/p>\n<p>Yhdistetyt tulokset:<br \/>\n1. Aada Kokko JoensKa 10,89<br \/>\n2. Elina Nivaj\u00e4rvi JoensKa 11,87<br \/>\n3. Karla K\u00f6n\u00f6nen Pyh\u00e4sU 12,17<br \/>\n4.\u00a0<strong>Riina Palviainen LieksU 12,32<\/strong><br \/>\n5. Jasmina Ven\u00e4l\u00e4inen Pyh\u00e4sU 12,96<br \/>\n6. Nicola Lindsberg Pyh\u00e4sU 13,94<br \/>\n7. Marikki Juntunen Pyh\u00e4sU 14,13<\/p>\n<p>T11 korkeus<br \/>\n1.\u00a0<strong>Riina Palviainen LieksU 115<\/strong><br \/>\n2. Tiia Rantala PolvijU 115<br \/>\n3. Netta-Noora Lappalainen Pyh\u00e4sU 110<br \/>\n3. Sini Lehikoinen Pyh\u00e4sU 110<br \/>\n5. Jessica Halonen SavonlRie 105<br \/>\n6. Emilia Jolkkonen PolvijU 100<br \/>\n7. Marikki Juntunen Pyh\u00e4sU 95<\/p>\n<p>T11 seiv\u00e4s<br \/>\n1.\u00a0<strong>Riina Palviainen LieksU 165<\/strong><\/p>\n<p>P9 200m<br \/>\nEr\u00e4 1:<br \/>\n1. Tatu Rantala PolvijU 40,22<br \/>\n2. Aleksi Laitila Pyh\u00e4sU 42,25<br \/>\n3.\u00a0<strong>Miika Palviainen LieksU 44,33<\/strong><br \/>\nEr\u00e4 2:<br \/>\n1.\u00a0<strong>Aarni Nyblom LieksU 39,27<\/strong><br \/>\n2. Aapo Talaster\u00e4 NurmSe 39,77<br \/>\nMikko R\u00f6nkk\u00f6 Pyh\u00e4sU DNS<br \/>\nHenrik Juntunen Pyh\u00e4sU DNS<br \/>\nEr\u00e4 3:<br \/>\n1. Otso Liimatta NurmSe 35,40<br \/>\n2. V\u00e4in\u00f6 Kontkanen Pyh\u00e4sU 35,67<br \/>\nAleksi Keronen Pyh\u00e4sU DNS<\/p>\n<p>Yhdistetyt tulokset:<br \/>\n1. Otso Liimatta NurmSe 35,40<br \/>\n2. V\u00e4in\u00f6 Kontkanen Pyh\u00e4sU 35,67<br \/>\n3.\u00a0<strong>Aarni Nyblom LieksU 39,27<\/strong><br \/>\n4. Aapo Talaster\u00e4 NurmSe 39,77<br \/>\n5. Tatu Rantala PolvijU 40,22<br \/>\n6. Aleksi Laitila Pyh\u00e4sU 42,25<br \/>\n7. Miika Palviainen LieksU 44,33<br \/>\nMikko R\u00f6nkk\u00f6 Pyh\u00e4sU DNS<br \/>\nHenrik Juntunen Pyh\u00e4sU DNS<br \/>\nAleksi Keronen Pyh\u00e4sU DNS<\/p>\n<p>P9 60m aidat<br \/>\n1. V\u00e4in\u00f6 Kontkanen Pyh\u00e4sU 13,61<br \/>\n2. Aapo Talaster\u00e4 NurmSe 14,95<br \/>\n3.\u00a0<strong>Aarni Nyblom LieksU 14,99<\/strong><br \/>\n4. Jaakko R\u00f6nkk\u00f6 Pyh\u00e4sU 16,83<br \/>\n5. Akseli Laitila Pyh\u00e4sU 21,97<br \/>\nMikko R\u00f6nkk\u00f6 Pyh\u00e4sU DNS<\/p>\n<p>P9 korkeus<br \/>\n1.\u00a0<strong>Aarni Nyblom LieksU 105<\/strong><br \/>\n2.\u00a0<strong>Miika Palviainen LieksU 95<\/strong><br \/>\n3. Otso Liimatta NurmSe 85<\/p>\n<p>P9 3-loikka<br \/>\n1.\u00a0<strong>Miika Palviainen LieksU 5,79<\/strong><\/p>\n","protected":false},"excerpt":{"rendered":"<p>26.1.2014 JOENSUU T13 60m aj 1.\u00a0Tanja Ryyn\u00e4nen LieksU 11,93 2. Jenna Kiiskinen JoensKa 12,76 3. Noora Juutinen TuupovU 13,03 4. Riina Hassinen Pyh\u00e4sU 13,20 T13 60m aj 1.\u00a0Tanja Ryyn\u00e4nen LieksU 11,93 2. Jenna Kiiskinen JoensKa 12,76 3. Noora Juutinen TuupovU 13,03 4. Riina Hassinen Pyh\u00e4sU 13,20 T12 seiv\u00e4s 1.\u00a0Milla Martikainen &hellip;<\/p>\n","protected":false},"author":3,"featured_media":0,"parent":312,"menu_order":73,"comment_status":"closed","ping_status":"closed","template":"templates\/template-threecolumns-center.php","meta":{"footnotes":""},"categories":[14,32,7],"tags":[],"class_list":["post-326","page","type-page","status-publish","hentry","category-aarninyblom","category-millamartikainen","category-tulokset"],"_links":{"self":[{"href":"https:\/\/www.lieksanurheilijat.com\/index.php?rest_route=\/wp\/v2\/pages\/326","targetHints":{"allow":["GET"]}}],"collection":[{"href":"https:\/\/www.lieksanurheilijat.com\/index.php?rest_route=\/wp\/v2\/pages"}],"about":[{"href":"https:\/\/www.lieksanurheilijat.com\/index.php?rest_route=\/wp\/v2\/types\/page"}],"author":[{"embeddable":true,"href":"https:\/\/www.lieksanurheilijat.com\/index.php?rest_route=\/wp\/v2\/users\/3"}],"replies":[{"embeddable":true,"href":"https:\/\/www.lieksanurheilijat.com\/index.php?rest_route=%2Fwp%2Fv2%2Fcomments&post=326"}],"version-history":[{"count":1,"href":"https:\/\/www.lieksanurheilijat.com\/index.php?rest_route=\/wp\/v2\/pages\/326\/revisions"}],"predecessor-version":[{"id":327,"href":"https:\/\/www.lieksanurheilijat.com\/index.php?rest_route=\/wp\/v2\/pages\/326\/revisions\/327"}],"up":[{"embeddable":true,"href":"https:\/\/www.lieksanurheilijat.com\/index.php?rest_route=\/wp\/v2\/pages\/312"}],"wp:attachment":[{"href":"https:\/\/www.lieksanurheilijat.com\/index.php?rest_route=%2Fwp%2Fv2%2Fmedia&parent=326"}],"wp:term":[{"taxonomy":"category","embeddable":true,"href":"https:\/\/www.lieksanurheilijat.com\/index.php?rest_route=%2Fwp%2Fv2%2Fcategories&post=326"},{"taxonomy":"post_tag","embeddable":true,"href":"https:\/\/www.lieksanurheilijat.com\/index.php?rest_route=%2Fwp%2Fv2%2Ftags&post=326"}],"curies":[{"name":"wp","href":"https:\/\/api.w.org\/{rel}","templated":true}]}}