{"id":3246,"date":"2015-05-23T23:21:06","date_gmt":"2015-05-23T20:21:06","guid":{"rendered":"https:\/\/www.lieksanurheilijat.com\/?page_id=3246"},"modified":"2015-05-24T07:23:55","modified_gmt":"2015-05-24T04:23:55","slug":"9-15-vuotiaiden-pm-maastot","status":"publish","type":"page","link":"https:\/\/www.lieksanurheilijat.com\/?page_id=3246","title":{"rendered":"9-15-vuotiaiden pm-maastot"},"content":{"rendered":"<p>23.5.2015<br \/>\nTuupovaara<\/p>\n<p>P13 2 km:<br \/>\n1) Aaro Nyholm PyU 8.28<br \/>\n2) Kalle Ruokolainen TuuU 8.33<br \/>\n3) Paavo Pakarinen JoKa 8.55<br \/>\n4) <strong>Eemeli Boren LieksU 9.19<\/strong><br \/>\n5) Aatu Partanen JoKa 9.23<br \/>\n6) Benjamin Oittinen PyU 10.03<br \/>\n7) Eetu Sillanp\u00e4\u00e4 PyU 11.20<br \/>\nVeeti Pyykk\u00f6 PyU DNF<\/p>\n<p>P9 1 km:<br \/>\n1) Santeri Kekarainen JoKa 4.17<br \/>\n2) Topi Parviainen TuuU 4.38<br \/>\n3) Veeti Kurki TuuU 4.43<br \/>\n4) <strong>Kalle Boren LieksU 4.44<\/strong><br \/>\n5) Juho Hyttinen JuuU 4.48<br \/>\n6) Akseli Laitila PyU 4.51<br \/>\n7) Juho Eskelinen TuuU 5.06<br \/>\n8) Janne Piipponen TuuU 5.19<\/p>\n<p>T11 2 km:<br \/>\n1) Sofia Raatikainen PyU 9.31<br \/>\n2) Siiri Luostarinen JoKa 9.54<br \/>\n3) <strong>Maija Boren LieksU 9.58\u00a0<\/strong><br \/>\n4) Siiri Hartikainen JuuU 10.11<br \/>\n5) Vienna Kettunen PyU 10.44<br \/>\n6) Janna Huuho 10.49<br \/>\n7) Mila Nevalainen TuuU 11.07<\/p>\n","protected":false},"excerpt":{"rendered":"<p>23.5.2015 Tuupovaara P13 2 km: 1) Aaro Nyholm PyU 8.28 2) Kalle Ruokolainen TuuU 8.33 3) Paavo Pakarinen JoKa 8.55 4) Eemeli Boren LieksU 9.19 5) Aatu Partanen JoKa 9.23 6) Benjamin Oittinen PyU 10.03 7) Eetu Sillanp\u00e4\u00e4 PyU 11.20 Veeti Pyykk\u00f6 PyU DNF P9 1 km: 1) Santeri Kekarainen &hellip;<\/p>\n","protected":false},"author":3,"featured_media":0,"parent":2811,"menu_order":54,"comment_status":"closed","ping_status":"closed","template":"","meta":{"footnotes":""},"categories":[39,7],"tags":[],"class_list":["post-3246","page","type-page","status-publish","hentry","category-maijaboren","category-tulokset"],"_links":{"self":[{"href":"https:\/\/www.lieksanurheilijat.com\/index.php?rest_route=\/wp\/v2\/pages\/3246","targetHints":{"allow":["GET"]}}],"collection":[{"href":"https:\/\/www.lieksanurheilijat.com\/index.php?rest_route=\/wp\/v2\/pages"}],"about":[{"href":"https:\/\/www.lieksanurheilijat.com\/index.php?rest_route=\/wp\/v2\/types\/page"}],"author":[{"embeddable":true,"href":"https:\/\/www.lieksanurheilijat.com\/index.php?rest_route=\/wp\/v2\/users\/3"}],"replies":[{"embeddable":true,"href":"https:\/\/www.lieksanurheilijat.com\/index.php?rest_route=%2Fwp%2Fv2%2Fcomments&post=3246"}],"version-history":[{"count":1,"href":"https:\/\/www.lieksanurheilijat.com\/index.php?rest_route=\/wp\/v2\/pages\/3246\/revisions"}],"predecessor-version":[{"id":3247,"href":"https:\/\/www.lieksanurheilijat.com\/index.php?rest_route=\/wp\/v2\/pages\/3246\/revisions\/3247"}],"up":[{"embeddable":true,"href":"https:\/\/www.lieksanurheilijat.com\/index.php?rest_route=\/wp\/v2\/pages\/2811"}],"wp:attachment":[{"href":"https:\/\/www.lieksanurheilijat.com\/index.php?rest_route=%2Fwp%2Fv2%2Fmedia&parent=3246"}],"wp:term":[{"taxonomy":"category","embeddable":true,"href":"https:\/\/www.lieksanurheilijat.com\/index.php?rest_route=%2Fwp%2Fv2%2Fcategories&post=3246"},{"taxonomy":"post_tag","embeddable":true,"href":"https:\/\/www.lieksanurheilijat.com\/index.php?rest_route=%2Fwp%2Fv2%2Ftags&post=3246"}],"curies":[{"name":"wp","href":"https:\/\/api.w.org\/{rel}","templated":true}]}}