{"id":324,"date":"2014-03-23T19:12:01","date_gmt":"2014-03-23T17:12:01","guid":{"rendered":"https:\/\/www.lieksanurheilijat.com\/?page_id=324"},"modified":"2014-05-12T12:46:09","modified_gmt":"2014-05-12T09:46:09","slug":"avoimet-pohjois-savon-hallit","status":"publish","type":"page","link":"https:\/\/www.lieksanurheilijat.com\/?page_id=324","title":{"rendered":"Avoimet Pohjois-Savon hallit"},"content":{"rendered":"<p>1.2.2014<br \/>\nKUOPIO<\/p>\n<p>T12 Seiv\u00e4s<br \/>\n1\u00a0<strong>Milla Martikainen LieksU 1.90<\/strong><br \/>\n2 Olivia Piira VarkKV 1.70<\/p>\n<p>T12 Pituus<br \/>\n1 Emmi Kiviharju IisVi 4.17<br \/>\n2 Wilhelmiina Harju Jyv\u00e4skKU 4.09<br \/>\n3 Maria Per\u00e4l\u00e4 IisVi 3.97<br \/>\n4 Essi Rissanen VarkKV 3.96<br \/>\n5 Johanna Tuomainen \u00c4\u00e4nekU 3.84<br \/>\n6 Olivia Piira VarkKV 3.79<br \/>\n7 Jonna Ryh\u00e4nen IisVi 3.72<br \/>\n8 Milla Pirkkalainen SavonlRie 3.69<br \/>\n9 Iida Lehtonen MaanMa 3.51<br \/>\n10 Viivi Lukin KuopRei 3.24<br \/>\n11\u00a0<strong>Milla Martikainen LieksU 3.21<\/strong><br \/>\n12 Vilhelmiina Pursiainen JuankKuo 3.13<br \/>\n13 Riia Toivanen JuankKuo 3.10<\/p>\n<p>T12 Kuula<br \/>\n1 Tia-Maria Paldanius IisVi 8.68<br \/>\n2\u00a0<strong>Milla Martikainen LieksU 7.53<\/strong><br \/>\n3 Emmi Kiviharju IisVi 7.50<br \/>\n4 Iida Lehtonen MaanMa 7.20<br \/>\n4 Riia Toivanen JuankKuo 7.20<br \/>\n6 Maria Per\u00e4l\u00e4 IisVi 7.12<br \/>\n7 Olivia Piira VarkKV 7.07<br \/>\n8 Vilhelmiina Pursiainen JuankKuo 7.00<br \/>\n9 Essi Rissanen VarkKV 6.82<br \/>\n10 Wilhelmiina Harju Jyv\u00e4skKU 6.66<br \/>\n11 Jonna Ryh\u00e4nen IisVi 5.96<br \/>\n12 Viivi Lukin KuopRei 5.89<br \/>\n13 Milla Pirkkalainen SavonlRie 5.50<br \/>\n14 Laura Pakarinen KuopRei 4.99<\/p>\n","protected":false},"excerpt":{"rendered":"<p>1.2.2014 KUOPIO T12 Seiv\u00e4s 1\u00a0Milla Martikainen LieksU 1.90 2 Olivia Piira VarkKV 1.70 T12 Pituus 1 Emmi Kiviharju IisVi 4.17 2 Wilhelmiina Harju Jyv\u00e4skKU 4.09 3 Maria Per\u00e4l\u00e4 IisVi 3.97 4 Essi Rissanen VarkKV 3.96 5 Johanna Tuomainen \u00c4\u00e4nekU 3.84 6 Olivia Piira VarkKV 3.79 7 Jonna Ryh\u00e4nen IisVi 3.72 &hellip;<\/p>\n","protected":false},"author":3,"featured_media":0,"parent":312,"menu_order":75,"comment_status":"closed","ping_status":"closed","template":"templates\/template-threecolumns-center.php","meta":{"footnotes":""},"categories":[32,7],"tags":[],"class_list":["post-324","page","type-page","status-publish","hentry","category-millamartikainen","category-tulokset"],"_links":{"self":[{"href":"https:\/\/www.lieksanurheilijat.com\/index.php?rest_route=\/wp\/v2\/pages\/324","targetHints":{"allow":["GET"]}}],"collection":[{"href":"https:\/\/www.lieksanurheilijat.com\/index.php?rest_route=\/wp\/v2\/pages"}],"about":[{"href":"https:\/\/www.lieksanurheilijat.com\/index.php?rest_route=\/wp\/v2\/types\/page"}],"author":[{"embeddable":true,"href":"https:\/\/www.lieksanurheilijat.com\/index.php?rest_route=\/wp\/v2\/users\/3"}],"replies":[{"embeddable":true,"href":"https:\/\/www.lieksanurheilijat.com\/index.php?rest_route=%2Fwp%2Fv2%2Fcomments&post=324"}],"version-history":[{"count":1,"href":"https:\/\/www.lieksanurheilijat.com\/index.php?rest_route=\/wp\/v2\/pages\/324\/revisions"}],"predecessor-version":[{"id":325,"href":"https:\/\/www.lieksanurheilijat.com\/index.php?rest_route=\/wp\/v2\/pages\/324\/revisions\/325"}],"up":[{"embeddable":true,"href":"https:\/\/www.lieksanurheilijat.com\/index.php?rest_route=\/wp\/v2\/pages\/312"}],"wp:attachment":[{"href":"https:\/\/www.lieksanurheilijat.com\/index.php?rest_route=%2Fwp%2Fv2%2Fmedia&parent=324"}],"wp:term":[{"taxonomy":"category","embeddable":true,"href":"https:\/\/www.lieksanurheilijat.com\/index.php?rest_route=%2Fwp%2Fv2%2Fcategories&post=324"},{"taxonomy":"post_tag","embeddable":true,"href":"https:\/\/www.lieksanurheilijat.com\/index.php?rest_route=%2Fwp%2Fv2%2Ftags&post=324"}],"curies":[{"name":"wp","href":"https:\/\/api.w.org\/{rel}","templated":true}]}}