{"id":318,"date":"2014-03-23T19:09:07","date_gmt":"2014-03-23T17:09:07","guid":{"rendered":"https:\/\/www.lieksanurheilijat.com\/?page_id=318"},"modified":"2014-05-12T12:47:16","modified_gmt":"2014-05-12T09:47:16","slug":"salikisat-2014","status":"publish","type":"page","link":"https:\/\/www.lieksanurheilijat.com\/?page_id=318","title":{"rendered":"Salikisat 2014"},"content":{"rendered":"<p>23.2.2014<br \/>\nLIEKSA<\/p>\n<p>Miehet 40m<br \/>\n1 Atso V\u00e4nsk\u00e4 LieksU 5,98<\/p>\n<p>Miehet kuula 5kg<br \/>\n1 Kimmo Martikainen LieksU 11,42<\/p>\n<p>Tyt\u00f6t 15 40m<br \/>\n1 Venla Kettunen LieksU 6,46<br \/>\n2 Milja Pesonen LieksU 6,74<br \/>\n3 Minea Suhonen LieksU 6,92<br \/>\n4 Jutta Martikainen LieksU 7,42<\/p>\n<p>Tyt\u00f6t 15 vauhditon pituus<br \/>\n1 Venla Kettunen LieksU 203<br \/>\n2 Milja Pesonen LieksU 202<br \/>\n3 Jutta Martikainen LieksU 200<br \/>\n4 Minea Suhonen LieksU 195<\/p>\n<p>Tyt\u00f6t 15 kuula 3kg<br \/>\n1 Venla Kettunen LieksU 9,75<br \/>\n2 Minea Suhonen LieksU 8,57<br \/>\n3 Jutta Martikainen LieksU 8,02<br \/>\n4 Milja Pesonen LieksU 7,77<\/p>\n<p>Tyt\u00f6t 13 40m<br \/>\n1 Riina Kettunen LieksU 6,56<br \/>\n2 Annika Porkka LieksU 6,99<br \/>\n3 Milla Martikainen LieksU 7,25<\/p>\n<p>Tyt\u00f6t 13 vauhditon pituus<br \/>\n1 Riina Kettunen LieksU 205<br \/>\n2 Milla Martikainen LieksU 203<br \/>\n3 Annika Porkka LieksU 200<\/p>\n<p>Tyt\u00f6t 13 kuula 2,5kg<br \/>\n1 Riina Kettunen LieksU 8,06<br \/>\n2 Milla Martikainen LieksU 7,81<br \/>\n3 Annika Porkka LieksU 6,26<\/p>\n<p>Tyt\u00f6t 11 40m<br \/>\n1 Riina Palviainen LieksU 7,31<br \/>\n2 Heta Kettunen LieksU 7,43<\/p>\n<p>Tyt\u00f6t 11 vauhditon pituus<br \/>\n1 Riina Palviainen LieksU 202<br \/>\n2 Heta Kettunen LieksU 186<\/p>\n<p>Tyt\u00f6t 11 kuula 2kg<br \/>\n1 Riina Palviainen LieksU 7,19<br \/>\n2 Heta Kettunen LieksU 6,15<\/p>\n<p>Pojat 9 40m<br \/>\n1 Aarni Nyblom LieksU 7,49<br \/>\n2 Niko Nevalainen LieksU 8,07<br \/>\n3 Niko Oinonen LieksU 8,16<br \/>\n4 Miika Palviainen LieksU 8,56<\/p>\n<p>Pojat 9 vauhditon pituus<br \/>\n1 Aarni Nyblom LieksU 181<br \/>\n2 Miika Palviainen LieksU 167<br \/>\n3 Niko Nevalainen LieksU 153<br \/>\n4 Niko Oinonen LieksU 100<\/p>\n<p>Pojat 9 kuula 2kg<br \/>\n1 Aarni Nyblom LieksU 6,83<br \/>\n2 Miika Palviainen LieksU 5,54<br \/>\n3 Niko Oinonen LieksU 4,42<br \/>\n4 Niko Nevalainen LieksU 3,93<\/p>\n<p>Tyt\u00f6t 9 40m<br \/>\n1 Neea Nevalainen LieksU 8,13<br \/>\n2 Netta Martikainen LieksU 9,65<\/p>\n<p>Tyt\u00f6t 9 vauhditon pituus<br \/>\n1 Neea Nevalainen LieksU 170<br \/>\n2 Netta Martikainen LieksU 134<\/p>\n<p>Tyt\u00f6t 9 kuula 2kg<br \/>\n1 Netta Martikainen LieksU 2,84<\/p>\n<p>Tyt\u00f6t 9 kuula 1kg<br \/>\n1 Neea Nevalainen LieksU 3,70<\/p>\n<p>Pojat 7 40m<br \/>\n1 Touko Nyblom LieksU 9,48<br \/>\n2 Niko Pulkkinen LieksU 11,54<\/p>\n<p>Pojat 7 vauhditon pituus<br \/>\n1 Touko Nyblom LieksU 155<br \/>\n2 Niko Pulkkinen LieksU 130<\/p>\n<p>Pojat 7 kuula 1kg<br \/>\n1 Touko Nyblom LieksU 3,45<br \/>\n2 Niko Pulkkinen LieksU 2,40<\/p>\n<p>Tyt\u00f6t 7 40m<br \/>\n1 Iida Nevalainen LieksU 9,83<br \/>\n2 Titta Martikainen LieksU 11,55<\/p>\n<p>Tyt\u00f6t 7 vauhditon pituus<br \/>\n1 Iida Nevalainen LieksU 131<br \/>\n2 Titta Martikainen LieksU 98<\/p>\n<p>Tyt\u00f6t 7 kuula 1kg<br \/>\n1 Iida Nevalainen LieksU 2,10 (toinen ty\u00f6nt\u00f6 2,00)<br \/>\n2 Titta Martikainen LieksU 2,10 (toinen ty\u00f6nt\u00f6 1,94)<\/p>\n","protected":false},"excerpt":{"rendered":"<p>23.2.2014 LIEKSA Miehet 40m 1 Atso V\u00e4nsk\u00e4 LieksU 5,98 Miehet kuula 5kg 1 Kimmo Martikainen LieksU 11,42 Tyt\u00f6t 15 40m 1 Venla Kettunen LieksU 6,46 2 Milja Pesonen LieksU 6,74 3 Minea Suhonen LieksU 6,92 4 Jutta Martikainen LieksU 7,42 Tyt\u00f6t 15 vauhditon pituus 1 Venla Kettunen LieksU 203 2 &hellip;<\/p>\n","protected":false},"author":3,"featured_media":0,"parent":312,"menu_order":79,"comment_status":"closed","ping_status":"closed","template":"","meta":{"footnotes":""},"categories":[14,34,32,31,26,7,23],"tags":[],"class_list":["post-318","page","type-page","status-publish","hentry","category-aarninyblom","category-hetakettunen","category-millamartikainen","category-riinakettunen","category-siljakempas","category-tulokset","category-venlakettunen"],"_links":{"self":[{"href":"https:\/\/www.lieksanurheilijat.com\/index.php?rest_route=\/wp\/v2\/pages\/318","targetHints":{"allow":["GET"]}}],"collection":[{"href":"https:\/\/www.lieksanurheilijat.com\/index.php?rest_route=\/wp\/v2\/pages"}],"about":[{"href":"https:\/\/www.lieksanurheilijat.com\/index.php?rest_route=\/wp\/v2\/types\/page"}],"author":[{"embeddable":true,"href":"https:\/\/www.lieksanurheilijat.com\/index.php?rest_route=\/wp\/v2\/users\/3"}],"replies":[{"embeddable":true,"href":"https:\/\/www.lieksanurheilijat.com\/index.php?rest_route=%2Fwp%2Fv2%2Fcomments&post=318"}],"version-history":[{"count":1,"href":"https:\/\/www.lieksanurheilijat.com\/index.php?rest_route=\/wp\/v2\/pages\/318\/revisions"}],"predecessor-version":[{"id":319,"href":"https:\/\/www.lieksanurheilijat.com\/index.php?rest_route=\/wp\/v2\/pages\/318\/revisions\/319"}],"up":[{"embeddable":true,"href":"https:\/\/www.lieksanurheilijat.com\/index.php?rest_route=\/wp\/v2\/pages\/312"}],"wp:attachment":[{"href":"https:\/\/www.lieksanurheilijat.com\/index.php?rest_route=%2Fwp%2Fv2%2Fmedia&parent=318"}],"wp:term":[{"taxonomy":"category","embeddable":true,"href":"https:\/\/www.lieksanurheilijat.com\/index.php?rest_route=%2Fwp%2Fv2%2Fcategories&post=318"},{"taxonomy":"post_tag","embeddable":true,"href":"https:\/\/www.lieksanurheilijat.com\/index.php?rest_route=%2Fwp%2Fv2%2Ftags&post=318"}],"curies":[{"name":"wp","href":"https:\/\/api.w.org\/{rel}","templated":true}]}}