{"id":314,"date":"2014-03-23T19:07:12","date_gmt":"2014-03-23T17:07:12","guid":{"rendered":"https:\/\/www.lieksanurheilijat.com\/?page_id=314"},"modified":"2014-05-12T12:48:32","modified_gmt":"2014-05-12T09:48:32","slug":"tttt","status":"publish","type":"page","link":"https:\/\/www.lieksanurheilijat.com\/?page_id=314","title":{"rendered":"Keih\u00e4\u00e4nheiton talvimestaruuskilpailu"},"content":{"rendered":"<p>1.3.2014<br \/>\nTAMPERE<\/p>\n<p>T13 Keih\u00e4s<br \/>\n1. Jenna Harju T\u00f6ysVe 37,51<br \/>\n2. Minna Hollanti GamlakIF 35,57<br \/>\n3. Pinja Kianta LempKi 34,79<br \/>\n4. Ethel Silla TampPy 31,82<br \/>\n5. Jasmin Juuj\u00e4rvi LempKi 29,78<br \/>\n6. Noora Hellberg Sein\u00e4jSU 29,55<br \/>\n7. Emilia Kangas Sein\u00e4jSU 28,68<br \/>\n8. Moona Makkonen KerimU 28,42<br \/>\n9. Emma Uosukainen EspTa 27,65<br \/>\n10. Petra R\u00e4ty KeskiUYU 26,70<br \/>\n11. Janina Laine KerimU 26,18<br \/>\n12.\u00a0<strong>Milla Martikainen LieksU 25,86<\/strong><br \/>\n13. Eerika P\u00f6lkky Sein\u00e4jSU 23,06<br \/>\n14. Aada Salo IitPy 22,34<br \/>\n15. Annukka Saalismaa VeitsilKV 20,38<br \/>\n16. Iida Uosukainen EspTa 16,24<\/p>\n","protected":false},"excerpt":{"rendered":"<p>1.3.2014 TAMPERE T13 Keih\u00e4s 1. Jenna Harju T\u00f6ysVe 37,51 2. Minna Hollanti GamlakIF 35,57 3. Pinja Kianta LempKi 34,79 4. Ethel Silla TampPy 31,82 5. Jasmin Juuj\u00e4rvi LempKi 29,78 6. Noora Hellberg Sein\u00e4jSU 29,55 7. Emilia Kangas Sein\u00e4jSU 28,68 8. Moona Makkonen KerimU 28,42 9. Emma Uosukainen EspTa 27,65 10. &hellip;<\/p>\n","protected":false},"author":3,"featured_media":0,"parent":312,"menu_order":76,"comment_status":"closed","ping_status":"closed","template":"","meta":{"footnotes":""},"categories":[32,7],"tags":[],"class_list":["post-314","page","type-page","status-publish","hentry","category-millamartikainen","category-tulokset"],"_links":{"self":[{"href":"https:\/\/www.lieksanurheilijat.com\/index.php?rest_route=\/wp\/v2\/pages\/314","targetHints":{"allow":["GET"]}}],"collection":[{"href":"https:\/\/www.lieksanurheilijat.com\/index.php?rest_route=\/wp\/v2\/pages"}],"about":[{"href":"https:\/\/www.lieksanurheilijat.com\/index.php?rest_route=\/wp\/v2\/types\/page"}],"author":[{"embeddable":true,"href":"https:\/\/www.lieksanurheilijat.com\/index.php?rest_route=\/wp\/v2\/users\/3"}],"replies":[{"embeddable":true,"href":"https:\/\/www.lieksanurheilijat.com\/index.php?rest_route=%2Fwp%2Fv2%2Fcomments&post=314"}],"version-history":[{"count":3,"href":"https:\/\/www.lieksanurheilijat.com\/index.php?rest_route=\/wp\/v2\/pages\/314\/revisions"}],"predecessor-version":[{"id":317,"href":"https:\/\/www.lieksanurheilijat.com\/index.php?rest_route=\/wp\/v2\/pages\/314\/revisions\/317"}],"up":[{"embeddable":true,"href":"https:\/\/www.lieksanurheilijat.com\/index.php?rest_route=\/wp\/v2\/pages\/312"}],"wp:attachment":[{"href":"https:\/\/www.lieksanurheilijat.com\/index.php?rest_route=%2Fwp%2Fv2%2Fmedia&parent=314"}],"wp:term":[{"taxonomy":"category","embeddable":true,"href":"https:\/\/www.lieksanurheilijat.com\/index.php?rest_route=%2Fwp%2Fv2%2Fcategories&post=314"},{"taxonomy":"post_tag","embeddable":true,"href":"https:\/\/www.lieksanurheilijat.com\/index.php?rest_route=%2Fwp%2Fv2%2Ftags&post=314"}],"curies":[{"name":"wp","href":"https:\/\/api.w.org\/{rel}","templated":true}]}}