{"id":2853,"date":"2015-02-02T20:33:56","date_gmt":"2015-02-02T18:33:56","guid":{"rendered":"https:\/\/www.lieksanurheilijat.com\/?page_id=2853"},"modified":"2015-02-02T21:20:10","modified_gmt":"2015-02-02T19:20:10","slug":"avoimet-pohjois-savon-hallit-2-paiva","status":"publish","type":"page","link":"https:\/\/www.lieksanurheilijat.com\/?page_id=2853","title":{"rendered":"Avoimet Pohjois-Savon hallit 2. p\u00e4iv\u00e4"},"content":{"rendered":"<p>1.2.2015<br \/>\nKuopio<\/p>\n<p>N17 Pituus<br \/>\n1. Jessica Miettinen KuopRei 5.43<br \/>\n2. Ellinoora Karvinen SavonlRie 5.31<br \/>\n3. Iida M\u00e4kel\u00e4 SavonlRie 5.17<br \/>\n4. Johanna Sairanen SavonlRie 5.02<br \/>\n5. Juulia Julkunen KuopRei 4.82<br \/>\n6. <strong>Moona Kokkonen LieksU 4.81<\/strong><br \/>\n7. Isla Hahl KuopRei 4.81<br \/>\n8. Elli Hiltunen VarkKV 4.80<br \/>\n9. Ilona Ik\u00e4heimo KuopRei 4.63<br \/>\n10. Vilja Hautamaa VarkKV 4.40<br \/>\n11. Laura Risto KuopRei 4.38<br \/>\nRoosa V\u00e4\u00e4n\u00e4nen VarpVi NM<\/p>\n","protected":false},"excerpt":{"rendered":"<p>1.2.2015 Kuopio N17 Pituus 1. Jessica Miettinen KuopRei 5.43 2. Ellinoora Karvinen SavonlRie 5.31 3. Iida M\u00e4kel\u00e4 SavonlRie 5.17 4. Johanna Sairanen SavonlRie 5.02 5. Juulia Julkunen KuopRei 4.82 6. Moona Kokkonen LieksU 4.81 7. Isla Hahl KuopRei 4.81 8. Elli Hiltunen VarkKV 4.80 9. Ilona Ik\u00e4heimo KuopRei 4.63 10. &hellip;<\/p>\n","protected":false},"author":2,"featured_media":0,"parent":2811,"menu_order":67,"comment_status":"closed","ping_status":"closed","template":"","meta":{"footnotes":""},"categories":[7],"tags":[],"class_list":["post-2853","page","type-page","status-publish","hentry","category-tulokset"],"_links":{"self":[{"href":"https:\/\/www.lieksanurheilijat.com\/index.php?rest_route=\/wp\/v2\/pages\/2853","targetHints":{"allow":["GET"]}}],"collection":[{"href":"https:\/\/www.lieksanurheilijat.com\/index.php?rest_route=\/wp\/v2\/pages"}],"about":[{"href":"https:\/\/www.lieksanurheilijat.com\/index.php?rest_route=\/wp\/v2\/types\/page"}],"author":[{"embeddable":true,"href":"https:\/\/www.lieksanurheilijat.com\/index.php?rest_route=\/wp\/v2\/users\/2"}],"replies":[{"embeddable":true,"href":"https:\/\/www.lieksanurheilijat.com\/index.php?rest_route=%2Fwp%2Fv2%2Fcomments&post=2853"}],"version-history":[{"count":6,"href":"https:\/\/www.lieksanurheilijat.com\/index.php?rest_route=\/wp\/v2\/pages\/2853\/revisions"}],"predecessor-version":[{"id":2860,"href":"https:\/\/www.lieksanurheilijat.com\/index.php?rest_route=\/wp\/v2\/pages\/2853\/revisions\/2860"}],"up":[{"embeddable":true,"href":"https:\/\/www.lieksanurheilijat.com\/index.php?rest_route=\/wp\/v2\/pages\/2811"}],"wp:attachment":[{"href":"https:\/\/www.lieksanurheilijat.com\/index.php?rest_route=%2Fwp%2Fv2%2Fmedia&parent=2853"}],"wp:term":[{"taxonomy":"category","embeddable":true,"href":"https:\/\/www.lieksanurheilijat.com\/index.php?rest_route=%2Fwp%2Fv2%2Fcategories&post=2853"},{"taxonomy":"post_tag","embeddable":true,"href":"https:\/\/www.lieksanurheilijat.com\/index.php?rest_route=%2Fwp%2Fv2%2Ftags&post=2853"}],"curies":[{"name":"wp","href":"https:\/\/api.w.org\/{rel}","templated":true}]}}