{"id":2700,"date":"2014-10-04T15:45:53","date_gmt":"2014-10-04T12:45:53","guid":{"rendered":"https:\/\/www.lieksanurheilijat.com\/?page_id=2700"},"modified":"2014-10-04T15:45:53","modified_gmt":"2014-10-04T12:45:53","slug":"vaarojen-maraton","status":"publish","type":"page","link":"https:\/\/www.lieksanurheilijat.com\/?page_id=2700","title":{"rendered":"Vaarojen Maraton"},"content":{"rendered":"<p>4.10.2014<br \/>\nKoli, Lieksa<\/p>\n<p>Miehet 15km<br \/>\n1 Ari-Pekka Kaivosaari polkujuoksu.fi 0:59:19<br \/>\n2 Heikki Halonen Juuan J\u00e4nne 1:01:50<br \/>\n3 Pentti Eronen Juuan J\u00e4nne 1:04:07<br \/>\n15 <strong>Arto Nousiainen Lieksan Urheilijat 1:21.50<\/strong><br \/>\nYhteens\u00e4 47 juoksijaa<\/p>\n","protected":false},"excerpt":{"rendered":"<p>4.10.2014 Koli, Lieksa Miehet 15km 1 Ari-Pekka Kaivosaari polkujuoksu.fi 0:59:19 2 Heikki Halonen Juuan J\u00e4nne 1:01:50 3 Pentti Eronen Juuan J\u00e4nne 1:04:07 15 Arto Nousiainen Lieksan Urheilijat 1:21.50 Yhteens\u00e4 47 juoksijaa<\/p>\n","protected":false},"author":3,"featured_media":0,"parent":312,"menu_order":2,"comment_status":"closed","ping_status":"closed","template":"","meta":{"footnotes":""},"categories":[7],"tags":[],"class_list":["post-2700","page","type-page","status-publish","hentry","category-tulokset"],"_links":{"self":[{"href":"https:\/\/www.lieksanurheilijat.com\/index.php?rest_route=\/wp\/v2\/pages\/2700","targetHints":{"allow":["GET"]}}],"collection":[{"href":"https:\/\/www.lieksanurheilijat.com\/index.php?rest_route=\/wp\/v2\/pages"}],"about":[{"href":"https:\/\/www.lieksanurheilijat.com\/index.php?rest_route=\/wp\/v2\/types\/page"}],"author":[{"embeddable":true,"href":"https:\/\/www.lieksanurheilijat.com\/index.php?rest_route=\/wp\/v2\/users\/3"}],"replies":[{"embeddable":true,"href":"https:\/\/www.lieksanurheilijat.com\/index.php?rest_route=%2Fwp%2Fv2%2Fcomments&post=2700"}],"version-history":[{"count":1,"href":"https:\/\/www.lieksanurheilijat.com\/index.php?rest_route=\/wp\/v2\/pages\/2700\/revisions"}],"predecessor-version":[{"id":2701,"href":"https:\/\/www.lieksanurheilijat.com\/index.php?rest_route=\/wp\/v2\/pages\/2700\/revisions\/2701"}],"up":[{"embeddable":true,"href":"https:\/\/www.lieksanurheilijat.com\/index.php?rest_route=\/wp\/v2\/pages\/312"}],"wp:attachment":[{"href":"https:\/\/www.lieksanurheilijat.com\/index.php?rest_route=%2Fwp%2Fv2%2Fmedia&parent=2700"}],"wp:term":[{"taxonomy":"category","embeddable":true,"href":"https:\/\/www.lieksanurheilijat.com\/index.php?rest_route=%2Fwp%2Fv2%2Fcategories&post=2700"},{"taxonomy":"post_tag","embeddable":true,"href":"https:\/\/www.lieksanurheilijat.com\/index.php?rest_route=%2Fwp%2Fv2%2Ftags&post=2700"}],"curies":[{"name":"wp","href":"https:\/\/api.w.org\/{rel}","templated":true}]}}